{"id":11051,"date":"2025-02-25T18:21:12","date_gmt":"2025-02-25T18:21:12","guid":{"rendered":"https:\/\/yaomarket.cl\/?post_type=product&#038;p=11051"},"modified":"2025-04-25T04:11:41","modified_gmt":"2025-04-25T04:11:41","slug":"proteina-vegana-vegan-shake-1-kg-30-servicios","status":"publish","type":"product","link":"https:\/\/yaomarket.cl\/?product=proteina-vegana-vegan-shake-1-kg-30-servicios","title":{"rendered":"Proteina Vegana Vegan Shake 1 kg. 30 servicios"},"content":{"rendered":"<h3><span style=\"color: #000000;\">Proteina Vegana Vegan Shake 1 kg. 30 servicios<\/span><\/h3>\n<p><span style=\"color: #000000;\">Prote\u00edna vegana Vegan Shake es un suplemento alimenticio especialmente dise\u00f1ado para personas veganas o vegetarianas, para deportistas y para aquellos que busquen complementar una alimentaci\u00f3n sana y balanceada. Contiene prote\u00edna de arvejas, con propiedades activas, para estimular los procesos regenerativos del organismo utilizando solo productos de origen vegetal aislados. La adici\u00f3n de vitamina B-12 es considerado un s\u00faper alimento, ya que contiene todos los minerales necesarios para el ser humano.<\/span><\/p>\n<p><span style=\"color: #000000;\">En adici\u00f3n a lo anterior, es importante mencionar que est\u00e1 fortalecido con Calcio, F\u00f3sforo, Hierro, Vitamina B12 y Vitamina D2.<\/span><\/p>\n<p><span style=\"color: #000000;\">Las tres diferentes fuentes de prote\u00edna vegetal aislada en su conjunto nos brindan todos los amino\u00e1cidos esenciales necesarios para cumplir con los requerimientos nutricionales diarios.<\/span><\/p>\n<p><span style=\"color: #000000;\">Vegan Shake de Winkler Nutrition, es la mejor opci\u00f3n de prote\u00edna aislada de origen vegetal, dado que aporta un alto contenido en prote\u00ednas y amino\u00e1cidos esenciales, como tambi\u00e9n micronutrientes dif\u00edciles de encontrar por lo general en alimentos veganos, como las vitaminas B12 y D2 (tambi\u00e9n de fuente vegetariana).<\/span><\/p>\n<p><span style=\"color: #000000;\">Este revolucionario\u00a0 suplemento es un alimento especialmente dise\u00f1ado para personas vegetarianas y veganas, que busquen nutrirse a partir de una dieta natural, animal libre, cruelty free, GMO free, gluten free, etc. Y obtener una gran cantidad de nutrientes en un solo alimento.<\/span><\/p>\n<p><span style=\"color: #000000;\">Vegan Shake es una excelente alternativa para aquellos que busquen una alimentaci\u00f3n equilibrada, acelerar la recuperaci\u00f3n posterior a la actividad f\u00edsica o desarrollar y aumentar su masa muscular. Fortalecimiento del sistema inmunol\u00f3gico, detoxificaci\u00f3n, salud \u00f3sea y optimizaci\u00f3n del metabolismo.<\/span><\/p>\n<h3><span style=\"color: #000000;\">En el deporte<\/span><\/h3>\n<p><span style=\"color: #000000;\">En los \u00faltimos a\u00f1os, la poblaci\u00f3n que ha optado por llevar un estilo de vida vegano se ha multiplicado exponencialmente. Esto tambi\u00e9n se traduce en un aumento de la cantidad de deportistas veganos que podemos encontrar en la actualidad. Por esta raz\u00f3n Winkler Nutrition en conjunto con especialistas del \u00e1rea de la salud desarrollaron este alimento para deportistas alto en prote\u00ednas para brindarles un complemento ideal para llegar a competir de igual a igual con la \u00e9lite de nivel ol\u00edmpico, derribando todos los mitos acerca de las desventajas de llevar un r\u00e9gimen 100% libre de productos de origen animal.<\/span><\/p>\n<h3><span style=\"color: #000000;\">Prote\u00edna vegana Vegan Shake 2,2 Lbs. \u2013 1Kg. (30 Servicios)<\/span><\/h3>\n<ul>\n<li><span style=\"color: #000000;\">Mezcla de prote\u00ednas de origen vegetal<\/span><\/li>\n<li><span style=\"color: #000000;\">Aislado Prote\u00edna de Arveja, de Arroz y de Soja<\/span><\/li>\n<li><span style=\"color: #000000;\">24 grs. de prote\u00edna vegetal por porci\u00f3n<\/span><\/li>\n<li><span style=\"color: #000000;\">L-Leucina<\/span><\/li>\n<li><span style=\"color: #000000;\">Libre Gluten \/ Gluten free<\/span><\/li>\n<li><span style=\"color: #000000;\">0% Az\u00facar a\u00f1adida<\/span><\/li>\n<li><span style=\"color: #000000;\">GMO Free<\/span><\/li>\n<\/ul>\n","protected":false},"excerpt":{"rendered":"<h4><span style=\"color: #000000;\">Proteina Vegana Vegan Shake 1 kg. 30 servicios<\/span><\/h4>\n<ul>\n<li><span style=\"color: #000000;\">Prote\u00edna de arveja, arroz y soya<\/span><\/li>\n<li><span style=\"color: #000000;\">24 grs. de prote\u00edna por porci\u00f3n<\/span><\/li>\n<li><span style=\"color: #000000;\">Crecimiento muscular<\/span><\/li>\n<li><span style=\"color: #000000;\">Dieta balanceada veganos<\/span><\/li>\n<li><span style=\"color: #000000;\">Con adici\u00f3n de Vitamina B12<\/span><\/li>\n<\/ul>\n<p><span style=\"color: #000000;\">Formato: Polvo<\/span><\/p>\n<p><span style=\"color: #000000;\">Sabores: Chocolate, Caramelo y Frutos del bosque<\/span><\/p>\n<p><span style=\"color: #000000;\">Contenido: 1 kg.<\/span><\/p>\n<p><span style=\"color: #000000;\">Porciones: 30<\/span><\/p>\n<p><span style=\"color: #000000;\">Modo de uso: Mezclar 1 scoop con 250 ml de agua despu\u00e9s del entrenamiento o lo prescrito por tu nutricionista.<\/span><\/p>\n","protected":false},"featured_media":11053,"template":"","meta":[],"product_cat":[534,537],"product_tag":[],"class_list":{"0":"post-11051","1":"product","2":"type-product","3":"status-publish","4":"has-post-thumbnail","6":"product_cat-deportista","7":"product_cat-proteinas","9":"first","10":"instock","11":"shipping-taxable","12":"purchasable","13":"product-type-variable"},"yoast_head":"<!-- This site is optimized with the Yoast SEO plugin v25.2 - https:\/\/yoast.com\/wordpress\/plugins\/seo\/ -->\n<title>Proteina Vegana Vegan Shake 1 kg. 30 servicios - YAOMARKET<\/title>\n<meta name=\"robots\" content=\"index, follow, max-snippet:-1, max-image-preview:large, max-video-preview:-1\" \/>\n<link rel=\"canonical\" href=\"https:\/\/yaomarket.cl\/?product=proteina-vegana-vegan-shake-1-kg-30-servicios\" \/>\n<meta property=\"og:locale\" content=\"es_ES\" \/>\n<meta property=\"og:type\" content=\"article\" \/>\n<meta property=\"og:title\" content=\"Proteina Vegana Vegan Shake 1 kg. 30 servicios - YAOMARKET\" \/>\n<meta property=\"og:description\" content=\"Proteina Vegana Vegan Shake 1 kg. 30 servicios   Prote\u00edna de arveja, arroz y soya  24 grs. de prote\u00edna por porci\u00f3n  Crecimiento muscular  Dieta balanceada veganos  Con adici\u00f3n de Vitamina B12  Formato: Polvo  Sabores: Chocolate, Caramelo y Frutos del bosque  Contenido: 1 kg.  Porciones: 30  Modo de uso: Mezclar 1 scoop con 250 ml de agua despu\u00e9s del entrenamiento o lo prescrito por tu nutricionista.\" \/>\n<meta property=\"og:url\" content=\"https:\/\/yaomarket.cl\/?product=proteina-vegana-vegan-shake-1-kg-30-servicios\" \/>\n<meta property=\"og:site_name\" content=\"YAOMARKET\" \/>\n<meta property=\"article:publisher\" content=\"https:\/\/www.facebook.com\/yaomarketchile\/\" \/>\n<meta property=\"article:modified_time\" content=\"2025-04-25T04:11:41+00:00\" \/>\n<meta property=\"og:image\" content=\"https:\/\/yaomarket.cl\/wp-content\/uploads\/2025\/02\/VeganNew_600px-550x550-1.jpg\" \/>\n\t<meta property=\"og:image:width\" content=\"550\" \/>\n\t<meta property=\"og:image:height\" content=\"550\" \/>\n\t<meta property=\"og:image:type\" content=\"image\/jpeg\" \/>\n<meta name=\"twitter:card\" content=\"summary_large_image\" \/>\n<meta name=\"twitter:label1\" content=\"Tiempo de lectura\" \/>\n\t<meta name=\"twitter:data1\" content=\"2 minutos\" \/>\n<script type=\"application\/ld+json\" class=\"yoast-schema-graph\">{\"@context\":\"https:\/\/schema.org\",\"@graph\":[{\"@type\":\"WebPage\",\"@id\":\"https:\/\/yaomarket.cl\/?product=proteina-vegana-vegan-shake-1-kg-30-servicios\",\"url\":\"https:\/\/yaomarket.cl\/?product=proteina-vegana-vegan-shake-1-kg-30-servicios\",\"name\":\"Proteina Vegana Vegan Shake 1 kg. 30 servicios - YAOMARKET\",\"isPartOf\":{\"@id\":\"https:\/\/yaomarket.cl\/#website\"},\"primaryImageOfPage\":{\"@id\":\"https:\/\/yaomarket.cl\/?product=proteina-vegana-vegan-shake-1-kg-30-servicios#primaryimage\"},\"image\":{\"@id\":\"https:\/\/yaomarket.cl\/?product=proteina-vegana-vegan-shake-1-kg-30-servicios#primaryimage\"},\"thumbnailUrl\":\"https:\/\/yaomarket.cl\/wp-content\/uploads\/2025\/02\/VeganNew_600px-550x550-1.jpg\",\"datePublished\":\"2025-02-25T18:21:12+00:00\",\"dateModified\":\"2025-04-25T04:11:41+00:00\",\"breadcrumb\":{\"@id\":\"https:\/\/yaomarket.cl\/?product=proteina-vegana-vegan-shake-1-kg-30-servicios#breadcrumb\"},\"inLanguage\":\"es\",\"potentialAction\":[{\"@type\":\"ReadAction\",\"target\":[\"https:\/\/yaomarket.cl\/?product=proteina-vegana-vegan-shake-1-kg-30-servicios\"]}]},{\"@type\":\"ImageObject\",\"inLanguage\":\"es\",\"@id\":\"https:\/\/yaomarket.cl\/?product=proteina-vegana-vegan-shake-1-kg-30-servicios#primaryimage\",\"url\":\"https:\/\/yaomarket.cl\/wp-content\/uploads\/2025\/02\/VeganNew_600px-550x550-1.jpg\",\"contentUrl\":\"https:\/\/yaomarket.cl\/wp-content\/uploads\/2025\/02\/VeganNew_600px-550x550-1.jpg\",\"width\":550,\"height\":550},{\"@type\":\"BreadcrumbList\",\"@id\":\"https:\/\/yaomarket.cl\/?product=proteina-vegana-vegan-shake-1-kg-30-servicios#breadcrumb\",\"itemListElement\":[{\"@type\":\"ListItem\",\"position\":1,\"name\":\"Portada\",\"item\":\"https:\/\/yaomarket.cl\/\"},{\"@type\":\"ListItem\",\"position\":2,\"name\":\"TIENDA\",\"item\":\"https:\/\/yaomarket.cl\/?page_id=8\"},{\"@type\":\"ListItem\",\"position\":3,\"name\":\"Proteina Vegana Vegan Shake 1 kg. 30 servicios\"}]},{\"@type\":\"WebSite\",\"@id\":\"https:\/\/yaomarket.cl\/#website\",\"url\":\"https:\/\/yaomarket.cl\/\",\"name\":\"YAOMARKET\",\"description\":\"\",\"publisher\":{\"@id\":\"https:\/\/yaomarket.cl\/#organization\"},\"potentialAction\":[{\"@type\":\"SearchAction\",\"target\":{\"@type\":\"EntryPoint\",\"urlTemplate\":\"https:\/\/yaomarket.cl\/?s={search_term_string}\"},\"query-input\":{\"@type\":\"PropertyValueSpecification\",\"valueRequired\":true,\"valueName\":\"search_term_string\"}}],\"inLanguage\":\"es\"},{\"@type\":\"Organization\",\"@id\":\"https:\/\/yaomarket.cl\/#organization\",\"name\":\"YAOMARKET\",\"url\":\"https:\/\/yaomarket.cl\/\",\"logo\":{\"@type\":\"ImageObject\",\"inLanguage\":\"es\",\"@id\":\"https:\/\/yaomarket.cl\/#\/schema\/logo\/image\/\",\"url\":\"https:\/\/yaomarket.cl\/wp-content\/uploads\/2023\/08\/Logo-Original-Yao-Market-Circular.png\",\"contentUrl\":\"https:\/\/yaomarket.cl\/wp-content\/uploads\/2023\/08\/Logo-Original-Yao-Market-Circular.png\",\"width\":522,\"height\":522,\"caption\":\"YAOMARKET\"},\"image\":{\"@id\":\"https:\/\/yaomarket.cl\/#\/schema\/logo\/image\/\"},\"sameAs\":[\"https:\/\/www.facebook.com\/yaomarketchile\/\",\"https:\/\/www.instagram.com\/yao_market\/\"]}]}<\/script>\n<!-- \/ Yoast SEO plugin. -->","yoast_head_json":{"title":"Proteina Vegana Vegan Shake 1 kg. 30 servicios - YAOMARKET","robots":{"index":"index","follow":"follow","max-snippet":"max-snippet:-1","max-image-preview":"max-image-preview:large","max-video-preview":"max-video-preview:-1"},"canonical":"https:\/\/yaomarket.cl\/?product=proteina-vegana-vegan-shake-1-kg-30-servicios","og_locale":"es_ES","og_type":"article","og_title":"Proteina Vegana Vegan Shake 1 kg. 30 servicios - YAOMARKET","og_description":"Proteina Vegana Vegan Shake 1 kg. 30 servicios   Prote\u00edna de arveja, arroz y soya  24 grs. de prote\u00edna por porci\u00f3n  Crecimiento muscular  Dieta balanceada veganos  Con adici\u00f3n de Vitamina B12  Formato: Polvo  Sabores: Chocolate, Caramelo y Frutos del bosque  Contenido: 1 kg.  Porciones: 30  Modo de uso: Mezclar 1 scoop con 250 ml de agua despu\u00e9s del entrenamiento o lo prescrito por tu nutricionista.","og_url":"https:\/\/yaomarket.cl\/?product=proteina-vegana-vegan-shake-1-kg-30-servicios","og_site_name":"YAOMARKET","article_publisher":"https:\/\/www.facebook.com\/yaomarketchile\/","article_modified_time":"2025-04-25T04:11:41+00:00","og_image":[{"width":550,"height":550,"url":"https:\/\/yaomarket.cl\/wp-content\/uploads\/2025\/02\/VeganNew_600px-550x550-1.jpg","type":"image\/jpeg"}],"twitter_card":"summary_large_image","twitter_misc":{"Tiempo de lectura":"2 minutos"},"schema":{"@context":"https:\/\/schema.org","@graph":[{"@type":"WebPage","@id":"https:\/\/yaomarket.cl\/?product=proteina-vegana-vegan-shake-1-kg-30-servicios","url":"https:\/\/yaomarket.cl\/?product=proteina-vegana-vegan-shake-1-kg-30-servicios","name":"Proteina Vegana Vegan Shake 1 kg. 30 servicios - YAOMARKET","isPartOf":{"@id":"https:\/\/yaomarket.cl\/#website"},"primaryImageOfPage":{"@id":"https:\/\/yaomarket.cl\/?product=proteina-vegana-vegan-shake-1-kg-30-servicios#primaryimage"},"image":{"@id":"https:\/\/yaomarket.cl\/?product=proteina-vegana-vegan-shake-1-kg-30-servicios#primaryimage"},"thumbnailUrl":"https:\/\/yaomarket.cl\/wp-content\/uploads\/2025\/02\/VeganNew_600px-550x550-1.jpg","datePublished":"2025-02-25T18:21:12+00:00","dateModified":"2025-04-25T04:11:41+00:00","breadcrumb":{"@id":"https:\/\/yaomarket.cl\/?product=proteina-vegana-vegan-shake-1-kg-30-servicios#breadcrumb"},"inLanguage":"es","potentialAction":[{"@type":"ReadAction","target":["https:\/\/yaomarket.cl\/?product=proteina-vegana-vegan-shake-1-kg-30-servicios"]}]},{"@type":"ImageObject","inLanguage":"es","@id":"https:\/\/yaomarket.cl\/?product=proteina-vegana-vegan-shake-1-kg-30-servicios#primaryimage","url":"https:\/\/yaomarket.cl\/wp-content\/uploads\/2025\/02\/VeganNew_600px-550x550-1.jpg","contentUrl":"https:\/\/yaomarket.cl\/wp-content\/uploads\/2025\/02\/VeganNew_600px-550x550-1.jpg","width":550,"height":550},{"@type":"BreadcrumbList","@id":"https:\/\/yaomarket.cl\/?product=proteina-vegana-vegan-shake-1-kg-30-servicios#breadcrumb","itemListElement":[{"@type":"ListItem","position":1,"name":"Portada","item":"https:\/\/yaomarket.cl\/"},{"@type":"ListItem","position":2,"name":"TIENDA","item":"https:\/\/yaomarket.cl\/?page_id=8"},{"@type":"ListItem","position":3,"name":"Proteina Vegana Vegan Shake 1 kg. 30 servicios"}]},{"@type":"WebSite","@id":"https:\/\/yaomarket.cl\/#website","url":"https:\/\/yaomarket.cl\/","name":"YAOMARKET","description":"","publisher":{"@id":"https:\/\/yaomarket.cl\/#organization"},"potentialAction":[{"@type":"SearchAction","target":{"@type":"EntryPoint","urlTemplate":"https:\/\/yaomarket.cl\/?s={search_term_string}"},"query-input":{"@type":"PropertyValueSpecification","valueRequired":true,"valueName":"search_term_string"}}],"inLanguage":"es"},{"@type":"Organization","@id":"https:\/\/yaomarket.cl\/#organization","name":"YAOMARKET","url":"https:\/\/yaomarket.cl\/","logo":{"@type":"ImageObject","inLanguage":"es","@id":"https:\/\/yaomarket.cl\/#\/schema\/logo\/image\/","url":"https:\/\/yaomarket.cl\/wp-content\/uploads\/2023\/08\/Logo-Original-Yao-Market-Circular.png","contentUrl":"https:\/\/yaomarket.cl\/wp-content\/uploads\/2023\/08\/Logo-Original-Yao-Market-Circular.png","width":522,"height":522,"caption":"YAOMARKET"},"image":{"@id":"https:\/\/yaomarket.cl\/#\/schema\/logo\/image\/"},"sameAs":["https:\/\/www.facebook.com\/yaomarketchile\/","https:\/\/www.instagram.com\/yao_market\/"]}]}},"_links":{"self":[{"href":"https:\/\/yaomarket.cl\/index.php?rest_route=\/wp\/v2\/product\/11051","targetHints":{"allow":["GET"]}}],"collection":[{"href":"https:\/\/yaomarket.cl\/index.php?rest_route=\/wp\/v2\/product"}],"about":[{"href":"https:\/\/yaomarket.cl\/index.php?rest_route=\/wp\/v2\/types\/product"}],"wp:featuredmedia":[{"embeddable":true,"href":"https:\/\/yaomarket.cl\/index.php?rest_route=\/wp\/v2\/media\/11053"}],"wp:attachment":[{"href":"https:\/\/yaomarket.cl\/index.php?rest_route=%2Fwp%2Fv2%2Fmedia&parent=11051"}],"wp:term":[{"taxonomy":"product_cat","embeddable":true,"href":"https:\/\/yaomarket.cl\/index.php?rest_route=%2Fwp%2Fv2%2Fproduct_cat&post=11051"},{"taxonomy":"product_tag","embeddable":true,"href":"https:\/\/yaomarket.cl\/index.php?rest_route=%2Fwp%2Fv2%2Fproduct_tag&post=11051"}],"curies":[{"name":"wp","href":"https:\/\/api.w.org\/{rel}","templated":true}]}}