{"id":11048,"date":"2025-02-25T18:06:35","date_gmt":"2025-02-25T18:06:35","guid":{"rendered":"https:\/\/yaomarket.cl\/?post_type=product&#038;p=11048"},"modified":"2025-06-09T20:51:29","modified_gmt":"2025-06-09T20:51:29","slug":"zma-nightime-b6-melatonina-60-caps-60-porciones","status":"publish","type":"product","link":"https:\/\/yaomarket.cl\/?product=zma-nightime-b6-melatonina-60-caps-60-porciones","title":{"rendered":"ZMA Nightime+B6 \u2013 60 c\u00e1ps. 60 porciones"},"content":{"rendered":"<h1><span style=\"color: #000000;\">ZMA Nightime+B6 \u2013 60 c\u00e1ps. 60 porciones<\/span><\/h1>\n<p><span style=\"color: #000000;\"><strong>ZMA Nightime con tript\u00f3fano de Yao Market<\/strong><\/span><\/p>\n<p><span style=\"color: #000000;\">ZMA con tript\u00f3fano de Yao Market es un suplemento nutricional hecho en base a Zinc, Magnesio, Vitamina B6 y Tript\u00f3fano. Este suplemento tiene como funci\u00f3n principal ayudar a la recuperaci\u00f3n muscular y apoyar un sue\u00f1o reparador de manera natural, para obtener mejores resultados en el entrenamiento. En deportistas, un adecuado descanso ayuda a mejorar el rendimiento, promover la regeneraci\u00f3n de tejidos y facilitar la s\u00edntesis proteica.<\/span><\/p>\n<p><span style=\"color: #000000;\"><strong>ZMA Nightime +B6 + Tript\u00f3fano<\/strong><\/span><\/p>\n<p><span style=\"color: #000000;\">El consumo de ZMA est\u00e1 relacionado con un mejor perfil de hormonas anab\u00f3licas en deportistas que realizan actividad f\u00edsica intensa. El Zinc participa en el metabolismo de andr\u00f3genos e interact\u00faa en receptores esteroideos, por lo que podr\u00eda favorecer niveles saludables de testosterona en sangre. El Zinc y Magnesio tambi\u00e9n pueden aumentar los niveles del factor de crecimiento tipo insulina (IGF-1), factor anab\u00f3lico. Por lo que el aumento de estos niveles podr\u00eda incrementar el rendimiento f\u00edsico y mejorar la funci\u00f3n muscular.<\/span><\/p>\n<p><span style=\"color: #000000;\">Adem\u00e1s, el Zinc act\u00faa en la respuesta inmune, participa en el metabolismo energ\u00e9tico y en la s\u00edntesis de prote\u00ednas. Por su parte, el Magnesio influye directamente en la liberaci\u00f3n de energ\u00eda y la fuerza muscular, siendo fundamental para el rendimiento deportivo.<\/span><\/p>\n<p><span style=\"color: #000000;\">Durante el ejercicio intenso y de larga duraci\u00f3n, se producen p\u00e9rdidas importantes de Zinc y Magnesio. Por ello, consumir ZMA con tript\u00f3fano de Yao Market puede ayudar a equilibrar dichas p\u00e9rdidas, manteniendo niveles adecuados de estos nutrientes en el organismo y promoviendo una \u00f3ptima recuperaci\u00f3n muscular.<\/span><\/p>\n<p><span style=\"color: #000000;\">La Vitamina B6 presente en ZMA con tript\u00f3fano de Yao Market contribuye a una mejor absorci\u00f3n del Zinc y Magnesio en el cuerpo. Adem\u00e1s, la B6 es esencial para el metabolismo de prote\u00ednas, favorecer la s\u00edntesis de anticuerpos y apoyar la producci\u00f3n de gl\u00f3bulos rojos.<\/span><\/p>\n<p><span style=\"color: #000000;\"><strong>Tript\u00f3fano en ZMA<\/strong><\/span><\/p>\n<p><span style=\"color: #000000;\">Una de las caracter\u00edsticas principales de ZMA Nightime de Yao Market es su contenido de 100 mg de L-tript\u00f3fano por porci\u00f3n. Este amino\u00e1cido esencial participa en la producci\u00f3n de serotonina, neurotransmisor vinculado al bienestar emocional y precursor de la melatonina, hormona que regula el sue\u00f1o. Por ello, se recomienda su consumo antes de dormir para favorecer un descanso profundo y natural.<\/span><\/p>\n<p><span style=\"color: #000000;\">ZMA con tript\u00f3fano de Yao Market es un suplemento nutricional ideal para personas activas o deportistas que buscan optimizar su recuperaci\u00f3n muscular y mantener un descanso reparador. Un buen descanso es uno de los pilares fundamentales del rendimiento f\u00edsico, y este producto puede ser un excelente aliado nocturno para apoyar tus objetivos deportivos.<\/span><\/p>\n","protected":false},"excerpt":{"rendered":"<h4><span style=\"color: #000000;\">ZMA Nightime+B6 \u2013 60 c\u00e1ps. 60 porciones<\/span><\/h4>\n<ul>\n<li><span style=\"color: #000000;\">Zinc + Magnesio + Vitamina B6<\/span><\/li>\n<li><span style=\"color: #000000;\">Recuperaci\u00f3n<\/span><\/li>\n<li><span style=\"color: #000000;\">Tript\u00f3fano<\/span><\/li>\n<\/ul>\n<p><span style=\"color: #000000;\">Formato: C\u00e1psulas<\/span><\/p>\n<p><span style=\"color: #000000;\">Contenido: 60 c\u00e1psulas<\/span><\/p>\n<p><span style=\"color: #000000;\">Porciones: 60<\/span><\/p>\n<p><span style=\"color: #000000;\">Modo de uso: Consumir 1 c\u00e1psula en la noche (30 minutos antes de dormir) o lo prescrito por tu nutricionista.<\/span><\/p>\n","protected":false},"featured_media":12480,"template":"","meta":[],"product_cat":[534,725,670],"product_tag":[],"class_list":{"0":"post-11048","1":"product","2":"type-product","3":"status-publish","4":"has-post-thumbnail","6":"product_cat-deportista","7":"product_cat-pro-hormonales","8":"product_cat-vitaminas-y-minerales","10":"first","11":"instock","12":"shipping-taxable","13":"purchasable","14":"product-type-simple"},"yoast_head":"<!-- This site is optimized with the Yoast SEO plugin v25.2 - https:\/\/yoast.com\/wordpress\/plugins\/seo\/ -->\n<title>ZMA Nightime+B6 \u2013 60 c\u00e1ps. 60 porciones - YAOMARKET<\/title>\n<meta name=\"robots\" content=\"index, follow, max-snippet:-1, max-image-preview:large, max-video-preview:-1\" \/>\n<link rel=\"canonical\" href=\"https:\/\/yaomarket.cl\/?product=zma-nightime-b6-melatonina-60-caps-60-porciones\" \/>\n<meta property=\"og:locale\" content=\"es_ES\" \/>\n<meta property=\"og:type\" content=\"article\" \/>\n<meta property=\"og:title\" content=\"ZMA Nightime+B6 \u2013 60 c\u00e1ps. 60 porciones - YAOMARKET\" \/>\n<meta property=\"og:description\" content=\"ZMA Nightime+B6 \u2013 60 c\u00e1ps. 60 porciones   Zinc + Magnesio + Vitamina B6  Recuperaci\u00f3n  Tript\u00f3fano  Formato: C\u00e1psulas  Contenido: 60 c\u00e1psulas  Porciones: 60  Modo de uso: Consumir 1 c\u00e1psula en la noche (30 minutos antes de dormir) o lo prescrito por tu nutricionista.\" \/>\n<meta property=\"og:url\" content=\"https:\/\/yaomarket.cl\/?product=zma-nightime-b6-melatonina-60-caps-60-porciones\" \/>\n<meta property=\"og:site_name\" content=\"YAOMARKET\" \/>\n<meta property=\"article:publisher\" content=\"https:\/\/www.facebook.com\/yaomarketchile\/\" \/>\n<meta property=\"article:modified_time\" content=\"2025-06-09T20:51:29+00:00\" \/>\n<meta property=\"og:image\" content=\"https:\/\/yaomarket.cl\/wp-content\/uploads\/2025\/02\/zmanight_600px-1-550x550-1.jpg\" \/>\n\t<meta property=\"og:image:width\" content=\"550\" \/>\n\t<meta property=\"og:image:height\" content=\"550\" \/>\n\t<meta property=\"og:image:type\" content=\"image\/jpeg\" \/>\n<meta name=\"twitter:card\" content=\"summary_large_image\" \/>\n<meta name=\"twitter:label1\" content=\"Tiempo de lectura\" \/>\n\t<meta name=\"twitter:data1\" content=\"3 minutos\" \/>\n<script type=\"application\/ld+json\" class=\"yoast-schema-graph\">{\"@context\":\"https:\/\/schema.org\",\"@graph\":[{\"@type\":\"WebPage\",\"@id\":\"https:\/\/yaomarket.cl\/?product=zma-nightime-b6-melatonina-60-caps-60-porciones\",\"url\":\"https:\/\/yaomarket.cl\/?product=zma-nightime-b6-melatonina-60-caps-60-porciones\",\"name\":\"ZMA Nightime+B6 \u2013 60 c\u00e1ps. 60 porciones - YAOMARKET\",\"isPartOf\":{\"@id\":\"https:\/\/yaomarket.cl\/#website\"},\"primaryImageOfPage\":{\"@id\":\"https:\/\/yaomarket.cl\/?product=zma-nightime-b6-melatonina-60-caps-60-porciones#primaryimage\"},\"image\":{\"@id\":\"https:\/\/yaomarket.cl\/?product=zma-nightime-b6-melatonina-60-caps-60-porciones#primaryimage\"},\"thumbnailUrl\":\"https:\/\/yaomarket.cl\/wp-content\/uploads\/2025\/02\/zmanight_600px-1-550x550-1.jpg\",\"datePublished\":\"2025-02-25T18:06:35+00:00\",\"dateModified\":\"2025-06-09T20:51:29+00:00\",\"breadcrumb\":{\"@id\":\"https:\/\/yaomarket.cl\/?product=zma-nightime-b6-melatonina-60-caps-60-porciones#breadcrumb\"},\"inLanguage\":\"es\",\"potentialAction\":[{\"@type\":\"ReadAction\",\"target\":[\"https:\/\/yaomarket.cl\/?product=zma-nightime-b6-melatonina-60-caps-60-porciones\"]}]},{\"@type\":\"ImageObject\",\"inLanguage\":\"es\",\"@id\":\"https:\/\/yaomarket.cl\/?product=zma-nightime-b6-melatonina-60-caps-60-porciones#primaryimage\",\"url\":\"https:\/\/yaomarket.cl\/wp-content\/uploads\/2025\/02\/zmanight_600px-1-550x550-1.jpg\",\"contentUrl\":\"https:\/\/yaomarket.cl\/wp-content\/uploads\/2025\/02\/zmanight_600px-1-550x550-1.jpg\",\"width\":550,\"height\":550},{\"@type\":\"BreadcrumbList\",\"@id\":\"https:\/\/yaomarket.cl\/?product=zma-nightime-b6-melatonina-60-caps-60-porciones#breadcrumb\",\"itemListElement\":[{\"@type\":\"ListItem\",\"position\":1,\"name\":\"Portada\",\"item\":\"https:\/\/yaomarket.cl\/\"},{\"@type\":\"ListItem\",\"position\":2,\"name\":\"TIENDA\",\"item\":\"https:\/\/yaomarket.cl\/?page_id=8\"},{\"@type\":\"ListItem\",\"position\":3,\"name\":\"ZMA Nightime+B6 \u2013 60 c\u00e1ps. 60 porciones\"}]},{\"@type\":\"WebSite\",\"@id\":\"https:\/\/yaomarket.cl\/#website\",\"url\":\"https:\/\/yaomarket.cl\/\",\"name\":\"YAOMARKET\",\"description\":\"\",\"publisher\":{\"@id\":\"https:\/\/yaomarket.cl\/#organization\"},\"potentialAction\":[{\"@type\":\"SearchAction\",\"target\":{\"@type\":\"EntryPoint\",\"urlTemplate\":\"https:\/\/yaomarket.cl\/?s={search_term_string}\"},\"query-input\":{\"@type\":\"PropertyValueSpecification\",\"valueRequired\":true,\"valueName\":\"search_term_string\"}}],\"inLanguage\":\"es\"},{\"@type\":\"Organization\",\"@id\":\"https:\/\/yaomarket.cl\/#organization\",\"name\":\"YAOMARKET\",\"url\":\"https:\/\/yaomarket.cl\/\",\"logo\":{\"@type\":\"ImageObject\",\"inLanguage\":\"es\",\"@id\":\"https:\/\/yaomarket.cl\/#\/schema\/logo\/image\/\",\"url\":\"https:\/\/yaomarket.cl\/wp-content\/uploads\/2023\/08\/Logo-Original-Yao-Market-Circular.png\",\"contentUrl\":\"https:\/\/yaomarket.cl\/wp-content\/uploads\/2023\/08\/Logo-Original-Yao-Market-Circular.png\",\"width\":522,\"height\":522,\"caption\":\"YAOMARKET\"},\"image\":{\"@id\":\"https:\/\/yaomarket.cl\/#\/schema\/logo\/image\/\"},\"sameAs\":[\"https:\/\/www.facebook.com\/yaomarketchile\/\",\"https:\/\/www.instagram.com\/yao_market\/\"]}]}<\/script>\n<!-- \/ Yoast SEO plugin. -->","yoast_head_json":{"title":"ZMA Nightime+B6 \u2013 60 c\u00e1ps. 60 porciones - YAOMARKET","robots":{"index":"index","follow":"follow","max-snippet":"max-snippet:-1","max-image-preview":"max-image-preview:large","max-video-preview":"max-video-preview:-1"},"canonical":"https:\/\/yaomarket.cl\/?product=zma-nightime-b6-melatonina-60-caps-60-porciones","og_locale":"es_ES","og_type":"article","og_title":"ZMA Nightime+B6 \u2013 60 c\u00e1ps. 60 porciones - YAOMARKET","og_description":"ZMA Nightime+B6 \u2013 60 c\u00e1ps. 60 porciones   Zinc + Magnesio + Vitamina B6  Recuperaci\u00f3n  Tript\u00f3fano  Formato: C\u00e1psulas  Contenido: 60 c\u00e1psulas  Porciones: 60  Modo de uso: Consumir 1 c\u00e1psula en la noche (30 minutos antes de dormir) o lo prescrito por tu nutricionista.","og_url":"https:\/\/yaomarket.cl\/?product=zma-nightime-b6-melatonina-60-caps-60-porciones","og_site_name":"YAOMARKET","article_publisher":"https:\/\/www.facebook.com\/yaomarketchile\/","article_modified_time":"2025-06-09T20:51:29+00:00","og_image":[{"width":550,"height":550,"url":"https:\/\/yaomarket.cl\/wp-content\/uploads\/2025\/02\/zmanight_600px-1-550x550-1.jpg","type":"image\/jpeg"}],"twitter_card":"summary_large_image","twitter_misc":{"Tiempo de lectura":"3 minutos"},"schema":{"@context":"https:\/\/schema.org","@graph":[{"@type":"WebPage","@id":"https:\/\/yaomarket.cl\/?product=zma-nightime-b6-melatonina-60-caps-60-porciones","url":"https:\/\/yaomarket.cl\/?product=zma-nightime-b6-melatonina-60-caps-60-porciones","name":"ZMA Nightime+B6 \u2013 60 c\u00e1ps. 60 porciones - YAOMARKET","isPartOf":{"@id":"https:\/\/yaomarket.cl\/#website"},"primaryImageOfPage":{"@id":"https:\/\/yaomarket.cl\/?product=zma-nightime-b6-melatonina-60-caps-60-porciones#primaryimage"},"image":{"@id":"https:\/\/yaomarket.cl\/?product=zma-nightime-b6-melatonina-60-caps-60-porciones#primaryimage"},"thumbnailUrl":"https:\/\/yaomarket.cl\/wp-content\/uploads\/2025\/02\/zmanight_600px-1-550x550-1.jpg","datePublished":"2025-02-25T18:06:35+00:00","dateModified":"2025-06-09T20:51:29+00:00","breadcrumb":{"@id":"https:\/\/yaomarket.cl\/?product=zma-nightime-b6-melatonina-60-caps-60-porciones#breadcrumb"},"inLanguage":"es","potentialAction":[{"@type":"ReadAction","target":["https:\/\/yaomarket.cl\/?product=zma-nightime-b6-melatonina-60-caps-60-porciones"]}]},{"@type":"ImageObject","inLanguage":"es","@id":"https:\/\/yaomarket.cl\/?product=zma-nightime-b6-melatonina-60-caps-60-porciones#primaryimage","url":"https:\/\/yaomarket.cl\/wp-content\/uploads\/2025\/02\/zmanight_600px-1-550x550-1.jpg","contentUrl":"https:\/\/yaomarket.cl\/wp-content\/uploads\/2025\/02\/zmanight_600px-1-550x550-1.jpg","width":550,"height":550},{"@type":"BreadcrumbList","@id":"https:\/\/yaomarket.cl\/?product=zma-nightime-b6-melatonina-60-caps-60-porciones#breadcrumb","itemListElement":[{"@type":"ListItem","position":1,"name":"Portada","item":"https:\/\/yaomarket.cl\/"},{"@type":"ListItem","position":2,"name":"TIENDA","item":"https:\/\/yaomarket.cl\/?page_id=8"},{"@type":"ListItem","position":3,"name":"ZMA Nightime+B6 \u2013 60 c\u00e1ps. 60 porciones"}]},{"@type":"WebSite","@id":"https:\/\/yaomarket.cl\/#website","url":"https:\/\/yaomarket.cl\/","name":"YAOMARKET","description":"","publisher":{"@id":"https:\/\/yaomarket.cl\/#organization"},"potentialAction":[{"@type":"SearchAction","target":{"@type":"EntryPoint","urlTemplate":"https:\/\/yaomarket.cl\/?s={search_term_string}"},"query-input":{"@type":"PropertyValueSpecification","valueRequired":true,"valueName":"search_term_string"}}],"inLanguage":"es"},{"@type":"Organization","@id":"https:\/\/yaomarket.cl\/#organization","name":"YAOMARKET","url":"https:\/\/yaomarket.cl\/","logo":{"@type":"ImageObject","inLanguage":"es","@id":"https:\/\/yaomarket.cl\/#\/schema\/logo\/image\/","url":"https:\/\/yaomarket.cl\/wp-content\/uploads\/2023\/08\/Logo-Original-Yao-Market-Circular.png","contentUrl":"https:\/\/yaomarket.cl\/wp-content\/uploads\/2023\/08\/Logo-Original-Yao-Market-Circular.png","width":522,"height":522,"caption":"YAOMARKET"},"image":{"@id":"https:\/\/yaomarket.cl\/#\/schema\/logo\/image\/"},"sameAs":["https:\/\/www.facebook.com\/yaomarketchile\/","https:\/\/www.instagram.com\/yao_market\/"]}]}},"_links":{"self":[{"href":"https:\/\/yaomarket.cl\/index.php?rest_route=\/wp\/v2\/product\/11048","targetHints":{"allow":["GET"]}}],"collection":[{"href":"https:\/\/yaomarket.cl\/index.php?rest_route=\/wp\/v2\/product"}],"about":[{"href":"https:\/\/yaomarket.cl\/index.php?rest_route=\/wp\/v2\/types\/product"}],"wp:featuredmedia":[{"embeddable":true,"href":"https:\/\/yaomarket.cl\/index.php?rest_route=\/wp\/v2\/media\/12480"}],"wp:attachment":[{"href":"https:\/\/yaomarket.cl\/index.php?rest_route=%2Fwp%2Fv2%2Fmedia&parent=11048"}],"wp:term":[{"taxonomy":"product_cat","embeddable":true,"href":"https:\/\/yaomarket.cl\/index.php?rest_route=%2Fwp%2Fv2%2Fproduct_cat&post=11048"},{"taxonomy":"product_tag","embeddable":true,"href":"https:\/\/yaomarket.cl\/index.php?rest_route=%2Fwp%2Fv2%2Fproduct_tag&post=11048"}],"curies":[{"name":"wp","href":"https:\/\/api.w.org\/{rel}","templated":true}]}}