{"id":11045,"date":"2025-02-25T18:02:58","date_gmt":"2025-02-25T18:02:58","guid":{"rendered":"https:\/\/yaomarket.cl\/?post_type=product&#038;p=11045"},"modified":"2025-06-09T20:54:47","modified_gmt":"2025-06-09T20:54:47","slug":"zma-b6-60-caps-60-porciones","status":"publish","type":"product","link":"https:\/\/yaomarket.cl\/?product=zma-b6-60-caps-60-porciones","title":{"rendered":"ZMA +B6 60 c\u00e1ps. 60 porciones"},"content":{"rendered":"<p><span style=\"color: #000000;\"><strong>ZMA + B6<\/strong> es un suplemento en base a Zinc, Magnesio y Vitaminas del Complejo B, estas vitaminas y minerales participan en los procesos de recuperaci\u00f3n que ocurren posterior al ejercicio y durante el sue\u00f1o, ya sea ayudando a la relajaci\u00f3n de la musculatura, como favoreciendo los procesos de reparaci\u00f3n del tejido da\u00f1ado. El ejercicio genera un da\u00f1o sobre los tejidos implicados en el movimiento (m\u00fasculo, hueso y tend\u00f3n), por lo que la ingesta de este producto, potencia los procesos de reparaci\u00f3n y relajaci\u00f3n de la musculatura.<\/span><\/p>\n","protected":false},"excerpt":{"rendered":"<p><span style=\"color: #000000;\"><strong>ZMA +B6 60 c\u00e1ps. 60 porciones de Winkler Nutrition:<\/strong><\/span><\/p>\n<ul>\n<li><span style=\"color: #000000;\">Zinc + Magnesio + Vitamina B6<\/span><\/li>\n<li><span style=\"color: #000000;\">Pro-hormonal<\/span><\/li>\n<li><span style=\"color: #000000;\">Recuperaci\u00f3n<\/span><\/li>\n<\/ul>\n<p><span style=\"color: #000000;\">Formato: C\u00e1psulas<\/span><\/p>\n<p><span style=\"color: #000000;\">Contenido: 60 c\u00e1psulas<\/span><\/p>\n<p><span style=\"color: #000000;\">Porciones: 60<\/span><\/p>\n<p><span style=\"color: #000000;\">Modo de uso: Consumir 1 c\u00e1psula durante la ma\u00f1ana o antes de dormir o lo prescrito por tu especialista.<\/span><\/p>\n","protected":false},"featured_media":12483,"template":"","meta":[],"product_cat":[534,725,670],"product_tag":[],"class_list":{"0":"post-11045","1":"product","2":"type-product","3":"status-publish","4":"has-post-thumbnail","6":"product_cat-deportista","7":"product_cat-pro-hormonales","8":"product_cat-vitaminas-y-minerales","10":"first","11":"instock","12":"shipping-taxable","13":"purchasable","14":"product-type-simple"},"yoast_head":"<!-- This site is optimized with the Yoast SEO plugin v25.2 - https:\/\/yoast.com\/wordpress\/plugins\/seo\/ -->\n<title>ZMA +B6 60 c\u00e1ps. 60 porciones - YAOMARKET<\/title>\n<meta name=\"robots\" content=\"index, follow, max-snippet:-1, max-image-preview:large, max-video-preview:-1\" \/>\n<link rel=\"canonical\" href=\"https:\/\/yaomarket.cl\/?product=zma-b6-60-caps-60-porciones\" \/>\n<meta property=\"og:locale\" content=\"es_ES\" \/>\n<meta property=\"og:type\" content=\"article\" \/>\n<meta property=\"og:title\" content=\"ZMA +B6 60 c\u00e1ps. 60 porciones - YAOMARKET\" \/>\n<meta property=\"og:description\" content=\"ZMA +B6 60 c\u00e1ps. 60 porciones de Winkler Nutrition:   Zinc + Magnesio + Vitamina B6  Pro-hormonal  Recuperaci\u00f3n  Formato: C\u00e1psulas  Contenido: 60 c\u00e1psulas  Porciones: 60  Modo de uso: Consumir 1 c\u00e1psula durante la ma\u00f1ana o antes de dormir o lo prescrito por tu especialista.\" \/>\n<meta property=\"og:url\" content=\"https:\/\/yaomarket.cl\/?product=zma-b6-60-caps-60-porciones\" \/>\n<meta property=\"og:site_name\" content=\"YAOMARKET\" \/>\n<meta property=\"article:publisher\" content=\"https:\/\/www.facebook.com\/yaomarketchile\/\" \/>\n<meta property=\"article:modified_time\" content=\"2025-06-09T20:54:47+00:00\" \/>\n<meta property=\"og:image\" content=\"https:\/\/yaomarket.cl\/wp-content\/uploads\/2025\/02\/ZMA_B61_600px-550x550-1.jpg\" \/>\n\t<meta property=\"og:image:width\" content=\"550\" \/>\n\t<meta property=\"og:image:height\" content=\"550\" \/>\n\t<meta property=\"og:image:type\" content=\"image\/jpeg\" \/>\n<meta name=\"twitter:card\" content=\"summary_large_image\" \/>\n<meta name=\"twitter:label1\" content=\"Tiempo de lectura\" \/>\n\t<meta name=\"twitter:data1\" content=\"1 minuto\" \/>\n<script type=\"application\/ld+json\" class=\"yoast-schema-graph\">{\"@context\":\"https:\/\/schema.org\",\"@graph\":[{\"@type\":\"WebPage\",\"@id\":\"https:\/\/yaomarket.cl\/?product=zma-b6-60-caps-60-porciones\",\"url\":\"https:\/\/yaomarket.cl\/?product=zma-b6-60-caps-60-porciones\",\"name\":\"ZMA +B6 60 c\u00e1ps. 60 porciones - YAOMARKET\",\"isPartOf\":{\"@id\":\"https:\/\/yaomarket.cl\/#website\"},\"primaryImageOfPage\":{\"@id\":\"https:\/\/yaomarket.cl\/?product=zma-b6-60-caps-60-porciones#primaryimage\"},\"image\":{\"@id\":\"https:\/\/yaomarket.cl\/?product=zma-b6-60-caps-60-porciones#primaryimage\"},\"thumbnailUrl\":\"https:\/\/yaomarket.cl\/wp-content\/uploads\/2025\/02\/ZMA_B61_600px-550x550-1.jpg\",\"datePublished\":\"2025-02-25T18:02:58+00:00\",\"dateModified\":\"2025-06-09T20:54:47+00:00\",\"breadcrumb\":{\"@id\":\"https:\/\/yaomarket.cl\/?product=zma-b6-60-caps-60-porciones#breadcrumb\"},\"inLanguage\":\"es\",\"potentialAction\":[{\"@type\":\"ReadAction\",\"target\":[\"https:\/\/yaomarket.cl\/?product=zma-b6-60-caps-60-porciones\"]}]},{\"@type\":\"ImageObject\",\"inLanguage\":\"es\",\"@id\":\"https:\/\/yaomarket.cl\/?product=zma-b6-60-caps-60-porciones#primaryimage\",\"url\":\"https:\/\/yaomarket.cl\/wp-content\/uploads\/2025\/02\/ZMA_B61_600px-550x550-1.jpg\",\"contentUrl\":\"https:\/\/yaomarket.cl\/wp-content\/uploads\/2025\/02\/ZMA_B61_600px-550x550-1.jpg\",\"width\":550,\"height\":550},{\"@type\":\"BreadcrumbList\",\"@id\":\"https:\/\/yaomarket.cl\/?product=zma-b6-60-caps-60-porciones#breadcrumb\",\"itemListElement\":[{\"@type\":\"ListItem\",\"position\":1,\"name\":\"Portada\",\"item\":\"https:\/\/yaomarket.cl\/\"},{\"@type\":\"ListItem\",\"position\":2,\"name\":\"TIENDA\",\"item\":\"https:\/\/yaomarket.cl\/?page_id=8\"},{\"@type\":\"ListItem\",\"position\":3,\"name\":\"ZMA +B6 60 c\u00e1ps. 60 porciones\"}]},{\"@type\":\"WebSite\",\"@id\":\"https:\/\/yaomarket.cl\/#website\",\"url\":\"https:\/\/yaomarket.cl\/\",\"name\":\"YAOMARKET\",\"description\":\"\",\"publisher\":{\"@id\":\"https:\/\/yaomarket.cl\/#organization\"},\"potentialAction\":[{\"@type\":\"SearchAction\",\"target\":{\"@type\":\"EntryPoint\",\"urlTemplate\":\"https:\/\/yaomarket.cl\/?s={search_term_string}\"},\"query-input\":{\"@type\":\"PropertyValueSpecification\",\"valueRequired\":true,\"valueName\":\"search_term_string\"}}],\"inLanguage\":\"es\"},{\"@type\":\"Organization\",\"@id\":\"https:\/\/yaomarket.cl\/#organization\",\"name\":\"YAOMARKET\",\"url\":\"https:\/\/yaomarket.cl\/\",\"logo\":{\"@type\":\"ImageObject\",\"inLanguage\":\"es\",\"@id\":\"https:\/\/yaomarket.cl\/#\/schema\/logo\/image\/\",\"url\":\"https:\/\/yaomarket.cl\/wp-content\/uploads\/2023\/08\/Logo-Original-Yao-Market-Circular.png\",\"contentUrl\":\"https:\/\/yaomarket.cl\/wp-content\/uploads\/2023\/08\/Logo-Original-Yao-Market-Circular.png\",\"width\":522,\"height\":522,\"caption\":\"YAOMARKET\"},\"image\":{\"@id\":\"https:\/\/yaomarket.cl\/#\/schema\/logo\/image\/\"},\"sameAs\":[\"https:\/\/www.facebook.com\/yaomarketchile\/\",\"https:\/\/www.instagram.com\/yao_market\/\"]}]}<\/script>\n<!-- \/ Yoast SEO plugin. -->","yoast_head_json":{"title":"ZMA +B6 60 c\u00e1ps. 60 porciones - YAOMARKET","robots":{"index":"index","follow":"follow","max-snippet":"max-snippet:-1","max-image-preview":"max-image-preview:large","max-video-preview":"max-video-preview:-1"},"canonical":"https:\/\/yaomarket.cl\/?product=zma-b6-60-caps-60-porciones","og_locale":"es_ES","og_type":"article","og_title":"ZMA +B6 60 c\u00e1ps. 60 porciones - YAOMARKET","og_description":"ZMA +B6 60 c\u00e1ps. 60 porciones de Winkler Nutrition:   Zinc + Magnesio + Vitamina B6  Pro-hormonal  Recuperaci\u00f3n  Formato: C\u00e1psulas  Contenido: 60 c\u00e1psulas  Porciones: 60  Modo de uso: Consumir 1 c\u00e1psula durante la ma\u00f1ana o antes de dormir o lo prescrito por tu especialista.","og_url":"https:\/\/yaomarket.cl\/?product=zma-b6-60-caps-60-porciones","og_site_name":"YAOMARKET","article_publisher":"https:\/\/www.facebook.com\/yaomarketchile\/","article_modified_time":"2025-06-09T20:54:47+00:00","og_image":[{"width":550,"height":550,"url":"https:\/\/yaomarket.cl\/wp-content\/uploads\/2025\/02\/ZMA_B61_600px-550x550-1.jpg","type":"image\/jpeg"}],"twitter_card":"summary_large_image","twitter_misc":{"Tiempo de lectura":"1 minuto"},"schema":{"@context":"https:\/\/schema.org","@graph":[{"@type":"WebPage","@id":"https:\/\/yaomarket.cl\/?product=zma-b6-60-caps-60-porciones","url":"https:\/\/yaomarket.cl\/?product=zma-b6-60-caps-60-porciones","name":"ZMA +B6 60 c\u00e1ps. 60 porciones - YAOMARKET","isPartOf":{"@id":"https:\/\/yaomarket.cl\/#website"},"primaryImageOfPage":{"@id":"https:\/\/yaomarket.cl\/?product=zma-b6-60-caps-60-porciones#primaryimage"},"image":{"@id":"https:\/\/yaomarket.cl\/?product=zma-b6-60-caps-60-porciones#primaryimage"},"thumbnailUrl":"https:\/\/yaomarket.cl\/wp-content\/uploads\/2025\/02\/ZMA_B61_600px-550x550-1.jpg","datePublished":"2025-02-25T18:02:58+00:00","dateModified":"2025-06-09T20:54:47+00:00","breadcrumb":{"@id":"https:\/\/yaomarket.cl\/?product=zma-b6-60-caps-60-porciones#breadcrumb"},"inLanguage":"es","potentialAction":[{"@type":"ReadAction","target":["https:\/\/yaomarket.cl\/?product=zma-b6-60-caps-60-porciones"]}]},{"@type":"ImageObject","inLanguage":"es","@id":"https:\/\/yaomarket.cl\/?product=zma-b6-60-caps-60-porciones#primaryimage","url":"https:\/\/yaomarket.cl\/wp-content\/uploads\/2025\/02\/ZMA_B61_600px-550x550-1.jpg","contentUrl":"https:\/\/yaomarket.cl\/wp-content\/uploads\/2025\/02\/ZMA_B61_600px-550x550-1.jpg","width":550,"height":550},{"@type":"BreadcrumbList","@id":"https:\/\/yaomarket.cl\/?product=zma-b6-60-caps-60-porciones#breadcrumb","itemListElement":[{"@type":"ListItem","position":1,"name":"Portada","item":"https:\/\/yaomarket.cl\/"},{"@type":"ListItem","position":2,"name":"TIENDA","item":"https:\/\/yaomarket.cl\/?page_id=8"},{"@type":"ListItem","position":3,"name":"ZMA +B6 60 c\u00e1ps. 60 porciones"}]},{"@type":"WebSite","@id":"https:\/\/yaomarket.cl\/#website","url":"https:\/\/yaomarket.cl\/","name":"YAOMARKET","description":"","publisher":{"@id":"https:\/\/yaomarket.cl\/#organization"},"potentialAction":[{"@type":"SearchAction","target":{"@type":"EntryPoint","urlTemplate":"https:\/\/yaomarket.cl\/?s={search_term_string}"},"query-input":{"@type":"PropertyValueSpecification","valueRequired":true,"valueName":"search_term_string"}}],"inLanguage":"es"},{"@type":"Organization","@id":"https:\/\/yaomarket.cl\/#organization","name":"YAOMARKET","url":"https:\/\/yaomarket.cl\/","logo":{"@type":"ImageObject","inLanguage":"es","@id":"https:\/\/yaomarket.cl\/#\/schema\/logo\/image\/","url":"https:\/\/yaomarket.cl\/wp-content\/uploads\/2023\/08\/Logo-Original-Yao-Market-Circular.png","contentUrl":"https:\/\/yaomarket.cl\/wp-content\/uploads\/2023\/08\/Logo-Original-Yao-Market-Circular.png","width":522,"height":522,"caption":"YAOMARKET"},"image":{"@id":"https:\/\/yaomarket.cl\/#\/schema\/logo\/image\/"},"sameAs":["https:\/\/www.facebook.com\/yaomarketchile\/","https:\/\/www.instagram.com\/yao_market\/"]}]}},"_links":{"self":[{"href":"https:\/\/yaomarket.cl\/index.php?rest_route=\/wp\/v2\/product\/11045","targetHints":{"allow":["GET"]}}],"collection":[{"href":"https:\/\/yaomarket.cl\/index.php?rest_route=\/wp\/v2\/product"}],"about":[{"href":"https:\/\/yaomarket.cl\/index.php?rest_route=\/wp\/v2\/types\/product"}],"wp:featuredmedia":[{"embeddable":true,"href":"https:\/\/yaomarket.cl\/index.php?rest_route=\/wp\/v2\/media\/12483"}],"wp:attachment":[{"href":"https:\/\/yaomarket.cl\/index.php?rest_route=%2Fwp%2Fv2%2Fmedia&parent=11045"}],"wp:term":[{"taxonomy":"product_cat","embeddable":true,"href":"https:\/\/yaomarket.cl\/index.php?rest_route=%2Fwp%2Fv2%2Fproduct_cat&post=11045"},{"taxonomy":"product_tag","embeddable":true,"href":"https:\/\/yaomarket.cl\/index.php?rest_route=%2Fwp%2Fv2%2Fproduct_tag&post=11045"}],"curies":[{"name":"wp","href":"https:\/\/api.w.org\/{rel}","templated":true}]}}