{"id":11039,"date":"2025-02-25T16:38:05","date_gmt":"2025-02-25T16:38:05","guid":{"rendered":"https:\/\/yaomarket.cl\/?post_type=product&#038;p=11039"},"modified":"2025-06-09T20:21:09","modified_gmt":"2025-06-09T20:21:09","slug":"pre-entreno-cgt-workout-600-grs-60-servicios","status":"publish","type":"product","link":"https:\/\/yaomarket.cl\/?product=pre-entreno-cgt-workout-600-grs-60-servicios","title":{"rendered":"Pre Entreno CGT Workout 600 grs. 60 servicios"},"content":{"rendered":"<h3><span style=\"color: #000000;\">Pre entreno CGT Workout 600 grs. 60 servicios<\/span><\/h3>\n<p><span style=\"color: #000000;\">Pre entreno CGT Workout 600 grs. 60 servicios de Winkler Nutrition es un suplemento deportivo que posee un aporte importante de amino\u00e1cidos y creatina para lograr un incremento en el rendimiento deportivo. CGT B-NOX Posee amino\u00e1cidos como beta alanina, glutamina, L- arginina y taurina, estos amino\u00e1cidos tienen un rol fundamental en evitar o disminuir la sensaci\u00f3n de fatiga muscular y mejorar el rendimiento deportivo.<\/span><\/p>\n<p><span style=\"color: #000000;\">\u00bfPor qu\u00e9 consumir CGT B-NOX?<\/span><\/p>\n<p><span style=\"color: #000000;\">CGT B-NOX es un pre-entreno libre de estimulantes, esto quiere decir que no contiene cafe\u00edna u otras sustancias estimulantes, esto lo hace ideal para personas que tienen intolerancia o restricci\u00f3n al consumo de cafe\u00edna como mujeres embarazadas o en periodo de lactancia, hipertensos o personas con patolog\u00edas cardiovasculares.<\/span><\/p>\n<p><span style=\"color: #000000;\">Los nutrientes que posee el pre-entreno libre de estimulantes de Winkler Nutrition le otorgan al deportista un incremento en su rendimiento y resistencia deportiva. La beta alanina es uno de los amino\u00e1cidos presentes en CGT B-NOX, este amino\u00e1cido tiene como funci\u00f3n principal reducir la fatiga muscular, disminuir la percepci\u00f3n de esfuerzo y mejorar la contractilidad muscular, de esta forma, va a ayudar al deportista a optimizar su rendimiento.<\/span><\/p>\n<p><span style=\"color: #000000;\">Otro de los amino\u00e1cidos presentes en el pre-entreno libre de estimulantes de Winkler Nutrition es la glutamina. La glutamina es un Amino\u00e1cido involucrado en evitar la fatiga muscular, favorece la hipertrofia muscular, fortalece el sistema inmune y mejora la recuperaci\u00f3n post ejercicio.<\/span><\/p>\n<p><span style=\"color: #000000;\">El pre-entreno de Winkler Nutrition tambi\u00e9n posee el amino\u00e1cido L-Arginina, este amino\u00e1cido es un precursor del \u00f3xido n\u00edtrico. El \u00f3xido n\u00edtrico act\u00faa como una mol\u00e9cula de se\u00f1alizaci\u00f3n en el cuerpo humano, teniendo funciones muy importantes en el organismo. Una de sus funciones principales es que act\u00faa como un importante vasodilatador (encargado de la dilataci\u00f3n del m\u00fasculo liso).<\/span><\/p>\n<p><span style=\"color: #000000;\">Tambi\u00e9n es un antiagregante plaquetario, por esta raz\u00f3n, previene enfermedades como la hipertensi\u00f3n e inflamaci\u00f3n cr\u00f3nica. Otra de las funciones del \u00f3xido n\u00edtrico es que incrementa el flujo sangu\u00edneo y el uso de gluc\u00f3geno muscular. De esta forma, produce un mejor desempe\u00f1o y recuperaci\u00f3n en el deportista, aumentando la potencia en el entrenamiento. Otro de los amino\u00e1cidos presentes en CGT-BNOX es la taurina, la cual se destaca por su funci\u00f3n antioxidante, estimula la funci\u00f3n inmune. Adem\u00e1s participa en absorci\u00f3n de grasas y vitaminas liposolubles. A nivel muscular reduce o detiene la tasa de catabolismo producida por estr\u00e9s o entrenamiento intenso.<\/span><\/p>\n<p><span style=\"color: #000000;\">El pre-entreno libre de estimulantes de Winkler Nutrition posee Creatina, la creatina es uno de los suplementos con mayor evidencia cient\u00edfica. Su rol principal es mejorar fuerza, potencia y aumentar masa muscular. La presencia de creatina junto con los amino\u00e1cidos antes mencionados, van a generar un efecto muy beneficioso en el deportista, sin necesidad de una sustancia estimulante.<\/span><\/p>\n<p><span style=\"color: #000000;\">Los componentes del Pre-Entreno libre de estimulantes de Winkler Nutrition, lo hacen un suplemento deportivo que va a potenciar el rendimiento deportivo a trav\u00e9s de nutrientes que ayudan a mejorar la capacidad f\u00edsica, retrasando la fatiga muscular, mejorando fuerza y potencia.<\/span><\/p>\n","protected":false},"excerpt":{"rendered":"<h4><span style=\"color: #000000;\">Pre entreno CGT Workout 600 grs. 60 servicios<\/span><\/h4>\n<ul>\n<li><span style=\"color: #000000;\">Fuerza y potencia<\/span><\/li>\n<li><span style=\"color: #000000;\">Crecimiento y recuperaci\u00f3n muscular<\/span><\/li>\n<li><span style=\"color: #000000;\">Estimula el sistema inmunol\u00f3gico<\/span><\/li>\n<li><span style=\"color: #000000;\">Retrasa la fatiga muscular<\/span><\/li>\n<li><span style=\"color: #000000;\">Precursor \u00d3xido N\u00edtrico (vasodilataci\u00f3n)<\/span><\/li>\n<\/ul>\n<p><span style=\"color: #000000;\">Formato: Polvo<\/span><\/p>\n<p><span style=\"color: #000000;\">Sabor: Berries<\/span><\/p>\n<p><span style=\"color: #000000;\">Contenido: 600 grs.<\/span><\/p>\n<p><span style=\"color: #000000;\">Porciones: 60<\/span><\/p>\n<p><span style=\"color: #000000;\">Modo de uso: Mezclar 1 scoop (10 grs.) en 250 ml de agua 30 minutos antes del entrenamiento o lo prescrito por tu nutricionista.<\/span><\/p>\n","protected":false},"featured_media":11040,"template":"","meta":[],"product_cat":[534,724,537],"product_tag":[],"class_list":{"0":"post-11039","1":"product","2":"type-product","3":"status-publish","4":"has-post-thumbnail","6":"product_cat-deportista","7":"product_cat-pre-entrenamientos","8":"product_cat-proteinas","10":"first","11":"instock","12":"shipping-taxable","13":"purchasable","14":"product-type-simple"},"yoast_head":"<!-- This site is optimized with the Yoast SEO plugin v25.2 - https:\/\/yoast.com\/wordpress\/plugins\/seo\/ -->\n<title>Pre Entreno CGT Workout 600 grs. 60 servicios - YAOMARKET<\/title>\n<meta name=\"robots\" content=\"index, follow, max-snippet:-1, max-image-preview:large, max-video-preview:-1\" \/>\n<link rel=\"canonical\" href=\"https:\/\/yaomarket.cl\/?product=pre-entreno-cgt-workout-600-grs-60-servicios\" \/>\n<meta property=\"og:locale\" content=\"es_ES\" \/>\n<meta property=\"og:type\" content=\"article\" \/>\n<meta property=\"og:title\" content=\"Pre Entreno CGT Workout 600 grs. 60 servicios - YAOMARKET\" \/>\n<meta property=\"og:description\" content=\"Pre entreno CGT Workout 600 grs. 60 servicios   Fuerza y potencia  Crecimiento y recuperaci\u00f3n muscular  Estimula el sistema inmunol\u00f3gico  Retrasa la fatiga muscular  Precursor \u00d3xido N\u00edtrico (vasodilataci\u00f3n)  Formato: Polvo  Sabor: Berries  Contenido: 600 grs.  Porciones: 60  Modo de uso: Mezclar 1 scoop (10 grs.) en 250 ml de agua 30 minutos antes del entrenamiento o lo prescrito por tu nutricionista.\" \/>\n<meta property=\"og:url\" content=\"https:\/\/yaomarket.cl\/?product=pre-entreno-cgt-workout-600-grs-60-servicios\" \/>\n<meta property=\"og:site_name\" content=\"YAOMARKET\" \/>\n<meta property=\"article:publisher\" content=\"https:\/\/www.facebook.com\/yaomarketchile\/\" \/>\n<meta property=\"article:modified_time\" content=\"2025-06-09T20:21:09+00:00\" \/>\n<meta property=\"og:image\" content=\"https:\/\/yaomarket.cl\/wp-content\/uploads\/2025\/02\/Cgt_600px-3.jpg\" \/>\n\t<meta property=\"og:image:width\" content=\"600\" \/>\n\t<meta property=\"og:image:height\" content=\"600\" \/>\n\t<meta property=\"og:image:type\" content=\"image\/jpeg\" \/>\n<meta name=\"twitter:card\" content=\"summary_large_image\" \/>\n<meta name=\"twitter:label1\" content=\"Tiempo de lectura\" \/>\n\t<meta name=\"twitter:data1\" content=\"3 minutos\" \/>\n<script type=\"application\/ld+json\" class=\"yoast-schema-graph\">{\"@context\":\"https:\/\/schema.org\",\"@graph\":[{\"@type\":\"WebPage\",\"@id\":\"https:\/\/yaomarket.cl\/?product=pre-entreno-cgt-workout-600-grs-60-servicios\",\"url\":\"https:\/\/yaomarket.cl\/?product=pre-entreno-cgt-workout-600-grs-60-servicios\",\"name\":\"Pre Entreno CGT Workout 600 grs. 60 servicios - YAOMARKET\",\"isPartOf\":{\"@id\":\"https:\/\/yaomarket.cl\/#website\"},\"primaryImageOfPage\":{\"@id\":\"https:\/\/yaomarket.cl\/?product=pre-entreno-cgt-workout-600-grs-60-servicios#primaryimage\"},\"image\":{\"@id\":\"https:\/\/yaomarket.cl\/?product=pre-entreno-cgt-workout-600-grs-60-servicios#primaryimage\"},\"thumbnailUrl\":\"https:\/\/yaomarket.cl\/wp-content\/uploads\/2025\/02\/Cgt_600px-3.jpg\",\"datePublished\":\"2025-02-25T16:38:05+00:00\",\"dateModified\":\"2025-06-09T20:21:09+00:00\",\"breadcrumb\":{\"@id\":\"https:\/\/yaomarket.cl\/?product=pre-entreno-cgt-workout-600-grs-60-servicios#breadcrumb\"},\"inLanguage\":\"es\",\"potentialAction\":[{\"@type\":\"ReadAction\",\"target\":[\"https:\/\/yaomarket.cl\/?product=pre-entreno-cgt-workout-600-grs-60-servicios\"]}]},{\"@type\":\"ImageObject\",\"inLanguage\":\"es\",\"@id\":\"https:\/\/yaomarket.cl\/?product=pre-entreno-cgt-workout-600-grs-60-servicios#primaryimage\",\"url\":\"https:\/\/yaomarket.cl\/wp-content\/uploads\/2025\/02\/Cgt_600px-3.jpg\",\"contentUrl\":\"https:\/\/yaomarket.cl\/wp-content\/uploads\/2025\/02\/Cgt_600px-3.jpg\",\"width\":600,\"height\":600},{\"@type\":\"BreadcrumbList\",\"@id\":\"https:\/\/yaomarket.cl\/?product=pre-entreno-cgt-workout-600-grs-60-servicios#breadcrumb\",\"itemListElement\":[{\"@type\":\"ListItem\",\"position\":1,\"name\":\"Portada\",\"item\":\"https:\/\/yaomarket.cl\/\"},{\"@type\":\"ListItem\",\"position\":2,\"name\":\"TIENDA\",\"item\":\"https:\/\/yaomarket.cl\/?page_id=8\"},{\"@type\":\"ListItem\",\"position\":3,\"name\":\"Pre Entreno CGT Workout 600 grs. 60 servicios\"}]},{\"@type\":\"WebSite\",\"@id\":\"https:\/\/yaomarket.cl\/#website\",\"url\":\"https:\/\/yaomarket.cl\/\",\"name\":\"YAOMARKET\",\"description\":\"\",\"publisher\":{\"@id\":\"https:\/\/yaomarket.cl\/#organization\"},\"potentialAction\":[{\"@type\":\"SearchAction\",\"target\":{\"@type\":\"EntryPoint\",\"urlTemplate\":\"https:\/\/yaomarket.cl\/?s={search_term_string}\"},\"query-input\":{\"@type\":\"PropertyValueSpecification\",\"valueRequired\":true,\"valueName\":\"search_term_string\"}}],\"inLanguage\":\"es\"},{\"@type\":\"Organization\",\"@id\":\"https:\/\/yaomarket.cl\/#organization\",\"name\":\"YAOMARKET\",\"url\":\"https:\/\/yaomarket.cl\/\",\"logo\":{\"@type\":\"ImageObject\",\"inLanguage\":\"es\",\"@id\":\"https:\/\/yaomarket.cl\/#\/schema\/logo\/image\/\",\"url\":\"https:\/\/yaomarket.cl\/wp-content\/uploads\/2023\/08\/Logo-Original-Yao-Market-Circular.png\",\"contentUrl\":\"https:\/\/yaomarket.cl\/wp-content\/uploads\/2023\/08\/Logo-Original-Yao-Market-Circular.png\",\"width\":522,\"height\":522,\"caption\":\"YAOMARKET\"},\"image\":{\"@id\":\"https:\/\/yaomarket.cl\/#\/schema\/logo\/image\/\"},\"sameAs\":[\"https:\/\/www.facebook.com\/yaomarketchile\/\",\"https:\/\/www.instagram.com\/yao_market\/\"]}]}<\/script>\n<!-- \/ Yoast SEO plugin. -->","yoast_head_json":{"title":"Pre Entreno CGT Workout 600 grs. 60 servicios - YAOMARKET","robots":{"index":"index","follow":"follow","max-snippet":"max-snippet:-1","max-image-preview":"max-image-preview:large","max-video-preview":"max-video-preview:-1"},"canonical":"https:\/\/yaomarket.cl\/?product=pre-entreno-cgt-workout-600-grs-60-servicios","og_locale":"es_ES","og_type":"article","og_title":"Pre Entreno CGT Workout 600 grs. 60 servicios - YAOMARKET","og_description":"Pre entreno CGT Workout 600 grs. 60 servicios   Fuerza y potencia  Crecimiento y recuperaci\u00f3n muscular  Estimula el sistema inmunol\u00f3gico  Retrasa la fatiga muscular  Precursor \u00d3xido N\u00edtrico (vasodilataci\u00f3n)  Formato: Polvo  Sabor: Berries  Contenido: 600 grs.  Porciones: 60  Modo de uso: Mezclar 1 scoop (10 grs.) en 250 ml de agua 30 minutos antes del entrenamiento o lo prescrito por tu nutricionista.","og_url":"https:\/\/yaomarket.cl\/?product=pre-entreno-cgt-workout-600-grs-60-servicios","og_site_name":"YAOMARKET","article_publisher":"https:\/\/www.facebook.com\/yaomarketchile\/","article_modified_time":"2025-06-09T20:21:09+00:00","og_image":[{"width":600,"height":600,"url":"https:\/\/yaomarket.cl\/wp-content\/uploads\/2025\/02\/Cgt_600px-3.jpg","type":"image\/jpeg"}],"twitter_card":"summary_large_image","twitter_misc":{"Tiempo de lectura":"3 minutos"},"schema":{"@context":"https:\/\/schema.org","@graph":[{"@type":"WebPage","@id":"https:\/\/yaomarket.cl\/?product=pre-entreno-cgt-workout-600-grs-60-servicios","url":"https:\/\/yaomarket.cl\/?product=pre-entreno-cgt-workout-600-grs-60-servicios","name":"Pre Entreno CGT Workout 600 grs. 60 servicios - YAOMARKET","isPartOf":{"@id":"https:\/\/yaomarket.cl\/#website"},"primaryImageOfPage":{"@id":"https:\/\/yaomarket.cl\/?product=pre-entreno-cgt-workout-600-grs-60-servicios#primaryimage"},"image":{"@id":"https:\/\/yaomarket.cl\/?product=pre-entreno-cgt-workout-600-grs-60-servicios#primaryimage"},"thumbnailUrl":"https:\/\/yaomarket.cl\/wp-content\/uploads\/2025\/02\/Cgt_600px-3.jpg","datePublished":"2025-02-25T16:38:05+00:00","dateModified":"2025-06-09T20:21:09+00:00","breadcrumb":{"@id":"https:\/\/yaomarket.cl\/?product=pre-entreno-cgt-workout-600-grs-60-servicios#breadcrumb"},"inLanguage":"es","potentialAction":[{"@type":"ReadAction","target":["https:\/\/yaomarket.cl\/?product=pre-entreno-cgt-workout-600-grs-60-servicios"]}]},{"@type":"ImageObject","inLanguage":"es","@id":"https:\/\/yaomarket.cl\/?product=pre-entreno-cgt-workout-600-grs-60-servicios#primaryimage","url":"https:\/\/yaomarket.cl\/wp-content\/uploads\/2025\/02\/Cgt_600px-3.jpg","contentUrl":"https:\/\/yaomarket.cl\/wp-content\/uploads\/2025\/02\/Cgt_600px-3.jpg","width":600,"height":600},{"@type":"BreadcrumbList","@id":"https:\/\/yaomarket.cl\/?product=pre-entreno-cgt-workout-600-grs-60-servicios#breadcrumb","itemListElement":[{"@type":"ListItem","position":1,"name":"Portada","item":"https:\/\/yaomarket.cl\/"},{"@type":"ListItem","position":2,"name":"TIENDA","item":"https:\/\/yaomarket.cl\/?page_id=8"},{"@type":"ListItem","position":3,"name":"Pre Entreno CGT Workout 600 grs. 60 servicios"}]},{"@type":"WebSite","@id":"https:\/\/yaomarket.cl\/#website","url":"https:\/\/yaomarket.cl\/","name":"YAOMARKET","description":"","publisher":{"@id":"https:\/\/yaomarket.cl\/#organization"},"potentialAction":[{"@type":"SearchAction","target":{"@type":"EntryPoint","urlTemplate":"https:\/\/yaomarket.cl\/?s={search_term_string}"},"query-input":{"@type":"PropertyValueSpecification","valueRequired":true,"valueName":"search_term_string"}}],"inLanguage":"es"},{"@type":"Organization","@id":"https:\/\/yaomarket.cl\/#organization","name":"YAOMARKET","url":"https:\/\/yaomarket.cl\/","logo":{"@type":"ImageObject","inLanguage":"es","@id":"https:\/\/yaomarket.cl\/#\/schema\/logo\/image\/","url":"https:\/\/yaomarket.cl\/wp-content\/uploads\/2023\/08\/Logo-Original-Yao-Market-Circular.png","contentUrl":"https:\/\/yaomarket.cl\/wp-content\/uploads\/2023\/08\/Logo-Original-Yao-Market-Circular.png","width":522,"height":522,"caption":"YAOMARKET"},"image":{"@id":"https:\/\/yaomarket.cl\/#\/schema\/logo\/image\/"},"sameAs":["https:\/\/www.facebook.com\/yaomarketchile\/","https:\/\/www.instagram.com\/yao_market\/"]}]}},"_links":{"self":[{"href":"https:\/\/yaomarket.cl\/index.php?rest_route=\/wp\/v2\/product\/11039","targetHints":{"allow":["GET"]}}],"collection":[{"href":"https:\/\/yaomarket.cl\/index.php?rest_route=\/wp\/v2\/product"}],"about":[{"href":"https:\/\/yaomarket.cl\/index.php?rest_route=\/wp\/v2\/types\/product"}],"wp:featuredmedia":[{"embeddable":true,"href":"https:\/\/yaomarket.cl\/index.php?rest_route=\/wp\/v2\/media\/11040"}],"wp:attachment":[{"href":"https:\/\/yaomarket.cl\/index.php?rest_route=%2Fwp%2Fv2%2Fmedia&parent=11039"}],"wp:term":[{"taxonomy":"product_cat","embeddable":true,"href":"https:\/\/yaomarket.cl\/index.php?rest_route=%2Fwp%2Fv2%2Fproduct_cat&post=11039"},{"taxonomy":"product_tag","embeddable":true,"href":"https:\/\/yaomarket.cl\/index.php?rest_route=%2Fwp%2Fv2%2Fproduct_tag&post=11039"}],"curies":[{"name":"wp","href":"https:\/\/api.w.org\/{rel}","templated":true}]}}