{"id":11015,"date":"2025-02-25T14:35:39","date_gmt":"2025-02-25T14:35:39","guid":{"rendered":"https:\/\/yaomarket.cl\/?post_type=product&#038;p=11015"},"modified":"2025-04-25T04:31:00","modified_gmt":"2025-04-25T04:31:00","slug":"acetyl-l-carnitina-500mg-60-capsulas","status":"publish","type":"product","link":"https:\/\/yaomarket.cl\/?product=acetyl-l-carnitina-500mg-60-capsulas","title":{"rendered":"Acetyl L-Carnitina 500mg 60 c\u00e1psulas"},"content":{"rendered":"<p><span style=\"color: #000000;\"><strong>Acetyl L-Carnitina 500mg 60 c\u00e1psulas de Winkler Nutrition, un suplemento nutricional para el bienestar integral.<\/strong><\/span><\/p>\n<p><span style=\"color: #000000;\">El bienestar integral tanto f\u00edsico como mental son pilares fundamentales para tener una buena calidad de vida, es por eso que Winkler Nutrition innov\u00f3 con la Acetil L carnitina, para lograr un bienestar generalizado.<\/span><\/p>\n<p><span style=\"color: #000000;\"><strong>\u00bfQu\u00e9 es la Acetil L carnitina?<\/strong><\/span><\/p>\n<p><span style=\"color: #000000;\">La Acetil L-Carnitina es una mol\u00e9cula que deriva de la forma acetilada de la L-Carnitina, capaz de atravesar la barrera hematoencef\u00e1lica y ejercer efectos a nivel del Sistema nervioso central.<\/span><\/p>\n<p><span style=\"color: #000000;\"><strong>Beneficios del consumo de Acetyl L-Carnitina 500mg 60 c\u00e1psulas<\/strong><\/span><\/p>\n<p><span style=\"color: #000000;\">Los beneficios del consumo de Acetil L carnitina se manifiestan principalmente a nivel del Sistema Nervioso Central, actuando en patolog\u00edas como la depresi\u00f3n, en la cual podr\u00eda mejorar sus s\u00edntomas. Tambi\u00e9n, se ha visto una optimizaci\u00f3n en la funci\u00f3n cognitiva incluyendo una mejor memoria, atenci\u00f3n y estado de \u00e1nimo tanto en individuos sanos como en aquellos con trastornos neurodegenerativos.<\/span><\/p>\n<p><span style=\"color: #000000;\">Por otro lado, la Acetil L carnitina podr\u00eda tener beneficios en el rendimiento f\u00edsico, aumentando la capacidad f\u00edsica y reduciendo la fatiga muscular, lo que se traduce en un aumento del rendimiento deportivo.<\/span><\/p>\n<p><span style=\"color: #000000;\">Otro de los posibles beneficios de La Acetil L carnitina es su acci\u00f3n en la oxidaci\u00f3n de \u00e1cidos grasos ya que ayudar\u00eda al transporte de estos a la mitocondria para su oxidaci\u00f3n. Lo que traer\u00eda como consecuencia una mejor composici\u00f3n corporal.<\/span><\/p>\n<p><span style=\"color: #000000;\"><strong>\u00bfC\u00f3mo potenciar mi salud cognitiva?<\/strong><\/span><\/p>\n<p><span style=\"color: #000000;\">Lo principal, es mantener buenos h\u00e1bitos en tu d\u00eda a d\u00eda tales como una alimentaci\u00f3n nutritiva, buena calidad de sue\u00f1o y evitar el estr\u00e9s. Para potenciar tu salud a nivel del sistema nervioso central, puedes complementar la suplementaci\u00f3n de Acetil L Carnitina con Melena de le\u00f3n de Winkler Nutrition. Estos productos, junto con un estilo de vida saludable, podr\u00edan lograr cambios importantes a nivel cognitivo y f\u00edsico. Logrando un bienestar integral en tu vida diaria.<\/span><\/p>\n<p><span style=\"color: #000000;\"><strong>\u00bfComo consumir la Acetyl l carnitina?<\/strong><\/span><\/p>\n<p><span style=\"color: #000000;\">Consumir 1-2 c\u00e1psulas al d\u00eda, de preferencia en las ma\u00f1anas para obtener beneficios a nivel cognitivo y f\u00edsico.<\/span><\/p>\n<p><span style=\"color: #000000;\">Si buscas llevar al m\u00e1ximo tu potencial tanto f\u00edsico como intelectual, Acetyl L carnitina de Winkler Nutrition es un excelente complemento para tu d\u00eda a d\u00eda.<\/span><\/p>\n","protected":false},"excerpt":{"rendered":"<p><span style=\"color: #000000;\"><strong>Acetyl L-Carnitina 500mg 60 c\u00e1psulas<\/strong><\/span><\/p>\n<ul>\n<li><span style=\"color: #000000;\">Optimizaci\u00f3n en la funci\u00f3n cognitiva incluyendo una mejor memoria, atenci\u00f3n y estado de \u00e1nimo<\/span><\/li>\n<li><span style=\"color: #000000;\">Nivel del Sistema Nervioso Central, actuando en patolog\u00edas como la depresi\u00f3n, en la cual podr\u00eda mejorar sus s\u00edntomas<\/span><\/li>\n<\/ul>\n<p><span style=\"color: #000000;\">Formato: C\u00e1psulas<\/span><\/p>\n<p><span style=\"color: #000000;\">Contenido: 60 c\u00e1psulas<\/span><\/p>\n<p><span style=\"color: #000000;\">Porciones: 60<\/span><\/p>\n<p><span style=\"color: #000000;\">Modo de uso: Consumir 1 c\u00e1psula al d\u00eda o lo prescrito por tu nutricionista.<\/span><\/p>\n","protected":false},"featured_media":11016,"template":"","meta":[],"product_cat":[670],"product_tag":[],"class_list":{"0":"post-11015","1":"product","2":"type-product","3":"status-publish","4":"has-post-thumbnail","6":"product_cat-vitaminas-y-minerales","8":"first","9":"instock","10":"shipping-taxable","11":"purchasable","12":"product-type-simple"},"yoast_head":"<!-- This site is optimized with the Yoast SEO plugin v25.2 - https:\/\/yoast.com\/wordpress\/plugins\/seo\/ -->\n<title>Acetyl L-Carnitina 500mg 60 c\u00e1psulas - YAOMARKET<\/title>\n<meta name=\"robots\" content=\"index, follow, max-snippet:-1, max-image-preview:large, max-video-preview:-1\" \/>\n<link rel=\"canonical\" href=\"https:\/\/yaomarket.cl\/?product=acetyl-l-carnitina-500mg-60-capsulas\" \/>\n<meta property=\"og:locale\" content=\"es_ES\" \/>\n<meta property=\"og:type\" content=\"article\" \/>\n<meta property=\"og:title\" content=\"Acetyl L-Carnitina 500mg 60 c\u00e1psulas - YAOMARKET\" \/>\n<meta property=\"og:description\" content=\"Acetyl L-Carnitina 500mg 60 c\u00e1psulas   Optimizaci\u00f3n en la funci\u00f3n cognitiva incluyendo una mejor memoria, atenci\u00f3n y estado de \u00e1nimo  Nivel del Sistema Nervioso Central, actuando en patolog\u00edas como la depresi\u00f3n, en la cual podr\u00eda mejorar sus s\u00edntomas  Formato: C\u00e1psulas  Contenido: 60 c\u00e1psulas  Porciones: 60  Modo de uso: Consumir 1 c\u00e1psula al d\u00eda o lo prescrito por tu nutricionista.\" \/>\n<meta property=\"og:url\" content=\"https:\/\/yaomarket.cl\/?product=acetyl-l-carnitina-500mg-60-capsulas\" \/>\n<meta property=\"og:site_name\" content=\"YAOMARKET\" \/>\n<meta property=\"article:publisher\" content=\"https:\/\/www.facebook.com\/yaomarketchile\/\" \/>\n<meta property=\"article:modified_time\" content=\"2025-04-25T04:31:00+00:00\" \/>\n<meta property=\"og:image\" content=\"https:\/\/yaomarket.cl\/wp-content\/uploads\/2025\/02\/Acetyl_600px.jpg\" \/>\n\t<meta property=\"og:image:width\" content=\"600\" \/>\n\t<meta property=\"og:image:height\" content=\"600\" \/>\n\t<meta property=\"og:image:type\" content=\"image\/jpeg\" \/>\n<meta name=\"twitter:card\" content=\"summary_large_image\" \/>\n<meta name=\"twitter:label1\" content=\"Tiempo de lectura\" \/>\n\t<meta name=\"twitter:data1\" content=\"2 minutos\" \/>\n<script type=\"application\/ld+json\" class=\"yoast-schema-graph\">{\"@context\":\"https:\/\/schema.org\",\"@graph\":[{\"@type\":\"WebPage\",\"@id\":\"https:\/\/yaomarket.cl\/?product=acetyl-l-carnitina-500mg-60-capsulas\",\"url\":\"https:\/\/yaomarket.cl\/?product=acetyl-l-carnitina-500mg-60-capsulas\",\"name\":\"Acetyl L-Carnitina 500mg 60 c\u00e1psulas - YAOMARKET\",\"isPartOf\":{\"@id\":\"https:\/\/yaomarket.cl\/#website\"},\"primaryImageOfPage\":{\"@id\":\"https:\/\/yaomarket.cl\/?product=acetyl-l-carnitina-500mg-60-capsulas#primaryimage\"},\"image\":{\"@id\":\"https:\/\/yaomarket.cl\/?product=acetyl-l-carnitina-500mg-60-capsulas#primaryimage\"},\"thumbnailUrl\":\"https:\/\/yaomarket.cl\/wp-content\/uploads\/2025\/02\/Acetyl_600px.jpg\",\"datePublished\":\"2025-02-25T14:35:39+00:00\",\"dateModified\":\"2025-04-25T04:31:00+00:00\",\"breadcrumb\":{\"@id\":\"https:\/\/yaomarket.cl\/?product=acetyl-l-carnitina-500mg-60-capsulas#breadcrumb\"},\"inLanguage\":\"es\",\"potentialAction\":[{\"@type\":\"ReadAction\",\"target\":[\"https:\/\/yaomarket.cl\/?product=acetyl-l-carnitina-500mg-60-capsulas\"]}]},{\"@type\":\"ImageObject\",\"inLanguage\":\"es\",\"@id\":\"https:\/\/yaomarket.cl\/?product=acetyl-l-carnitina-500mg-60-capsulas#primaryimage\",\"url\":\"https:\/\/yaomarket.cl\/wp-content\/uploads\/2025\/02\/Acetyl_600px.jpg\",\"contentUrl\":\"https:\/\/yaomarket.cl\/wp-content\/uploads\/2025\/02\/Acetyl_600px.jpg\",\"width\":600,\"height\":600},{\"@type\":\"BreadcrumbList\",\"@id\":\"https:\/\/yaomarket.cl\/?product=acetyl-l-carnitina-500mg-60-capsulas#breadcrumb\",\"itemListElement\":[{\"@type\":\"ListItem\",\"position\":1,\"name\":\"Portada\",\"item\":\"https:\/\/yaomarket.cl\/\"},{\"@type\":\"ListItem\",\"position\":2,\"name\":\"TIENDA\",\"item\":\"https:\/\/yaomarket.cl\/?page_id=8\"},{\"@type\":\"ListItem\",\"position\":3,\"name\":\"Acetyl L-Carnitina 500mg 60 c\u00e1psulas\"}]},{\"@type\":\"WebSite\",\"@id\":\"https:\/\/yaomarket.cl\/#website\",\"url\":\"https:\/\/yaomarket.cl\/\",\"name\":\"YAOMARKET\",\"description\":\"\",\"publisher\":{\"@id\":\"https:\/\/yaomarket.cl\/#organization\"},\"potentialAction\":[{\"@type\":\"SearchAction\",\"target\":{\"@type\":\"EntryPoint\",\"urlTemplate\":\"https:\/\/yaomarket.cl\/?s={search_term_string}\"},\"query-input\":{\"@type\":\"PropertyValueSpecification\",\"valueRequired\":true,\"valueName\":\"search_term_string\"}}],\"inLanguage\":\"es\"},{\"@type\":\"Organization\",\"@id\":\"https:\/\/yaomarket.cl\/#organization\",\"name\":\"YAOMARKET\",\"url\":\"https:\/\/yaomarket.cl\/\",\"logo\":{\"@type\":\"ImageObject\",\"inLanguage\":\"es\",\"@id\":\"https:\/\/yaomarket.cl\/#\/schema\/logo\/image\/\",\"url\":\"https:\/\/yaomarket.cl\/wp-content\/uploads\/2023\/08\/Logo-Original-Yao-Market-Circular.png\",\"contentUrl\":\"https:\/\/yaomarket.cl\/wp-content\/uploads\/2023\/08\/Logo-Original-Yao-Market-Circular.png\",\"width\":522,\"height\":522,\"caption\":\"YAOMARKET\"},\"image\":{\"@id\":\"https:\/\/yaomarket.cl\/#\/schema\/logo\/image\/\"},\"sameAs\":[\"https:\/\/www.facebook.com\/yaomarketchile\/\",\"https:\/\/www.instagram.com\/yao_market\/\"]}]}<\/script>\n<!-- \/ Yoast SEO plugin. -->","yoast_head_json":{"title":"Acetyl L-Carnitina 500mg 60 c\u00e1psulas - YAOMARKET","robots":{"index":"index","follow":"follow","max-snippet":"max-snippet:-1","max-image-preview":"max-image-preview:large","max-video-preview":"max-video-preview:-1"},"canonical":"https:\/\/yaomarket.cl\/?product=acetyl-l-carnitina-500mg-60-capsulas","og_locale":"es_ES","og_type":"article","og_title":"Acetyl L-Carnitina 500mg 60 c\u00e1psulas - YAOMARKET","og_description":"Acetyl L-Carnitina 500mg 60 c\u00e1psulas   Optimizaci\u00f3n en la funci\u00f3n cognitiva incluyendo una mejor memoria, atenci\u00f3n y estado de \u00e1nimo  Nivel del Sistema Nervioso Central, actuando en patolog\u00edas como la depresi\u00f3n, en la cual podr\u00eda mejorar sus s\u00edntomas  Formato: C\u00e1psulas  Contenido: 60 c\u00e1psulas  Porciones: 60  Modo de uso: Consumir 1 c\u00e1psula al d\u00eda o lo prescrito por tu nutricionista.","og_url":"https:\/\/yaomarket.cl\/?product=acetyl-l-carnitina-500mg-60-capsulas","og_site_name":"YAOMARKET","article_publisher":"https:\/\/www.facebook.com\/yaomarketchile\/","article_modified_time":"2025-04-25T04:31:00+00:00","og_image":[{"width":600,"height":600,"url":"https:\/\/yaomarket.cl\/wp-content\/uploads\/2025\/02\/Acetyl_600px.jpg","type":"image\/jpeg"}],"twitter_card":"summary_large_image","twitter_misc":{"Tiempo de lectura":"2 minutos"},"schema":{"@context":"https:\/\/schema.org","@graph":[{"@type":"WebPage","@id":"https:\/\/yaomarket.cl\/?product=acetyl-l-carnitina-500mg-60-capsulas","url":"https:\/\/yaomarket.cl\/?product=acetyl-l-carnitina-500mg-60-capsulas","name":"Acetyl L-Carnitina 500mg 60 c\u00e1psulas - YAOMARKET","isPartOf":{"@id":"https:\/\/yaomarket.cl\/#website"},"primaryImageOfPage":{"@id":"https:\/\/yaomarket.cl\/?product=acetyl-l-carnitina-500mg-60-capsulas#primaryimage"},"image":{"@id":"https:\/\/yaomarket.cl\/?product=acetyl-l-carnitina-500mg-60-capsulas#primaryimage"},"thumbnailUrl":"https:\/\/yaomarket.cl\/wp-content\/uploads\/2025\/02\/Acetyl_600px.jpg","datePublished":"2025-02-25T14:35:39+00:00","dateModified":"2025-04-25T04:31:00+00:00","breadcrumb":{"@id":"https:\/\/yaomarket.cl\/?product=acetyl-l-carnitina-500mg-60-capsulas#breadcrumb"},"inLanguage":"es","potentialAction":[{"@type":"ReadAction","target":["https:\/\/yaomarket.cl\/?product=acetyl-l-carnitina-500mg-60-capsulas"]}]},{"@type":"ImageObject","inLanguage":"es","@id":"https:\/\/yaomarket.cl\/?product=acetyl-l-carnitina-500mg-60-capsulas#primaryimage","url":"https:\/\/yaomarket.cl\/wp-content\/uploads\/2025\/02\/Acetyl_600px.jpg","contentUrl":"https:\/\/yaomarket.cl\/wp-content\/uploads\/2025\/02\/Acetyl_600px.jpg","width":600,"height":600},{"@type":"BreadcrumbList","@id":"https:\/\/yaomarket.cl\/?product=acetyl-l-carnitina-500mg-60-capsulas#breadcrumb","itemListElement":[{"@type":"ListItem","position":1,"name":"Portada","item":"https:\/\/yaomarket.cl\/"},{"@type":"ListItem","position":2,"name":"TIENDA","item":"https:\/\/yaomarket.cl\/?page_id=8"},{"@type":"ListItem","position":3,"name":"Acetyl L-Carnitina 500mg 60 c\u00e1psulas"}]},{"@type":"WebSite","@id":"https:\/\/yaomarket.cl\/#website","url":"https:\/\/yaomarket.cl\/","name":"YAOMARKET","description":"","publisher":{"@id":"https:\/\/yaomarket.cl\/#organization"},"potentialAction":[{"@type":"SearchAction","target":{"@type":"EntryPoint","urlTemplate":"https:\/\/yaomarket.cl\/?s={search_term_string}"},"query-input":{"@type":"PropertyValueSpecification","valueRequired":true,"valueName":"search_term_string"}}],"inLanguage":"es"},{"@type":"Organization","@id":"https:\/\/yaomarket.cl\/#organization","name":"YAOMARKET","url":"https:\/\/yaomarket.cl\/","logo":{"@type":"ImageObject","inLanguage":"es","@id":"https:\/\/yaomarket.cl\/#\/schema\/logo\/image\/","url":"https:\/\/yaomarket.cl\/wp-content\/uploads\/2023\/08\/Logo-Original-Yao-Market-Circular.png","contentUrl":"https:\/\/yaomarket.cl\/wp-content\/uploads\/2023\/08\/Logo-Original-Yao-Market-Circular.png","width":522,"height":522,"caption":"YAOMARKET"},"image":{"@id":"https:\/\/yaomarket.cl\/#\/schema\/logo\/image\/"},"sameAs":["https:\/\/www.facebook.com\/yaomarketchile\/","https:\/\/www.instagram.com\/yao_market\/"]}]}},"_links":{"self":[{"href":"https:\/\/yaomarket.cl\/index.php?rest_route=\/wp\/v2\/product\/11015","targetHints":{"allow":["GET"]}}],"collection":[{"href":"https:\/\/yaomarket.cl\/index.php?rest_route=\/wp\/v2\/product"}],"about":[{"href":"https:\/\/yaomarket.cl\/index.php?rest_route=\/wp\/v2\/types\/product"}],"wp:featuredmedia":[{"embeddable":true,"href":"https:\/\/yaomarket.cl\/index.php?rest_route=\/wp\/v2\/media\/11016"}],"wp:attachment":[{"href":"https:\/\/yaomarket.cl\/index.php?rest_route=%2Fwp%2Fv2%2Fmedia&parent=11015"}],"wp:term":[{"taxonomy":"product_cat","embeddable":true,"href":"https:\/\/yaomarket.cl\/index.php?rest_route=%2Fwp%2Fv2%2Fproduct_cat&post=11015"},{"taxonomy":"product_tag","embeddable":true,"href":"https:\/\/yaomarket.cl\/index.php?rest_route=%2Fwp%2Fv2%2Fproduct_tag&post=11015"}],"curies":[{"name":"wp","href":"https:\/\/api.w.org\/{rel}","templated":true}]}}