{"id":10974,"date":"2025-02-24T22:42:41","date_gmt":"2025-02-24T22:42:41","guid":{"rendered":"https:\/\/yaomarket.cl\/?post_type=product&#038;p=10974"},"modified":"2025-06-09T20:22:29","modified_gmt":"2025-06-09T20:22:29","slug":"cafeina-emov-250mg-120-capsulas","status":"publish","type":"product","link":"https:\/\/yaomarket.cl\/?product=cafeina-emov-250mg-120-capsulas","title":{"rendered":"Cafe\u00edna EMOV 250mg 120 c\u00e1psulas"},"content":{"rendered":"<h3><span style=\"color: #000000;\">Cafe\u00edna EMOV 250mg 120 c\u00e1psulas<\/span><\/h3>\n<div><span style=\"color: #000000;\">Cafe\u00edna EMOV 250mg 120 c\u00e1psulas es un estimulante, el m\u00e1s seguro y estudiado a nivel mundial. Sus efectos son r\u00e1pidamente perceptibles. La literatura es clara al mencionar que la cafe\u00edna aporta grandes beneficios en el rendimiento deportivo e incluso en el estudio. Sus efectos aumentan el foco de concentraci\u00f3n, lo que permite una mejora significativa de la atenci\u00f3n.<\/span><\/div>\n<div><\/div>\n<div><span style=\"color: #000000;\">Para una dosis como la que presentamos, se necesitan varias tazas de caf\u00e9, es por eso que esta versi\u00f3n anhidra de la cafe\u00edna es mejor, ya que tendr\u00e1s una claridad exacta de la dosis que est\u00e1s consumiendo.<\/span><\/div>\n<div><\/div>\n<div><span style=\"color: #000000;\">A diferencia de otros pre-entrenos \u201cmuy procesados\u201d, la cafe\u00edna NO afectar\u00e1 negativamente tu est\u00f3mago, ni tu coraz\u00f3n.<\/span><\/div>\n<div>\n<p><span style=\"color: #000000;\">Formato: C\u00e1psulas<\/span><\/p>\n<p><span style=\"color: #000000;\">Contenido: 120<\/span><\/p>\n<p><span style=\"color: #000000;\">Porciones: 120<\/span><\/p>\n<\/div>\n<div><span style=\"color: #000000;\">Por la compra de tu CAFE\u00cdNA EMOV, env\u00eda tu comprobante al Instagram de\u00a0@educando.movimiento y recibe un E-BOOK DE REGALO donde te explicamos c\u00f3mo obtener el m\u00e1ximo beneficio de tu suplemento.<\/span><\/div>\n","protected":false},"excerpt":{"rendered":"<ul>\n<li><span style=\"color: #000000;\">Cada c\u00e1psula contiene 250 mg de cafe\u00edna anhidra<\/span><\/li>\n<li><span style=\"color: #000000;\">Estimulante<\/span><\/li>\n<li><span style=\"color: #000000;\">Acelera el metabolismo<\/span><\/li>\n<li><span style=\"color: #000000;\">Mejora los niveles de concentraci\u00f3n<\/span><\/li>\n<\/ul>\n<p><span style=\"color: #000000;\">Formato: C\u00e1psulas<\/span><\/p>\n<p><span style=\"color: #000000;\">Contenido: 120<\/span><\/p>\n<p><span style=\"color: #000000;\">Porciones: 120<\/span><\/p>\n<p><span style=\"color: #000000;\">Modo de uso: Consumir 1 c\u00e1psulas 30 minutos antes del entrenamiento\/deporte o lo recomendado por tu nutricionista.<\/span><\/p>\n","protected":false},"featured_media":10975,"template":"","meta":[],"product_cat":[534,536,724],"product_tag":[],"class_list":{"0":"post-10974","1":"product","2":"type-product","3":"status-publish","4":"has-post-thumbnail","6":"product_cat-deportista","7":"product_cat-energia-y-resistencia","8":"product_cat-pre-entrenamientos","10":"first","11":"instock","12":"shipping-taxable","13":"purchasable","14":"product-type-simple"},"yoast_head":"<!-- This site is optimized with the Yoast SEO plugin v25.2 - https:\/\/yoast.com\/wordpress\/plugins\/seo\/ -->\n<title>Cafe\u00edna EMOV 250mg 120 c\u00e1psulas - YAOMARKET<\/title>\n<meta name=\"robots\" content=\"index, follow, max-snippet:-1, max-image-preview:large, max-video-preview:-1\" \/>\n<link rel=\"canonical\" href=\"https:\/\/yaomarket.cl\/?product=cafeina-emov-250mg-120-capsulas\" \/>\n<meta property=\"og:locale\" content=\"es_ES\" \/>\n<meta property=\"og:type\" content=\"article\" \/>\n<meta property=\"og:title\" content=\"Cafe\u00edna EMOV 250mg 120 c\u00e1psulas - YAOMARKET\" \/>\n<meta property=\"og:description\" content=\"Cada c\u00e1psula contiene 250 mg de cafe\u00edna anhidra  Estimulante  Acelera el metabolismo  Mejora los niveles de concentraci\u00f3n  Formato: C\u00e1psulas  Contenido: 120  Porciones: 120  Modo de uso: Consumir 1 c\u00e1psulas 30 minutos antes del entrenamiento\/deporte o lo recomendado por tu nutricionista.\" \/>\n<meta property=\"og:url\" content=\"https:\/\/yaomarket.cl\/?product=cafeina-emov-250mg-120-capsulas\" \/>\n<meta property=\"og:site_name\" content=\"YAOMARKET\" \/>\n<meta property=\"article:publisher\" content=\"https:\/\/www.facebook.com\/yaomarketchile\/\" \/>\n<meta property=\"article:modified_time\" content=\"2025-06-09T20:22:29+00:00\" \/>\n<meta property=\"og:image\" content=\"https:\/\/yaomarket.cl\/wp-content\/uploads\/2025\/02\/Emov_600px.jpg\" \/>\n\t<meta property=\"og:image:width\" content=\"600\" \/>\n\t<meta property=\"og:image:height\" content=\"600\" \/>\n\t<meta property=\"og:image:type\" content=\"image\/jpeg\" \/>\n<meta name=\"twitter:card\" content=\"summary_large_image\" \/>\n<meta name=\"twitter:label1\" content=\"Tiempo de lectura\" \/>\n\t<meta name=\"twitter:data1\" content=\"1 minuto\" \/>\n<script type=\"application\/ld+json\" class=\"yoast-schema-graph\">{\"@context\":\"https:\/\/schema.org\",\"@graph\":[{\"@type\":\"WebPage\",\"@id\":\"https:\/\/yaomarket.cl\/?product=cafeina-emov-250mg-120-capsulas\",\"url\":\"https:\/\/yaomarket.cl\/?product=cafeina-emov-250mg-120-capsulas\",\"name\":\"Cafe\u00edna EMOV 250mg 120 c\u00e1psulas - YAOMARKET\",\"isPartOf\":{\"@id\":\"https:\/\/yaomarket.cl\/#website\"},\"primaryImageOfPage\":{\"@id\":\"https:\/\/yaomarket.cl\/?product=cafeina-emov-250mg-120-capsulas#primaryimage\"},\"image\":{\"@id\":\"https:\/\/yaomarket.cl\/?product=cafeina-emov-250mg-120-capsulas#primaryimage\"},\"thumbnailUrl\":\"https:\/\/yaomarket.cl\/wp-content\/uploads\/2025\/02\/Emov_600px.jpg\",\"datePublished\":\"2025-02-24T22:42:41+00:00\",\"dateModified\":\"2025-06-09T20:22:29+00:00\",\"breadcrumb\":{\"@id\":\"https:\/\/yaomarket.cl\/?product=cafeina-emov-250mg-120-capsulas#breadcrumb\"},\"inLanguage\":\"es\",\"potentialAction\":[{\"@type\":\"ReadAction\",\"target\":[\"https:\/\/yaomarket.cl\/?product=cafeina-emov-250mg-120-capsulas\"]}]},{\"@type\":\"ImageObject\",\"inLanguage\":\"es\",\"@id\":\"https:\/\/yaomarket.cl\/?product=cafeina-emov-250mg-120-capsulas#primaryimage\",\"url\":\"https:\/\/yaomarket.cl\/wp-content\/uploads\/2025\/02\/Emov_600px.jpg\",\"contentUrl\":\"https:\/\/yaomarket.cl\/wp-content\/uploads\/2025\/02\/Emov_600px.jpg\",\"width\":600,\"height\":600},{\"@type\":\"BreadcrumbList\",\"@id\":\"https:\/\/yaomarket.cl\/?product=cafeina-emov-250mg-120-capsulas#breadcrumb\",\"itemListElement\":[{\"@type\":\"ListItem\",\"position\":1,\"name\":\"Portada\",\"item\":\"https:\/\/yaomarket.cl\/\"},{\"@type\":\"ListItem\",\"position\":2,\"name\":\"TIENDA\",\"item\":\"https:\/\/yaomarket.cl\/?page_id=8\"},{\"@type\":\"ListItem\",\"position\":3,\"name\":\"Cafe\u00edna EMOV 250mg 120 c\u00e1psulas\"}]},{\"@type\":\"WebSite\",\"@id\":\"https:\/\/yaomarket.cl\/#website\",\"url\":\"https:\/\/yaomarket.cl\/\",\"name\":\"YAOMARKET\",\"description\":\"\",\"publisher\":{\"@id\":\"https:\/\/yaomarket.cl\/#organization\"},\"potentialAction\":[{\"@type\":\"SearchAction\",\"target\":{\"@type\":\"EntryPoint\",\"urlTemplate\":\"https:\/\/yaomarket.cl\/?s={search_term_string}\"},\"query-input\":{\"@type\":\"PropertyValueSpecification\",\"valueRequired\":true,\"valueName\":\"search_term_string\"}}],\"inLanguage\":\"es\"},{\"@type\":\"Organization\",\"@id\":\"https:\/\/yaomarket.cl\/#organization\",\"name\":\"YAOMARKET\",\"url\":\"https:\/\/yaomarket.cl\/\",\"logo\":{\"@type\":\"ImageObject\",\"inLanguage\":\"es\",\"@id\":\"https:\/\/yaomarket.cl\/#\/schema\/logo\/image\/\",\"url\":\"https:\/\/yaomarket.cl\/wp-content\/uploads\/2023\/08\/Logo-Original-Yao-Market-Circular.png\",\"contentUrl\":\"https:\/\/yaomarket.cl\/wp-content\/uploads\/2023\/08\/Logo-Original-Yao-Market-Circular.png\",\"width\":522,\"height\":522,\"caption\":\"YAOMARKET\"},\"image\":{\"@id\":\"https:\/\/yaomarket.cl\/#\/schema\/logo\/image\/\"},\"sameAs\":[\"https:\/\/www.facebook.com\/yaomarketchile\/\",\"https:\/\/www.instagram.com\/yao_market\/\"]}]}<\/script>\n<!-- \/ Yoast SEO plugin. -->","yoast_head_json":{"title":"Cafe\u00edna EMOV 250mg 120 c\u00e1psulas - YAOMARKET","robots":{"index":"index","follow":"follow","max-snippet":"max-snippet:-1","max-image-preview":"max-image-preview:large","max-video-preview":"max-video-preview:-1"},"canonical":"https:\/\/yaomarket.cl\/?product=cafeina-emov-250mg-120-capsulas","og_locale":"es_ES","og_type":"article","og_title":"Cafe\u00edna EMOV 250mg 120 c\u00e1psulas - YAOMARKET","og_description":"Cada c\u00e1psula contiene 250 mg de cafe\u00edna anhidra  Estimulante  Acelera el metabolismo  Mejora los niveles de concentraci\u00f3n  Formato: C\u00e1psulas  Contenido: 120  Porciones: 120  Modo de uso: Consumir 1 c\u00e1psulas 30 minutos antes del entrenamiento\/deporte o lo recomendado por tu nutricionista.","og_url":"https:\/\/yaomarket.cl\/?product=cafeina-emov-250mg-120-capsulas","og_site_name":"YAOMARKET","article_publisher":"https:\/\/www.facebook.com\/yaomarketchile\/","article_modified_time":"2025-06-09T20:22:29+00:00","og_image":[{"width":600,"height":600,"url":"https:\/\/yaomarket.cl\/wp-content\/uploads\/2025\/02\/Emov_600px.jpg","type":"image\/jpeg"}],"twitter_card":"summary_large_image","twitter_misc":{"Tiempo de lectura":"1 minuto"},"schema":{"@context":"https:\/\/schema.org","@graph":[{"@type":"WebPage","@id":"https:\/\/yaomarket.cl\/?product=cafeina-emov-250mg-120-capsulas","url":"https:\/\/yaomarket.cl\/?product=cafeina-emov-250mg-120-capsulas","name":"Cafe\u00edna EMOV 250mg 120 c\u00e1psulas - YAOMARKET","isPartOf":{"@id":"https:\/\/yaomarket.cl\/#website"},"primaryImageOfPage":{"@id":"https:\/\/yaomarket.cl\/?product=cafeina-emov-250mg-120-capsulas#primaryimage"},"image":{"@id":"https:\/\/yaomarket.cl\/?product=cafeina-emov-250mg-120-capsulas#primaryimage"},"thumbnailUrl":"https:\/\/yaomarket.cl\/wp-content\/uploads\/2025\/02\/Emov_600px.jpg","datePublished":"2025-02-24T22:42:41+00:00","dateModified":"2025-06-09T20:22:29+00:00","breadcrumb":{"@id":"https:\/\/yaomarket.cl\/?product=cafeina-emov-250mg-120-capsulas#breadcrumb"},"inLanguage":"es","potentialAction":[{"@type":"ReadAction","target":["https:\/\/yaomarket.cl\/?product=cafeina-emov-250mg-120-capsulas"]}]},{"@type":"ImageObject","inLanguage":"es","@id":"https:\/\/yaomarket.cl\/?product=cafeina-emov-250mg-120-capsulas#primaryimage","url":"https:\/\/yaomarket.cl\/wp-content\/uploads\/2025\/02\/Emov_600px.jpg","contentUrl":"https:\/\/yaomarket.cl\/wp-content\/uploads\/2025\/02\/Emov_600px.jpg","width":600,"height":600},{"@type":"BreadcrumbList","@id":"https:\/\/yaomarket.cl\/?product=cafeina-emov-250mg-120-capsulas#breadcrumb","itemListElement":[{"@type":"ListItem","position":1,"name":"Portada","item":"https:\/\/yaomarket.cl\/"},{"@type":"ListItem","position":2,"name":"TIENDA","item":"https:\/\/yaomarket.cl\/?page_id=8"},{"@type":"ListItem","position":3,"name":"Cafe\u00edna EMOV 250mg 120 c\u00e1psulas"}]},{"@type":"WebSite","@id":"https:\/\/yaomarket.cl\/#website","url":"https:\/\/yaomarket.cl\/","name":"YAOMARKET","description":"","publisher":{"@id":"https:\/\/yaomarket.cl\/#organization"},"potentialAction":[{"@type":"SearchAction","target":{"@type":"EntryPoint","urlTemplate":"https:\/\/yaomarket.cl\/?s={search_term_string}"},"query-input":{"@type":"PropertyValueSpecification","valueRequired":true,"valueName":"search_term_string"}}],"inLanguage":"es"},{"@type":"Organization","@id":"https:\/\/yaomarket.cl\/#organization","name":"YAOMARKET","url":"https:\/\/yaomarket.cl\/","logo":{"@type":"ImageObject","inLanguage":"es","@id":"https:\/\/yaomarket.cl\/#\/schema\/logo\/image\/","url":"https:\/\/yaomarket.cl\/wp-content\/uploads\/2023\/08\/Logo-Original-Yao-Market-Circular.png","contentUrl":"https:\/\/yaomarket.cl\/wp-content\/uploads\/2023\/08\/Logo-Original-Yao-Market-Circular.png","width":522,"height":522,"caption":"YAOMARKET"},"image":{"@id":"https:\/\/yaomarket.cl\/#\/schema\/logo\/image\/"},"sameAs":["https:\/\/www.facebook.com\/yaomarketchile\/","https:\/\/www.instagram.com\/yao_market\/"]}]}},"_links":{"self":[{"href":"https:\/\/yaomarket.cl\/index.php?rest_route=\/wp\/v2\/product\/10974","targetHints":{"allow":["GET"]}}],"collection":[{"href":"https:\/\/yaomarket.cl\/index.php?rest_route=\/wp\/v2\/product"}],"about":[{"href":"https:\/\/yaomarket.cl\/index.php?rest_route=\/wp\/v2\/types\/product"}],"wp:featuredmedia":[{"embeddable":true,"href":"https:\/\/yaomarket.cl\/index.php?rest_route=\/wp\/v2\/media\/10975"}],"wp:attachment":[{"href":"https:\/\/yaomarket.cl\/index.php?rest_route=%2Fwp%2Fv2%2Fmedia&parent=10974"}],"wp:term":[{"taxonomy":"product_cat","embeddable":true,"href":"https:\/\/yaomarket.cl\/index.php?rest_route=%2Fwp%2Fv2%2Fproduct_cat&post=10974"},{"taxonomy":"product_tag","embeddable":true,"href":"https:\/\/yaomarket.cl\/index.php?rest_route=%2Fwp%2Fv2%2Fproduct_tag&post=10974"}],"curies":[{"name":"wp","href":"https:\/\/api.w.org\/{rel}","templated":true}]}}