{"id":10971,"date":"2025-02-24T22:40:02","date_gmt":"2025-02-24T22:40:02","guid":{"rendered":"https:\/\/yaomarket.cl\/?post_type=product&#038;p=10971"},"modified":"2025-06-09T21:38:44","modified_gmt":"2025-06-09T21:38:44","slug":"cafe-energizante-coffit-300-grs","status":"publish","type":"product","link":"https:\/\/yaomarket.cl\/?product=cafe-energizante-coffit-300-grs","title":{"rendered":"Caf\u00e9 Energizante Coffit 300 grs."},"content":{"rendered":"<p><span style=\"color: #000000;\"><strong>Coffit: El Caf\u00e9 energizante de Revitta Wellness<\/strong><\/span><\/p>\n<p><span style=\"color: #000000;\">El nuevo Caf\u00e9 energizante Coffit de Revitta Wellness, es un Caf\u00e9 formulado especialmente para generar la mayor energ\u00eda en el diario vivir. Posee super alimentos en su composici\u00f3n con muchas propiedades energizantes y antioxidantes tales como: Caf\u00e9, Cacao, Cafe\u00edna, T\u00e9 Matcha, T\u00e9 Verde, Canela y Jengibre.<\/span><\/p>\n<p><span style=\"color: #000000;\"><strong>Nutrientes presentes en Coffit<\/strong><\/span><\/p>\n<p><span style=\"color: #000000;\">El Caf\u00e9 100% ar\u00e1bico de Coffit, es un caf\u00e9 que posee Leche de Coco en su composici\u00f3n. la Leche de Coco posee vitaminas y minerales beneficiosas para la salud. Adem\u00e1s, no posee lactosa, por lo que pueden consumirlo personas intolerantes a la lactosa. Tambi\u00e9n pueden consumirlo veganos, ya que no posee leche de origen animal.<\/span><\/p>\n<p><span style=\"color: #000000;\">El Cacao es otro de los ingredientes presentes en Coffit, \u00e9ste posee propiedades energizantes y antioxidantes. Igualmente reduce los niveles de insulina en sangre y tiene un efecto protector cardiovascular.<\/span><\/p>\n<p><span style=\"color: #000000;\">Coffit adem\u00e1s de poseer Caf\u00e9 100 % ar\u00e1bico en su composici\u00f3n, contiene Cafe\u00edna Anhidra con un aporte de 100 mg por porci\u00f3n. La Cafe\u00edna aporta propiedades ergog\u00e9nicas, act\u00faa como un estimulante del Sistema Nervioso Central, posee un efecto lipol\u00edtico y genera un retraso en la sensaci\u00f3n de fatiga muscular.<\/span><\/p>\n<p><span style=\"color: #000000;\">El T\u00e9 Matcha es otro de los super alimentos presentes en Coffit. El T\u00e9 Matcha posee un buen aporte de vitaminas y minerales con efectos ben\u00e9ficos para la salud, adem\u00e1s posee un gran efecto antioxidante. Tambi\u00e9n reduce el riesgo cardiovascular, ayuda a mejorar habilidades cognitivas como la concentraci\u00f3n y podr\u00eda ayudar a mejorar los niveles de colesterol sangu\u00edneo.<\/span><\/p>\n<p><span style=\"color: #000000;\">Tambi\u00e9n posee T\u00e9 verde en su composici\u00f3n. \u00e9ste compuesto tiene caracter\u00edsticas similares al T\u00e9 Matcha, por lo que su presencia en Coffit, ayudar\u00e1 a incrementar los beneficios en la salud como el efecto antioxidante y la reducci\u00f3n del riesgo cardiovascular.<\/span><\/p>\n<p><span style=\"color: #000000;\">La Canela tambi\u00e9n est\u00e1 presente en Coffit. Este super alimento, adem\u00e1s de entregar un aroma y sabor muy agradable, tiene beneficios para la salud tales como; Podr\u00eda ayudar a mejorar diabetes o resistencia a la insulina gracias a que ayudar\u00eda a reducir los niveles de glucosa en sangre. Tambi\u00e9n podr\u00eda ayudar a mejorar el perfil lip\u00eddico y reducir los niveles de presi\u00f3n arterial. Todas estas propiedades, podr\u00edan generar una reducci\u00f3n del riesgo cardiovascular.<\/span><\/p>\n<p><span style=\"color: #000000;\">Coffit tiene jengibre dentro de sus ingredientes, este alimento tiene efecto antioxidante. Sumado a que produce beneficios en el sistema digestivo, respiratorio, es un antiinflamatorio y podr\u00eda ayudar a reducir los niveles de glucosa y colesterol sangu\u00edneos.<\/span><\/p>\n<p><span style=\"color: #000000;\">El Caf\u00e9 energizante Coffit de Revitta Wellness adem\u00e1s de aumentar los niveles de energ\u00eda, tiene muchos beneficios para la salud gracias a todos los nutrientes y superalimentos presentes en su composici\u00f3n.<\/span><\/p>\n<p><span style=\"color: #000000;\">Tomar Coffit por las ma\u00f1anas, previo a hacer ejercicio, estudiar o ir a trabajar, es una muy buena alternativa para partir el d\u00eda con la mejor energ\u00eda y un gran aporte de nutrientes y antioxidantes.<\/span><\/p>\n","protected":false},"excerpt":{"rendered":"<p><strong><span style=\"color: #000000;\">Caf\u00e9 energizante Coffit 300 grs. 30 servicios contiene:<\/span><\/strong><\/p>\n<ul>\n<li><span style=\"color: #000000;\">100% caf\u00e9 ar\u00e1bico<\/span><\/li>\n<li><span style=\"color: #000000;\">100mg cafe\u00edna = 1 scoop<\/span><\/li>\n<li><span style=\"color: #000000;\">Bebida de coco<\/span><\/li>\n<li><span style=\"color: #000000;\">T\u00e9 matcha<\/span><\/li>\n<li><span style=\"color: #000000;\">Canela<\/span><\/li>\n<li><span style=\"color: #000000;\">C\u00farcuma<\/span><\/li>\n<li><span style=\"color: #000000;\">Cacao natural<\/span><\/li>\n<li><span style=\"color: #000000;\">T\u00e9 verde<\/span><\/li>\n<li><span style=\"color: #000000;\">Jengibre<\/span><\/li>\n<\/ul>\n<p><span style=\"color: #000000;\">Formato: Polvo<\/span><\/p>\n<p><span style=\"color: #000000;\">Porciones: 30<\/span><\/p>\n<p><span style=\"color: #000000;\">Modo de uso: Mezclar 1 medida dosificadora (10 grs.) en una taza con agua caliente y revolver hasta que el producto se disuelva completamente.<\/span><\/p>\n","protected":false},"featured_media":10972,"template":"","meta":[],"product_cat":[534,536,726],"product_tag":[],"class_list":{"0":"post-10971","1":"product","2":"type-product","3":"status-publish","4":"has-post-thumbnail","6":"product_cat-deportista","7":"product_cat-energia-y-resistencia","8":"product_cat-super-alimentos","10":"first","11":"instock","12":"shipping-taxable","13":"purchasable","14":"product-type-simple"},"yoast_head":"<!-- This site is optimized with the Yoast SEO plugin v25.2 - https:\/\/yoast.com\/wordpress\/plugins\/seo\/ -->\n<title>Caf\u00e9 Energizante Coffit 300 grs. - YAOMARKET<\/title>\n<meta name=\"robots\" content=\"index, follow, max-snippet:-1, max-image-preview:large, max-video-preview:-1\" \/>\n<link rel=\"canonical\" href=\"https:\/\/yaomarket.cl\/?product=cafe-energizante-coffit-300-grs\" \/>\n<meta property=\"og:locale\" content=\"es_ES\" \/>\n<meta property=\"og:type\" content=\"article\" \/>\n<meta property=\"og:title\" content=\"Caf\u00e9 Energizante Coffit 300 grs. - YAOMARKET\" \/>\n<meta property=\"og:description\" content=\"Caf\u00e9 energizante Coffit 300 grs. 30 servicios contiene:   100% caf\u00e9 ar\u00e1bico  100mg cafe\u00edna = 1 scoop  Bebida de coco  T\u00e9 matcha  Canela  C\u00farcuma  Cacao natural  T\u00e9 verde  Jengibre  Formato: Polvo  Porciones: 30  Modo de uso: Mezclar 1 medida dosificadora (10 grs.) en una taza con agua caliente y revolver hasta que el producto se disuelva completamente.\" \/>\n<meta property=\"og:url\" content=\"https:\/\/yaomarket.cl\/?product=cafe-energizante-coffit-300-grs\" \/>\n<meta property=\"og:site_name\" content=\"YAOMARKET\" \/>\n<meta property=\"article:publisher\" content=\"https:\/\/www.facebook.com\/yaomarketchile\/\" \/>\n<meta property=\"article:modified_time\" content=\"2025-06-09T21:38:44+00:00\" \/>\n<meta property=\"og:image\" content=\"https:\/\/yaomarket.cl\/wp-content\/uploads\/2025\/02\/Coffit_600px.jpg\" \/>\n\t<meta property=\"og:image:width\" content=\"600\" \/>\n\t<meta property=\"og:image:height\" content=\"600\" \/>\n\t<meta property=\"og:image:type\" content=\"image\/jpeg\" \/>\n<meta name=\"twitter:card\" content=\"summary_large_image\" \/>\n<meta name=\"twitter:label1\" content=\"Tiempo de lectura\" \/>\n\t<meta name=\"twitter:data1\" content=\"3 minutos\" \/>\n<script type=\"application\/ld+json\" class=\"yoast-schema-graph\">{\"@context\":\"https:\/\/schema.org\",\"@graph\":[{\"@type\":\"WebPage\",\"@id\":\"https:\/\/yaomarket.cl\/?product=cafe-energizante-coffit-300-grs\",\"url\":\"https:\/\/yaomarket.cl\/?product=cafe-energizante-coffit-300-grs\",\"name\":\"Caf\u00e9 Energizante Coffit 300 grs. - YAOMARKET\",\"isPartOf\":{\"@id\":\"https:\/\/yaomarket.cl\/#website\"},\"primaryImageOfPage\":{\"@id\":\"https:\/\/yaomarket.cl\/?product=cafe-energizante-coffit-300-grs#primaryimage\"},\"image\":{\"@id\":\"https:\/\/yaomarket.cl\/?product=cafe-energizante-coffit-300-grs#primaryimage\"},\"thumbnailUrl\":\"https:\/\/yaomarket.cl\/wp-content\/uploads\/2025\/02\/Coffit_600px.jpg\",\"datePublished\":\"2025-02-24T22:40:02+00:00\",\"dateModified\":\"2025-06-09T21:38:44+00:00\",\"breadcrumb\":{\"@id\":\"https:\/\/yaomarket.cl\/?product=cafe-energizante-coffit-300-grs#breadcrumb\"},\"inLanguage\":\"es\",\"potentialAction\":[{\"@type\":\"ReadAction\",\"target\":[\"https:\/\/yaomarket.cl\/?product=cafe-energizante-coffit-300-grs\"]}]},{\"@type\":\"ImageObject\",\"inLanguage\":\"es\",\"@id\":\"https:\/\/yaomarket.cl\/?product=cafe-energizante-coffit-300-grs#primaryimage\",\"url\":\"https:\/\/yaomarket.cl\/wp-content\/uploads\/2025\/02\/Coffit_600px.jpg\",\"contentUrl\":\"https:\/\/yaomarket.cl\/wp-content\/uploads\/2025\/02\/Coffit_600px.jpg\",\"width\":600,\"height\":600},{\"@type\":\"BreadcrumbList\",\"@id\":\"https:\/\/yaomarket.cl\/?product=cafe-energizante-coffit-300-grs#breadcrumb\",\"itemListElement\":[{\"@type\":\"ListItem\",\"position\":1,\"name\":\"Portada\",\"item\":\"https:\/\/yaomarket.cl\/\"},{\"@type\":\"ListItem\",\"position\":2,\"name\":\"TIENDA\",\"item\":\"https:\/\/yaomarket.cl\/?page_id=8\"},{\"@type\":\"ListItem\",\"position\":3,\"name\":\"Caf\u00e9 Energizante Coffit 300 grs.\"}]},{\"@type\":\"WebSite\",\"@id\":\"https:\/\/yaomarket.cl\/#website\",\"url\":\"https:\/\/yaomarket.cl\/\",\"name\":\"YAOMARKET\",\"description\":\"\",\"publisher\":{\"@id\":\"https:\/\/yaomarket.cl\/#organization\"},\"potentialAction\":[{\"@type\":\"SearchAction\",\"target\":{\"@type\":\"EntryPoint\",\"urlTemplate\":\"https:\/\/yaomarket.cl\/?s={search_term_string}\"},\"query-input\":{\"@type\":\"PropertyValueSpecification\",\"valueRequired\":true,\"valueName\":\"search_term_string\"}}],\"inLanguage\":\"es\"},{\"@type\":\"Organization\",\"@id\":\"https:\/\/yaomarket.cl\/#organization\",\"name\":\"YAOMARKET\",\"url\":\"https:\/\/yaomarket.cl\/\",\"logo\":{\"@type\":\"ImageObject\",\"inLanguage\":\"es\",\"@id\":\"https:\/\/yaomarket.cl\/#\/schema\/logo\/image\/\",\"url\":\"https:\/\/yaomarket.cl\/wp-content\/uploads\/2023\/08\/Logo-Original-Yao-Market-Circular.png\",\"contentUrl\":\"https:\/\/yaomarket.cl\/wp-content\/uploads\/2023\/08\/Logo-Original-Yao-Market-Circular.png\",\"width\":522,\"height\":522,\"caption\":\"YAOMARKET\"},\"image\":{\"@id\":\"https:\/\/yaomarket.cl\/#\/schema\/logo\/image\/\"},\"sameAs\":[\"https:\/\/www.facebook.com\/yaomarketchile\/\",\"https:\/\/www.instagram.com\/yao_market\/\"]}]}<\/script>\n<!-- \/ Yoast SEO plugin. -->","yoast_head_json":{"title":"Caf\u00e9 Energizante Coffit 300 grs. - YAOMARKET","robots":{"index":"index","follow":"follow","max-snippet":"max-snippet:-1","max-image-preview":"max-image-preview:large","max-video-preview":"max-video-preview:-1"},"canonical":"https:\/\/yaomarket.cl\/?product=cafe-energizante-coffit-300-grs","og_locale":"es_ES","og_type":"article","og_title":"Caf\u00e9 Energizante Coffit 300 grs. - YAOMARKET","og_description":"Caf\u00e9 energizante Coffit 300 grs. 30 servicios contiene:   100% caf\u00e9 ar\u00e1bico  100mg cafe\u00edna = 1 scoop  Bebida de coco  T\u00e9 matcha  Canela  C\u00farcuma  Cacao natural  T\u00e9 verde  Jengibre  Formato: Polvo  Porciones: 30  Modo de uso: Mezclar 1 medida dosificadora (10 grs.) en una taza con agua caliente y revolver hasta que el producto se disuelva completamente.","og_url":"https:\/\/yaomarket.cl\/?product=cafe-energizante-coffit-300-grs","og_site_name":"YAOMARKET","article_publisher":"https:\/\/www.facebook.com\/yaomarketchile\/","article_modified_time":"2025-06-09T21:38:44+00:00","og_image":[{"width":600,"height":600,"url":"https:\/\/yaomarket.cl\/wp-content\/uploads\/2025\/02\/Coffit_600px.jpg","type":"image\/jpeg"}],"twitter_card":"summary_large_image","twitter_misc":{"Tiempo de lectura":"3 minutos"},"schema":{"@context":"https:\/\/schema.org","@graph":[{"@type":"WebPage","@id":"https:\/\/yaomarket.cl\/?product=cafe-energizante-coffit-300-grs","url":"https:\/\/yaomarket.cl\/?product=cafe-energizante-coffit-300-grs","name":"Caf\u00e9 Energizante Coffit 300 grs. - YAOMARKET","isPartOf":{"@id":"https:\/\/yaomarket.cl\/#website"},"primaryImageOfPage":{"@id":"https:\/\/yaomarket.cl\/?product=cafe-energizante-coffit-300-grs#primaryimage"},"image":{"@id":"https:\/\/yaomarket.cl\/?product=cafe-energizante-coffit-300-grs#primaryimage"},"thumbnailUrl":"https:\/\/yaomarket.cl\/wp-content\/uploads\/2025\/02\/Coffit_600px.jpg","datePublished":"2025-02-24T22:40:02+00:00","dateModified":"2025-06-09T21:38:44+00:00","breadcrumb":{"@id":"https:\/\/yaomarket.cl\/?product=cafe-energizante-coffit-300-grs#breadcrumb"},"inLanguage":"es","potentialAction":[{"@type":"ReadAction","target":["https:\/\/yaomarket.cl\/?product=cafe-energizante-coffit-300-grs"]}]},{"@type":"ImageObject","inLanguage":"es","@id":"https:\/\/yaomarket.cl\/?product=cafe-energizante-coffit-300-grs#primaryimage","url":"https:\/\/yaomarket.cl\/wp-content\/uploads\/2025\/02\/Coffit_600px.jpg","contentUrl":"https:\/\/yaomarket.cl\/wp-content\/uploads\/2025\/02\/Coffit_600px.jpg","width":600,"height":600},{"@type":"BreadcrumbList","@id":"https:\/\/yaomarket.cl\/?product=cafe-energizante-coffit-300-grs#breadcrumb","itemListElement":[{"@type":"ListItem","position":1,"name":"Portada","item":"https:\/\/yaomarket.cl\/"},{"@type":"ListItem","position":2,"name":"TIENDA","item":"https:\/\/yaomarket.cl\/?page_id=8"},{"@type":"ListItem","position":3,"name":"Caf\u00e9 Energizante Coffit 300 grs."}]},{"@type":"WebSite","@id":"https:\/\/yaomarket.cl\/#website","url":"https:\/\/yaomarket.cl\/","name":"YAOMARKET","description":"","publisher":{"@id":"https:\/\/yaomarket.cl\/#organization"},"potentialAction":[{"@type":"SearchAction","target":{"@type":"EntryPoint","urlTemplate":"https:\/\/yaomarket.cl\/?s={search_term_string}"},"query-input":{"@type":"PropertyValueSpecification","valueRequired":true,"valueName":"search_term_string"}}],"inLanguage":"es"},{"@type":"Organization","@id":"https:\/\/yaomarket.cl\/#organization","name":"YAOMARKET","url":"https:\/\/yaomarket.cl\/","logo":{"@type":"ImageObject","inLanguage":"es","@id":"https:\/\/yaomarket.cl\/#\/schema\/logo\/image\/","url":"https:\/\/yaomarket.cl\/wp-content\/uploads\/2023\/08\/Logo-Original-Yao-Market-Circular.png","contentUrl":"https:\/\/yaomarket.cl\/wp-content\/uploads\/2023\/08\/Logo-Original-Yao-Market-Circular.png","width":522,"height":522,"caption":"YAOMARKET"},"image":{"@id":"https:\/\/yaomarket.cl\/#\/schema\/logo\/image\/"},"sameAs":["https:\/\/www.facebook.com\/yaomarketchile\/","https:\/\/www.instagram.com\/yao_market\/"]}]}},"_links":{"self":[{"href":"https:\/\/yaomarket.cl\/index.php?rest_route=\/wp\/v2\/product\/10971","targetHints":{"allow":["GET"]}}],"collection":[{"href":"https:\/\/yaomarket.cl\/index.php?rest_route=\/wp\/v2\/product"}],"about":[{"href":"https:\/\/yaomarket.cl\/index.php?rest_route=\/wp\/v2\/types\/product"}],"wp:featuredmedia":[{"embeddable":true,"href":"https:\/\/yaomarket.cl\/index.php?rest_route=\/wp\/v2\/media\/10972"}],"wp:attachment":[{"href":"https:\/\/yaomarket.cl\/index.php?rest_route=%2Fwp%2Fv2%2Fmedia&parent=10971"}],"wp:term":[{"taxonomy":"product_cat","embeddable":true,"href":"https:\/\/yaomarket.cl\/index.php?rest_route=%2Fwp%2Fv2%2Fproduct_cat&post=10971"},{"taxonomy":"product_tag","embeddable":true,"href":"https:\/\/yaomarket.cl\/index.php?rest_route=%2Fwp%2Fv2%2Fproduct_tag&post=10971"}],"curies":[{"name":"wp","href":"https:\/\/api.w.org\/{rel}","templated":true}]}}