{"id":10963,"date":"2025-02-24T22:30:19","date_gmt":"2025-02-24T22:30:19","guid":{"rendered":"https:\/\/yaomarket.cl\/?post_type=product&#038;p=10963"},"modified":"2025-04-24T03:28:23","modified_gmt":"2025-04-24T03:28:23","slug":"lipo-kill-man-600-grs-60-servicios","status":"publish","type":"product","link":"https:\/\/yaomarket.cl\/?product=lipo-kill-man-600-grs-60-servicios","title":{"rendered":"Lipo Kill Man 600 grs. 60 servicios"},"content":{"rendered":"<p><span style=\"color: #000000;\">Lipo Kill Man es un potente termog\u00e9nico y activador, su efecto en el Sistema Nervioso Central (SNC) activa mecanismos hormonales que favorecen la liberaci\u00f3n de \u00e1cidos grasos desde sus dep\u00f3sitos para ser utilizados como energ\u00eda durante el ejercicio, teniendo mayor impacto en entrenamientos de predominancia aer\u00f3bica. Al un estimulante del SNC aumenta el estado de alerta y concentraci\u00f3n, lo que ayuda a enfocarnos mejor en la actividad f\u00edsica que estamos desarrollando.<\/span><\/p>\n<p><span style=\"color: #000000;\">Por su contenido de cafe\u00edna, extracto de t\u00e9 verde y otros elementos estimulantes, mejora la capacidad de ejecuci\u00f3n y resistencia al entrenamiento. Su administraci\u00f3n debe ejecutarse de manera progresiva e idealmente debe ser indicada por un profesional responsable.<\/span><\/p>\n","protected":false},"excerpt":{"rendered":"<h4><span style=\"color: #000000;\"><strong>Lipo Kill Man 600 grs. 60 servicios de Winkler Nutrition<\/strong><\/span><\/h4>\n<ul>\n<li><span style=\"color: #000000;\">Termog\u00e9nico<\/span><\/li>\n<li><span style=\"color: #000000;\">Incrementa intensidad del entrenamiento<\/span><\/li>\n<li><span style=\"color: #000000;\">Acelera el metabolismo<\/span><\/li>\n<li><span style=\"color: #000000;\">Energizante<\/span><\/li>\n<\/ul>\n<p><span style=\"color: #000000;\">Formato: Polvo<\/span><\/p>\n<p><span style=\"color: #000000;\">Sabores: Green Apple, Lim\u00f3n y Pomelo<\/span><\/p>\n<p><span style=\"color: #000000;\">Contenido: 600 grs.<\/span><\/p>\n<p><span style=\"color: #000000;\">Porciones: 60<\/span><\/p>\n<p><span style=\"color: #000000;\">Modo de uso: Consumir 1 scoop (10 grs.) en 250 ml de agua fr\u00eda o lo prescrito por tu nutricionista.<\/span><\/p>\n<p><span style=\"color: #000000;\">Recomendaciones: Consumir antes del entrenamiento o lo prescrito por tu nutricionista.<\/span><\/p>\n<p><span style=\"color: #000000;\">Consumo m\u00e1ximo: 1 porci\u00f3n diaria<\/span><\/p>\n<p><span style=\"color: #000000;\">Precauciones: No beber junto a otras bebidas o alimentos que contengan cafe\u00edna.<\/span><\/p>\n<p><span style=\"color: #000000;\">*No recomendable para diab\u00e9ticos e hipertensos<\/span><\/p>\n","protected":false},"featured_media":10964,"template":"","meta":[],"product_cat":[534,536],"product_tag":[],"class_list":{"0":"post-10963","1":"product","2":"type-product","3":"status-publish","4":"has-post-thumbnail","6":"product_cat-deportista","7":"product_cat-energia-y-resistencia","9":"first","10":"instock","11":"shipping-taxable","12":"purchasable","13":"product-type-variable"},"yoast_head":"<!-- This site is optimized with the Yoast SEO plugin v25.2 - https:\/\/yoast.com\/wordpress\/plugins\/seo\/ -->\n<title>Lipo Kill Man 600 grs. 60 servicios - YAOMARKET<\/title>\n<meta name=\"robots\" content=\"index, follow, max-snippet:-1, max-image-preview:large, max-video-preview:-1\" \/>\n<link rel=\"canonical\" href=\"https:\/\/yaomarket.cl\/?product=lipo-kill-man-600-grs-60-servicios\" \/>\n<meta property=\"og:locale\" content=\"es_ES\" \/>\n<meta property=\"og:type\" content=\"article\" \/>\n<meta property=\"og:title\" content=\"Lipo Kill Man 600 grs. 60 servicios - YAOMARKET\" \/>\n<meta property=\"og:description\" content=\"Lipo Kill Man 600 grs. 60 servicios de Winkler Nutrition   Termog\u00e9nico  Incrementa intensidad del entrenamiento  Acelera el metabolismo  Energizante  Formato: Polvo  Sabores: Green Apple, Lim\u00f3n y Pomelo  Contenido: 600 grs.  Porciones: 60  Modo de uso: Consumir 1 scoop (10 grs.) en 250 ml de agua fr\u00eda o lo prescrito por tu nutricionista.  Recomendaciones: Consumir antes del entrenamiento o lo prescrito por tu nutricionista.  Consumo m\u00e1ximo: 1 porci\u00f3n diaria  Precauciones: No beber junto a otras bebidas o alimentos que contengan cafe\u00edna.  *No recomendable para diab\u00e9ticos e hipertensos\" \/>\n<meta property=\"og:url\" content=\"https:\/\/yaomarket.cl\/?product=lipo-kill-man-600-grs-60-servicios\" \/>\n<meta property=\"og:site_name\" content=\"YAOMARKET\" \/>\n<meta property=\"article:publisher\" content=\"https:\/\/www.facebook.com\/yaomarketchile\/\" \/>\n<meta property=\"article:modified_time\" content=\"2025-04-24T03:28:23+00:00\" \/>\n<meta property=\"og:image\" content=\"https:\/\/yaomarket.cl\/wp-content\/uploads\/2025\/02\/LipoMpolvo_600px-2.jpg\" \/>\n\t<meta property=\"og:image:width\" content=\"600\" \/>\n\t<meta property=\"og:image:height\" content=\"600\" \/>\n\t<meta property=\"og:image:type\" content=\"image\/jpeg\" \/>\n<meta name=\"twitter:card\" content=\"summary_large_image\" \/>\n<meta name=\"twitter:label1\" content=\"Tiempo de lectura\" \/>\n\t<meta name=\"twitter:data1\" content=\"1 minuto\" \/>\n<script type=\"application\/ld+json\" class=\"yoast-schema-graph\">{\"@context\":\"https:\/\/schema.org\",\"@graph\":[{\"@type\":\"WebPage\",\"@id\":\"https:\/\/yaomarket.cl\/?product=lipo-kill-man-600-grs-60-servicios\",\"url\":\"https:\/\/yaomarket.cl\/?product=lipo-kill-man-600-grs-60-servicios\",\"name\":\"Lipo Kill Man 600 grs. 60 servicios - YAOMARKET\",\"isPartOf\":{\"@id\":\"https:\/\/yaomarket.cl\/#website\"},\"primaryImageOfPage\":{\"@id\":\"https:\/\/yaomarket.cl\/?product=lipo-kill-man-600-grs-60-servicios#primaryimage\"},\"image\":{\"@id\":\"https:\/\/yaomarket.cl\/?product=lipo-kill-man-600-grs-60-servicios#primaryimage\"},\"thumbnailUrl\":\"https:\/\/yaomarket.cl\/wp-content\/uploads\/2025\/02\/LipoMpolvo_600px-2.jpg\",\"datePublished\":\"2025-02-24T22:30:19+00:00\",\"dateModified\":\"2025-04-24T03:28:23+00:00\",\"breadcrumb\":{\"@id\":\"https:\/\/yaomarket.cl\/?product=lipo-kill-man-600-grs-60-servicios#breadcrumb\"},\"inLanguage\":\"es\",\"potentialAction\":[{\"@type\":\"ReadAction\",\"target\":[\"https:\/\/yaomarket.cl\/?product=lipo-kill-man-600-grs-60-servicios\"]}]},{\"@type\":\"ImageObject\",\"inLanguage\":\"es\",\"@id\":\"https:\/\/yaomarket.cl\/?product=lipo-kill-man-600-grs-60-servicios#primaryimage\",\"url\":\"https:\/\/yaomarket.cl\/wp-content\/uploads\/2025\/02\/LipoMpolvo_600px-2.jpg\",\"contentUrl\":\"https:\/\/yaomarket.cl\/wp-content\/uploads\/2025\/02\/LipoMpolvo_600px-2.jpg\",\"width\":600,\"height\":600},{\"@type\":\"BreadcrumbList\",\"@id\":\"https:\/\/yaomarket.cl\/?product=lipo-kill-man-600-grs-60-servicios#breadcrumb\",\"itemListElement\":[{\"@type\":\"ListItem\",\"position\":1,\"name\":\"Portada\",\"item\":\"https:\/\/yaomarket.cl\/\"},{\"@type\":\"ListItem\",\"position\":2,\"name\":\"TIENDA\",\"item\":\"https:\/\/yaomarket.cl\/?page_id=8\"},{\"@type\":\"ListItem\",\"position\":3,\"name\":\"Lipo Kill Man 600 grs. 60 servicios\"}]},{\"@type\":\"WebSite\",\"@id\":\"https:\/\/yaomarket.cl\/#website\",\"url\":\"https:\/\/yaomarket.cl\/\",\"name\":\"YAOMARKET\",\"description\":\"\",\"publisher\":{\"@id\":\"https:\/\/yaomarket.cl\/#organization\"},\"potentialAction\":[{\"@type\":\"SearchAction\",\"target\":{\"@type\":\"EntryPoint\",\"urlTemplate\":\"https:\/\/yaomarket.cl\/?s={search_term_string}\"},\"query-input\":{\"@type\":\"PropertyValueSpecification\",\"valueRequired\":true,\"valueName\":\"search_term_string\"}}],\"inLanguage\":\"es\"},{\"@type\":\"Organization\",\"@id\":\"https:\/\/yaomarket.cl\/#organization\",\"name\":\"YAOMARKET\",\"url\":\"https:\/\/yaomarket.cl\/\",\"logo\":{\"@type\":\"ImageObject\",\"inLanguage\":\"es\",\"@id\":\"https:\/\/yaomarket.cl\/#\/schema\/logo\/image\/\",\"url\":\"https:\/\/yaomarket.cl\/wp-content\/uploads\/2023\/08\/Logo-Original-Yao-Market-Circular.png\",\"contentUrl\":\"https:\/\/yaomarket.cl\/wp-content\/uploads\/2023\/08\/Logo-Original-Yao-Market-Circular.png\",\"width\":522,\"height\":522,\"caption\":\"YAOMARKET\"},\"image\":{\"@id\":\"https:\/\/yaomarket.cl\/#\/schema\/logo\/image\/\"},\"sameAs\":[\"https:\/\/www.facebook.com\/yaomarketchile\/\",\"https:\/\/www.instagram.com\/yao_market\/\"]}]}<\/script>\n<!-- \/ Yoast SEO plugin. -->","yoast_head_json":{"title":"Lipo Kill Man 600 grs. 60 servicios - YAOMARKET","robots":{"index":"index","follow":"follow","max-snippet":"max-snippet:-1","max-image-preview":"max-image-preview:large","max-video-preview":"max-video-preview:-1"},"canonical":"https:\/\/yaomarket.cl\/?product=lipo-kill-man-600-grs-60-servicios","og_locale":"es_ES","og_type":"article","og_title":"Lipo Kill Man 600 grs. 60 servicios - YAOMARKET","og_description":"Lipo Kill Man 600 grs. 60 servicios de Winkler Nutrition   Termog\u00e9nico  Incrementa intensidad del entrenamiento  Acelera el metabolismo  Energizante  Formato: Polvo  Sabores: Green Apple, Lim\u00f3n y Pomelo  Contenido: 600 grs.  Porciones: 60  Modo de uso: Consumir 1 scoop (10 grs.) en 250 ml de agua fr\u00eda o lo prescrito por tu nutricionista.  Recomendaciones: Consumir antes del entrenamiento o lo prescrito por tu nutricionista.  Consumo m\u00e1ximo: 1 porci\u00f3n diaria  Precauciones: No beber junto a otras bebidas o alimentos que contengan cafe\u00edna.  *No recomendable para diab\u00e9ticos e hipertensos","og_url":"https:\/\/yaomarket.cl\/?product=lipo-kill-man-600-grs-60-servicios","og_site_name":"YAOMARKET","article_publisher":"https:\/\/www.facebook.com\/yaomarketchile\/","article_modified_time":"2025-04-24T03:28:23+00:00","og_image":[{"width":600,"height":600,"url":"https:\/\/yaomarket.cl\/wp-content\/uploads\/2025\/02\/LipoMpolvo_600px-2.jpg","type":"image\/jpeg"}],"twitter_card":"summary_large_image","twitter_misc":{"Tiempo de lectura":"1 minuto"},"schema":{"@context":"https:\/\/schema.org","@graph":[{"@type":"WebPage","@id":"https:\/\/yaomarket.cl\/?product=lipo-kill-man-600-grs-60-servicios","url":"https:\/\/yaomarket.cl\/?product=lipo-kill-man-600-grs-60-servicios","name":"Lipo Kill Man 600 grs. 60 servicios - YAOMARKET","isPartOf":{"@id":"https:\/\/yaomarket.cl\/#website"},"primaryImageOfPage":{"@id":"https:\/\/yaomarket.cl\/?product=lipo-kill-man-600-grs-60-servicios#primaryimage"},"image":{"@id":"https:\/\/yaomarket.cl\/?product=lipo-kill-man-600-grs-60-servicios#primaryimage"},"thumbnailUrl":"https:\/\/yaomarket.cl\/wp-content\/uploads\/2025\/02\/LipoMpolvo_600px-2.jpg","datePublished":"2025-02-24T22:30:19+00:00","dateModified":"2025-04-24T03:28:23+00:00","breadcrumb":{"@id":"https:\/\/yaomarket.cl\/?product=lipo-kill-man-600-grs-60-servicios#breadcrumb"},"inLanguage":"es","potentialAction":[{"@type":"ReadAction","target":["https:\/\/yaomarket.cl\/?product=lipo-kill-man-600-grs-60-servicios"]}]},{"@type":"ImageObject","inLanguage":"es","@id":"https:\/\/yaomarket.cl\/?product=lipo-kill-man-600-grs-60-servicios#primaryimage","url":"https:\/\/yaomarket.cl\/wp-content\/uploads\/2025\/02\/LipoMpolvo_600px-2.jpg","contentUrl":"https:\/\/yaomarket.cl\/wp-content\/uploads\/2025\/02\/LipoMpolvo_600px-2.jpg","width":600,"height":600},{"@type":"BreadcrumbList","@id":"https:\/\/yaomarket.cl\/?product=lipo-kill-man-600-grs-60-servicios#breadcrumb","itemListElement":[{"@type":"ListItem","position":1,"name":"Portada","item":"https:\/\/yaomarket.cl\/"},{"@type":"ListItem","position":2,"name":"TIENDA","item":"https:\/\/yaomarket.cl\/?page_id=8"},{"@type":"ListItem","position":3,"name":"Lipo Kill Man 600 grs. 60 servicios"}]},{"@type":"WebSite","@id":"https:\/\/yaomarket.cl\/#website","url":"https:\/\/yaomarket.cl\/","name":"YAOMARKET","description":"","publisher":{"@id":"https:\/\/yaomarket.cl\/#organization"},"potentialAction":[{"@type":"SearchAction","target":{"@type":"EntryPoint","urlTemplate":"https:\/\/yaomarket.cl\/?s={search_term_string}"},"query-input":{"@type":"PropertyValueSpecification","valueRequired":true,"valueName":"search_term_string"}}],"inLanguage":"es"},{"@type":"Organization","@id":"https:\/\/yaomarket.cl\/#organization","name":"YAOMARKET","url":"https:\/\/yaomarket.cl\/","logo":{"@type":"ImageObject","inLanguage":"es","@id":"https:\/\/yaomarket.cl\/#\/schema\/logo\/image\/","url":"https:\/\/yaomarket.cl\/wp-content\/uploads\/2023\/08\/Logo-Original-Yao-Market-Circular.png","contentUrl":"https:\/\/yaomarket.cl\/wp-content\/uploads\/2023\/08\/Logo-Original-Yao-Market-Circular.png","width":522,"height":522,"caption":"YAOMARKET"},"image":{"@id":"https:\/\/yaomarket.cl\/#\/schema\/logo\/image\/"},"sameAs":["https:\/\/www.facebook.com\/yaomarketchile\/","https:\/\/www.instagram.com\/yao_market\/"]}]}},"_links":{"self":[{"href":"https:\/\/yaomarket.cl\/index.php?rest_route=\/wp\/v2\/product\/10963","targetHints":{"allow":["GET"]}}],"collection":[{"href":"https:\/\/yaomarket.cl\/index.php?rest_route=\/wp\/v2\/product"}],"about":[{"href":"https:\/\/yaomarket.cl\/index.php?rest_route=\/wp\/v2\/types\/product"}],"wp:featuredmedia":[{"embeddable":true,"href":"https:\/\/yaomarket.cl\/index.php?rest_route=\/wp\/v2\/media\/10964"}],"wp:attachment":[{"href":"https:\/\/yaomarket.cl\/index.php?rest_route=%2Fwp%2Fv2%2Fmedia&parent=10963"}],"wp:term":[{"taxonomy":"product_cat","embeddable":true,"href":"https:\/\/yaomarket.cl\/index.php?rest_route=%2Fwp%2Fv2%2Fproduct_cat&post=10963"},{"taxonomy":"product_tag","embeddable":true,"href":"https:\/\/yaomarket.cl\/index.php?rest_route=%2Fwp%2Fv2%2Fproduct_tag&post=10963"}],"curies":[{"name":"wp","href":"https:\/\/api.w.org\/{rel}","templated":true}]}}