{"id":10957,"date":"2025-02-24T22:18:39","date_gmt":"2025-02-24T22:18:39","guid":{"rendered":"https:\/\/yaomarket.cl\/?post_type=product&#038;p=10957"},"modified":"2025-04-24T03:23:36","modified_gmt":"2025-04-24T03:23:36","slug":"gel-energetico-boost-caja-24-unidades","status":"publish","type":"product","link":"https:\/\/yaomarket.cl\/?product=gel-energetico-boost-caja-24-unidades","title":{"rendered":"Gel Energ\u00e9tico Boost Caja 24 unidades"},"content":{"rendered":"<h3><span style=\"color: #000000;\">Gel Energ\u00e9tico Boost Caja 24 unidades<\/span><\/h3>\n<p><span style=\"color: #000000;\">Los deportes de resistencia como ciclismo, triatl\u00f3n o running requieren de una fuente importante de carbohidratos de r\u00e1pida absorci\u00f3n, ya que estos les proveer\u00e1n la energ\u00eda necesaria para recorrer largas distancias. Estos carbohidratos se necesitan para evitar la fatiga muscular, mejorar el rendimiento y duraci\u00f3n del entrenamiento. Si lo practicas de manera recreacional o encompetencias, un gel energ\u00e9tico como Boost Gel de Winkler Nutrition aportar\u00e1 la energ\u00eda que necesitas para poder rendir al m\u00e1ximo.<\/span><\/p>\n<p><span style=\"color: #000000;\">El gel energ\u00e9tico libre de estimulantes de Winkler Nutrition est\u00e1 hecho de los carbohidratos glucosa y fructosa, ambos son carbohidratos de r\u00e1pida absorci\u00f3n, por lo que cumplen la funci\u00f3n de ser un combustible que otorgar\u00e1 energ\u00eda inmediata para utilizarlo durante el entrenamiento o competencia. La glucosa y fructosa presentes en Boost Gel se encuentran en una alta concentraci\u00f3n de 31,2 gr en una porci\u00f3n.<\/span><\/p>\n<h4><span style=\"color: #000000;\">Forma de uso<\/span><\/h4>\n<p><span style=\"color: #000000;\">La manera ideal de consumir Boost Gel es con l\u00edquidos. Puede ser un l\u00edquido con electrolitos, de esta forma ayudas a la reposici\u00f3n de electrolitos perdidos por el sudor o puedes consumirlo con<\/span><br \/>\n<span style=\"color: #000000;\">agua. Deber\u00edas consumir cada gel con 250-300 c\/c de agua, as\u00ed obtendr\u00e1s una adecuada diluci\u00f3n en el organismo y evitar\u00e1s sintomatolog\u00eda gastrointestinal asociada al consumo de geles con alta<\/span><br \/>\n<span style=\"color: #000000;\">concentraci\u00f3n de carbohidratos.<\/span><\/p>\n<p><span style=\"color: #000000;\">Otro punto para tener en consideraci\u00f3n cuando utilizas los geles energ\u00e9ticos de Winkler Nutrition, es la duraci\u00f3n del entrenamiento, ya que necesitas una cantidad determinada de carbohidratos seg\u00fan la duraci\u00f3n de \u00e9ste. Si tu entrenamiento o competencia tiene una duraci\u00f3n entre 1 a 2 horas, se recomienda 1 gel por hora; Si dura entre 2 a 3 horas, necesitas 2 geles por hora; Si tiene una duraci\u00f3n mayor a 3 horas, se recomiendan 3 geles por hora.<\/span><\/p>\n<p><span style=\"color: #000000;\">Es importante que consideres la tolerancia del organismo a estos geles, por esta raz\u00f3n se recomienda comenzar su consumo durante los entrenamientos para prevenir alg\u00fan malestar gastrointestinal el d\u00eda de la competencia.<\/span><\/p>\n<h4><span style=\"color: #000000;\">Evidencia cient\u00edfica<\/span><\/h4>\n<p><span style=\"color: #000000;\">En cuanto al respaldo cient\u00edfico sobre los geles energ\u00e9ticos, estos poseen una gran evidencia. Por esta raz\u00f3n, est\u00e1n catalogados en la categor\u00eda A seg\u00fan el Instituto Australiano del Deporte (Australian Institute of Sport). Este instituto clasifica los suplementos deportivos en distintos niveles de acuerdo con el nivel de evidencia cient\u00edfica. Al catalogarse como un suplemento del grupo A, significa que es un suplemento aprobado, comprobado y evaluado cient\u00edficamente.<\/span><\/p>\n<p><span style=\"color: #000000;\">Boost Gel es un gel que proporcionar\u00e1 ese combustible que necesitas para lograr un mayor desempe\u00f1o deportivo, destinado a evitar la fatiga muscular producida por el agotamiento de reservas de gluc\u00f3geno muscular. En los deportes de resistencia se ocupan los carbohidratos como fuente primordial de energ\u00eda, por lo que al tener el gel energ\u00e9tico de Winkler Nutrition podr\u00e1s satisfacer la demanda energ\u00e9tica que el organismo necesita.<\/span><\/p>\n","protected":false},"excerpt":{"rendered":"<h4><span style=\"color: #000000;\">Gel Energ\u00e9tico Boost Caja 24 unidades<\/span><\/h4>\n<ul>\n<li><span style=\"color: #000000;\">Energ\u00eda inmediata<\/span><\/li>\n<li><span style=\"color: #000000;\">Mejorar capacidad deportiva<\/span><\/li>\n<li><span style=\"color: #000000;\">Carbohidratos de ultra r\u00e1pida absorci\u00f3n<\/span><\/li>\n<\/ul>\n<p><span style=\"color: #000000;\">Formato: Gel<\/span><\/p>\n<p><span style=\"color: #000000;\">Sabor: Lim\u00f3n y Naranja<\/span><\/p>\n<p><span style=\"color: #000000;\">Contenido: 24 unidades<\/span><\/p>\n<p><span style=\"color: #000000;\">Porciones: 24<\/span><\/p>\n<p><span style=\"color: #000000;\">Modo de uso: Consumir 1 gel durante el ejercicio o seg\u00fan necesidad de la actividad o lo prescrito por tu nutricionista.<\/span><\/p>\n","protected":false},"featured_media":10958,"template":"","meta":[],"product_cat":[534,536],"product_tag":[],"class_list":{"0":"post-10957","1":"product","2":"type-product","3":"status-publish","4":"has-post-thumbnail","6":"product_cat-deportista","7":"product_cat-energia-y-resistencia","9":"first","10":"instock","11":"shipping-taxable","12":"purchasable","13":"product-type-variable"},"yoast_head":"<!-- This site is optimized with the Yoast SEO plugin v25.2 - https:\/\/yoast.com\/wordpress\/plugins\/seo\/ -->\n<title>Gel Energ\u00e9tico Boost Caja 24 unidades - YAOMARKET<\/title>\n<meta name=\"robots\" content=\"index, follow, max-snippet:-1, max-image-preview:large, max-video-preview:-1\" \/>\n<link rel=\"canonical\" href=\"https:\/\/yaomarket.cl\/?product=gel-energetico-boost-caja-24-unidades\" \/>\n<meta property=\"og:locale\" content=\"es_ES\" \/>\n<meta property=\"og:type\" content=\"article\" \/>\n<meta property=\"og:title\" content=\"Gel Energ\u00e9tico Boost Caja 24 unidades - YAOMARKET\" \/>\n<meta property=\"og:description\" content=\"Gel Energ\u00e9tico Boost Caja 24 unidades   Energ\u00eda inmediata  Mejorar capacidad deportiva  Carbohidratos de ultra r\u00e1pida absorci\u00f3n  Formato: Gel  Sabor: Lim\u00f3n y Naranja  Contenido: 24 unidades  Porciones: 24  Modo de uso: Consumir 1 gel durante el ejercicio o seg\u00fan necesidad de la actividad o lo prescrito por tu nutricionista.\" \/>\n<meta property=\"og:url\" content=\"https:\/\/yaomarket.cl\/?product=gel-energetico-boost-caja-24-unidades\" \/>\n<meta property=\"og:site_name\" content=\"YAOMARKET\" \/>\n<meta property=\"article:publisher\" content=\"https:\/\/www.facebook.com\/yaomarketchile\/\" \/>\n<meta property=\"article:modified_time\" content=\"2025-04-24T03:23:36+00:00\" \/>\n<meta property=\"og:image\" content=\"https:\/\/yaomarket.cl\/wp-content\/uploads\/2025\/02\/CajaGel_N3_600px-550x550-1.jpg\" \/>\n\t<meta property=\"og:image:width\" content=\"550\" \/>\n\t<meta property=\"og:image:height\" content=\"550\" \/>\n\t<meta property=\"og:image:type\" content=\"image\/jpeg\" \/>\n<meta name=\"twitter:card\" content=\"summary_large_image\" \/>\n<meta name=\"twitter:label1\" content=\"Tiempo de lectura\" \/>\n\t<meta name=\"twitter:data1\" content=\"3 minutos\" \/>\n<script type=\"application\/ld+json\" class=\"yoast-schema-graph\">{\"@context\":\"https:\/\/schema.org\",\"@graph\":[{\"@type\":\"WebPage\",\"@id\":\"https:\/\/yaomarket.cl\/?product=gel-energetico-boost-caja-24-unidades\",\"url\":\"https:\/\/yaomarket.cl\/?product=gel-energetico-boost-caja-24-unidades\",\"name\":\"Gel Energ\u00e9tico Boost Caja 24 unidades - YAOMARKET\",\"isPartOf\":{\"@id\":\"https:\/\/yaomarket.cl\/#website\"},\"primaryImageOfPage\":{\"@id\":\"https:\/\/yaomarket.cl\/?product=gel-energetico-boost-caja-24-unidades#primaryimage\"},\"image\":{\"@id\":\"https:\/\/yaomarket.cl\/?product=gel-energetico-boost-caja-24-unidades#primaryimage\"},\"thumbnailUrl\":\"https:\/\/yaomarket.cl\/wp-content\/uploads\/2025\/02\/CajaGel_N3_600px-550x550-1.jpg\",\"datePublished\":\"2025-02-24T22:18:39+00:00\",\"dateModified\":\"2025-04-24T03:23:36+00:00\",\"breadcrumb\":{\"@id\":\"https:\/\/yaomarket.cl\/?product=gel-energetico-boost-caja-24-unidades#breadcrumb\"},\"inLanguage\":\"es\",\"potentialAction\":[{\"@type\":\"ReadAction\",\"target\":[\"https:\/\/yaomarket.cl\/?product=gel-energetico-boost-caja-24-unidades\"]}]},{\"@type\":\"ImageObject\",\"inLanguage\":\"es\",\"@id\":\"https:\/\/yaomarket.cl\/?product=gel-energetico-boost-caja-24-unidades#primaryimage\",\"url\":\"https:\/\/yaomarket.cl\/wp-content\/uploads\/2025\/02\/CajaGel_N3_600px-550x550-1.jpg\",\"contentUrl\":\"https:\/\/yaomarket.cl\/wp-content\/uploads\/2025\/02\/CajaGel_N3_600px-550x550-1.jpg\",\"width\":550,\"height\":550},{\"@type\":\"BreadcrumbList\",\"@id\":\"https:\/\/yaomarket.cl\/?product=gel-energetico-boost-caja-24-unidades#breadcrumb\",\"itemListElement\":[{\"@type\":\"ListItem\",\"position\":1,\"name\":\"Portada\",\"item\":\"https:\/\/yaomarket.cl\/\"},{\"@type\":\"ListItem\",\"position\":2,\"name\":\"TIENDA\",\"item\":\"https:\/\/yaomarket.cl\/?page_id=8\"},{\"@type\":\"ListItem\",\"position\":3,\"name\":\"Gel Energ\u00e9tico Boost Caja 24 unidades\"}]},{\"@type\":\"WebSite\",\"@id\":\"https:\/\/yaomarket.cl\/#website\",\"url\":\"https:\/\/yaomarket.cl\/\",\"name\":\"YAOMARKET\",\"description\":\"\",\"publisher\":{\"@id\":\"https:\/\/yaomarket.cl\/#organization\"},\"potentialAction\":[{\"@type\":\"SearchAction\",\"target\":{\"@type\":\"EntryPoint\",\"urlTemplate\":\"https:\/\/yaomarket.cl\/?s={search_term_string}\"},\"query-input\":{\"@type\":\"PropertyValueSpecification\",\"valueRequired\":true,\"valueName\":\"search_term_string\"}}],\"inLanguage\":\"es\"},{\"@type\":\"Organization\",\"@id\":\"https:\/\/yaomarket.cl\/#organization\",\"name\":\"YAOMARKET\",\"url\":\"https:\/\/yaomarket.cl\/\",\"logo\":{\"@type\":\"ImageObject\",\"inLanguage\":\"es\",\"@id\":\"https:\/\/yaomarket.cl\/#\/schema\/logo\/image\/\",\"url\":\"https:\/\/yaomarket.cl\/wp-content\/uploads\/2023\/08\/Logo-Original-Yao-Market-Circular.png\",\"contentUrl\":\"https:\/\/yaomarket.cl\/wp-content\/uploads\/2023\/08\/Logo-Original-Yao-Market-Circular.png\",\"width\":522,\"height\":522,\"caption\":\"YAOMARKET\"},\"image\":{\"@id\":\"https:\/\/yaomarket.cl\/#\/schema\/logo\/image\/\"},\"sameAs\":[\"https:\/\/www.facebook.com\/yaomarketchile\/\",\"https:\/\/www.instagram.com\/yao_market\/\"]}]}<\/script>\n<!-- \/ Yoast SEO plugin. -->","yoast_head_json":{"title":"Gel Energ\u00e9tico Boost Caja 24 unidades - YAOMARKET","robots":{"index":"index","follow":"follow","max-snippet":"max-snippet:-1","max-image-preview":"max-image-preview:large","max-video-preview":"max-video-preview:-1"},"canonical":"https:\/\/yaomarket.cl\/?product=gel-energetico-boost-caja-24-unidades","og_locale":"es_ES","og_type":"article","og_title":"Gel Energ\u00e9tico Boost Caja 24 unidades - YAOMARKET","og_description":"Gel Energ\u00e9tico Boost Caja 24 unidades   Energ\u00eda inmediata  Mejorar capacidad deportiva  Carbohidratos de ultra r\u00e1pida absorci\u00f3n  Formato: Gel  Sabor: Lim\u00f3n y Naranja  Contenido: 24 unidades  Porciones: 24  Modo de uso: Consumir 1 gel durante el ejercicio o seg\u00fan necesidad de la actividad o lo prescrito por tu nutricionista.","og_url":"https:\/\/yaomarket.cl\/?product=gel-energetico-boost-caja-24-unidades","og_site_name":"YAOMARKET","article_publisher":"https:\/\/www.facebook.com\/yaomarketchile\/","article_modified_time":"2025-04-24T03:23:36+00:00","og_image":[{"width":550,"height":550,"url":"https:\/\/yaomarket.cl\/wp-content\/uploads\/2025\/02\/CajaGel_N3_600px-550x550-1.jpg","type":"image\/jpeg"}],"twitter_card":"summary_large_image","twitter_misc":{"Tiempo de lectura":"3 minutos"},"schema":{"@context":"https:\/\/schema.org","@graph":[{"@type":"WebPage","@id":"https:\/\/yaomarket.cl\/?product=gel-energetico-boost-caja-24-unidades","url":"https:\/\/yaomarket.cl\/?product=gel-energetico-boost-caja-24-unidades","name":"Gel Energ\u00e9tico Boost Caja 24 unidades - YAOMARKET","isPartOf":{"@id":"https:\/\/yaomarket.cl\/#website"},"primaryImageOfPage":{"@id":"https:\/\/yaomarket.cl\/?product=gel-energetico-boost-caja-24-unidades#primaryimage"},"image":{"@id":"https:\/\/yaomarket.cl\/?product=gel-energetico-boost-caja-24-unidades#primaryimage"},"thumbnailUrl":"https:\/\/yaomarket.cl\/wp-content\/uploads\/2025\/02\/CajaGel_N3_600px-550x550-1.jpg","datePublished":"2025-02-24T22:18:39+00:00","dateModified":"2025-04-24T03:23:36+00:00","breadcrumb":{"@id":"https:\/\/yaomarket.cl\/?product=gel-energetico-boost-caja-24-unidades#breadcrumb"},"inLanguage":"es","potentialAction":[{"@type":"ReadAction","target":["https:\/\/yaomarket.cl\/?product=gel-energetico-boost-caja-24-unidades"]}]},{"@type":"ImageObject","inLanguage":"es","@id":"https:\/\/yaomarket.cl\/?product=gel-energetico-boost-caja-24-unidades#primaryimage","url":"https:\/\/yaomarket.cl\/wp-content\/uploads\/2025\/02\/CajaGel_N3_600px-550x550-1.jpg","contentUrl":"https:\/\/yaomarket.cl\/wp-content\/uploads\/2025\/02\/CajaGel_N3_600px-550x550-1.jpg","width":550,"height":550},{"@type":"BreadcrumbList","@id":"https:\/\/yaomarket.cl\/?product=gel-energetico-boost-caja-24-unidades#breadcrumb","itemListElement":[{"@type":"ListItem","position":1,"name":"Portada","item":"https:\/\/yaomarket.cl\/"},{"@type":"ListItem","position":2,"name":"TIENDA","item":"https:\/\/yaomarket.cl\/?page_id=8"},{"@type":"ListItem","position":3,"name":"Gel Energ\u00e9tico Boost Caja 24 unidades"}]},{"@type":"WebSite","@id":"https:\/\/yaomarket.cl\/#website","url":"https:\/\/yaomarket.cl\/","name":"YAOMARKET","description":"","publisher":{"@id":"https:\/\/yaomarket.cl\/#organization"},"potentialAction":[{"@type":"SearchAction","target":{"@type":"EntryPoint","urlTemplate":"https:\/\/yaomarket.cl\/?s={search_term_string}"},"query-input":{"@type":"PropertyValueSpecification","valueRequired":true,"valueName":"search_term_string"}}],"inLanguage":"es"},{"@type":"Organization","@id":"https:\/\/yaomarket.cl\/#organization","name":"YAOMARKET","url":"https:\/\/yaomarket.cl\/","logo":{"@type":"ImageObject","inLanguage":"es","@id":"https:\/\/yaomarket.cl\/#\/schema\/logo\/image\/","url":"https:\/\/yaomarket.cl\/wp-content\/uploads\/2023\/08\/Logo-Original-Yao-Market-Circular.png","contentUrl":"https:\/\/yaomarket.cl\/wp-content\/uploads\/2023\/08\/Logo-Original-Yao-Market-Circular.png","width":522,"height":522,"caption":"YAOMARKET"},"image":{"@id":"https:\/\/yaomarket.cl\/#\/schema\/logo\/image\/"},"sameAs":["https:\/\/www.facebook.com\/yaomarketchile\/","https:\/\/www.instagram.com\/yao_market\/"]}]}},"_links":{"self":[{"href":"https:\/\/yaomarket.cl\/index.php?rest_route=\/wp\/v2\/product\/10957","targetHints":{"allow":["GET"]}}],"collection":[{"href":"https:\/\/yaomarket.cl\/index.php?rest_route=\/wp\/v2\/product"}],"about":[{"href":"https:\/\/yaomarket.cl\/index.php?rest_route=\/wp\/v2\/types\/product"}],"wp:featuredmedia":[{"embeddable":true,"href":"https:\/\/yaomarket.cl\/index.php?rest_route=\/wp\/v2\/media\/10958"}],"wp:attachment":[{"href":"https:\/\/yaomarket.cl\/index.php?rest_route=%2Fwp%2Fv2%2Fmedia&parent=10957"}],"wp:term":[{"taxonomy":"product_cat","embeddable":true,"href":"https:\/\/yaomarket.cl\/index.php?rest_route=%2Fwp%2Fv2%2Fproduct_cat&post=10957"},{"taxonomy":"product_tag","embeddable":true,"href":"https:\/\/yaomarket.cl\/index.php?rest_route=%2Fwp%2Fv2%2Fproduct_tag&post=10957"}],"curies":[{"name":"wp","href":"https:\/\/api.w.org\/{rel}","templated":true}]}}