{"id":10937,"date":"2025-02-24T22:00:03","date_gmt":"2025-02-24T22:00:03","guid":{"rendered":"https:\/\/yaomarket.cl\/?post_type=product&#038;p=10937"},"modified":"2025-04-24T03:27:16","modified_gmt":"2025-04-24T03:27:16","slug":"l-carnitina-liquida-carnifit-shot-500-ml","status":"publish","type":"product","link":"https:\/\/yaomarket.cl\/?product=l-carnitina-liquida-carnifit-shot-500-ml","title":{"rendered":"L-Carnitina l\u00edquida CarniFit Shot 500 ml"},"content":{"rendered":"<h3><span style=\"color: #000000;\">L-Carnitina l\u00edquida CarniFit Shot 500 ml<\/span><\/h3>\n<p><span style=\"color: #000000;\">L-Carnitina l\u00edquida CarniFit Shot 500 ml de Winkler Nutrition es un dip\u00e9ptido (dos amino\u00e1cidos) que se encuentran principalmente en nuestra masa muscular, dentro de sus funciones, la m\u00e1s importante es facilitar el transporte de \u00e1cidos grasos hacia el interior de la mitocondria, favoreciendo la oxidaci\u00f3n de estos \u00e1cidos grasos, obteniendo una mayor cantidad de energ\u00eda a trav\u00e9s de las grasas de dep\u00f3sitos durante este proceso, lo que conlleva a una mayor utilizaci\u00f3n de estos l\u00edpidos de reserva durante el ejercicio.<\/span><\/p>\n","protected":false},"excerpt":{"rendered":"<h4><strong><span style=\"color: #000000;\">L-Carnitina l\u00edquida CarniFit Shot 500 ml<\/span><\/strong><\/h4>\n<ul>\n<li><span style=\"color: #000000;\">L-Carnitina l\u00edquida<\/span><\/li>\n<li><span style=\"color: #000000;\">Participa en la conversi\u00f3n de grasa a energ\u00eda<\/span><\/li>\n<\/ul>\n<p><span style=\"color: #000000;\">Formato: L\u00edquido<\/span><\/p>\n<p><span style=\"color: #000000;\">Contenido: 500 ml<\/span><\/p>\n<p><span style=\"color: #000000;\">Porciones: 50 \/ 25 \/ 13<\/span><\/p>\n<p><span style=\"color: #000000;\">Modo de uso: Tomar 1\/2 tapa (1000mg de L-Carnitina), 1 tapa (2000mg de L-Carnitina) \u00f3 2 tapas (4000mg de L-Carnitina). Consumir 30-60 minutos antes del entrenamiento o lo prescrito por tu nutricionista.<\/span><\/p>\n","protected":false},"featured_media":10938,"template":"","meta":[],"product_cat":[534,536],"product_tag":[],"class_list":{"0":"post-10937","1":"product","2":"type-product","3":"status-publish","4":"has-post-thumbnail","6":"product_cat-deportista","7":"product_cat-energia-y-resistencia","9":"first","10":"instock","11":"shipping-taxable","12":"purchasable","13":"product-type-simple"},"yoast_head":"<!-- This site is optimized with the Yoast SEO plugin v25.2 - https:\/\/yoast.com\/wordpress\/plugins\/seo\/ -->\n<title>L-Carnitina l\u00edquida CarniFit Shot 500 ml - YAOMARKET<\/title>\n<meta name=\"robots\" content=\"index, follow, max-snippet:-1, max-image-preview:large, max-video-preview:-1\" \/>\n<link rel=\"canonical\" href=\"https:\/\/yaomarket.cl\/?product=l-carnitina-liquida-carnifit-shot-500-ml\" \/>\n<meta property=\"og:locale\" content=\"es_ES\" \/>\n<meta property=\"og:type\" content=\"article\" \/>\n<meta property=\"og:title\" content=\"L-Carnitina l\u00edquida CarniFit Shot 500 ml - YAOMARKET\" \/>\n<meta property=\"og:description\" content=\"L-Carnitina l\u00edquida CarniFit Shot 500 ml   L-Carnitina l\u00edquida  Participa en la conversi\u00f3n de grasa a energ\u00eda  Formato: L\u00edquido  Contenido: 500 ml  Porciones: 50 \/ 25 \/ 13  Modo de uso: Tomar 1\/2 tapa (1000mg de L-Carnitina), 1 tapa (2000mg de L-Carnitina) \u00f3 2 tapas (4000mg de L-Carnitina). Consumir 30-60 minutos antes del entrenamiento o lo prescrito por tu nutricionista.\" \/>\n<meta property=\"og:url\" content=\"https:\/\/yaomarket.cl\/?product=l-carnitina-liquida-carnifit-shot-500-ml\" \/>\n<meta property=\"og:site_name\" content=\"YAOMARKET\" \/>\n<meta property=\"article:publisher\" content=\"https:\/\/www.facebook.com\/yaomarketchile\/\" \/>\n<meta property=\"article:modified_time\" content=\"2025-04-24T03:27:16+00:00\" \/>\n<meta property=\"og:image\" content=\"https:\/\/yaomarket.cl\/wp-content\/uploads\/2025\/02\/CarniShot_600px-1.jpg\" \/>\n\t<meta property=\"og:image:width\" content=\"600\" \/>\n\t<meta property=\"og:image:height\" content=\"600\" \/>\n\t<meta property=\"og:image:type\" content=\"image\/jpeg\" \/>\n<meta name=\"twitter:card\" content=\"summary_large_image\" \/>\n<meta name=\"twitter:label1\" content=\"Tiempo de lectura\" \/>\n\t<meta name=\"twitter:data1\" content=\"1 minuto\" \/>\n<script type=\"application\/ld+json\" class=\"yoast-schema-graph\">{\"@context\":\"https:\/\/schema.org\",\"@graph\":[{\"@type\":\"WebPage\",\"@id\":\"https:\/\/yaomarket.cl\/?product=l-carnitina-liquida-carnifit-shot-500-ml\",\"url\":\"https:\/\/yaomarket.cl\/?product=l-carnitina-liquida-carnifit-shot-500-ml\",\"name\":\"L-Carnitina l\u00edquida CarniFit Shot 500 ml - YAOMARKET\",\"isPartOf\":{\"@id\":\"https:\/\/yaomarket.cl\/#website\"},\"primaryImageOfPage\":{\"@id\":\"https:\/\/yaomarket.cl\/?product=l-carnitina-liquida-carnifit-shot-500-ml#primaryimage\"},\"image\":{\"@id\":\"https:\/\/yaomarket.cl\/?product=l-carnitina-liquida-carnifit-shot-500-ml#primaryimage\"},\"thumbnailUrl\":\"https:\/\/yaomarket.cl\/wp-content\/uploads\/2025\/02\/CarniShot_600px-1.jpg\",\"datePublished\":\"2025-02-24T22:00:03+00:00\",\"dateModified\":\"2025-04-24T03:27:16+00:00\",\"breadcrumb\":{\"@id\":\"https:\/\/yaomarket.cl\/?product=l-carnitina-liquida-carnifit-shot-500-ml#breadcrumb\"},\"inLanguage\":\"es\",\"potentialAction\":[{\"@type\":\"ReadAction\",\"target\":[\"https:\/\/yaomarket.cl\/?product=l-carnitina-liquida-carnifit-shot-500-ml\"]}]},{\"@type\":\"ImageObject\",\"inLanguage\":\"es\",\"@id\":\"https:\/\/yaomarket.cl\/?product=l-carnitina-liquida-carnifit-shot-500-ml#primaryimage\",\"url\":\"https:\/\/yaomarket.cl\/wp-content\/uploads\/2025\/02\/CarniShot_600px-1.jpg\",\"contentUrl\":\"https:\/\/yaomarket.cl\/wp-content\/uploads\/2025\/02\/CarniShot_600px-1.jpg\",\"width\":600,\"height\":600},{\"@type\":\"BreadcrumbList\",\"@id\":\"https:\/\/yaomarket.cl\/?product=l-carnitina-liquida-carnifit-shot-500-ml#breadcrumb\",\"itemListElement\":[{\"@type\":\"ListItem\",\"position\":1,\"name\":\"Portada\",\"item\":\"https:\/\/yaomarket.cl\/\"},{\"@type\":\"ListItem\",\"position\":2,\"name\":\"TIENDA\",\"item\":\"https:\/\/yaomarket.cl\/?page_id=8\"},{\"@type\":\"ListItem\",\"position\":3,\"name\":\"L-Carnitina l\u00edquida CarniFit Shot 500 ml\"}]},{\"@type\":\"WebSite\",\"@id\":\"https:\/\/yaomarket.cl\/#website\",\"url\":\"https:\/\/yaomarket.cl\/\",\"name\":\"YAOMARKET\",\"description\":\"\",\"publisher\":{\"@id\":\"https:\/\/yaomarket.cl\/#organization\"},\"potentialAction\":[{\"@type\":\"SearchAction\",\"target\":{\"@type\":\"EntryPoint\",\"urlTemplate\":\"https:\/\/yaomarket.cl\/?s={search_term_string}\"},\"query-input\":{\"@type\":\"PropertyValueSpecification\",\"valueRequired\":true,\"valueName\":\"search_term_string\"}}],\"inLanguage\":\"es\"},{\"@type\":\"Organization\",\"@id\":\"https:\/\/yaomarket.cl\/#organization\",\"name\":\"YAOMARKET\",\"url\":\"https:\/\/yaomarket.cl\/\",\"logo\":{\"@type\":\"ImageObject\",\"inLanguage\":\"es\",\"@id\":\"https:\/\/yaomarket.cl\/#\/schema\/logo\/image\/\",\"url\":\"https:\/\/yaomarket.cl\/wp-content\/uploads\/2023\/08\/Logo-Original-Yao-Market-Circular.png\",\"contentUrl\":\"https:\/\/yaomarket.cl\/wp-content\/uploads\/2023\/08\/Logo-Original-Yao-Market-Circular.png\",\"width\":522,\"height\":522,\"caption\":\"YAOMARKET\"},\"image\":{\"@id\":\"https:\/\/yaomarket.cl\/#\/schema\/logo\/image\/\"},\"sameAs\":[\"https:\/\/www.facebook.com\/yaomarketchile\/\",\"https:\/\/www.instagram.com\/yao_market\/\"]}]}<\/script>\n<!-- \/ Yoast SEO plugin. -->","yoast_head_json":{"title":"L-Carnitina l\u00edquida CarniFit Shot 500 ml - YAOMARKET","robots":{"index":"index","follow":"follow","max-snippet":"max-snippet:-1","max-image-preview":"max-image-preview:large","max-video-preview":"max-video-preview:-1"},"canonical":"https:\/\/yaomarket.cl\/?product=l-carnitina-liquida-carnifit-shot-500-ml","og_locale":"es_ES","og_type":"article","og_title":"L-Carnitina l\u00edquida CarniFit Shot 500 ml - YAOMARKET","og_description":"L-Carnitina l\u00edquida CarniFit Shot 500 ml   L-Carnitina l\u00edquida  Participa en la conversi\u00f3n de grasa a energ\u00eda  Formato: L\u00edquido  Contenido: 500 ml  Porciones: 50 \/ 25 \/ 13  Modo de uso: Tomar 1\/2 tapa (1000mg de L-Carnitina), 1 tapa (2000mg de L-Carnitina) \u00f3 2 tapas (4000mg de L-Carnitina). Consumir 30-60 minutos antes del entrenamiento o lo prescrito por tu nutricionista.","og_url":"https:\/\/yaomarket.cl\/?product=l-carnitina-liquida-carnifit-shot-500-ml","og_site_name":"YAOMARKET","article_publisher":"https:\/\/www.facebook.com\/yaomarketchile\/","article_modified_time":"2025-04-24T03:27:16+00:00","og_image":[{"width":600,"height":600,"url":"https:\/\/yaomarket.cl\/wp-content\/uploads\/2025\/02\/CarniShot_600px-1.jpg","type":"image\/jpeg"}],"twitter_card":"summary_large_image","twitter_misc":{"Tiempo de lectura":"1 minuto"},"schema":{"@context":"https:\/\/schema.org","@graph":[{"@type":"WebPage","@id":"https:\/\/yaomarket.cl\/?product=l-carnitina-liquida-carnifit-shot-500-ml","url":"https:\/\/yaomarket.cl\/?product=l-carnitina-liquida-carnifit-shot-500-ml","name":"L-Carnitina l\u00edquida CarniFit Shot 500 ml - YAOMARKET","isPartOf":{"@id":"https:\/\/yaomarket.cl\/#website"},"primaryImageOfPage":{"@id":"https:\/\/yaomarket.cl\/?product=l-carnitina-liquida-carnifit-shot-500-ml#primaryimage"},"image":{"@id":"https:\/\/yaomarket.cl\/?product=l-carnitina-liquida-carnifit-shot-500-ml#primaryimage"},"thumbnailUrl":"https:\/\/yaomarket.cl\/wp-content\/uploads\/2025\/02\/CarniShot_600px-1.jpg","datePublished":"2025-02-24T22:00:03+00:00","dateModified":"2025-04-24T03:27:16+00:00","breadcrumb":{"@id":"https:\/\/yaomarket.cl\/?product=l-carnitina-liquida-carnifit-shot-500-ml#breadcrumb"},"inLanguage":"es","potentialAction":[{"@type":"ReadAction","target":["https:\/\/yaomarket.cl\/?product=l-carnitina-liquida-carnifit-shot-500-ml"]}]},{"@type":"ImageObject","inLanguage":"es","@id":"https:\/\/yaomarket.cl\/?product=l-carnitina-liquida-carnifit-shot-500-ml#primaryimage","url":"https:\/\/yaomarket.cl\/wp-content\/uploads\/2025\/02\/CarniShot_600px-1.jpg","contentUrl":"https:\/\/yaomarket.cl\/wp-content\/uploads\/2025\/02\/CarniShot_600px-1.jpg","width":600,"height":600},{"@type":"BreadcrumbList","@id":"https:\/\/yaomarket.cl\/?product=l-carnitina-liquida-carnifit-shot-500-ml#breadcrumb","itemListElement":[{"@type":"ListItem","position":1,"name":"Portada","item":"https:\/\/yaomarket.cl\/"},{"@type":"ListItem","position":2,"name":"TIENDA","item":"https:\/\/yaomarket.cl\/?page_id=8"},{"@type":"ListItem","position":3,"name":"L-Carnitina l\u00edquida CarniFit Shot 500 ml"}]},{"@type":"WebSite","@id":"https:\/\/yaomarket.cl\/#website","url":"https:\/\/yaomarket.cl\/","name":"YAOMARKET","description":"","publisher":{"@id":"https:\/\/yaomarket.cl\/#organization"},"potentialAction":[{"@type":"SearchAction","target":{"@type":"EntryPoint","urlTemplate":"https:\/\/yaomarket.cl\/?s={search_term_string}"},"query-input":{"@type":"PropertyValueSpecification","valueRequired":true,"valueName":"search_term_string"}}],"inLanguage":"es"},{"@type":"Organization","@id":"https:\/\/yaomarket.cl\/#organization","name":"YAOMARKET","url":"https:\/\/yaomarket.cl\/","logo":{"@type":"ImageObject","inLanguage":"es","@id":"https:\/\/yaomarket.cl\/#\/schema\/logo\/image\/","url":"https:\/\/yaomarket.cl\/wp-content\/uploads\/2023\/08\/Logo-Original-Yao-Market-Circular.png","contentUrl":"https:\/\/yaomarket.cl\/wp-content\/uploads\/2023\/08\/Logo-Original-Yao-Market-Circular.png","width":522,"height":522,"caption":"YAOMARKET"},"image":{"@id":"https:\/\/yaomarket.cl\/#\/schema\/logo\/image\/"},"sameAs":["https:\/\/www.facebook.com\/yaomarketchile\/","https:\/\/www.instagram.com\/yao_market\/"]}]}},"_links":{"self":[{"href":"https:\/\/yaomarket.cl\/index.php?rest_route=\/wp\/v2\/product\/10937","targetHints":{"allow":["GET"]}}],"collection":[{"href":"https:\/\/yaomarket.cl\/index.php?rest_route=\/wp\/v2\/product"}],"about":[{"href":"https:\/\/yaomarket.cl\/index.php?rest_route=\/wp\/v2\/types\/product"}],"wp:featuredmedia":[{"embeddable":true,"href":"https:\/\/yaomarket.cl\/index.php?rest_route=\/wp\/v2\/media\/10938"}],"wp:attachment":[{"href":"https:\/\/yaomarket.cl\/index.php?rest_route=%2Fwp%2Fv2%2Fmedia&parent=10937"}],"wp:term":[{"taxonomy":"product_cat","embeddable":true,"href":"https:\/\/yaomarket.cl\/index.php?rest_route=%2Fwp%2Fv2%2Fproduct_cat&post=10937"},{"taxonomy":"product_tag","embeddable":true,"href":"https:\/\/yaomarket.cl\/index.php?rest_route=%2Fwp%2Fv2%2Fproduct_tag&post=10937"}],"curies":[{"name":"wp","href":"https:\/\/api.w.org\/{rel}","templated":true}]}}