{"id":10929,"date":"2025-02-24T21:53:42","date_gmt":"2025-02-24T21:53:42","guid":{"rendered":"https:\/\/yaomarket.cl\/?post_type=product&#038;p=10929"},"modified":"2025-04-24T03:27:51","modified_gmt":"2025-04-24T03:27:51","slug":"lipo-kill-man-120-capsulas","status":"publish","type":"product","link":"https:\/\/yaomarket.cl\/?product=lipo-kill-man-120-capsulas","title":{"rendered":"Lipo Kill Man 120 c\u00e1psulas"},"content":{"rendered":"<h3><span style=\"color: #000000;\">Lipo Kill Man c\u00e1psulas<\/span><\/h3>\n<p><span style=\"color: #000000;\">Producto contiene cafe\u00edna, adem\u00e1s de t\u00e9 verde, L-carnitina, vitaminas y minerales. Se debe usar de forma progresiva y con la indicaci\u00f3n de un profesional pertinente.<\/span><\/p>\n<p><span style=\"color: #000000;\">8 componentes activos<\/span><\/p>\n","protected":false},"excerpt":{"rendered":"<ul>\n<li><span style=\"color: #000000;\">Producto contiene cafe\u00edna, adem\u00e1s de t\u00e9 verde, L-carnitina, vitaminas y minerales.<\/span><\/li>\n<li><span style=\"color: #000000;\">Se debe usar de forma progresiva y con la indicaci\u00f3n de un profesional pertinente.<\/span><\/li>\n<li><span style=\"color: #000000;\">8 componentes activos<\/span><\/li>\n<\/ul>\n<p><span style=\"color: #000000;\">Formato: C\u00e1psulas<\/span><\/p>\n<p><span style=\"color: #000000;\">Contenido: 120<\/span><\/p>\n","protected":false},"featured_media":10930,"template":"","meta":[],"product_cat":[534,536],"product_tag":[],"class_list":{"0":"post-10929","1":"product","2":"type-product","3":"status-publish","4":"has-post-thumbnail","6":"product_cat-deportista","7":"product_cat-energia-y-resistencia","9":"first","10":"instock","11":"shipping-taxable","12":"purchasable","13":"product-type-simple"},"yoast_head":"<!-- This site is optimized with the Yoast SEO plugin v25.2 - https:\/\/yoast.com\/wordpress\/plugins\/seo\/ -->\n<title>Lipo Kill Man 120 c\u00e1psulas - YAOMARKET<\/title>\n<meta name=\"robots\" content=\"index, follow, max-snippet:-1, max-image-preview:large, max-video-preview:-1\" \/>\n<link rel=\"canonical\" href=\"https:\/\/yaomarket.cl\/?product=lipo-kill-man-120-capsulas\" \/>\n<meta property=\"og:locale\" content=\"es_ES\" \/>\n<meta property=\"og:type\" content=\"article\" \/>\n<meta property=\"og:title\" content=\"Lipo Kill Man 120 c\u00e1psulas - YAOMARKET\" \/>\n<meta property=\"og:description\" content=\"Producto contiene cafe\u00edna, adem\u00e1s de t\u00e9 verde, L-carnitina, vitaminas y minerales.  Se debe usar de forma progresiva y con la indicaci\u00f3n de un profesional pertinente.  8 componentes activos  Formato: C\u00e1psulas  Contenido: 120\" \/>\n<meta property=\"og:url\" content=\"https:\/\/yaomarket.cl\/?product=lipo-kill-man-120-capsulas\" \/>\n<meta property=\"og:site_name\" content=\"YAOMARKET\" \/>\n<meta property=\"article:publisher\" content=\"https:\/\/www.facebook.com\/yaomarketchile\/\" \/>\n<meta property=\"article:modified_time\" content=\"2025-04-24T03:27:51+00:00\" \/>\n<meta property=\"og:image\" content=\"https:\/\/yaomarket.cl\/wp-content\/uploads\/2025\/02\/LipoNew_600px.jpg\" \/>\n\t<meta property=\"og:image:width\" content=\"600\" \/>\n\t<meta property=\"og:image:height\" content=\"600\" \/>\n\t<meta property=\"og:image:type\" content=\"image\/jpeg\" \/>\n<meta name=\"twitter:card\" content=\"summary_large_image\" \/>\n<meta name=\"twitter:label1\" content=\"Tiempo de lectura\" \/>\n\t<meta name=\"twitter:data1\" content=\"1 minuto\" \/>\n<script type=\"application\/ld+json\" class=\"yoast-schema-graph\">{\"@context\":\"https:\/\/schema.org\",\"@graph\":[{\"@type\":\"WebPage\",\"@id\":\"https:\/\/yaomarket.cl\/?product=lipo-kill-man-120-capsulas\",\"url\":\"https:\/\/yaomarket.cl\/?product=lipo-kill-man-120-capsulas\",\"name\":\"Lipo Kill Man 120 c\u00e1psulas - YAOMARKET\",\"isPartOf\":{\"@id\":\"https:\/\/yaomarket.cl\/#website\"},\"primaryImageOfPage\":{\"@id\":\"https:\/\/yaomarket.cl\/?product=lipo-kill-man-120-capsulas#primaryimage\"},\"image\":{\"@id\":\"https:\/\/yaomarket.cl\/?product=lipo-kill-man-120-capsulas#primaryimage\"},\"thumbnailUrl\":\"https:\/\/yaomarket.cl\/wp-content\/uploads\/2025\/02\/LipoNew_600px.jpg\",\"datePublished\":\"2025-02-24T21:53:42+00:00\",\"dateModified\":\"2025-04-24T03:27:51+00:00\",\"breadcrumb\":{\"@id\":\"https:\/\/yaomarket.cl\/?product=lipo-kill-man-120-capsulas#breadcrumb\"},\"inLanguage\":\"es\",\"potentialAction\":[{\"@type\":\"ReadAction\",\"target\":[\"https:\/\/yaomarket.cl\/?product=lipo-kill-man-120-capsulas\"]}]},{\"@type\":\"ImageObject\",\"inLanguage\":\"es\",\"@id\":\"https:\/\/yaomarket.cl\/?product=lipo-kill-man-120-capsulas#primaryimage\",\"url\":\"https:\/\/yaomarket.cl\/wp-content\/uploads\/2025\/02\/LipoNew_600px.jpg\",\"contentUrl\":\"https:\/\/yaomarket.cl\/wp-content\/uploads\/2025\/02\/LipoNew_600px.jpg\",\"width\":600,\"height\":600},{\"@type\":\"BreadcrumbList\",\"@id\":\"https:\/\/yaomarket.cl\/?product=lipo-kill-man-120-capsulas#breadcrumb\",\"itemListElement\":[{\"@type\":\"ListItem\",\"position\":1,\"name\":\"Portada\",\"item\":\"https:\/\/yaomarket.cl\/\"},{\"@type\":\"ListItem\",\"position\":2,\"name\":\"TIENDA\",\"item\":\"https:\/\/yaomarket.cl\/?page_id=8\"},{\"@type\":\"ListItem\",\"position\":3,\"name\":\"Lipo Kill Man 120 c\u00e1psulas\"}]},{\"@type\":\"WebSite\",\"@id\":\"https:\/\/yaomarket.cl\/#website\",\"url\":\"https:\/\/yaomarket.cl\/\",\"name\":\"YAOMARKET\",\"description\":\"\",\"publisher\":{\"@id\":\"https:\/\/yaomarket.cl\/#organization\"},\"potentialAction\":[{\"@type\":\"SearchAction\",\"target\":{\"@type\":\"EntryPoint\",\"urlTemplate\":\"https:\/\/yaomarket.cl\/?s={search_term_string}\"},\"query-input\":{\"@type\":\"PropertyValueSpecification\",\"valueRequired\":true,\"valueName\":\"search_term_string\"}}],\"inLanguage\":\"es\"},{\"@type\":\"Organization\",\"@id\":\"https:\/\/yaomarket.cl\/#organization\",\"name\":\"YAOMARKET\",\"url\":\"https:\/\/yaomarket.cl\/\",\"logo\":{\"@type\":\"ImageObject\",\"inLanguage\":\"es\",\"@id\":\"https:\/\/yaomarket.cl\/#\/schema\/logo\/image\/\",\"url\":\"https:\/\/yaomarket.cl\/wp-content\/uploads\/2023\/08\/Logo-Original-Yao-Market-Circular.png\",\"contentUrl\":\"https:\/\/yaomarket.cl\/wp-content\/uploads\/2023\/08\/Logo-Original-Yao-Market-Circular.png\",\"width\":522,\"height\":522,\"caption\":\"YAOMARKET\"},\"image\":{\"@id\":\"https:\/\/yaomarket.cl\/#\/schema\/logo\/image\/\"},\"sameAs\":[\"https:\/\/www.facebook.com\/yaomarketchile\/\",\"https:\/\/www.instagram.com\/yao_market\/\"]}]}<\/script>\n<!-- \/ Yoast SEO plugin. -->","yoast_head_json":{"title":"Lipo Kill Man 120 c\u00e1psulas - YAOMARKET","robots":{"index":"index","follow":"follow","max-snippet":"max-snippet:-1","max-image-preview":"max-image-preview:large","max-video-preview":"max-video-preview:-1"},"canonical":"https:\/\/yaomarket.cl\/?product=lipo-kill-man-120-capsulas","og_locale":"es_ES","og_type":"article","og_title":"Lipo Kill Man 120 c\u00e1psulas - YAOMARKET","og_description":"Producto contiene cafe\u00edna, adem\u00e1s de t\u00e9 verde, L-carnitina, vitaminas y minerales.  Se debe usar de forma progresiva y con la indicaci\u00f3n de un profesional pertinente.  8 componentes activos  Formato: C\u00e1psulas  Contenido: 120","og_url":"https:\/\/yaomarket.cl\/?product=lipo-kill-man-120-capsulas","og_site_name":"YAOMARKET","article_publisher":"https:\/\/www.facebook.com\/yaomarketchile\/","article_modified_time":"2025-04-24T03:27:51+00:00","og_image":[{"width":600,"height":600,"url":"https:\/\/yaomarket.cl\/wp-content\/uploads\/2025\/02\/LipoNew_600px.jpg","type":"image\/jpeg"}],"twitter_card":"summary_large_image","twitter_misc":{"Tiempo de lectura":"1 minuto"},"schema":{"@context":"https:\/\/schema.org","@graph":[{"@type":"WebPage","@id":"https:\/\/yaomarket.cl\/?product=lipo-kill-man-120-capsulas","url":"https:\/\/yaomarket.cl\/?product=lipo-kill-man-120-capsulas","name":"Lipo Kill Man 120 c\u00e1psulas - YAOMARKET","isPartOf":{"@id":"https:\/\/yaomarket.cl\/#website"},"primaryImageOfPage":{"@id":"https:\/\/yaomarket.cl\/?product=lipo-kill-man-120-capsulas#primaryimage"},"image":{"@id":"https:\/\/yaomarket.cl\/?product=lipo-kill-man-120-capsulas#primaryimage"},"thumbnailUrl":"https:\/\/yaomarket.cl\/wp-content\/uploads\/2025\/02\/LipoNew_600px.jpg","datePublished":"2025-02-24T21:53:42+00:00","dateModified":"2025-04-24T03:27:51+00:00","breadcrumb":{"@id":"https:\/\/yaomarket.cl\/?product=lipo-kill-man-120-capsulas#breadcrumb"},"inLanguage":"es","potentialAction":[{"@type":"ReadAction","target":["https:\/\/yaomarket.cl\/?product=lipo-kill-man-120-capsulas"]}]},{"@type":"ImageObject","inLanguage":"es","@id":"https:\/\/yaomarket.cl\/?product=lipo-kill-man-120-capsulas#primaryimage","url":"https:\/\/yaomarket.cl\/wp-content\/uploads\/2025\/02\/LipoNew_600px.jpg","contentUrl":"https:\/\/yaomarket.cl\/wp-content\/uploads\/2025\/02\/LipoNew_600px.jpg","width":600,"height":600},{"@type":"BreadcrumbList","@id":"https:\/\/yaomarket.cl\/?product=lipo-kill-man-120-capsulas#breadcrumb","itemListElement":[{"@type":"ListItem","position":1,"name":"Portada","item":"https:\/\/yaomarket.cl\/"},{"@type":"ListItem","position":2,"name":"TIENDA","item":"https:\/\/yaomarket.cl\/?page_id=8"},{"@type":"ListItem","position":3,"name":"Lipo Kill Man 120 c\u00e1psulas"}]},{"@type":"WebSite","@id":"https:\/\/yaomarket.cl\/#website","url":"https:\/\/yaomarket.cl\/","name":"YAOMARKET","description":"","publisher":{"@id":"https:\/\/yaomarket.cl\/#organization"},"potentialAction":[{"@type":"SearchAction","target":{"@type":"EntryPoint","urlTemplate":"https:\/\/yaomarket.cl\/?s={search_term_string}"},"query-input":{"@type":"PropertyValueSpecification","valueRequired":true,"valueName":"search_term_string"}}],"inLanguage":"es"},{"@type":"Organization","@id":"https:\/\/yaomarket.cl\/#organization","name":"YAOMARKET","url":"https:\/\/yaomarket.cl\/","logo":{"@type":"ImageObject","inLanguage":"es","@id":"https:\/\/yaomarket.cl\/#\/schema\/logo\/image\/","url":"https:\/\/yaomarket.cl\/wp-content\/uploads\/2023\/08\/Logo-Original-Yao-Market-Circular.png","contentUrl":"https:\/\/yaomarket.cl\/wp-content\/uploads\/2023\/08\/Logo-Original-Yao-Market-Circular.png","width":522,"height":522,"caption":"YAOMARKET"},"image":{"@id":"https:\/\/yaomarket.cl\/#\/schema\/logo\/image\/"},"sameAs":["https:\/\/www.facebook.com\/yaomarketchile\/","https:\/\/www.instagram.com\/yao_market\/"]}]}},"_links":{"self":[{"href":"https:\/\/yaomarket.cl\/index.php?rest_route=\/wp\/v2\/product\/10929","targetHints":{"allow":["GET"]}}],"collection":[{"href":"https:\/\/yaomarket.cl\/index.php?rest_route=\/wp\/v2\/product"}],"about":[{"href":"https:\/\/yaomarket.cl\/index.php?rest_route=\/wp\/v2\/types\/product"}],"wp:featuredmedia":[{"embeddable":true,"href":"https:\/\/yaomarket.cl\/index.php?rest_route=\/wp\/v2\/media\/10930"}],"wp:attachment":[{"href":"https:\/\/yaomarket.cl\/index.php?rest_route=%2Fwp%2Fv2%2Fmedia&parent=10929"}],"wp:term":[{"taxonomy":"product_cat","embeddable":true,"href":"https:\/\/yaomarket.cl\/index.php?rest_route=%2Fwp%2Fv2%2Fproduct_cat&post=10929"},{"taxonomy":"product_tag","embeddable":true,"href":"https:\/\/yaomarket.cl\/index.php?rest_route=%2Fwp%2Fv2%2Fproduct_tag&post=10929"}],"curies":[{"name":"wp","href":"https:\/\/api.w.org\/{rel}","templated":true}]}}