{"id":10922,"date":"2025-02-24T21:48:23","date_gmt":"2025-02-24T21:48:23","guid":{"rendered":"https:\/\/yaomarket.cl\/?post_type=product&#038;p=10922"},"modified":"2025-06-09T20:20:26","modified_gmt":"2025-06-09T20:20:26","slug":"cafeina-250mg-chronos-100-120-capsulas","status":"publish","type":"product","link":"https:\/\/yaomarket.cl\/?product=cafeina-250mg-chronos-100-120-capsulas","title":{"rendered":"Cafe\u00edna 250mg Chronos 100% 120 c\u00e1psulas"},"content":{"rendered":"<h3><span style=\"color: #000000;\">Cafe\u00edna 250mg Chronos 100% 120 c\u00e1psulas<\/span><\/h3>\n<p><span style=\"color: #000000;\">Cafe\u00edna 250mg Chronos 100% 120 c\u00e1psulas de Winkler Nutrition es un suplemento nutricional en base a cafe\u00edna, posee 250 mg de cafe\u00edna anhidra por porci\u00f3n. Cafe\u00edna Anhidra significa que se encuentra deshidratada para poder estar concentrada en la c\u00e1psula. Cafe\u00edna 250 mg de Winkler Nutrition se caracteriza por sus propiedades estimulantes sobre el sistema nervioso central y propiedades ergog\u00e9nicas en deportes, especialmente en los de resistencia como running, ciclismo o triatl\u00f3n. Es un muy buen complemento que puedes a\u00f1adir a tus entrenamientos para mejorar el rendimiento deportivo.<\/span><\/p>\n<h4><span style=\"color: #000000;\">\u00bfQu\u00e9 es la cafe\u00edna?<\/span><\/h4>\n<p><span style=\"color: #000000;\">La cafe\u00edna es una sustancia que forma parte de la naturaleza, ya que se encuentra en forma natural en compuestos como los granos de caf\u00e9, cacao, bayas de guaran\u00e1, entre otros. Por esta raz\u00f3n, a los derivados de estos alimentos como el caf\u00e9, chocolate o productos en base a guaran\u00e1 se le asocian propiedades estimulantes, energizantes y ergog\u00e9nicas.<\/span><\/p>\n<h3><span style=\"color: #000000;\">Propiedades de la cafe\u00edna<\/span><\/h3>\n<h4><span style=\"color: #000000;\">Estimulante del sistema nervioso central<\/span><\/h4>\n<p><span style=\"color: #000000;\">Dentro de las principales propiedades de la cafe\u00edna 250 de Winkler Nutrition se encuentra el efecto estimulante sobre el sistema nervioso central. Al ser estimulante, aumenta el estado de alerta y reduce la somnolencia. Su efecto estimulante en el sistema nervioso central se produce gracias a la inhibici\u00f3n de receptores de adenosina, los cuales est\u00e1n vinculados al estado de vigilia.<\/span><\/p>\n<h4><span style=\"color: #000000;\">Efecto ergog\u00e9nico<\/span><\/h4>\n<p><span style=\"color: #000000;\">La cafe\u00edna 250 de Winkler Nutrition posee efectos ergog\u00e9nicos, esto quiere decir que tiene beneficios en el desempe\u00f1o f\u00edsico y mejora la percepci\u00f3n de esfuerzo durante el entrenamiento.<\/span><\/p>\n<h4><span style=\"color: #000000;\">Efecto lipol\u00edtico<\/span><\/h4>\n<p><span style=\"color: #000000;\">Su consumo genera un aumento en la movilizaci\u00f3n de \u00e1cidos grasos, por lo que se prioriza el uso de estos como fuente de energ\u00eda y se disminuye el uso de carbohidratos, retrasando el agotamiento de gluc\u00f3geno y, por ende, la fatiga muscular. Esta situaci\u00f3n va a ayudar a mejorar el rendimiento deportivo y va a estimular la oxidaci\u00f3n de \u00e1cidos grasos.<\/span><\/p>\n<h4><span style=\"color: #000000;\">Retardo en sensaci\u00f3n de fatiga muscular<\/span><\/h4>\n<p><span style=\"color: #000000;\">Esta propiedad se genera gracias a que, al priorizar el uso de \u00e1cidos grasos como fuente energ\u00e9tica, se conserva el gluc\u00f3geno muscular, lo que va a retrasar la sensaci\u00f3n de fatiga.<\/span><\/p>\n<p><span style=\"color: #000000;\">El gluc\u00f3geno muscular es una reserva metab\u00f3lica cr\u00edtica en ejercicios de resistencia. Un consumo de cantidades moderadas de cafe\u00edna (2-3 mg por kg de peso corporal) entre 30 minutos a 1 hora antes del ejercicio estimulan un mayor uso y oxidaci\u00f3n de \u00e1cidos grasos, disminuyendo el empleo de gluc\u00f3geno y conservando las reservas musculares de \u00e9ste.<\/span><\/p>\n<h4><span style=\"color: #000000;\">Dosis de administraci\u00f3n<\/span><\/h4>\n<p><span style=\"color: #000000;\">La dosis de administraci\u00f3n de cafe\u00edna 250 mg de Winkler Nutrition es de 1 c\u00e1psula (250 mg de cafe\u00edna) 30 minutos a 1 hora antes de hacer ejercicio. Se recomienda consumir cafe\u00edna alejado de los horarios de descanso ya que podr\u00eda alterar la duraci\u00f3n y patr\u00f3n de sue\u00f1o.<\/span><\/p>\n<h4><span style=\"color: #000000;\">Precauciones<\/span><\/h4>\n<p><span style=\"color: #000000;\">La cafe\u00edna tiene contraindicaciones, ya que, al ser un potente estimulante, podr\u00eda provocar efectos secundarios leves a personas con ciertos antecedentes como embarazo, lactancia, hipertensi\u00f3n y problemas cardiovasculares. Los efectos secundarios que se podr\u00edan desencadenar son: taquicardia, hipertensi\u00f3n, insomnio, dolores de cabeza, ansiedad, agitaci\u00f3n y malestar gastrointestinal. Por esta raz\u00f3n, si tienes antecedentes de alguna patolog\u00eda antes mencionada o te encuentras en etapa de embarazo o lactancia, debes evitar el consumo de cafe\u00edna.<\/span><\/p>\n<p><span style=\"color: #000000;\">Son muchos los estudios que evidencian la eficacia del uso de cafe\u00edna para mejorar el rendimiento deportivo. Es por eso que la cafe\u00edna est\u00e1 catalogada en el grupo A como suplemento seg\u00fan el instituto australiano del deporte. Este instituto clasifica los suplementos deportivos en distintos niveles de acuerdo con el nivel de evidencia cient\u00edfica. Al catalogarse como un suplemento del grupo A, significa que es un suplemento aprobado, comprobado y evaluado cient\u00edficamente.<\/span><\/p>\n<p><span style=\"color: #000000;\">La cafe\u00edna es un excelente aliado para tu entrenamiento, debes tomarlo antes de entrenar y tomar las precauciones necesarias, tales como, no tener las patolog\u00edas o condiciones antes mencionadas para evitar efectos adversos y obtener los mejores resultados. Tambi\u00e9n es importante que lo consumas alejado de tus horas de sue\u00f1o (idealmente en la ma\u00f1ana). De esta forma, sentir\u00e1s mas energ\u00eda, estar\u00e1s m\u00e1s alerta, vas a priorizar el uso de grasas, y tendr\u00e1s menos fatiga muscular.<\/span><\/p>\n","protected":false},"excerpt":{"rendered":"<ul>\n<li><span style=\"color: #000000;\">Cada c\u00e1psula contiene 250 mg de cafe\u00edna anhidra<\/span><\/li>\n<li><span style=\"color: #000000;\">Estimulante<\/span><\/li>\n<li><span style=\"color: #000000;\">Acelera el metabolismo<\/span><\/li>\n<li><span style=\"color: #000000;\">Mejora los niveles de concentraci\u00f3n<\/span><\/li>\n<\/ul>\n<p><span style=\"color: #000000;\">Formato: C\u00e1psulas<\/span><\/p>\n<p><span style=\"color: #000000;\">Contenido: 120<\/span><\/p>\n<p><span style=\"color: #000000;\">Porciones: 120<\/span><\/p>\n<p><span style=\"color: #000000;\">Modo de uso: Consumir 1 c\u00e1psulas 30 minutos antes del entrenamiento\/deporte o lo recomendado por tu nutricionista.<\/span><\/p>\n","protected":false},"featured_media":10923,"template":"","meta":[],"product_cat":[534,536,724],"product_tag":[],"class_list":{"0":"post-10922","1":"product","2":"type-product","3":"status-publish","4":"has-post-thumbnail","6":"product_cat-deportista","7":"product_cat-energia-y-resistencia","8":"product_cat-pre-entrenamientos","10":"first","11":"instock","12":"shipping-taxable","13":"purchasable","14":"product-type-simple"},"yoast_head":"<!-- This site is optimized with the Yoast SEO plugin v25.2 - https:\/\/yoast.com\/wordpress\/plugins\/seo\/ -->\n<title>Cafe\u00edna 250mg Chronos 100% 120 c\u00e1psulas - YAOMARKET<\/title>\n<meta name=\"robots\" content=\"index, follow, max-snippet:-1, max-image-preview:large, max-video-preview:-1\" \/>\n<link rel=\"canonical\" href=\"https:\/\/yaomarket.cl\/?product=cafeina-250mg-chronos-100-120-capsulas\" \/>\n<meta property=\"og:locale\" content=\"es_ES\" \/>\n<meta property=\"og:type\" content=\"article\" \/>\n<meta property=\"og:title\" content=\"Cafe\u00edna 250mg Chronos 100% 120 c\u00e1psulas - YAOMARKET\" \/>\n<meta property=\"og:description\" content=\"Cada c\u00e1psula contiene 250 mg de cafe\u00edna anhidra  Estimulante  Acelera el metabolismo  Mejora los niveles de concentraci\u00f3n  Formato: C\u00e1psulas  Contenido: 120  Porciones: 120  Modo de uso: Consumir 1 c\u00e1psulas 30 minutos antes del entrenamiento\/deporte o lo recomendado por tu nutricionista.\" \/>\n<meta property=\"og:url\" content=\"https:\/\/yaomarket.cl\/?product=cafeina-250mg-chronos-100-120-capsulas\" \/>\n<meta property=\"og:site_name\" content=\"YAOMARKET\" \/>\n<meta property=\"article:publisher\" content=\"https:\/\/www.facebook.com\/yaomarketchile\/\" \/>\n<meta property=\"article:modified_time\" content=\"2025-06-09T20:20:26+00:00\" \/>\n<meta property=\"og:image\" content=\"https:\/\/yaomarket.cl\/wp-content\/uploads\/2025\/02\/Chronos250_600px-2.jpg\" \/>\n\t<meta property=\"og:image:width\" content=\"600\" \/>\n\t<meta property=\"og:image:height\" content=\"600\" \/>\n\t<meta property=\"og:image:type\" content=\"image\/jpeg\" \/>\n<meta name=\"twitter:card\" content=\"summary_large_image\" \/>\n<meta name=\"twitter:label1\" content=\"Tiempo de lectura\" \/>\n\t<meta name=\"twitter:data1\" content=\"4 minutos\" \/>\n<script type=\"application\/ld+json\" class=\"yoast-schema-graph\">{\"@context\":\"https:\/\/schema.org\",\"@graph\":[{\"@type\":\"WebPage\",\"@id\":\"https:\/\/yaomarket.cl\/?product=cafeina-250mg-chronos-100-120-capsulas\",\"url\":\"https:\/\/yaomarket.cl\/?product=cafeina-250mg-chronos-100-120-capsulas\",\"name\":\"Cafe\u00edna 250mg Chronos 100% 120 c\u00e1psulas - YAOMARKET\",\"isPartOf\":{\"@id\":\"https:\/\/yaomarket.cl\/#website\"},\"primaryImageOfPage\":{\"@id\":\"https:\/\/yaomarket.cl\/?product=cafeina-250mg-chronos-100-120-capsulas#primaryimage\"},\"image\":{\"@id\":\"https:\/\/yaomarket.cl\/?product=cafeina-250mg-chronos-100-120-capsulas#primaryimage\"},\"thumbnailUrl\":\"https:\/\/yaomarket.cl\/wp-content\/uploads\/2025\/02\/Chronos250_600px-2.jpg\",\"datePublished\":\"2025-02-24T21:48:23+00:00\",\"dateModified\":\"2025-06-09T20:20:26+00:00\",\"breadcrumb\":{\"@id\":\"https:\/\/yaomarket.cl\/?product=cafeina-250mg-chronos-100-120-capsulas#breadcrumb\"},\"inLanguage\":\"es\",\"potentialAction\":[{\"@type\":\"ReadAction\",\"target\":[\"https:\/\/yaomarket.cl\/?product=cafeina-250mg-chronos-100-120-capsulas\"]}]},{\"@type\":\"ImageObject\",\"inLanguage\":\"es\",\"@id\":\"https:\/\/yaomarket.cl\/?product=cafeina-250mg-chronos-100-120-capsulas#primaryimage\",\"url\":\"https:\/\/yaomarket.cl\/wp-content\/uploads\/2025\/02\/Chronos250_600px-2.jpg\",\"contentUrl\":\"https:\/\/yaomarket.cl\/wp-content\/uploads\/2025\/02\/Chronos250_600px-2.jpg\",\"width\":600,\"height\":600},{\"@type\":\"BreadcrumbList\",\"@id\":\"https:\/\/yaomarket.cl\/?product=cafeina-250mg-chronos-100-120-capsulas#breadcrumb\",\"itemListElement\":[{\"@type\":\"ListItem\",\"position\":1,\"name\":\"Portada\",\"item\":\"https:\/\/yaomarket.cl\/\"},{\"@type\":\"ListItem\",\"position\":2,\"name\":\"TIENDA\",\"item\":\"https:\/\/yaomarket.cl\/?page_id=8\"},{\"@type\":\"ListItem\",\"position\":3,\"name\":\"Cafe\u00edna 250mg Chronos 100% 120 c\u00e1psulas\"}]},{\"@type\":\"WebSite\",\"@id\":\"https:\/\/yaomarket.cl\/#website\",\"url\":\"https:\/\/yaomarket.cl\/\",\"name\":\"YAOMARKET\",\"description\":\"\",\"publisher\":{\"@id\":\"https:\/\/yaomarket.cl\/#organization\"},\"potentialAction\":[{\"@type\":\"SearchAction\",\"target\":{\"@type\":\"EntryPoint\",\"urlTemplate\":\"https:\/\/yaomarket.cl\/?s={search_term_string}\"},\"query-input\":{\"@type\":\"PropertyValueSpecification\",\"valueRequired\":true,\"valueName\":\"search_term_string\"}}],\"inLanguage\":\"es\"},{\"@type\":\"Organization\",\"@id\":\"https:\/\/yaomarket.cl\/#organization\",\"name\":\"YAOMARKET\",\"url\":\"https:\/\/yaomarket.cl\/\",\"logo\":{\"@type\":\"ImageObject\",\"inLanguage\":\"es\",\"@id\":\"https:\/\/yaomarket.cl\/#\/schema\/logo\/image\/\",\"url\":\"https:\/\/yaomarket.cl\/wp-content\/uploads\/2023\/08\/Logo-Original-Yao-Market-Circular.png\",\"contentUrl\":\"https:\/\/yaomarket.cl\/wp-content\/uploads\/2023\/08\/Logo-Original-Yao-Market-Circular.png\",\"width\":522,\"height\":522,\"caption\":\"YAOMARKET\"},\"image\":{\"@id\":\"https:\/\/yaomarket.cl\/#\/schema\/logo\/image\/\"},\"sameAs\":[\"https:\/\/www.facebook.com\/yaomarketchile\/\",\"https:\/\/www.instagram.com\/yao_market\/\"]}]}<\/script>\n<!-- \/ Yoast SEO plugin. -->","yoast_head_json":{"title":"Cafe\u00edna 250mg Chronos 100% 120 c\u00e1psulas - YAOMARKET","robots":{"index":"index","follow":"follow","max-snippet":"max-snippet:-1","max-image-preview":"max-image-preview:large","max-video-preview":"max-video-preview:-1"},"canonical":"https:\/\/yaomarket.cl\/?product=cafeina-250mg-chronos-100-120-capsulas","og_locale":"es_ES","og_type":"article","og_title":"Cafe\u00edna 250mg Chronos 100% 120 c\u00e1psulas - YAOMARKET","og_description":"Cada c\u00e1psula contiene 250 mg de cafe\u00edna anhidra  Estimulante  Acelera el metabolismo  Mejora los niveles de concentraci\u00f3n  Formato: C\u00e1psulas  Contenido: 120  Porciones: 120  Modo de uso: Consumir 1 c\u00e1psulas 30 minutos antes del entrenamiento\/deporte o lo recomendado por tu nutricionista.","og_url":"https:\/\/yaomarket.cl\/?product=cafeina-250mg-chronos-100-120-capsulas","og_site_name":"YAOMARKET","article_publisher":"https:\/\/www.facebook.com\/yaomarketchile\/","article_modified_time":"2025-06-09T20:20:26+00:00","og_image":[{"width":600,"height":600,"url":"https:\/\/yaomarket.cl\/wp-content\/uploads\/2025\/02\/Chronos250_600px-2.jpg","type":"image\/jpeg"}],"twitter_card":"summary_large_image","twitter_misc":{"Tiempo de lectura":"4 minutos"},"schema":{"@context":"https:\/\/schema.org","@graph":[{"@type":"WebPage","@id":"https:\/\/yaomarket.cl\/?product=cafeina-250mg-chronos-100-120-capsulas","url":"https:\/\/yaomarket.cl\/?product=cafeina-250mg-chronos-100-120-capsulas","name":"Cafe\u00edna 250mg Chronos 100% 120 c\u00e1psulas - YAOMARKET","isPartOf":{"@id":"https:\/\/yaomarket.cl\/#website"},"primaryImageOfPage":{"@id":"https:\/\/yaomarket.cl\/?product=cafeina-250mg-chronos-100-120-capsulas#primaryimage"},"image":{"@id":"https:\/\/yaomarket.cl\/?product=cafeina-250mg-chronos-100-120-capsulas#primaryimage"},"thumbnailUrl":"https:\/\/yaomarket.cl\/wp-content\/uploads\/2025\/02\/Chronos250_600px-2.jpg","datePublished":"2025-02-24T21:48:23+00:00","dateModified":"2025-06-09T20:20:26+00:00","breadcrumb":{"@id":"https:\/\/yaomarket.cl\/?product=cafeina-250mg-chronos-100-120-capsulas#breadcrumb"},"inLanguage":"es","potentialAction":[{"@type":"ReadAction","target":["https:\/\/yaomarket.cl\/?product=cafeina-250mg-chronos-100-120-capsulas"]}]},{"@type":"ImageObject","inLanguage":"es","@id":"https:\/\/yaomarket.cl\/?product=cafeina-250mg-chronos-100-120-capsulas#primaryimage","url":"https:\/\/yaomarket.cl\/wp-content\/uploads\/2025\/02\/Chronos250_600px-2.jpg","contentUrl":"https:\/\/yaomarket.cl\/wp-content\/uploads\/2025\/02\/Chronos250_600px-2.jpg","width":600,"height":600},{"@type":"BreadcrumbList","@id":"https:\/\/yaomarket.cl\/?product=cafeina-250mg-chronos-100-120-capsulas#breadcrumb","itemListElement":[{"@type":"ListItem","position":1,"name":"Portada","item":"https:\/\/yaomarket.cl\/"},{"@type":"ListItem","position":2,"name":"TIENDA","item":"https:\/\/yaomarket.cl\/?page_id=8"},{"@type":"ListItem","position":3,"name":"Cafe\u00edna 250mg Chronos 100% 120 c\u00e1psulas"}]},{"@type":"WebSite","@id":"https:\/\/yaomarket.cl\/#website","url":"https:\/\/yaomarket.cl\/","name":"YAOMARKET","description":"","publisher":{"@id":"https:\/\/yaomarket.cl\/#organization"},"potentialAction":[{"@type":"SearchAction","target":{"@type":"EntryPoint","urlTemplate":"https:\/\/yaomarket.cl\/?s={search_term_string}"},"query-input":{"@type":"PropertyValueSpecification","valueRequired":true,"valueName":"search_term_string"}}],"inLanguage":"es"},{"@type":"Organization","@id":"https:\/\/yaomarket.cl\/#organization","name":"YAOMARKET","url":"https:\/\/yaomarket.cl\/","logo":{"@type":"ImageObject","inLanguage":"es","@id":"https:\/\/yaomarket.cl\/#\/schema\/logo\/image\/","url":"https:\/\/yaomarket.cl\/wp-content\/uploads\/2023\/08\/Logo-Original-Yao-Market-Circular.png","contentUrl":"https:\/\/yaomarket.cl\/wp-content\/uploads\/2023\/08\/Logo-Original-Yao-Market-Circular.png","width":522,"height":522,"caption":"YAOMARKET"},"image":{"@id":"https:\/\/yaomarket.cl\/#\/schema\/logo\/image\/"},"sameAs":["https:\/\/www.facebook.com\/yaomarketchile\/","https:\/\/www.instagram.com\/yao_market\/"]}]}},"_links":{"self":[{"href":"https:\/\/yaomarket.cl\/index.php?rest_route=\/wp\/v2\/product\/10922","targetHints":{"allow":["GET"]}}],"collection":[{"href":"https:\/\/yaomarket.cl\/index.php?rest_route=\/wp\/v2\/product"}],"about":[{"href":"https:\/\/yaomarket.cl\/index.php?rest_route=\/wp\/v2\/types\/product"}],"wp:featuredmedia":[{"embeddable":true,"href":"https:\/\/yaomarket.cl\/index.php?rest_route=\/wp\/v2\/media\/10923"}],"wp:attachment":[{"href":"https:\/\/yaomarket.cl\/index.php?rest_route=%2Fwp%2Fv2%2Fmedia&parent=10922"}],"wp:term":[{"taxonomy":"product_cat","embeddable":true,"href":"https:\/\/yaomarket.cl\/index.php?rest_route=%2Fwp%2Fv2%2Fproduct_cat&post=10922"},{"taxonomy":"product_tag","embeddable":true,"href":"https:\/\/yaomarket.cl\/index.php?rest_route=%2Fwp%2Fv2%2Fproduct_tag&post=10922"}],"curies":[{"name":"wp","href":"https:\/\/api.w.org\/{rel}","templated":true}]}}