{"id":10917,"date":"2025-02-24T21:45:43","date_gmt":"2025-02-24T21:45:43","guid":{"rendered":"https:\/\/yaomarket.cl\/?post_type=product&#038;p=10917"},"modified":"2025-06-09T21:37:56","modified_gmt":"2025-06-09T21:37:56","slug":"cafe-coffit-collagen-300-grs","status":"publish","type":"product","link":"https:\/\/yaomarket.cl\/?product=cafe-coffit-collagen-300-grs","title":{"rendered":"Caf\u00e9 Coffit Collagen 300 grs."},"content":{"rendered":"<h3><span style=\"color: #000000;\"><strong>Caf\u00e9 Coffit Collagen 300 grs.<\/strong><\/span><\/h3>\n<h4><span style=\"color: #000000;\"><strong>Caf\u00e9 Coffit Collagen 300 grs.: El nuevo Coffit con 11 g de col\u00e1geno por porci\u00f3n y 4 poderosos superalimentos<\/strong><\/span><\/h4>\n<p><span style=\"color: #000000;\">Coffit Collagen es el nuevo caf\u00e9 con col\u00e1geno de la l\u00ednea Coffit con una innovadora mezcla que combina el delicioso y aut\u00e9ntico sabor de Coffit\u00a0con 11 g de col\u00e1geno hidrolizado, 100 mg de cafe\u00edna natural y el poder de 4 superalimentos: c\u00farcuma, canela, cacao y jengibre. Dise\u00f1ado para quienes buscan mejorar la salud de su piel, cabello y articulaciones mientras disfrutan de un Boost de energ\u00eda natural.<\/span><\/p>\n<h4><span style=\"color: #000000;\"><strong>\u00bfPor qu\u00e9 elegir Coffit Collagen?<\/strong><\/span><\/h4>\n<p><span style=\"color: #000000;\">Coffit Collagen, el caf\u00e9 con col\u00e1geno de Revitta Wellness contiene 11 gramos de col\u00e1geno hidrolizado por porci\u00f3n. El col\u00e1geno es una prote\u00edna fundamental para nuestro organismo ya que forma parte de importantes tejidos como huesos, articulaciones, cart\u00edlagos y piel. Consumirlo podr\u00eda ayudar a conservar nuestras tejidos y huesos m\u00e1s saludables.<\/span><\/p>\n<p><span style=\"color: #000000;\">Adem\u00e1s, su contenido de 100 mg de cafe\u00edna por porci\u00f3n brinda energ\u00eda, aumenta el estado de alerta, concentraci\u00f3n y retrasa la fatiga muscular. Por lo que es ideal para comenzar el d\u00eda o potenciar tu rendimiento en el entrenamiento.<\/span><\/p>\n<p><span style=\"color: #000000;\">Por otro lado, contiene 4 superalimentos: c\u00farcuma, canela, cacao y jengibre, los cuales poseen propiedades energizantes, antioxidantes, y podr\u00edan ayudar a reducir los niveles de inflamaci\u00f3n.<\/span><\/p>\n","protected":false},"excerpt":{"rendered":"<h4><span style=\"color: #000000;\">Caf\u00e9 Coffit Collagen 300 grs. de Winkler Nutrition:<\/span><\/h4>\n<ul>\n<li><span style=\"color: #000000;\">100 grs. de cafe\u00edna por porci\u00f3n<\/span><\/li>\n<li><span style=\"color: #000000;\">Col\u00e1geno hidrolizado<\/span><\/li>\n<li><span style=\"color: #000000;\">Con adici\u00f3n de Cacao, c\u00farcuma, canela y jengibre<\/span><\/li>\n<li><span style=\"color: #000000;\">Sin az\u00facar a\u00f1adida<\/span><\/li>\n<li><span style=\"color: #000000;\">Caf\u00e9 100% ar\u00e1bico<\/span><\/li>\n<\/ul>\n<p><span style=\"color: #000000;\">Formato: Polvo<\/span><\/p>\n<p><span style=\"color: #000000;\">Porciones: 15 (20 grs.)<\/span><\/p>\n<p><span style=\"color: #000000;\">Sabor: Cacao<\/span><\/p>\n<p><span style=\"color: #000000;\">Modo de uso: Disolver 1 medida dosificadora o 2 cucharadas soperas (20 grs.) en 250cc de agua caliente, consumir de inmediato.<\/span><\/p>\n","protected":false},"featured_media":10918,"template":"","meta":[],"product_cat":[534,536,726],"product_tag":[],"class_list":{"0":"post-10917","1":"product","2":"type-product","3":"status-publish","4":"has-post-thumbnail","6":"product_cat-deportista","7":"product_cat-energia-y-resistencia","8":"product_cat-super-alimentos","10":"first","11":"instock","12":"shipping-taxable","13":"purchasable","14":"product-type-simple"},"yoast_head":"<!-- This site is optimized with the Yoast SEO plugin v25.2 - https:\/\/yoast.com\/wordpress\/plugins\/seo\/ -->\n<title>Caf\u00e9 Coffit Collagen 300 grs. - YAOMARKET<\/title>\n<meta name=\"robots\" content=\"index, follow, max-snippet:-1, max-image-preview:large, max-video-preview:-1\" \/>\n<link rel=\"canonical\" href=\"https:\/\/yaomarket.cl\/?product=cafe-coffit-collagen-300-grs\" \/>\n<meta property=\"og:locale\" content=\"es_ES\" \/>\n<meta property=\"og:type\" content=\"article\" \/>\n<meta property=\"og:title\" content=\"Caf\u00e9 Coffit Collagen 300 grs. - YAOMARKET\" \/>\n<meta property=\"og:description\" content=\"Caf\u00e9 Coffit Collagen 300 grs. de Winkler Nutrition:   100 grs. de cafe\u00edna por porci\u00f3n  Col\u00e1geno hidrolizado  Con adici\u00f3n de Cacao, c\u00farcuma, canela y jengibre  Sin az\u00facar a\u00f1adida  Caf\u00e9 100% ar\u00e1bico  Formato: Polvo  Porciones: 15 (20 grs.)  Sabor: Cacao  Modo de uso: Disolver 1 medida dosificadora o 2 cucharadas soperas (20 grs.) en 250cc de agua caliente, consumir de inmediato.\" \/>\n<meta property=\"og:url\" content=\"https:\/\/yaomarket.cl\/?product=cafe-coffit-collagen-300-grs\" \/>\n<meta property=\"og:site_name\" content=\"YAOMARKET\" \/>\n<meta property=\"article:publisher\" content=\"https:\/\/www.facebook.com\/yaomarketchile\/\" \/>\n<meta property=\"article:modified_time\" content=\"2025-06-09T21:37:56+00:00\" \/>\n<meta property=\"og:image\" content=\"https:\/\/yaomarket.cl\/wp-content\/uploads\/2025\/02\/CoffitCollagen1_600px.jpg\" \/>\n\t<meta property=\"og:image:width\" content=\"600\" \/>\n\t<meta property=\"og:image:height\" content=\"600\" \/>\n\t<meta property=\"og:image:type\" content=\"image\/jpeg\" \/>\n<meta name=\"twitter:card\" content=\"summary_large_image\" \/>\n<meta name=\"twitter:label1\" content=\"Tiempo de lectura\" \/>\n\t<meta name=\"twitter:data1\" content=\"1 minuto\" \/>\n<script type=\"application\/ld+json\" class=\"yoast-schema-graph\">{\"@context\":\"https:\/\/schema.org\",\"@graph\":[{\"@type\":\"WebPage\",\"@id\":\"https:\/\/yaomarket.cl\/?product=cafe-coffit-collagen-300-grs\",\"url\":\"https:\/\/yaomarket.cl\/?product=cafe-coffit-collagen-300-grs\",\"name\":\"Caf\u00e9 Coffit Collagen 300 grs. - YAOMARKET\",\"isPartOf\":{\"@id\":\"https:\/\/yaomarket.cl\/#website\"},\"primaryImageOfPage\":{\"@id\":\"https:\/\/yaomarket.cl\/?product=cafe-coffit-collagen-300-grs#primaryimage\"},\"image\":{\"@id\":\"https:\/\/yaomarket.cl\/?product=cafe-coffit-collagen-300-grs#primaryimage\"},\"thumbnailUrl\":\"https:\/\/yaomarket.cl\/wp-content\/uploads\/2025\/02\/CoffitCollagen1_600px.jpg\",\"datePublished\":\"2025-02-24T21:45:43+00:00\",\"dateModified\":\"2025-06-09T21:37:56+00:00\",\"breadcrumb\":{\"@id\":\"https:\/\/yaomarket.cl\/?product=cafe-coffit-collagen-300-grs#breadcrumb\"},\"inLanguage\":\"es\",\"potentialAction\":[{\"@type\":\"ReadAction\",\"target\":[\"https:\/\/yaomarket.cl\/?product=cafe-coffit-collagen-300-grs\"]}]},{\"@type\":\"ImageObject\",\"inLanguage\":\"es\",\"@id\":\"https:\/\/yaomarket.cl\/?product=cafe-coffit-collagen-300-grs#primaryimage\",\"url\":\"https:\/\/yaomarket.cl\/wp-content\/uploads\/2025\/02\/CoffitCollagen1_600px.jpg\",\"contentUrl\":\"https:\/\/yaomarket.cl\/wp-content\/uploads\/2025\/02\/CoffitCollagen1_600px.jpg\",\"width\":600,\"height\":600},{\"@type\":\"BreadcrumbList\",\"@id\":\"https:\/\/yaomarket.cl\/?product=cafe-coffit-collagen-300-grs#breadcrumb\",\"itemListElement\":[{\"@type\":\"ListItem\",\"position\":1,\"name\":\"Portada\",\"item\":\"https:\/\/yaomarket.cl\/\"},{\"@type\":\"ListItem\",\"position\":2,\"name\":\"TIENDA\",\"item\":\"https:\/\/yaomarket.cl\/?page_id=8\"},{\"@type\":\"ListItem\",\"position\":3,\"name\":\"Caf\u00e9 Coffit Collagen 300 grs.\"}]},{\"@type\":\"WebSite\",\"@id\":\"https:\/\/yaomarket.cl\/#website\",\"url\":\"https:\/\/yaomarket.cl\/\",\"name\":\"YAOMARKET\",\"description\":\"\",\"publisher\":{\"@id\":\"https:\/\/yaomarket.cl\/#organization\"},\"potentialAction\":[{\"@type\":\"SearchAction\",\"target\":{\"@type\":\"EntryPoint\",\"urlTemplate\":\"https:\/\/yaomarket.cl\/?s={search_term_string}\"},\"query-input\":{\"@type\":\"PropertyValueSpecification\",\"valueRequired\":true,\"valueName\":\"search_term_string\"}}],\"inLanguage\":\"es\"},{\"@type\":\"Organization\",\"@id\":\"https:\/\/yaomarket.cl\/#organization\",\"name\":\"YAOMARKET\",\"url\":\"https:\/\/yaomarket.cl\/\",\"logo\":{\"@type\":\"ImageObject\",\"inLanguage\":\"es\",\"@id\":\"https:\/\/yaomarket.cl\/#\/schema\/logo\/image\/\",\"url\":\"https:\/\/yaomarket.cl\/wp-content\/uploads\/2023\/08\/Logo-Original-Yao-Market-Circular.png\",\"contentUrl\":\"https:\/\/yaomarket.cl\/wp-content\/uploads\/2023\/08\/Logo-Original-Yao-Market-Circular.png\",\"width\":522,\"height\":522,\"caption\":\"YAOMARKET\"},\"image\":{\"@id\":\"https:\/\/yaomarket.cl\/#\/schema\/logo\/image\/\"},\"sameAs\":[\"https:\/\/www.facebook.com\/yaomarketchile\/\",\"https:\/\/www.instagram.com\/yao_market\/\"]}]}<\/script>\n<!-- \/ Yoast SEO plugin. -->","yoast_head_json":{"title":"Caf\u00e9 Coffit Collagen 300 grs. - YAOMARKET","robots":{"index":"index","follow":"follow","max-snippet":"max-snippet:-1","max-image-preview":"max-image-preview:large","max-video-preview":"max-video-preview:-1"},"canonical":"https:\/\/yaomarket.cl\/?product=cafe-coffit-collagen-300-grs","og_locale":"es_ES","og_type":"article","og_title":"Caf\u00e9 Coffit Collagen 300 grs. - YAOMARKET","og_description":"Caf\u00e9 Coffit Collagen 300 grs. de Winkler Nutrition:   100 grs. de cafe\u00edna por porci\u00f3n  Col\u00e1geno hidrolizado  Con adici\u00f3n de Cacao, c\u00farcuma, canela y jengibre  Sin az\u00facar a\u00f1adida  Caf\u00e9 100% ar\u00e1bico  Formato: Polvo  Porciones: 15 (20 grs.)  Sabor: Cacao  Modo de uso: Disolver 1 medida dosificadora o 2 cucharadas soperas (20 grs.) en 250cc de agua caliente, consumir de inmediato.","og_url":"https:\/\/yaomarket.cl\/?product=cafe-coffit-collagen-300-grs","og_site_name":"YAOMARKET","article_publisher":"https:\/\/www.facebook.com\/yaomarketchile\/","article_modified_time":"2025-06-09T21:37:56+00:00","og_image":[{"width":600,"height":600,"url":"https:\/\/yaomarket.cl\/wp-content\/uploads\/2025\/02\/CoffitCollagen1_600px.jpg","type":"image\/jpeg"}],"twitter_card":"summary_large_image","twitter_misc":{"Tiempo de lectura":"1 minuto"},"schema":{"@context":"https:\/\/schema.org","@graph":[{"@type":"WebPage","@id":"https:\/\/yaomarket.cl\/?product=cafe-coffit-collagen-300-grs","url":"https:\/\/yaomarket.cl\/?product=cafe-coffit-collagen-300-grs","name":"Caf\u00e9 Coffit Collagen 300 grs. - YAOMARKET","isPartOf":{"@id":"https:\/\/yaomarket.cl\/#website"},"primaryImageOfPage":{"@id":"https:\/\/yaomarket.cl\/?product=cafe-coffit-collagen-300-grs#primaryimage"},"image":{"@id":"https:\/\/yaomarket.cl\/?product=cafe-coffit-collagen-300-grs#primaryimage"},"thumbnailUrl":"https:\/\/yaomarket.cl\/wp-content\/uploads\/2025\/02\/CoffitCollagen1_600px.jpg","datePublished":"2025-02-24T21:45:43+00:00","dateModified":"2025-06-09T21:37:56+00:00","breadcrumb":{"@id":"https:\/\/yaomarket.cl\/?product=cafe-coffit-collagen-300-grs#breadcrumb"},"inLanguage":"es","potentialAction":[{"@type":"ReadAction","target":["https:\/\/yaomarket.cl\/?product=cafe-coffit-collagen-300-grs"]}]},{"@type":"ImageObject","inLanguage":"es","@id":"https:\/\/yaomarket.cl\/?product=cafe-coffit-collagen-300-grs#primaryimage","url":"https:\/\/yaomarket.cl\/wp-content\/uploads\/2025\/02\/CoffitCollagen1_600px.jpg","contentUrl":"https:\/\/yaomarket.cl\/wp-content\/uploads\/2025\/02\/CoffitCollagen1_600px.jpg","width":600,"height":600},{"@type":"BreadcrumbList","@id":"https:\/\/yaomarket.cl\/?product=cafe-coffit-collagen-300-grs#breadcrumb","itemListElement":[{"@type":"ListItem","position":1,"name":"Portada","item":"https:\/\/yaomarket.cl\/"},{"@type":"ListItem","position":2,"name":"TIENDA","item":"https:\/\/yaomarket.cl\/?page_id=8"},{"@type":"ListItem","position":3,"name":"Caf\u00e9 Coffit Collagen 300 grs."}]},{"@type":"WebSite","@id":"https:\/\/yaomarket.cl\/#website","url":"https:\/\/yaomarket.cl\/","name":"YAOMARKET","description":"","publisher":{"@id":"https:\/\/yaomarket.cl\/#organization"},"potentialAction":[{"@type":"SearchAction","target":{"@type":"EntryPoint","urlTemplate":"https:\/\/yaomarket.cl\/?s={search_term_string}"},"query-input":{"@type":"PropertyValueSpecification","valueRequired":true,"valueName":"search_term_string"}}],"inLanguage":"es"},{"@type":"Organization","@id":"https:\/\/yaomarket.cl\/#organization","name":"YAOMARKET","url":"https:\/\/yaomarket.cl\/","logo":{"@type":"ImageObject","inLanguage":"es","@id":"https:\/\/yaomarket.cl\/#\/schema\/logo\/image\/","url":"https:\/\/yaomarket.cl\/wp-content\/uploads\/2023\/08\/Logo-Original-Yao-Market-Circular.png","contentUrl":"https:\/\/yaomarket.cl\/wp-content\/uploads\/2023\/08\/Logo-Original-Yao-Market-Circular.png","width":522,"height":522,"caption":"YAOMARKET"},"image":{"@id":"https:\/\/yaomarket.cl\/#\/schema\/logo\/image\/"},"sameAs":["https:\/\/www.facebook.com\/yaomarketchile\/","https:\/\/www.instagram.com\/yao_market\/"]}]}},"_links":{"self":[{"href":"https:\/\/yaomarket.cl\/index.php?rest_route=\/wp\/v2\/product\/10917","targetHints":{"allow":["GET"]}}],"collection":[{"href":"https:\/\/yaomarket.cl\/index.php?rest_route=\/wp\/v2\/product"}],"about":[{"href":"https:\/\/yaomarket.cl\/index.php?rest_route=\/wp\/v2\/types\/product"}],"wp:featuredmedia":[{"embeddable":true,"href":"https:\/\/yaomarket.cl\/index.php?rest_route=\/wp\/v2\/media\/10918"}],"wp:attachment":[{"href":"https:\/\/yaomarket.cl\/index.php?rest_route=%2Fwp%2Fv2%2Fmedia&parent=10917"}],"wp:term":[{"taxonomy":"product_cat","embeddable":true,"href":"https:\/\/yaomarket.cl\/index.php?rest_route=%2Fwp%2Fv2%2Fproduct_cat&post=10917"},{"taxonomy":"product_tag","embeddable":true,"href":"https:\/\/yaomarket.cl\/index.php?rest_route=%2Fwp%2Fv2%2Fproduct_tag&post=10917"}],"curies":[{"name":"wp","href":"https:\/\/api.w.org\/{rel}","templated":true}]}}