{"id":10914,"date":"2025-02-24T21:41:15","date_gmt":"2025-02-24T21:41:15","guid":{"rendered":"https:\/\/yaomarket.cl\/?post_type=product&#038;p=10914"},"modified":"2025-06-09T20:20:05","modified_gmt":"2025-06-09T20:20:05","slug":"cafeina-anhidra-50mg-chronos-5-0-120-capsulas","status":"publish","type":"product","link":"https:\/\/yaomarket.cl\/?product=cafeina-anhidra-50mg-chronos-5-0-120-capsulas","title":{"rendered":"Cafe\u00edna Anhidra 50mg Chronos 5.0 120 c\u00e1psulas"},"content":{"rendered":"<h4><span style=\"color: #000000;\">Cafe\u00edna anhidra 50mg Chronos 5.0 120 c\u00e1psulas<\/span><\/h4>\n<p><span style=\"color: #000000;\">Cafe\u00edna anhidra 50mg Chronos 5.0 es un suplemento en base a cafe\u00edna anhidra, la cual es un estimulante del Sistema Nervioso Central, su principal funci\u00f3n en nuestro organismo es mantener un estado de alerta, lo que ayuda a las tareas cognitivas y f\u00edsicas como por ejemplo el entrenamiento. Ayuda a mejorar los niveles de concentraci\u00f3n, y de activaci\u00f3n neuromuscular lo que permite mantener elevados niveles de intensidad de trabajo f\u00edsico por m\u00e1s tiempo, ayudando a ejecutar de manera m\u00e1s eficiente o por m\u00e1s tiempo los trabajos f\u00edsicos de predominancia aer\u00f3bica.<\/span><\/p>\n<p><span style=\"color: #000000;\">Por el est\u00edmulo hormonal que provoca, facilita la liberaci\u00f3n de \u00e1cidos grasos de sus dep\u00f3sitos para ser utilizados como energ\u00eda durante el entrenamiento. Por estas razones Cafe\u00edna anhidra 50mg Chronos 5.0 es un suplemento ideal para personas que realizan trabajos que requieran una activaci\u00f3n previa o en aquellas personas que ejecutan entrenamientos de larga duraci\u00f3n. La prescripci\u00f3n de este suplemento debe ser realizada por un profesional responsable.<\/span><\/p>\n","protected":false},"excerpt":{"rendered":"<p><span style=\"color: #000000;\"><strong>Cafe\u00edna anhidra 50mg Chronos 5.0 120 c\u00e1psulas de Winkler Nutrition:<\/strong><\/span><\/p>\n<ul>\n<li><span style=\"color: #000000;\">Cada c\u00e1psula contiene 50 mg de cafe\u00edna anhidra<\/span><\/li>\n<li><span style=\"color: #000000;\">Estimulante<\/span><\/li>\n<li><span style=\"color: #000000;\">Acelera el metabolismo<\/span><\/li>\n<li><span style=\"color: #000000;\">Mejora los niveles de concentraci\u00f3n<\/span><\/li>\n<li><span style=\"color: #000000;\">Termog\u00e9nico<\/span><\/li>\n<\/ul>\n<p><span style=\"color: #000000;\">Formato: C\u00e1psulas<\/span><\/p>\n<p><span style=\"color: #000000;\">Contenido: 120<\/span><\/p>\n<p><span style=\"color: #000000;\">Porciones: 120<\/span><\/p>\n","protected":false},"featured_media":10915,"template":"","meta":[],"product_cat":[534,536,724],"product_tag":[],"class_list":{"0":"post-10914","1":"product","2":"type-product","3":"status-publish","4":"has-post-thumbnail","6":"product_cat-deportista","7":"product_cat-energia-y-resistencia","8":"product_cat-pre-entrenamientos","10":"first","11":"instock","12":"shipping-taxable","13":"purchasable","14":"product-type-simple"},"yoast_head":"<!-- This site is optimized with the Yoast SEO plugin v25.2 - https:\/\/yoast.com\/wordpress\/plugins\/seo\/ -->\n<title>Cafe\u00edna Anhidra 50mg Chronos 5.0 120 c\u00e1psulas - YAOMARKET<\/title>\n<meta name=\"robots\" content=\"index, follow, max-snippet:-1, max-image-preview:large, max-video-preview:-1\" \/>\n<link rel=\"canonical\" href=\"https:\/\/yaomarket.cl\/?product=cafeina-anhidra-50mg-chronos-5-0-120-capsulas\" \/>\n<meta property=\"og:locale\" content=\"es_ES\" \/>\n<meta property=\"og:type\" content=\"article\" \/>\n<meta property=\"og:title\" content=\"Cafe\u00edna Anhidra 50mg Chronos 5.0 120 c\u00e1psulas - YAOMARKET\" \/>\n<meta property=\"og:description\" content=\"Cafe\u00edna anhidra 50mg Chronos 5.0 120 c\u00e1psulas de Winkler Nutrition:   Cada c\u00e1psula contiene 50 mg de cafe\u00edna anhidra  Estimulante  Acelera el metabolismo  Mejora los niveles de concentraci\u00f3n  Termog\u00e9nico  Formato: C\u00e1psulas  Contenido: 120  Porciones: 120\" \/>\n<meta property=\"og:url\" content=\"https:\/\/yaomarket.cl\/?product=cafeina-anhidra-50mg-chronos-5-0-120-capsulas\" \/>\n<meta property=\"og:site_name\" content=\"YAOMARKET\" \/>\n<meta property=\"article:publisher\" content=\"https:\/\/www.facebook.com\/yaomarketchile\/\" \/>\n<meta property=\"article:modified_time\" content=\"2025-06-09T20:20:05+00:00\" \/>\n<meta property=\"og:image\" content=\"https:\/\/yaomarket.cl\/wp-content\/uploads\/2025\/02\/Chronos50_600px-3.jpg\" \/>\n\t<meta property=\"og:image:width\" content=\"600\" \/>\n\t<meta property=\"og:image:height\" content=\"600\" \/>\n\t<meta property=\"og:image:type\" content=\"image\/jpeg\" \/>\n<meta name=\"twitter:card\" content=\"summary_large_image\" \/>\n<meta name=\"twitter:label1\" content=\"Tiempo de lectura\" \/>\n\t<meta name=\"twitter:data1\" content=\"1 minuto\" \/>\n<script type=\"application\/ld+json\" class=\"yoast-schema-graph\">{\"@context\":\"https:\/\/schema.org\",\"@graph\":[{\"@type\":\"WebPage\",\"@id\":\"https:\/\/yaomarket.cl\/?product=cafeina-anhidra-50mg-chronos-5-0-120-capsulas\",\"url\":\"https:\/\/yaomarket.cl\/?product=cafeina-anhidra-50mg-chronos-5-0-120-capsulas\",\"name\":\"Cafe\u00edna Anhidra 50mg Chronos 5.0 120 c\u00e1psulas - YAOMARKET\",\"isPartOf\":{\"@id\":\"https:\/\/yaomarket.cl\/#website\"},\"primaryImageOfPage\":{\"@id\":\"https:\/\/yaomarket.cl\/?product=cafeina-anhidra-50mg-chronos-5-0-120-capsulas#primaryimage\"},\"image\":{\"@id\":\"https:\/\/yaomarket.cl\/?product=cafeina-anhidra-50mg-chronos-5-0-120-capsulas#primaryimage\"},\"thumbnailUrl\":\"https:\/\/yaomarket.cl\/wp-content\/uploads\/2025\/02\/Chronos50_600px-3.jpg\",\"datePublished\":\"2025-02-24T21:41:15+00:00\",\"dateModified\":\"2025-06-09T20:20:05+00:00\",\"breadcrumb\":{\"@id\":\"https:\/\/yaomarket.cl\/?product=cafeina-anhidra-50mg-chronos-5-0-120-capsulas#breadcrumb\"},\"inLanguage\":\"es\",\"potentialAction\":[{\"@type\":\"ReadAction\",\"target\":[\"https:\/\/yaomarket.cl\/?product=cafeina-anhidra-50mg-chronos-5-0-120-capsulas\"]}]},{\"@type\":\"ImageObject\",\"inLanguage\":\"es\",\"@id\":\"https:\/\/yaomarket.cl\/?product=cafeina-anhidra-50mg-chronos-5-0-120-capsulas#primaryimage\",\"url\":\"https:\/\/yaomarket.cl\/wp-content\/uploads\/2025\/02\/Chronos50_600px-3.jpg\",\"contentUrl\":\"https:\/\/yaomarket.cl\/wp-content\/uploads\/2025\/02\/Chronos50_600px-3.jpg\",\"width\":600,\"height\":600},{\"@type\":\"BreadcrumbList\",\"@id\":\"https:\/\/yaomarket.cl\/?product=cafeina-anhidra-50mg-chronos-5-0-120-capsulas#breadcrumb\",\"itemListElement\":[{\"@type\":\"ListItem\",\"position\":1,\"name\":\"Portada\",\"item\":\"https:\/\/yaomarket.cl\/\"},{\"@type\":\"ListItem\",\"position\":2,\"name\":\"TIENDA\",\"item\":\"https:\/\/yaomarket.cl\/?page_id=8\"},{\"@type\":\"ListItem\",\"position\":3,\"name\":\"Cafe\u00edna Anhidra 50mg Chronos 5.0 120 c\u00e1psulas\"}]},{\"@type\":\"WebSite\",\"@id\":\"https:\/\/yaomarket.cl\/#website\",\"url\":\"https:\/\/yaomarket.cl\/\",\"name\":\"YAOMARKET\",\"description\":\"\",\"publisher\":{\"@id\":\"https:\/\/yaomarket.cl\/#organization\"},\"potentialAction\":[{\"@type\":\"SearchAction\",\"target\":{\"@type\":\"EntryPoint\",\"urlTemplate\":\"https:\/\/yaomarket.cl\/?s={search_term_string}\"},\"query-input\":{\"@type\":\"PropertyValueSpecification\",\"valueRequired\":true,\"valueName\":\"search_term_string\"}}],\"inLanguage\":\"es\"},{\"@type\":\"Organization\",\"@id\":\"https:\/\/yaomarket.cl\/#organization\",\"name\":\"YAOMARKET\",\"url\":\"https:\/\/yaomarket.cl\/\",\"logo\":{\"@type\":\"ImageObject\",\"inLanguage\":\"es\",\"@id\":\"https:\/\/yaomarket.cl\/#\/schema\/logo\/image\/\",\"url\":\"https:\/\/yaomarket.cl\/wp-content\/uploads\/2023\/08\/Logo-Original-Yao-Market-Circular.png\",\"contentUrl\":\"https:\/\/yaomarket.cl\/wp-content\/uploads\/2023\/08\/Logo-Original-Yao-Market-Circular.png\",\"width\":522,\"height\":522,\"caption\":\"YAOMARKET\"},\"image\":{\"@id\":\"https:\/\/yaomarket.cl\/#\/schema\/logo\/image\/\"},\"sameAs\":[\"https:\/\/www.facebook.com\/yaomarketchile\/\",\"https:\/\/www.instagram.com\/yao_market\/\"]}]}<\/script>\n<!-- \/ Yoast SEO plugin. -->","yoast_head_json":{"title":"Cafe\u00edna Anhidra 50mg Chronos 5.0 120 c\u00e1psulas - YAOMARKET","robots":{"index":"index","follow":"follow","max-snippet":"max-snippet:-1","max-image-preview":"max-image-preview:large","max-video-preview":"max-video-preview:-1"},"canonical":"https:\/\/yaomarket.cl\/?product=cafeina-anhidra-50mg-chronos-5-0-120-capsulas","og_locale":"es_ES","og_type":"article","og_title":"Cafe\u00edna Anhidra 50mg Chronos 5.0 120 c\u00e1psulas - YAOMARKET","og_description":"Cafe\u00edna anhidra 50mg Chronos 5.0 120 c\u00e1psulas de Winkler Nutrition:   Cada c\u00e1psula contiene 50 mg de cafe\u00edna anhidra  Estimulante  Acelera el metabolismo  Mejora los niveles de concentraci\u00f3n  Termog\u00e9nico  Formato: C\u00e1psulas  Contenido: 120  Porciones: 120","og_url":"https:\/\/yaomarket.cl\/?product=cafeina-anhidra-50mg-chronos-5-0-120-capsulas","og_site_name":"YAOMARKET","article_publisher":"https:\/\/www.facebook.com\/yaomarketchile\/","article_modified_time":"2025-06-09T20:20:05+00:00","og_image":[{"width":600,"height":600,"url":"https:\/\/yaomarket.cl\/wp-content\/uploads\/2025\/02\/Chronos50_600px-3.jpg","type":"image\/jpeg"}],"twitter_card":"summary_large_image","twitter_misc":{"Tiempo de lectura":"1 minuto"},"schema":{"@context":"https:\/\/schema.org","@graph":[{"@type":"WebPage","@id":"https:\/\/yaomarket.cl\/?product=cafeina-anhidra-50mg-chronos-5-0-120-capsulas","url":"https:\/\/yaomarket.cl\/?product=cafeina-anhidra-50mg-chronos-5-0-120-capsulas","name":"Cafe\u00edna Anhidra 50mg Chronos 5.0 120 c\u00e1psulas - YAOMARKET","isPartOf":{"@id":"https:\/\/yaomarket.cl\/#website"},"primaryImageOfPage":{"@id":"https:\/\/yaomarket.cl\/?product=cafeina-anhidra-50mg-chronos-5-0-120-capsulas#primaryimage"},"image":{"@id":"https:\/\/yaomarket.cl\/?product=cafeina-anhidra-50mg-chronos-5-0-120-capsulas#primaryimage"},"thumbnailUrl":"https:\/\/yaomarket.cl\/wp-content\/uploads\/2025\/02\/Chronos50_600px-3.jpg","datePublished":"2025-02-24T21:41:15+00:00","dateModified":"2025-06-09T20:20:05+00:00","breadcrumb":{"@id":"https:\/\/yaomarket.cl\/?product=cafeina-anhidra-50mg-chronos-5-0-120-capsulas#breadcrumb"},"inLanguage":"es","potentialAction":[{"@type":"ReadAction","target":["https:\/\/yaomarket.cl\/?product=cafeina-anhidra-50mg-chronos-5-0-120-capsulas"]}]},{"@type":"ImageObject","inLanguage":"es","@id":"https:\/\/yaomarket.cl\/?product=cafeina-anhidra-50mg-chronos-5-0-120-capsulas#primaryimage","url":"https:\/\/yaomarket.cl\/wp-content\/uploads\/2025\/02\/Chronos50_600px-3.jpg","contentUrl":"https:\/\/yaomarket.cl\/wp-content\/uploads\/2025\/02\/Chronos50_600px-3.jpg","width":600,"height":600},{"@type":"BreadcrumbList","@id":"https:\/\/yaomarket.cl\/?product=cafeina-anhidra-50mg-chronos-5-0-120-capsulas#breadcrumb","itemListElement":[{"@type":"ListItem","position":1,"name":"Portada","item":"https:\/\/yaomarket.cl\/"},{"@type":"ListItem","position":2,"name":"TIENDA","item":"https:\/\/yaomarket.cl\/?page_id=8"},{"@type":"ListItem","position":3,"name":"Cafe\u00edna Anhidra 50mg Chronos 5.0 120 c\u00e1psulas"}]},{"@type":"WebSite","@id":"https:\/\/yaomarket.cl\/#website","url":"https:\/\/yaomarket.cl\/","name":"YAOMARKET","description":"","publisher":{"@id":"https:\/\/yaomarket.cl\/#organization"},"potentialAction":[{"@type":"SearchAction","target":{"@type":"EntryPoint","urlTemplate":"https:\/\/yaomarket.cl\/?s={search_term_string}"},"query-input":{"@type":"PropertyValueSpecification","valueRequired":true,"valueName":"search_term_string"}}],"inLanguage":"es"},{"@type":"Organization","@id":"https:\/\/yaomarket.cl\/#organization","name":"YAOMARKET","url":"https:\/\/yaomarket.cl\/","logo":{"@type":"ImageObject","inLanguage":"es","@id":"https:\/\/yaomarket.cl\/#\/schema\/logo\/image\/","url":"https:\/\/yaomarket.cl\/wp-content\/uploads\/2023\/08\/Logo-Original-Yao-Market-Circular.png","contentUrl":"https:\/\/yaomarket.cl\/wp-content\/uploads\/2023\/08\/Logo-Original-Yao-Market-Circular.png","width":522,"height":522,"caption":"YAOMARKET"},"image":{"@id":"https:\/\/yaomarket.cl\/#\/schema\/logo\/image\/"},"sameAs":["https:\/\/www.facebook.com\/yaomarketchile\/","https:\/\/www.instagram.com\/yao_market\/"]}]}},"_links":{"self":[{"href":"https:\/\/yaomarket.cl\/index.php?rest_route=\/wp\/v2\/product\/10914","targetHints":{"allow":["GET"]}}],"collection":[{"href":"https:\/\/yaomarket.cl\/index.php?rest_route=\/wp\/v2\/product"}],"about":[{"href":"https:\/\/yaomarket.cl\/index.php?rest_route=\/wp\/v2\/types\/product"}],"wp:featuredmedia":[{"embeddable":true,"href":"https:\/\/yaomarket.cl\/index.php?rest_route=\/wp\/v2\/media\/10915"}],"wp:attachment":[{"href":"https:\/\/yaomarket.cl\/index.php?rest_route=%2Fwp%2Fv2%2Fmedia&parent=10914"}],"wp:term":[{"taxonomy":"product_cat","embeddable":true,"href":"https:\/\/yaomarket.cl\/index.php?rest_route=%2Fwp%2Fv2%2Fproduct_cat&post=10914"},{"taxonomy":"product_tag","embeddable":true,"href":"https:\/\/yaomarket.cl\/index.php?rest_route=%2Fwp%2Fv2%2Fproduct_tag&post=10914"}],"curies":[{"name":"wp","href":"https:\/\/api.w.org\/{rel}","templated":true}]}}