{"id":10909,"date":"2025-02-24T21:03:01","date_gmt":"2025-02-24T21:03:01","guid":{"rendered":"https:\/\/yaomarket.cl\/?post_type=product&#038;p=10909"},"modified":"2025-04-25T04:14:00","modified_gmt":"2025-04-25T04:14:00","slug":"proteina-whey-navidad-900-grs","status":"publish","type":"product","link":"https:\/\/yaomarket.cl\/?product=proteina-whey-navidad-900-grs","title":{"rendered":"Prote\u00edna Whey Navidad 900 grs."},"content":{"rendered":"<p><span style=\"color: #000000;\"><strong>Prote\u00edna Whey Navidad 900 grs. de Winkler Nutrition:<\/strong><\/span><\/p>\n<ul>\n<li><span style=\"color: #000000;\">Crecimiento muscular<\/span><\/li>\n<li><span style=\"color: #000000;\">Prote\u00edna de suero de leche (whey)<\/span><\/li>\n<li><span style=\"color: #000000;\">Recuperaci\u00f3n<\/span><\/li>\n<li><span style=\"color: #000000;\">Enzima lactasa (intolerantes a la lactosa)<\/span><\/li>\n<\/ul>\n<p><span style=\"color: #000000;\">Formato: Polvo<\/span><\/p>\n<p><span style=\"color: #000000;\">Sabores: Chocolate suizo y Dulce de leche<\/span><\/p>\n<p><span style=\"color: #000000;\">Contenido: 900 grs.<\/span><\/p>\n<p><span style=\"color: #000000;\">Porciones: 27<\/span><\/p>\n<p><span style=\"color: #000000;\">Modo de uso: Consumir 1 scoop con 250ml de agua\/leche luego de entrenar o lo prescrito por tu nutricionista.<\/span><\/p>\n","protected":false},"excerpt":{"rendered":"<p><span style=\"color: #000000;\"><strong>Prote\u00edna Whey Navidad 900 grs.<\/strong><\/span><\/p>\n<ul>\n<li><span style=\"color: #000000;\">Crecimiento muscular<\/span><\/li>\n<li><span style=\"color: #000000;\">Prote\u00edna de suero de leche (whey)<\/span><\/li>\n<li><span style=\"color: #000000;\">Recuperaci\u00f3n<\/span><\/li>\n<li><span style=\"color: #000000;\">Enzima lactasa (intolerantes a la lactosa)<\/span><\/li>\n<\/ul>\n<p><span style=\"color: #000000;\">Formato: Polvo<\/span><\/p>\n<p><span style=\"color: #000000;\">Sabores: Chocolate suizo y Dulce de leche<\/span><\/p>\n<p><span style=\"color: #000000;\">Contenido: 900 grs.<\/span><\/p>\n<p><span style=\"color: #000000;\">Porciones: 27<\/span><\/p>\n<p><span style=\"color: #000000;\">Modo de uso: Consumir 1 scoop con 250ml de agua\/leche luego de entrenar o lo prescrito por tu nutricionista.<\/span><\/p>\n","protected":false},"featured_media":10911,"template":"","meta":[],"product_cat":[534,537],"product_tag":[],"class_list":{"0":"post-10909","1":"product","2":"type-product","3":"status-publish","4":"has-post-thumbnail","6":"product_cat-deportista","7":"product_cat-proteinas","9":"first","10":"instock","11":"shipping-taxable","12":"purchasable","13":"product-type-variable"},"yoast_head":"<!-- This site is optimized with the Yoast SEO plugin v25.2 - https:\/\/yoast.com\/wordpress\/plugins\/seo\/ -->\n<title>Prote\u00edna Whey Navidad 900 grs. - YAOMARKET<\/title>\n<meta name=\"robots\" content=\"index, follow, max-snippet:-1, max-image-preview:large, max-video-preview:-1\" \/>\n<link rel=\"canonical\" href=\"https:\/\/yaomarket.cl\/?product=proteina-whey-navidad-900-grs\" \/>\n<meta property=\"og:locale\" content=\"es_ES\" \/>\n<meta property=\"og:type\" content=\"article\" \/>\n<meta property=\"og:title\" content=\"Prote\u00edna Whey Navidad 900 grs. - YAOMARKET\" \/>\n<meta property=\"og:description\" content=\"Prote\u00edna Whey Navidad 900 grs.   Crecimiento muscular  Prote\u00edna de suero de leche (whey)  Recuperaci\u00f3n  Enzima lactasa (intolerantes a la lactosa)  Formato: Polvo  Sabores: Chocolate suizo y Dulce de leche  Contenido: 900 grs.  Porciones: 27  Modo de uso: Consumir 1 scoop con 250ml de agua\/leche luego de entrenar o lo prescrito por tu nutricionista.\" \/>\n<meta property=\"og:url\" content=\"https:\/\/yaomarket.cl\/?product=proteina-whey-navidad-900-grs\" \/>\n<meta property=\"og:site_name\" content=\"YAOMARKET\" \/>\n<meta property=\"article:publisher\" content=\"https:\/\/www.facebook.com\/yaomarketchile\/\" \/>\n<meta property=\"article:modified_time\" content=\"2025-04-25T04:14:00+00:00\" \/>\n<meta property=\"og:image\" content=\"https:\/\/yaomarket.cl\/wp-content\/uploads\/2025\/02\/Navidad_600px.jpg\" \/>\n\t<meta property=\"og:image:width\" content=\"600\" \/>\n\t<meta property=\"og:image:height\" content=\"600\" \/>\n\t<meta property=\"og:image:type\" content=\"image\/jpeg\" \/>\n<meta name=\"twitter:card\" content=\"summary_large_image\" \/>\n<meta name=\"twitter:label1\" content=\"Tiempo de lectura\" \/>\n\t<meta name=\"twitter:data1\" content=\"1 minuto\" \/>\n<script type=\"application\/ld+json\" class=\"yoast-schema-graph\">{\"@context\":\"https:\/\/schema.org\",\"@graph\":[{\"@type\":\"WebPage\",\"@id\":\"https:\/\/yaomarket.cl\/?product=proteina-whey-navidad-900-grs\",\"url\":\"https:\/\/yaomarket.cl\/?product=proteina-whey-navidad-900-grs\",\"name\":\"Prote\u00edna Whey Navidad 900 grs. - YAOMARKET\",\"isPartOf\":{\"@id\":\"https:\/\/yaomarket.cl\/#website\"},\"primaryImageOfPage\":{\"@id\":\"https:\/\/yaomarket.cl\/?product=proteina-whey-navidad-900-grs#primaryimage\"},\"image\":{\"@id\":\"https:\/\/yaomarket.cl\/?product=proteina-whey-navidad-900-grs#primaryimage\"},\"thumbnailUrl\":\"https:\/\/yaomarket.cl\/wp-content\/uploads\/2025\/02\/Navidad_600px.jpg\",\"datePublished\":\"2025-02-24T21:03:01+00:00\",\"dateModified\":\"2025-04-25T04:14:00+00:00\",\"breadcrumb\":{\"@id\":\"https:\/\/yaomarket.cl\/?product=proteina-whey-navidad-900-grs#breadcrumb\"},\"inLanguage\":\"es\",\"potentialAction\":[{\"@type\":\"ReadAction\",\"target\":[\"https:\/\/yaomarket.cl\/?product=proteina-whey-navidad-900-grs\"]}]},{\"@type\":\"ImageObject\",\"inLanguage\":\"es\",\"@id\":\"https:\/\/yaomarket.cl\/?product=proteina-whey-navidad-900-grs#primaryimage\",\"url\":\"https:\/\/yaomarket.cl\/wp-content\/uploads\/2025\/02\/Navidad_600px.jpg\",\"contentUrl\":\"https:\/\/yaomarket.cl\/wp-content\/uploads\/2025\/02\/Navidad_600px.jpg\",\"width\":600,\"height\":600},{\"@type\":\"BreadcrumbList\",\"@id\":\"https:\/\/yaomarket.cl\/?product=proteina-whey-navidad-900-grs#breadcrumb\",\"itemListElement\":[{\"@type\":\"ListItem\",\"position\":1,\"name\":\"Portada\",\"item\":\"https:\/\/yaomarket.cl\/\"},{\"@type\":\"ListItem\",\"position\":2,\"name\":\"TIENDA\",\"item\":\"https:\/\/yaomarket.cl\/?page_id=8\"},{\"@type\":\"ListItem\",\"position\":3,\"name\":\"Prote\u00edna Whey Navidad 900 grs.\"}]},{\"@type\":\"WebSite\",\"@id\":\"https:\/\/yaomarket.cl\/#website\",\"url\":\"https:\/\/yaomarket.cl\/\",\"name\":\"YAOMARKET\",\"description\":\"\",\"publisher\":{\"@id\":\"https:\/\/yaomarket.cl\/#organization\"},\"potentialAction\":[{\"@type\":\"SearchAction\",\"target\":{\"@type\":\"EntryPoint\",\"urlTemplate\":\"https:\/\/yaomarket.cl\/?s={search_term_string}\"},\"query-input\":{\"@type\":\"PropertyValueSpecification\",\"valueRequired\":true,\"valueName\":\"search_term_string\"}}],\"inLanguage\":\"es\"},{\"@type\":\"Organization\",\"@id\":\"https:\/\/yaomarket.cl\/#organization\",\"name\":\"YAOMARKET\",\"url\":\"https:\/\/yaomarket.cl\/\",\"logo\":{\"@type\":\"ImageObject\",\"inLanguage\":\"es\",\"@id\":\"https:\/\/yaomarket.cl\/#\/schema\/logo\/image\/\",\"url\":\"https:\/\/yaomarket.cl\/wp-content\/uploads\/2023\/08\/Logo-Original-Yao-Market-Circular.png\",\"contentUrl\":\"https:\/\/yaomarket.cl\/wp-content\/uploads\/2023\/08\/Logo-Original-Yao-Market-Circular.png\",\"width\":522,\"height\":522,\"caption\":\"YAOMARKET\"},\"image\":{\"@id\":\"https:\/\/yaomarket.cl\/#\/schema\/logo\/image\/\"},\"sameAs\":[\"https:\/\/www.facebook.com\/yaomarketchile\/\",\"https:\/\/www.instagram.com\/yao_market\/\"]}]}<\/script>\n<!-- \/ Yoast SEO plugin. -->","yoast_head_json":{"title":"Prote\u00edna Whey Navidad 900 grs. - YAOMARKET","robots":{"index":"index","follow":"follow","max-snippet":"max-snippet:-1","max-image-preview":"max-image-preview:large","max-video-preview":"max-video-preview:-1"},"canonical":"https:\/\/yaomarket.cl\/?product=proteina-whey-navidad-900-grs","og_locale":"es_ES","og_type":"article","og_title":"Prote\u00edna Whey Navidad 900 grs. - YAOMARKET","og_description":"Prote\u00edna Whey Navidad 900 grs.   Crecimiento muscular  Prote\u00edna de suero de leche (whey)  Recuperaci\u00f3n  Enzima lactasa (intolerantes a la lactosa)  Formato: Polvo  Sabores: Chocolate suizo y Dulce de leche  Contenido: 900 grs.  Porciones: 27  Modo de uso: Consumir 1 scoop con 250ml de agua\/leche luego de entrenar o lo prescrito por tu nutricionista.","og_url":"https:\/\/yaomarket.cl\/?product=proteina-whey-navidad-900-grs","og_site_name":"YAOMARKET","article_publisher":"https:\/\/www.facebook.com\/yaomarketchile\/","article_modified_time":"2025-04-25T04:14:00+00:00","og_image":[{"width":600,"height":600,"url":"https:\/\/yaomarket.cl\/wp-content\/uploads\/2025\/02\/Navidad_600px.jpg","type":"image\/jpeg"}],"twitter_card":"summary_large_image","twitter_misc":{"Tiempo de lectura":"1 minuto"},"schema":{"@context":"https:\/\/schema.org","@graph":[{"@type":"WebPage","@id":"https:\/\/yaomarket.cl\/?product=proteina-whey-navidad-900-grs","url":"https:\/\/yaomarket.cl\/?product=proteina-whey-navidad-900-grs","name":"Prote\u00edna Whey Navidad 900 grs. - YAOMARKET","isPartOf":{"@id":"https:\/\/yaomarket.cl\/#website"},"primaryImageOfPage":{"@id":"https:\/\/yaomarket.cl\/?product=proteina-whey-navidad-900-grs#primaryimage"},"image":{"@id":"https:\/\/yaomarket.cl\/?product=proteina-whey-navidad-900-grs#primaryimage"},"thumbnailUrl":"https:\/\/yaomarket.cl\/wp-content\/uploads\/2025\/02\/Navidad_600px.jpg","datePublished":"2025-02-24T21:03:01+00:00","dateModified":"2025-04-25T04:14:00+00:00","breadcrumb":{"@id":"https:\/\/yaomarket.cl\/?product=proteina-whey-navidad-900-grs#breadcrumb"},"inLanguage":"es","potentialAction":[{"@type":"ReadAction","target":["https:\/\/yaomarket.cl\/?product=proteina-whey-navidad-900-grs"]}]},{"@type":"ImageObject","inLanguage":"es","@id":"https:\/\/yaomarket.cl\/?product=proteina-whey-navidad-900-grs#primaryimage","url":"https:\/\/yaomarket.cl\/wp-content\/uploads\/2025\/02\/Navidad_600px.jpg","contentUrl":"https:\/\/yaomarket.cl\/wp-content\/uploads\/2025\/02\/Navidad_600px.jpg","width":600,"height":600},{"@type":"BreadcrumbList","@id":"https:\/\/yaomarket.cl\/?product=proteina-whey-navidad-900-grs#breadcrumb","itemListElement":[{"@type":"ListItem","position":1,"name":"Portada","item":"https:\/\/yaomarket.cl\/"},{"@type":"ListItem","position":2,"name":"TIENDA","item":"https:\/\/yaomarket.cl\/?page_id=8"},{"@type":"ListItem","position":3,"name":"Prote\u00edna Whey Navidad 900 grs."}]},{"@type":"WebSite","@id":"https:\/\/yaomarket.cl\/#website","url":"https:\/\/yaomarket.cl\/","name":"YAOMARKET","description":"","publisher":{"@id":"https:\/\/yaomarket.cl\/#organization"},"potentialAction":[{"@type":"SearchAction","target":{"@type":"EntryPoint","urlTemplate":"https:\/\/yaomarket.cl\/?s={search_term_string}"},"query-input":{"@type":"PropertyValueSpecification","valueRequired":true,"valueName":"search_term_string"}}],"inLanguage":"es"},{"@type":"Organization","@id":"https:\/\/yaomarket.cl\/#organization","name":"YAOMARKET","url":"https:\/\/yaomarket.cl\/","logo":{"@type":"ImageObject","inLanguage":"es","@id":"https:\/\/yaomarket.cl\/#\/schema\/logo\/image\/","url":"https:\/\/yaomarket.cl\/wp-content\/uploads\/2023\/08\/Logo-Original-Yao-Market-Circular.png","contentUrl":"https:\/\/yaomarket.cl\/wp-content\/uploads\/2023\/08\/Logo-Original-Yao-Market-Circular.png","width":522,"height":522,"caption":"YAOMARKET"},"image":{"@id":"https:\/\/yaomarket.cl\/#\/schema\/logo\/image\/"},"sameAs":["https:\/\/www.facebook.com\/yaomarketchile\/","https:\/\/www.instagram.com\/yao_market\/"]}]}},"_links":{"self":[{"href":"https:\/\/yaomarket.cl\/index.php?rest_route=\/wp\/v2\/product\/10909","targetHints":{"allow":["GET"]}}],"collection":[{"href":"https:\/\/yaomarket.cl\/index.php?rest_route=\/wp\/v2\/product"}],"about":[{"href":"https:\/\/yaomarket.cl\/index.php?rest_route=\/wp\/v2\/types\/product"}],"wp:featuredmedia":[{"embeddable":true,"href":"https:\/\/yaomarket.cl\/index.php?rest_route=\/wp\/v2\/media\/10911"}],"wp:attachment":[{"href":"https:\/\/yaomarket.cl\/index.php?rest_route=%2Fwp%2Fv2%2Fmedia&parent=10909"}],"wp:term":[{"taxonomy":"product_cat","embeddable":true,"href":"https:\/\/yaomarket.cl\/index.php?rest_route=%2Fwp%2Fv2%2Fproduct_cat&post=10909"},{"taxonomy":"product_tag","embeddable":true,"href":"https:\/\/yaomarket.cl\/index.php?rest_route=%2Fwp%2Fv2%2Fproduct_tag&post=10909"}],"curies":[{"name":"wp","href":"https:\/\/api.w.org\/{rel}","templated":true}]}}