{"id":10903,"date":"2025-02-24T20:57:20","date_gmt":"2025-02-24T20:57:20","guid":{"rendered":"https:\/\/yaomarket.cl\/?post_type=product&#038;p=10903"},"modified":"2025-06-09T20:17:51","modified_gmt":"2025-06-09T20:17:51","slug":"creatina-monohidrato-300-grs-60-servicios","status":"publish","type":"product","link":"https:\/\/yaomarket.cl\/?product=creatina-monohidrato-300-grs-60-servicios","title":{"rendered":"Creatina Monohidrato 300 grs. 60 servicios"},"content":{"rendered":"<h3><span style=\"color: #000000;\">Creatina Monohidrato 300 grs. 60 servicios<\/span><\/h3>\n<p><span style=\"color: #000000;\">Creatina Monohidrato 300 grs. es un \u00e1cido org\u00e1nico nitrogenado derivado de los amino\u00e1cidos arginina, glicina y metionina. Se puede crear en laboratorios, y tambi\u00e9n es sintetizada por nosotros mismos. Se encuentra generalmente en las carnes y algunos alimentos del mar. En nuestro organismo se concentra de forma natural tanto en el cerebro, como en nuestra masa m\u00fasculo-esquel\u00e9tica (sobre el 90%). En relaci\u00f3n al deporte, el uso de este suplemento aumenta los dep\u00f3sitos musculares de creatina. Con esto favorece un mayor rendimiento a la hora de realizar ejercicios de alta intensidad y corta duraci\u00f3n (anaer\u00f3bicos); permitiendo por consiguiente mejorar la resistencia, potencia y fuerza.<\/span><\/p>\n<p><span style=\"color: #000000;\">Su uso en el trabajo de fuerza y\/o hipertrofia, ayuda a mejorar la capacidad de ejecuci\u00f3n de ejercicios de sobrecarga. Lo cual, junto a una alimentaci\u00f3n bien planificada, puede potenciar la ganancia de masa muscular en el individuo entrenado.<\/span><\/p>\n<h4><span style=\"color: #000000;\">Las principales funciones de este suplemento son:<\/span><\/h4>\n<ul>\n<li><span style=\"color: #000000;\">Potenciar el rendimiento anaer\u00f3bico<\/span><\/li>\n<li><span style=\"color: #000000;\">Fomentar el aumento de volumen muscular<\/span><\/li>\n<li><span style=\"color: #000000;\">Optimizar la recuperaci\u00f3n muscular<\/span><\/li>\n<\/ul>\n<p><span style=\"color: #000000;\">Adem\u00e1s de suministrar sus nutrientes en las fibras, retiene l\u00edquido en las c\u00e9lulas musculares, provocando un efecto tamp\u00f3n (buffer) que retrasa las fatigas en los entrenamientos, aumentando el rendimiento, el volumen muscular, y optimizando la recuperaci\u00f3n.<\/span><\/p>\n<p><span style=\"color: #000000;\">Creatina Monohidrato se potencia muy bien con otros suplementos, como las prote\u00ednas, amino\u00e1cidos BCAAs, pre-entrenos, etc. Su absorci\u00f3n es mayor al ser consumida en conjunto con carbohidratos de r\u00e1pida absorci\u00f3n, y acompa\u00f1ada de abundante ingesta de agua para aumentar los niveles de creatina y agua en los m\u00fasculos.<\/span><\/p>\n<p><span style=\"color: #000000;\">En resumen, todo lo anterior convierte a Creatina Monohidrato de Winkler Nutrition en un excelente suplemento alimenticio; para deportistas y personas que tengan dentro de sus objetivos, aumentar su rendimiento f\u00edsico anaer\u00f3bico de altas cargas o altas intensidades, aumentar volumen muscular, y optimizar la recuperaci\u00f3n.<\/span><\/p>\n<h4><span style=\"color: #000000;\">Modo de uso<\/span><\/h4>\n<p><span style=\"color: #000000;\">El uso recomendado de Creatina Monohidrato es relativo de a cuerdo a los objetivos, morfolog\u00eda y factores de actividad, sin embargo lo que se acostumbra a recomendar es lo siguiente:<\/span><\/p>\n<p><span style=\"color: #000000;\">Per\u00edodo de carga: Consumir 20 grs. Al d\u00eda en dosis de 5 a 10 grs. Preferentemente diluido en agua, jugos, etc., junto a las comidas para favorecer la absorci\u00f3n o lo recomendado por su nutricionista.<\/span><\/p>\n<p><span style=\"color: #000000;\">Per\u00edodo de mantenci\u00f3n: de 5 a 10 grs. diarios.<\/span><\/p>\n","protected":false},"excerpt":{"rendered":"<h4><span style=\"color: #000000;\">Creatina Monohidrato 300 grs. 60 servicios<\/span><\/h4>\n<ul>\n<li><span style=\"color: #000000;\">Potencia el Rendimiento<\/span><\/li>\n<li><span style=\"color: #000000;\">Trabajos de fuerza, potencia y resistencia<\/span><\/li>\n<li><span style=\"color: #000000;\">Trabajos de crecimiento muscular<\/span><\/li>\n<li><span style=\"color: #000000;\">Hidrataci\u00f3n muscular<\/span><\/li>\n<\/ul>\n<p><span style=\"color: #000000;\">Formato: Polvo ultramicronizado<\/span><\/p>\n<p><span style=\"color: #000000;\">Sabor: Sin sabor (natural)<\/span><\/p>\n<p><span style=\"color: #000000;\">Contenido: 300 grs.<\/span><\/p>\n<p><span style=\"color: #000000;\">Porciones: 60<\/span><\/p>\n<p><span style=\"color: #000000;\"><strong>Modo de uso:<\/strong><\/span><\/p>\n<p><span style=\"color: #000000;\">\u2013 1 scoop antes \u00f3 despu\u00e9s de entrenar.<\/span><\/p>\n<p><span style=\"color: #000000;\">\u2013 Per\u00edodo de carga 5 gramos (1 scoop) 4-5 veces (no todos juntos) al d\u00eda por 5 d\u00edas, luego 1 scoop aprox. para mantenci\u00f3n.<\/span><\/p>\n<p><span style=\"color: #000000;\">*Recuerda consultar a un nutricionista para tomar una dosis adecuada en base a tus objetivos.<\/span><\/p>\n","protected":false},"featured_media":10904,"template":"","meta":[],"product_cat":[534,724,537],"product_tag":[],"class_list":{"0":"post-10903","1":"product","2":"type-product","3":"status-publish","4":"has-post-thumbnail","6":"product_cat-deportista","7":"product_cat-pre-entrenamientos","8":"product_cat-proteinas","10":"first","11":"instock","12":"shipping-taxable","13":"purchasable","14":"product-type-simple"},"yoast_head":"<!-- This site is optimized with the Yoast SEO plugin v25.2 - https:\/\/yoast.com\/wordpress\/plugins\/seo\/ -->\n<title>Creatina Monohidrato 300 grs. 60 servicios - YAOMARKET<\/title>\n<meta name=\"robots\" content=\"index, follow, max-snippet:-1, max-image-preview:large, max-video-preview:-1\" \/>\n<link rel=\"canonical\" href=\"https:\/\/yaomarket.cl\/?product=creatina-monohidrato-300-grs-60-servicios\" \/>\n<meta property=\"og:locale\" content=\"es_ES\" \/>\n<meta property=\"og:type\" content=\"article\" \/>\n<meta property=\"og:title\" content=\"Creatina Monohidrato 300 grs. 60 servicios - YAOMARKET\" \/>\n<meta property=\"og:description\" content=\"Creatina Monohidrato 300 grs. 60 servicios   Potencia el Rendimiento  Trabajos de fuerza, potencia y resistencia  Trabajos de crecimiento muscular  Hidrataci\u00f3n muscular  Formato: Polvo ultramicronizado  Sabor: Sin sabor (natural)  Contenido: 300 grs.  Porciones: 60  Modo de uso:  \u2013 1 scoop antes \u00f3 despu\u00e9s de entrenar.  \u2013 Per\u00edodo de carga 5 gramos (1 scoop) 4-5 veces (no todos juntos) al d\u00eda por 5 d\u00edas, luego 1 scoop aprox. para mantenci\u00f3n.  *Recuerda consultar a un nutricionista para tomar una dosis adecuada en base a tus objetivos.\" \/>\n<meta property=\"og:url\" content=\"https:\/\/yaomarket.cl\/?product=creatina-monohidrato-300-grs-60-servicios\" \/>\n<meta property=\"og:site_name\" content=\"YAOMARKET\" \/>\n<meta property=\"article:publisher\" content=\"https:\/\/www.facebook.com\/yaomarketchile\/\" \/>\n<meta property=\"article:modified_time\" content=\"2025-06-09T20:17:51+00:00\" \/>\n<meta property=\"og:image\" content=\"https:\/\/yaomarket.cl\/wp-content\/uploads\/2025\/02\/CreatinaNew_600px-1.jpg\" \/>\n\t<meta property=\"og:image:width\" content=\"600\" \/>\n\t<meta property=\"og:image:height\" content=\"600\" \/>\n\t<meta property=\"og:image:type\" content=\"image\/jpeg\" \/>\n<meta name=\"twitter:card\" content=\"summary_large_image\" \/>\n<meta name=\"twitter:label1\" content=\"Tiempo de lectura\" \/>\n\t<meta name=\"twitter:data1\" content=\"2 minutos\" \/>\n<script type=\"application\/ld+json\" class=\"yoast-schema-graph\">{\"@context\":\"https:\/\/schema.org\",\"@graph\":[{\"@type\":\"WebPage\",\"@id\":\"https:\/\/yaomarket.cl\/?product=creatina-monohidrato-300-grs-60-servicios\",\"url\":\"https:\/\/yaomarket.cl\/?product=creatina-monohidrato-300-grs-60-servicios\",\"name\":\"Creatina Monohidrato 300 grs. 60 servicios - YAOMARKET\",\"isPartOf\":{\"@id\":\"https:\/\/yaomarket.cl\/#website\"},\"primaryImageOfPage\":{\"@id\":\"https:\/\/yaomarket.cl\/?product=creatina-monohidrato-300-grs-60-servicios#primaryimage\"},\"image\":{\"@id\":\"https:\/\/yaomarket.cl\/?product=creatina-monohidrato-300-grs-60-servicios#primaryimage\"},\"thumbnailUrl\":\"https:\/\/yaomarket.cl\/wp-content\/uploads\/2025\/02\/CreatinaNew_600px-1.jpg\",\"datePublished\":\"2025-02-24T20:57:20+00:00\",\"dateModified\":\"2025-06-09T20:17:51+00:00\",\"breadcrumb\":{\"@id\":\"https:\/\/yaomarket.cl\/?product=creatina-monohidrato-300-grs-60-servicios#breadcrumb\"},\"inLanguage\":\"es\",\"potentialAction\":[{\"@type\":\"ReadAction\",\"target\":[\"https:\/\/yaomarket.cl\/?product=creatina-monohidrato-300-grs-60-servicios\"]}]},{\"@type\":\"ImageObject\",\"inLanguage\":\"es\",\"@id\":\"https:\/\/yaomarket.cl\/?product=creatina-monohidrato-300-grs-60-servicios#primaryimage\",\"url\":\"https:\/\/yaomarket.cl\/wp-content\/uploads\/2025\/02\/CreatinaNew_600px-1.jpg\",\"contentUrl\":\"https:\/\/yaomarket.cl\/wp-content\/uploads\/2025\/02\/CreatinaNew_600px-1.jpg\",\"width\":600,\"height\":600},{\"@type\":\"BreadcrumbList\",\"@id\":\"https:\/\/yaomarket.cl\/?product=creatina-monohidrato-300-grs-60-servicios#breadcrumb\",\"itemListElement\":[{\"@type\":\"ListItem\",\"position\":1,\"name\":\"Portada\",\"item\":\"https:\/\/yaomarket.cl\/\"},{\"@type\":\"ListItem\",\"position\":2,\"name\":\"TIENDA\",\"item\":\"https:\/\/yaomarket.cl\/?page_id=8\"},{\"@type\":\"ListItem\",\"position\":3,\"name\":\"Creatina Monohidrato 300 grs. 60 servicios\"}]},{\"@type\":\"WebSite\",\"@id\":\"https:\/\/yaomarket.cl\/#website\",\"url\":\"https:\/\/yaomarket.cl\/\",\"name\":\"YAOMARKET\",\"description\":\"\",\"publisher\":{\"@id\":\"https:\/\/yaomarket.cl\/#organization\"},\"potentialAction\":[{\"@type\":\"SearchAction\",\"target\":{\"@type\":\"EntryPoint\",\"urlTemplate\":\"https:\/\/yaomarket.cl\/?s={search_term_string}\"},\"query-input\":{\"@type\":\"PropertyValueSpecification\",\"valueRequired\":true,\"valueName\":\"search_term_string\"}}],\"inLanguage\":\"es\"},{\"@type\":\"Organization\",\"@id\":\"https:\/\/yaomarket.cl\/#organization\",\"name\":\"YAOMARKET\",\"url\":\"https:\/\/yaomarket.cl\/\",\"logo\":{\"@type\":\"ImageObject\",\"inLanguage\":\"es\",\"@id\":\"https:\/\/yaomarket.cl\/#\/schema\/logo\/image\/\",\"url\":\"https:\/\/yaomarket.cl\/wp-content\/uploads\/2023\/08\/Logo-Original-Yao-Market-Circular.png\",\"contentUrl\":\"https:\/\/yaomarket.cl\/wp-content\/uploads\/2023\/08\/Logo-Original-Yao-Market-Circular.png\",\"width\":522,\"height\":522,\"caption\":\"YAOMARKET\"},\"image\":{\"@id\":\"https:\/\/yaomarket.cl\/#\/schema\/logo\/image\/\"},\"sameAs\":[\"https:\/\/www.facebook.com\/yaomarketchile\/\",\"https:\/\/www.instagram.com\/yao_market\/\"]}]}<\/script>\n<!-- \/ Yoast SEO plugin. -->","yoast_head_json":{"title":"Creatina Monohidrato 300 grs. 60 servicios - YAOMARKET","robots":{"index":"index","follow":"follow","max-snippet":"max-snippet:-1","max-image-preview":"max-image-preview:large","max-video-preview":"max-video-preview:-1"},"canonical":"https:\/\/yaomarket.cl\/?product=creatina-monohidrato-300-grs-60-servicios","og_locale":"es_ES","og_type":"article","og_title":"Creatina Monohidrato 300 grs. 60 servicios - YAOMARKET","og_description":"Creatina Monohidrato 300 grs. 60 servicios   Potencia el Rendimiento  Trabajos de fuerza, potencia y resistencia  Trabajos de crecimiento muscular  Hidrataci\u00f3n muscular  Formato: Polvo ultramicronizado  Sabor: Sin sabor (natural)  Contenido: 300 grs.  Porciones: 60  Modo de uso:  \u2013 1 scoop antes \u00f3 despu\u00e9s de entrenar.  \u2013 Per\u00edodo de carga 5 gramos (1 scoop) 4-5 veces (no todos juntos) al d\u00eda por 5 d\u00edas, luego 1 scoop aprox. para mantenci\u00f3n.  *Recuerda consultar a un nutricionista para tomar una dosis adecuada en base a tus objetivos.","og_url":"https:\/\/yaomarket.cl\/?product=creatina-monohidrato-300-grs-60-servicios","og_site_name":"YAOMARKET","article_publisher":"https:\/\/www.facebook.com\/yaomarketchile\/","article_modified_time":"2025-06-09T20:17:51+00:00","og_image":[{"width":600,"height":600,"url":"https:\/\/yaomarket.cl\/wp-content\/uploads\/2025\/02\/CreatinaNew_600px-1.jpg","type":"image\/jpeg"}],"twitter_card":"summary_large_image","twitter_misc":{"Tiempo de lectura":"2 minutos"},"schema":{"@context":"https:\/\/schema.org","@graph":[{"@type":"WebPage","@id":"https:\/\/yaomarket.cl\/?product=creatina-monohidrato-300-grs-60-servicios","url":"https:\/\/yaomarket.cl\/?product=creatina-monohidrato-300-grs-60-servicios","name":"Creatina Monohidrato 300 grs. 60 servicios - YAOMARKET","isPartOf":{"@id":"https:\/\/yaomarket.cl\/#website"},"primaryImageOfPage":{"@id":"https:\/\/yaomarket.cl\/?product=creatina-monohidrato-300-grs-60-servicios#primaryimage"},"image":{"@id":"https:\/\/yaomarket.cl\/?product=creatina-monohidrato-300-grs-60-servicios#primaryimage"},"thumbnailUrl":"https:\/\/yaomarket.cl\/wp-content\/uploads\/2025\/02\/CreatinaNew_600px-1.jpg","datePublished":"2025-02-24T20:57:20+00:00","dateModified":"2025-06-09T20:17:51+00:00","breadcrumb":{"@id":"https:\/\/yaomarket.cl\/?product=creatina-monohidrato-300-grs-60-servicios#breadcrumb"},"inLanguage":"es","potentialAction":[{"@type":"ReadAction","target":["https:\/\/yaomarket.cl\/?product=creatina-monohidrato-300-grs-60-servicios"]}]},{"@type":"ImageObject","inLanguage":"es","@id":"https:\/\/yaomarket.cl\/?product=creatina-monohidrato-300-grs-60-servicios#primaryimage","url":"https:\/\/yaomarket.cl\/wp-content\/uploads\/2025\/02\/CreatinaNew_600px-1.jpg","contentUrl":"https:\/\/yaomarket.cl\/wp-content\/uploads\/2025\/02\/CreatinaNew_600px-1.jpg","width":600,"height":600},{"@type":"BreadcrumbList","@id":"https:\/\/yaomarket.cl\/?product=creatina-monohidrato-300-grs-60-servicios#breadcrumb","itemListElement":[{"@type":"ListItem","position":1,"name":"Portada","item":"https:\/\/yaomarket.cl\/"},{"@type":"ListItem","position":2,"name":"TIENDA","item":"https:\/\/yaomarket.cl\/?page_id=8"},{"@type":"ListItem","position":3,"name":"Creatina Monohidrato 300 grs. 60 servicios"}]},{"@type":"WebSite","@id":"https:\/\/yaomarket.cl\/#website","url":"https:\/\/yaomarket.cl\/","name":"YAOMARKET","description":"","publisher":{"@id":"https:\/\/yaomarket.cl\/#organization"},"potentialAction":[{"@type":"SearchAction","target":{"@type":"EntryPoint","urlTemplate":"https:\/\/yaomarket.cl\/?s={search_term_string}"},"query-input":{"@type":"PropertyValueSpecification","valueRequired":true,"valueName":"search_term_string"}}],"inLanguage":"es"},{"@type":"Organization","@id":"https:\/\/yaomarket.cl\/#organization","name":"YAOMARKET","url":"https:\/\/yaomarket.cl\/","logo":{"@type":"ImageObject","inLanguage":"es","@id":"https:\/\/yaomarket.cl\/#\/schema\/logo\/image\/","url":"https:\/\/yaomarket.cl\/wp-content\/uploads\/2023\/08\/Logo-Original-Yao-Market-Circular.png","contentUrl":"https:\/\/yaomarket.cl\/wp-content\/uploads\/2023\/08\/Logo-Original-Yao-Market-Circular.png","width":522,"height":522,"caption":"YAOMARKET"},"image":{"@id":"https:\/\/yaomarket.cl\/#\/schema\/logo\/image\/"},"sameAs":["https:\/\/www.facebook.com\/yaomarketchile\/","https:\/\/www.instagram.com\/yao_market\/"]}]}},"_links":{"self":[{"href":"https:\/\/yaomarket.cl\/index.php?rest_route=\/wp\/v2\/product\/10903","targetHints":{"allow":["GET"]}}],"collection":[{"href":"https:\/\/yaomarket.cl\/index.php?rest_route=\/wp\/v2\/product"}],"about":[{"href":"https:\/\/yaomarket.cl\/index.php?rest_route=\/wp\/v2\/types\/product"}],"wp:featuredmedia":[{"embeddable":true,"href":"https:\/\/yaomarket.cl\/index.php?rest_route=\/wp\/v2\/media\/10904"}],"wp:attachment":[{"href":"https:\/\/yaomarket.cl\/index.php?rest_route=%2Fwp%2Fv2%2Fmedia&parent=10903"}],"wp:term":[{"taxonomy":"product_cat","embeddable":true,"href":"https:\/\/yaomarket.cl\/index.php?rest_route=%2Fwp%2Fv2%2Fproduct_cat&post=10903"},{"taxonomy":"product_tag","embeddable":true,"href":"https:\/\/yaomarket.cl\/index.php?rest_route=%2Fwp%2Fv2%2Fproduct_tag&post=10903"}],"curies":[{"name":"wp","href":"https:\/\/api.w.org\/{rel}","templated":true}]}}