{"id":10869,"date":"2025-02-24T19:52:21","date_gmt":"2025-02-24T19:52:21","guid":{"rendered":"https:\/\/yaomarket.cl\/?post_type=product&#038;p=10869"},"modified":"2025-04-24T03:12:32","modified_gmt":"2025-04-24T03:12:32","slug":"caja-barritas-de-proteina-whey-45-grs-16-unid","status":"publish","type":"product","link":"https:\/\/yaomarket.cl\/?product=caja-barritas-de-proteina-whey-45-grs-16-unid","title":{"rendered":"Caja Barritas de Prote\u00edna Whey 45 grs. 16 unid."},"content":{"rendered":"<h3><span style=\"color: #000000;\">Caja barritas de prote\u00edna Whey 45 grs. 16 unid.<\/span><\/h3>\n<p><span style=\"color: #000000;\">Caja barritas de prote\u00edna Whey 45 grs. 16 unid. de Revitta Wellness es una barra de prote\u00edna elaborada a partir de d\u00e1tiles, aislado de prote\u00edna de suero de leche, coco en polvo, crispies de quinoa y saborizantes id\u00e9nticos al natural.<\/span><\/p>\n<p><span style=\"color: #000000;\">Barritas de prote\u00edna Whey Bar 45 grs. (Caja 16 unidades) es muy nutritiva y saludable,\u00a0 posee 16 gramos de prote\u00edna por porci\u00f3n (36%). Cabe destacar que la energ\u00eda que te aporta este producto es propia del d\u00e1til, ya que no posee az\u00facar a\u00f1adida en su composici\u00f3n. \u00a0Este delicioso snack est\u00e1 disponible en tres sabores, Dulce de Leche, Mokaccino y Chocococo, todas muy sabrosas y con una textura muy agradable al paladar.<\/span><\/p>\n<h4><span style=\"color: #000000;\"><strong>Descriptores 100 % Whey Protein Bar<\/strong><\/span><\/h4>\n<ul>\n<li><span style=\"color: #000000;\">Sin Gluten<\/span><\/li>\n<li><span style=\"color: #000000;\">Buena fuente de prote\u00edna<\/span><\/li>\n<li><span style=\"color: #000000;\">Libre de soya<\/span><\/li>\n<li><span style=\"color: #000000;\">Sin az\u00facar a\u00f1adida<\/span><\/li>\n<li><span style=\"color: #000000;\">Buena fuente de energ\u00eda natural<\/span><\/li>\n<li><span style=\"color: #000000;\">GMO free<\/span><\/li>\n<li><span style=\"color: #000000;\">D\u00e1tiles<\/span><\/li>\n<\/ul>\n<p><span style=\"color: #000000;\">Adem\u00e1s son c\u00f3modas y f\u00e1ciles de transportar, al no tener cobertura de chocolate no se derrite con las altas temperaturas. Tiene un tama\u00f1o ideal para guardarlo en cualquier lugar.<\/span><\/p>\n<p><span style=\"color: #000000;\">Tambi\u00e9n es un alimento que lo puede comer tanto ni\u00f1os como adultos, independiente de su actividad f\u00edsica. Son barritas que por su alto valor nutritivo te sacian lo suficiente para que tengas energ\u00eda durante todo el d\u00eda.<\/span><\/p>\n<h4><span style=\"color: #000000;\">Recomendaciones<\/span><\/h4>\n<p><span style=\"color: #000000;\">Es un alimento ideal para llevar a cualquier tipo de actividad, ya sea deportiva o recreativa. Puede ser tu salvaci\u00f3n en la universidad, en el colegio o en tu trabajo, o tambi\u00e9n cuando practicas tu deporte favorito, bicicleta, running, nataci\u00f3n, baile, tenis, etc.<\/span><\/p>\n<p><span style=\"color: #000000;\">Te recomendamos ingerir estas barritas como un snack de media ma\u00f1ana o tarde. No remplaza ning\u00fan alimento ni comida principal del d\u00eda.<\/span><\/p>\n<p><span style=\"color: #000000;\">Revitta Wellness te permite llevar una alimentaci\u00f3n consciente y saludable, se adapta perfectamente a tu estilo de vida, cubriendo tus necesidades b\u00e1sicas de prote\u00ednas con un simple alimento nutritivo, delicioso y natural como lo es 100% Whey Protein Bar.<\/span><\/p>\n","protected":false},"excerpt":{"rendered":"<h4><span style=\"color: #000000;\">Caja barritas de prote\u00edna Whey 45 grs. 16 unidades<\/span><\/h4>\n<ul>\n<li><span style=\"color: #000000;\">Prote\u00edna de suero de leche (whey)<\/span><\/li>\n<li><span style=\"color: #000000;\">16 grs. de prote\u00edna<\/span><\/li>\n<li><span style=\"color: #000000;\">Crispies de quinoa<\/span><\/li>\n<li><span style=\"color: #000000;\">Sin gluten<\/span><\/li>\n<li><span style=\"color: #000000;\">Sin az\u00facar a\u00f1adida<\/span><\/li>\n<li><span style=\"color: #000000;\">Endulzado con d\u00e1tiles<\/span><\/li>\n<li><span style=\"color: #000000;\">Sin soya<\/span><\/li>\n<\/ul>\n<p><span style=\"color: #000000;\">Formato: Caja<\/span><\/p>\n<p><span style=\"color: #000000;\">Sabores: Dulce de leche, Mokaccino, Chocococo y Mix sabores (6 Mokaccino, 5 Dulce de leche y 5 Chocococo)<\/span><\/p>\n<p><span style=\"color: #000000;\">Contenido: 16 barritas de 45 grs. c\/u<\/span><\/p>\n<p><span style=\"color: #000000;\">Porciones: 16<\/span><\/p>\n<p><span style=\"color: #000000;\">Modo de uso: Consumir 1 barrita despu\u00e9s del ejercicio o en cualquier momento del d\u00eda (snack) o lo prescrito por tu nutricionista.<\/span><\/p>\n","protected":false},"featured_media":10870,"template":"","meta":[],"product_cat":[668,534],"product_tag":[],"class_list":{"0":"post-10869","1":"product","2":"type-product","3":"status-publish","4":"has-post-thumbnail","6":"product_cat-barritas-dep","7":"product_cat-deportista","9":"first","10":"instock","11":"shipping-taxable","12":"purchasable","13":"product-type-variable"},"yoast_head":"<!-- This site is optimized with the Yoast SEO plugin v25.2 - https:\/\/yoast.com\/wordpress\/plugins\/seo\/ -->\n<title>Caja Barritas de Prote\u00edna Whey 45 grs. 16 unid. - YAOMARKET<\/title>\n<meta name=\"robots\" content=\"index, follow, max-snippet:-1, max-image-preview:large, max-video-preview:-1\" \/>\n<link rel=\"canonical\" href=\"https:\/\/yaomarket.cl\/?product=caja-barritas-de-proteina-whey-45-grs-16-unid\" \/>\n<meta property=\"og:locale\" content=\"es_ES\" \/>\n<meta property=\"og:type\" content=\"article\" \/>\n<meta property=\"og:title\" content=\"Caja Barritas de Prote\u00edna Whey 45 grs. 16 unid. - YAOMARKET\" \/>\n<meta property=\"og:description\" content=\"Caja barritas de prote\u00edna Whey 45 grs. 16 unidades   Prote\u00edna de suero de leche (whey)  16 grs. de prote\u00edna  Crispies de quinoa  Sin gluten  Sin az\u00facar a\u00f1adida  Endulzado con d\u00e1tiles  Sin soya  Formato: Caja  Sabores: Dulce de leche, Mokaccino, Chocococo y Mix sabores (6 Mokaccino, 5 Dulce de leche y 5 Chocococo)  Contenido: 16 barritas de 45 grs. c\/u  Porciones: 16  Modo de uso: Consumir 1 barrita despu\u00e9s del ejercicio o en cualquier momento del d\u00eda (snack) o lo prescrito por tu nutricionista.\" \/>\n<meta property=\"og:url\" content=\"https:\/\/yaomarket.cl\/?product=caja-barritas-de-proteina-whey-45-grs-16-unid\" \/>\n<meta property=\"og:site_name\" content=\"YAOMARKET\" \/>\n<meta property=\"article:publisher\" content=\"https:\/\/www.facebook.com\/yaomarketchile\/\" \/>\n<meta property=\"article:modified_time\" content=\"2025-04-24T03:12:32+00:00\" \/>\n<meta property=\"og:image\" content=\"https:\/\/yaomarket.cl\/wp-content\/uploads\/2025\/02\/ProteinBar_Chocococo7_600px.jpg\" \/>\n\t<meta property=\"og:image:width\" content=\"600\" \/>\n\t<meta property=\"og:image:height\" content=\"600\" \/>\n\t<meta property=\"og:image:type\" content=\"image\/jpeg\" \/>\n<meta name=\"twitter:card\" content=\"summary_large_image\" \/>\n<meta name=\"twitter:label1\" content=\"Tiempo de lectura\" \/>\n\t<meta name=\"twitter:data1\" content=\"2 minutos\" \/>\n<script type=\"application\/ld+json\" class=\"yoast-schema-graph\">{\"@context\":\"https:\/\/schema.org\",\"@graph\":[{\"@type\":\"WebPage\",\"@id\":\"https:\/\/yaomarket.cl\/?product=caja-barritas-de-proteina-whey-45-grs-16-unid\",\"url\":\"https:\/\/yaomarket.cl\/?product=caja-barritas-de-proteina-whey-45-grs-16-unid\",\"name\":\"Caja Barritas de Prote\u00edna Whey 45 grs. 16 unid. - YAOMARKET\",\"isPartOf\":{\"@id\":\"https:\/\/yaomarket.cl\/#website\"},\"primaryImageOfPage\":{\"@id\":\"https:\/\/yaomarket.cl\/?product=caja-barritas-de-proteina-whey-45-grs-16-unid#primaryimage\"},\"image\":{\"@id\":\"https:\/\/yaomarket.cl\/?product=caja-barritas-de-proteina-whey-45-grs-16-unid#primaryimage\"},\"thumbnailUrl\":\"https:\/\/yaomarket.cl\/wp-content\/uploads\/2025\/02\/ProteinBar_Chocococo7_600px.jpg\",\"datePublished\":\"2025-02-24T19:52:21+00:00\",\"dateModified\":\"2025-04-24T03:12:32+00:00\",\"breadcrumb\":{\"@id\":\"https:\/\/yaomarket.cl\/?product=caja-barritas-de-proteina-whey-45-grs-16-unid#breadcrumb\"},\"inLanguage\":\"es\",\"potentialAction\":[{\"@type\":\"ReadAction\",\"target\":[\"https:\/\/yaomarket.cl\/?product=caja-barritas-de-proteina-whey-45-grs-16-unid\"]}]},{\"@type\":\"ImageObject\",\"inLanguage\":\"es\",\"@id\":\"https:\/\/yaomarket.cl\/?product=caja-barritas-de-proteina-whey-45-grs-16-unid#primaryimage\",\"url\":\"https:\/\/yaomarket.cl\/wp-content\/uploads\/2025\/02\/ProteinBar_Chocococo7_600px.jpg\",\"contentUrl\":\"https:\/\/yaomarket.cl\/wp-content\/uploads\/2025\/02\/ProteinBar_Chocococo7_600px.jpg\",\"width\":600,\"height\":600},{\"@type\":\"BreadcrumbList\",\"@id\":\"https:\/\/yaomarket.cl\/?product=caja-barritas-de-proteina-whey-45-grs-16-unid#breadcrumb\",\"itemListElement\":[{\"@type\":\"ListItem\",\"position\":1,\"name\":\"Portada\",\"item\":\"https:\/\/yaomarket.cl\/\"},{\"@type\":\"ListItem\",\"position\":2,\"name\":\"TIENDA\",\"item\":\"https:\/\/yaomarket.cl\/?page_id=8\"},{\"@type\":\"ListItem\",\"position\":3,\"name\":\"Caja Barritas de Prote\u00edna Whey 45 grs. 16 unid.\"}]},{\"@type\":\"WebSite\",\"@id\":\"https:\/\/yaomarket.cl\/#website\",\"url\":\"https:\/\/yaomarket.cl\/\",\"name\":\"YAOMARKET\",\"description\":\"\",\"publisher\":{\"@id\":\"https:\/\/yaomarket.cl\/#organization\"},\"potentialAction\":[{\"@type\":\"SearchAction\",\"target\":{\"@type\":\"EntryPoint\",\"urlTemplate\":\"https:\/\/yaomarket.cl\/?s={search_term_string}\"},\"query-input\":{\"@type\":\"PropertyValueSpecification\",\"valueRequired\":true,\"valueName\":\"search_term_string\"}}],\"inLanguage\":\"es\"},{\"@type\":\"Organization\",\"@id\":\"https:\/\/yaomarket.cl\/#organization\",\"name\":\"YAOMARKET\",\"url\":\"https:\/\/yaomarket.cl\/\",\"logo\":{\"@type\":\"ImageObject\",\"inLanguage\":\"es\",\"@id\":\"https:\/\/yaomarket.cl\/#\/schema\/logo\/image\/\",\"url\":\"https:\/\/yaomarket.cl\/wp-content\/uploads\/2023\/08\/Logo-Original-Yao-Market-Circular.png\",\"contentUrl\":\"https:\/\/yaomarket.cl\/wp-content\/uploads\/2023\/08\/Logo-Original-Yao-Market-Circular.png\",\"width\":522,\"height\":522,\"caption\":\"YAOMARKET\"},\"image\":{\"@id\":\"https:\/\/yaomarket.cl\/#\/schema\/logo\/image\/\"},\"sameAs\":[\"https:\/\/www.facebook.com\/yaomarketchile\/\",\"https:\/\/www.instagram.com\/yao_market\/\"]}]}<\/script>\n<!-- \/ Yoast SEO plugin. -->","yoast_head_json":{"title":"Caja Barritas de Prote\u00edna Whey 45 grs. 16 unid. - YAOMARKET","robots":{"index":"index","follow":"follow","max-snippet":"max-snippet:-1","max-image-preview":"max-image-preview:large","max-video-preview":"max-video-preview:-1"},"canonical":"https:\/\/yaomarket.cl\/?product=caja-barritas-de-proteina-whey-45-grs-16-unid","og_locale":"es_ES","og_type":"article","og_title":"Caja Barritas de Prote\u00edna Whey 45 grs. 16 unid. - YAOMARKET","og_description":"Caja barritas de prote\u00edna Whey 45 grs. 16 unidades   Prote\u00edna de suero de leche (whey)  16 grs. de prote\u00edna  Crispies de quinoa  Sin gluten  Sin az\u00facar a\u00f1adida  Endulzado con d\u00e1tiles  Sin soya  Formato: Caja  Sabores: Dulce de leche, Mokaccino, Chocococo y Mix sabores (6 Mokaccino, 5 Dulce de leche y 5 Chocococo)  Contenido: 16 barritas de 45 grs. c\/u  Porciones: 16  Modo de uso: Consumir 1 barrita despu\u00e9s del ejercicio o en cualquier momento del d\u00eda (snack) o lo prescrito por tu nutricionista.","og_url":"https:\/\/yaomarket.cl\/?product=caja-barritas-de-proteina-whey-45-grs-16-unid","og_site_name":"YAOMARKET","article_publisher":"https:\/\/www.facebook.com\/yaomarketchile\/","article_modified_time":"2025-04-24T03:12:32+00:00","og_image":[{"width":600,"height":600,"url":"https:\/\/yaomarket.cl\/wp-content\/uploads\/2025\/02\/ProteinBar_Chocococo7_600px.jpg","type":"image\/jpeg"}],"twitter_card":"summary_large_image","twitter_misc":{"Tiempo de lectura":"2 minutos"},"schema":{"@context":"https:\/\/schema.org","@graph":[{"@type":"WebPage","@id":"https:\/\/yaomarket.cl\/?product=caja-barritas-de-proteina-whey-45-grs-16-unid","url":"https:\/\/yaomarket.cl\/?product=caja-barritas-de-proteina-whey-45-grs-16-unid","name":"Caja Barritas de Prote\u00edna Whey 45 grs. 16 unid. - YAOMARKET","isPartOf":{"@id":"https:\/\/yaomarket.cl\/#website"},"primaryImageOfPage":{"@id":"https:\/\/yaomarket.cl\/?product=caja-barritas-de-proteina-whey-45-grs-16-unid#primaryimage"},"image":{"@id":"https:\/\/yaomarket.cl\/?product=caja-barritas-de-proteina-whey-45-grs-16-unid#primaryimage"},"thumbnailUrl":"https:\/\/yaomarket.cl\/wp-content\/uploads\/2025\/02\/ProteinBar_Chocococo7_600px.jpg","datePublished":"2025-02-24T19:52:21+00:00","dateModified":"2025-04-24T03:12:32+00:00","breadcrumb":{"@id":"https:\/\/yaomarket.cl\/?product=caja-barritas-de-proteina-whey-45-grs-16-unid#breadcrumb"},"inLanguage":"es","potentialAction":[{"@type":"ReadAction","target":["https:\/\/yaomarket.cl\/?product=caja-barritas-de-proteina-whey-45-grs-16-unid"]}]},{"@type":"ImageObject","inLanguage":"es","@id":"https:\/\/yaomarket.cl\/?product=caja-barritas-de-proteina-whey-45-grs-16-unid#primaryimage","url":"https:\/\/yaomarket.cl\/wp-content\/uploads\/2025\/02\/ProteinBar_Chocococo7_600px.jpg","contentUrl":"https:\/\/yaomarket.cl\/wp-content\/uploads\/2025\/02\/ProteinBar_Chocococo7_600px.jpg","width":600,"height":600},{"@type":"BreadcrumbList","@id":"https:\/\/yaomarket.cl\/?product=caja-barritas-de-proteina-whey-45-grs-16-unid#breadcrumb","itemListElement":[{"@type":"ListItem","position":1,"name":"Portada","item":"https:\/\/yaomarket.cl\/"},{"@type":"ListItem","position":2,"name":"TIENDA","item":"https:\/\/yaomarket.cl\/?page_id=8"},{"@type":"ListItem","position":3,"name":"Caja Barritas de Prote\u00edna Whey 45 grs. 16 unid."}]},{"@type":"WebSite","@id":"https:\/\/yaomarket.cl\/#website","url":"https:\/\/yaomarket.cl\/","name":"YAOMARKET","description":"","publisher":{"@id":"https:\/\/yaomarket.cl\/#organization"},"potentialAction":[{"@type":"SearchAction","target":{"@type":"EntryPoint","urlTemplate":"https:\/\/yaomarket.cl\/?s={search_term_string}"},"query-input":{"@type":"PropertyValueSpecification","valueRequired":true,"valueName":"search_term_string"}}],"inLanguage":"es"},{"@type":"Organization","@id":"https:\/\/yaomarket.cl\/#organization","name":"YAOMARKET","url":"https:\/\/yaomarket.cl\/","logo":{"@type":"ImageObject","inLanguage":"es","@id":"https:\/\/yaomarket.cl\/#\/schema\/logo\/image\/","url":"https:\/\/yaomarket.cl\/wp-content\/uploads\/2023\/08\/Logo-Original-Yao-Market-Circular.png","contentUrl":"https:\/\/yaomarket.cl\/wp-content\/uploads\/2023\/08\/Logo-Original-Yao-Market-Circular.png","width":522,"height":522,"caption":"YAOMARKET"},"image":{"@id":"https:\/\/yaomarket.cl\/#\/schema\/logo\/image\/"},"sameAs":["https:\/\/www.facebook.com\/yaomarketchile\/","https:\/\/www.instagram.com\/yao_market\/"]}]}},"_links":{"self":[{"href":"https:\/\/yaomarket.cl\/index.php?rest_route=\/wp\/v2\/product\/10869","targetHints":{"allow":["GET"]}}],"collection":[{"href":"https:\/\/yaomarket.cl\/index.php?rest_route=\/wp\/v2\/product"}],"about":[{"href":"https:\/\/yaomarket.cl\/index.php?rest_route=\/wp\/v2\/types\/product"}],"wp:featuredmedia":[{"embeddable":true,"href":"https:\/\/yaomarket.cl\/index.php?rest_route=\/wp\/v2\/media\/10870"}],"wp:attachment":[{"href":"https:\/\/yaomarket.cl\/index.php?rest_route=%2Fwp%2Fv2%2Fmedia&parent=10869"}],"wp:term":[{"taxonomy":"product_cat","embeddable":true,"href":"https:\/\/yaomarket.cl\/index.php?rest_route=%2Fwp%2Fv2%2Fproduct_cat&post=10869"},{"taxonomy":"product_tag","embeddable":true,"href":"https:\/\/yaomarket.cl\/index.php?rest_route=%2Fwp%2Fv2%2Fproduct_tag&post=10869"}],"curies":[{"name":"wp","href":"https:\/\/api.w.org\/{rel}","templated":true}]}}