{"id":10862,"date":"2025-02-24T19:32:11","date_gmt":"2025-02-24T19:32:11","guid":{"rendered":"https:\/\/yaomarket.cl\/?post_type=product&#038;p=10862"},"modified":"2025-06-09T18:27:53","modified_gmt":"2025-06-09T18:27:53","slug":"l-tirosina-1000mg-120-capsulas-60-porciones","status":"publish","type":"product","link":"https:\/\/yaomarket.cl\/?product=l-tirosina-1000mg-120-capsulas-60-porciones","title":{"rendered":"L-Tirosina 1000mg 120 c\u00e1psulas 60 porciones"},"content":{"rendered":"<h3><span style=\"color: #000000;\">L-Tirosina 1000mg 120 c\u00e1psulas 60 porciones<\/span><\/h3>\n<p><span style=\"color: #000000;\">L-Tirosina 1000mg 120 c\u00e1psulas 60 porciones puede contribuir a:<\/span><\/p>\n<p><span style=\"color: #000000;\">Aumento la energ\u00eda.<\/span><\/p>\n<p><span style=\"color: #000000;\">Optimizaci\u00f3n del metabolismo.<\/span><\/p>\n<p><span style=\"color: #000000;\">Precursor de la melanina.<\/span><\/p>\n<p><span style=\"color: #000000;\">Control de peso.<\/span><\/p>\n<p><span style=\"color: #000000;\">Activaci\u00f3n del sistema nervioso.<\/span><\/p>\n<p><span style=\"color: #000000;\">Para comenzar, L Tirosina de Winkler Nutrition, es uno de los 20 amino\u00e1cido (no esencial) que forma parte de las prote\u00ednas. Es precursora de hormonas tiroideas (tiroxina), de las catecolaminas (dopamina, adrenalina y noradrenalina), y de la melanina.<\/span><\/p>\n<p><span style=\"color: #000000;\">Las catecolaminas y las hormonas tiroideas tienen gran importancia en el control del peso, y la optimizaci\u00f3n del metabolismo. Y la melanina, es el pigmento responsable de la coloraci\u00f3n del pelo y la piel.<\/span><\/p>\n<p><span style=\"color: #000000;\">La L Tirosina resguarda la salud del sistema nervioso mejorando el estado de \u00e1nimo, e influenciando de manera positiva en casos como la depresi\u00f3n, estr\u00e9s, insomnio, hiperactividad, d\u00e9ficit atencional, etc.<\/span><\/p>\n<p><span style=\"color: #000000;\">En adici\u00f3n a lo anterior, la suplementaci\u00f3n con L Tirosina 250mg 120 c\u00e1psulas reducen los efectos del cansancio, tanto f\u00edsico o mental.\u00a0 De esta manera aumenta la concentraci\u00f3n, mejorando la performance en actividades f\u00edsicas aer\u00f3bicas y anaer\u00f3bicas. Optimiza actividades como estudiar y trabajar. Y previene la p\u00e9rdida de la memoria.<\/span><\/p>\n<h4><span style=\"color: #000000;\">Como suplemento<\/span><\/h4>\n<p><span style=\"color: #000000;\">Este amino\u00e1cido se utiliza como componente en suplementos alimenticios y deportivos tales como pro hormonales, de salud y bienestar, e incluso en termog\u00e9nicos y pre entrenamientos. Por consiguiente, al usarse en suplementos con estimulantes como la cafe\u00edna, potencian los efectos de estos, pero con el gran detalle, de que reduce la sensaci\u00f3n de nerviosismo que pueden provocar las altas dosis de cafe\u00edna, t\u00e9 verde, y otros estimulantes. Logrando as\u00ed una sensaci\u00f3n de pleno bienestar.<\/span><\/p>\n<h4><span style=\"color: #000000;\">Control de peso<\/span><\/h4>\n<p><span style=\"color: #000000;\">Su efecto pro hormonal, potencia el metabolismo por lo que genera una mayor sensaci\u00f3n de saciedad, y un efecto inhibidor del apetito. Aumenta la cantidad de Kcal usadas en el d\u00eda a d\u00eda, mejorando la tasa metab\u00f3lica basal, estimulando la lip\u00f3lisis que activa la lipasa, para producir \u00e1cidos grasos de los triglic\u00e9ridos, y as\u00ed logrando un control de peso adecuadamente.<\/span><\/p>\n<h5><span style=\"color: #000000;\">Modo de uso<\/span><\/h5>\n<p><span style=\"color: #000000;\">Se recomienda consumir 2 c\u00e1psulas (1000mg) 30 minutos antes de una merienda (durante el d\u00eda) \u00f3 consumir seg\u00fan lo recomendado por su Nutricionista.<\/span><\/p>\n","protected":false},"excerpt":{"rendered":"<h4><span style=\"color: #000000;\">L-Tirosina 1000mg 120 c\u00e1psulas 60 porciones<\/span><\/h4>\n<ul>\n<li><span style=\"color: #000000;\">Aumentar la energ\u00eda<\/span><\/li>\n<li><span style=\"color: #000000;\">Optimizar el metabolismo<\/span><\/li>\n<li><span style=\"color: #000000;\">Control de peso<\/span><\/li>\n<li><span style=\"color: #000000;\">Activaci\u00f3n del sistema nervioso<\/span><\/li>\n<\/ul>\n<p><span style=\"color: #000000;\">Formato: C\u00e1psulas<\/span><\/p>\n<p><span style=\"color: #000000;\">Contenido: 120 c\u00e1psulas<\/span><\/p>\n<p><span style=\"color: #000000;\">Porciones: 60<\/span><\/p>\n<p><span style=\"color: #000000;\">Modo de uso: Se recomienda consumir 2 c\u00e1psulas 30 minutos antes de una merienda (durante el d\u00eda) \u00f3 consumir seg\u00fan lo recomendado por tu nutricionista.<\/span><\/p>\n","protected":false},"featured_media":10863,"template":"","meta":[],"product_cat":[723,534,670],"product_tag":[],"class_list":{"0":"post-10862","1":"product","2":"type-product","3":"status-publish","4":"has-post-thumbnail","6":"product_cat-aminoacidos","7":"product_cat-deportista","8":"product_cat-vitaminas-y-minerales","10":"first","11":"instock","12":"shipping-taxable","13":"purchasable","14":"product-type-simple"},"yoast_head":"<!-- This site is optimized with the Yoast SEO plugin v25.2 - https:\/\/yoast.com\/wordpress\/plugins\/seo\/ -->\n<title>L-Tirosina 1000mg 120 c\u00e1psulas 60 porciones - YAOMARKET<\/title>\n<meta name=\"robots\" content=\"index, follow, max-snippet:-1, max-image-preview:large, max-video-preview:-1\" \/>\n<link rel=\"canonical\" href=\"https:\/\/yaomarket.cl\/?product=l-tirosina-1000mg-120-capsulas-60-porciones\" \/>\n<meta property=\"og:locale\" content=\"es_ES\" \/>\n<meta property=\"og:type\" content=\"article\" \/>\n<meta property=\"og:title\" content=\"L-Tirosina 1000mg 120 c\u00e1psulas 60 porciones - YAOMARKET\" \/>\n<meta property=\"og:description\" content=\"L-Tirosina 1000mg 120 c\u00e1psulas 60 porciones   Aumentar la energ\u00eda  Optimizar el metabolismo  Control de peso  Activaci\u00f3n del sistema nervioso  Formato: C\u00e1psulas  Contenido: 120 c\u00e1psulas  Porciones: 60  Modo de uso: Se recomienda consumir 2 c\u00e1psulas 30 minutos antes de una merienda (durante el d\u00eda) \u00f3 consumir seg\u00fan lo recomendado por tu nutricionista.\" \/>\n<meta property=\"og:url\" content=\"https:\/\/yaomarket.cl\/?product=l-tirosina-1000mg-120-capsulas-60-porciones\" \/>\n<meta property=\"og:site_name\" content=\"YAOMARKET\" \/>\n<meta property=\"article:publisher\" content=\"https:\/\/www.facebook.com\/yaomarketchile\/\" \/>\n<meta property=\"article:modified_time\" content=\"2025-06-09T18:27:53+00:00\" \/>\n<meta property=\"og:image\" content=\"https:\/\/yaomarket.cl\/wp-content\/uploads\/2025\/02\/Tirosina_600px-1-1.jpg\" \/>\n\t<meta property=\"og:image:width\" content=\"600\" \/>\n\t<meta property=\"og:image:height\" content=\"600\" \/>\n\t<meta property=\"og:image:type\" content=\"image\/jpeg\" \/>\n<meta name=\"twitter:card\" content=\"summary_large_image\" \/>\n<meta name=\"twitter:label1\" content=\"Tiempo de lectura\" \/>\n\t<meta name=\"twitter:data1\" content=\"2 minutos\" \/>\n<script type=\"application\/ld+json\" class=\"yoast-schema-graph\">{\"@context\":\"https:\/\/schema.org\",\"@graph\":[{\"@type\":\"WebPage\",\"@id\":\"https:\/\/yaomarket.cl\/?product=l-tirosina-1000mg-120-capsulas-60-porciones\",\"url\":\"https:\/\/yaomarket.cl\/?product=l-tirosina-1000mg-120-capsulas-60-porciones\",\"name\":\"L-Tirosina 1000mg 120 c\u00e1psulas 60 porciones - YAOMARKET\",\"isPartOf\":{\"@id\":\"https:\/\/yaomarket.cl\/#website\"},\"primaryImageOfPage\":{\"@id\":\"https:\/\/yaomarket.cl\/?product=l-tirosina-1000mg-120-capsulas-60-porciones#primaryimage\"},\"image\":{\"@id\":\"https:\/\/yaomarket.cl\/?product=l-tirosina-1000mg-120-capsulas-60-porciones#primaryimage\"},\"thumbnailUrl\":\"https:\/\/yaomarket.cl\/wp-content\/uploads\/2025\/02\/Tirosina_600px-1-1.jpg\",\"datePublished\":\"2025-02-24T19:32:11+00:00\",\"dateModified\":\"2025-06-09T18:27:53+00:00\",\"breadcrumb\":{\"@id\":\"https:\/\/yaomarket.cl\/?product=l-tirosina-1000mg-120-capsulas-60-porciones#breadcrumb\"},\"inLanguage\":\"es\",\"potentialAction\":[{\"@type\":\"ReadAction\",\"target\":[\"https:\/\/yaomarket.cl\/?product=l-tirosina-1000mg-120-capsulas-60-porciones\"]}]},{\"@type\":\"ImageObject\",\"inLanguage\":\"es\",\"@id\":\"https:\/\/yaomarket.cl\/?product=l-tirosina-1000mg-120-capsulas-60-porciones#primaryimage\",\"url\":\"https:\/\/yaomarket.cl\/wp-content\/uploads\/2025\/02\/Tirosina_600px-1-1.jpg\",\"contentUrl\":\"https:\/\/yaomarket.cl\/wp-content\/uploads\/2025\/02\/Tirosina_600px-1-1.jpg\",\"width\":600,\"height\":600},{\"@type\":\"BreadcrumbList\",\"@id\":\"https:\/\/yaomarket.cl\/?product=l-tirosina-1000mg-120-capsulas-60-porciones#breadcrumb\",\"itemListElement\":[{\"@type\":\"ListItem\",\"position\":1,\"name\":\"Portada\",\"item\":\"https:\/\/yaomarket.cl\/\"},{\"@type\":\"ListItem\",\"position\":2,\"name\":\"TIENDA\",\"item\":\"https:\/\/yaomarket.cl\/?page_id=8\"},{\"@type\":\"ListItem\",\"position\":3,\"name\":\"L-Tirosina 1000mg 120 c\u00e1psulas 60 porciones\"}]},{\"@type\":\"WebSite\",\"@id\":\"https:\/\/yaomarket.cl\/#website\",\"url\":\"https:\/\/yaomarket.cl\/\",\"name\":\"YAOMARKET\",\"description\":\"\",\"publisher\":{\"@id\":\"https:\/\/yaomarket.cl\/#organization\"},\"potentialAction\":[{\"@type\":\"SearchAction\",\"target\":{\"@type\":\"EntryPoint\",\"urlTemplate\":\"https:\/\/yaomarket.cl\/?s={search_term_string}\"},\"query-input\":{\"@type\":\"PropertyValueSpecification\",\"valueRequired\":true,\"valueName\":\"search_term_string\"}}],\"inLanguage\":\"es\"},{\"@type\":\"Organization\",\"@id\":\"https:\/\/yaomarket.cl\/#organization\",\"name\":\"YAOMARKET\",\"url\":\"https:\/\/yaomarket.cl\/\",\"logo\":{\"@type\":\"ImageObject\",\"inLanguage\":\"es\",\"@id\":\"https:\/\/yaomarket.cl\/#\/schema\/logo\/image\/\",\"url\":\"https:\/\/yaomarket.cl\/wp-content\/uploads\/2023\/08\/Logo-Original-Yao-Market-Circular.png\",\"contentUrl\":\"https:\/\/yaomarket.cl\/wp-content\/uploads\/2023\/08\/Logo-Original-Yao-Market-Circular.png\",\"width\":522,\"height\":522,\"caption\":\"YAOMARKET\"},\"image\":{\"@id\":\"https:\/\/yaomarket.cl\/#\/schema\/logo\/image\/\"},\"sameAs\":[\"https:\/\/www.facebook.com\/yaomarketchile\/\",\"https:\/\/www.instagram.com\/yao_market\/\"]}]}<\/script>\n<!-- \/ Yoast SEO plugin. -->","yoast_head_json":{"title":"L-Tirosina 1000mg 120 c\u00e1psulas 60 porciones - YAOMARKET","robots":{"index":"index","follow":"follow","max-snippet":"max-snippet:-1","max-image-preview":"max-image-preview:large","max-video-preview":"max-video-preview:-1"},"canonical":"https:\/\/yaomarket.cl\/?product=l-tirosina-1000mg-120-capsulas-60-porciones","og_locale":"es_ES","og_type":"article","og_title":"L-Tirosina 1000mg 120 c\u00e1psulas 60 porciones - YAOMARKET","og_description":"L-Tirosina 1000mg 120 c\u00e1psulas 60 porciones   Aumentar la energ\u00eda  Optimizar el metabolismo  Control de peso  Activaci\u00f3n del sistema nervioso  Formato: C\u00e1psulas  Contenido: 120 c\u00e1psulas  Porciones: 60  Modo de uso: Se recomienda consumir 2 c\u00e1psulas 30 minutos antes de una merienda (durante el d\u00eda) \u00f3 consumir seg\u00fan lo recomendado por tu nutricionista.","og_url":"https:\/\/yaomarket.cl\/?product=l-tirosina-1000mg-120-capsulas-60-porciones","og_site_name":"YAOMARKET","article_publisher":"https:\/\/www.facebook.com\/yaomarketchile\/","article_modified_time":"2025-06-09T18:27:53+00:00","og_image":[{"width":600,"height":600,"url":"https:\/\/yaomarket.cl\/wp-content\/uploads\/2025\/02\/Tirosina_600px-1-1.jpg","type":"image\/jpeg"}],"twitter_card":"summary_large_image","twitter_misc":{"Tiempo de lectura":"2 minutos"},"schema":{"@context":"https:\/\/schema.org","@graph":[{"@type":"WebPage","@id":"https:\/\/yaomarket.cl\/?product=l-tirosina-1000mg-120-capsulas-60-porciones","url":"https:\/\/yaomarket.cl\/?product=l-tirosina-1000mg-120-capsulas-60-porciones","name":"L-Tirosina 1000mg 120 c\u00e1psulas 60 porciones - YAOMARKET","isPartOf":{"@id":"https:\/\/yaomarket.cl\/#website"},"primaryImageOfPage":{"@id":"https:\/\/yaomarket.cl\/?product=l-tirosina-1000mg-120-capsulas-60-porciones#primaryimage"},"image":{"@id":"https:\/\/yaomarket.cl\/?product=l-tirosina-1000mg-120-capsulas-60-porciones#primaryimage"},"thumbnailUrl":"https:\/\/yaomarket.cl\/wp-content\/uploads\/2025\/02\/Tirosina_600px-1-1.jpg","datePublished":"2025-02-24T19:32:11+00:00","dateModified":"2025-06-09T18:27:53+00:00","breadcrumb":{"@id":"https:\/\/yaomarket.cl\/?product=l-tirosina-1000mg-120-capsulas-60-porciones#breadcrumb"},"inLanguage":"es","potentialAction":[{"@type":"ReadAction","target":["https:\/\/yaomarket.cl\/?product=l-tirosina-1000mg-120-capsulas-60-porciones"]}]},{"@type":"ImageObject","inLanguage":"es","@id":"https:\/\/yaomarket.cl\/?product=l-tirosina-1000mg-120-capsulas-60-porciones#primaryimage","url":"https:\/\/yaomarket.cl\/wp-content\/uploads\/2025\/02\/Tirosina_600px-1-1.jpg","contentUrl":"https:\/\/yaomarket.cl\/wp-content\/uploads\/2025\/02\/Tirosina_600px-1-1.jpg","width":600,"height":600},{"@type":"BreadcrumbList","@id":"https:\/\/yaomarket.cl\/?product=l-tirosina-1000mg-120-capsulas-60-porciones#breadcrumb","itemListElement":[{"@type":"ListItem","position":1,"name":"Portada","item":"https:\/\/yaomarket.cl\/"},{"@type":"ListItem","position":2,"name":"TIENDA","item":"https:\/\/yaomarket.cl\/?page_id=8"},{"@type":"ListItem","position":3,"name":"L-Tirosina 1000mg 120 c\u00e1psulas 60 porciones"}]},{"@type":"WebSite","@id":"https:\/\/yaomarket.cl\/#website","url":"https:\/\/yaomarket.cl\/","name":"YAOMARKET","description":"","publisher":{"@id":"https:\/\/yaomarket.cl\/#organization"},"potentialAction":[{"@type":"SearchAction","target":{"@type":"EntryPoint","urlTemplate":"https:\/\/yaomarket.cl\/?s={search_term_string}"},"query-input":{"@type":"PropertyValueSpecification","valueRequired":true,"valueName":"search_term_string"}}],"inLanguage":"es"},{"@type":"Organization","@id":"https:\/\/yaomarket.cl\/#organization","name":"YAOMARKET","url":"https:\/\/yaomarket.cl\/","logo":{"@type":"ImageObject","inLanguage":"es","@id":"https:\/\/yaomarket.cl\/#\/schema\/logo\/image\/","url":"https:\/\/yaomarket.cl\/wp-content\/uploads\/2023\/08\/Logo-Original-Yao-Market-Circular.png","contentUrl":"https:\/\/yaomarket.cl\/wp-content\/uploads\/2023\/08\/Logo-Original-Yao-Market-Circular.png","width":522,"height":522,"caption":"YAOMARKET"},"image":{"@id":"https:\/\/yaomarket.cl\/#\/schema\/logo\/image\/"},"sameAs":["https:\/\/www.facebook.com\/yaomarketchile\/","https:\/\/www.instagram.com\/yao_market\/"]}]}},"_links":{"self":[{"href":"https:\/\/yaomarket.cl\/index.php?rest_route=\/wp\/v2\/product\/10862","targetHints":{"allow":["GET"]}}],"collection":[{"href":"https:\/\/yaomarket.cl\/index.php?rest_route=\/wp\/v2\/product"}],"about":[{"href":"https:\/\/yaomarket.cl\/index.php?rest_route=\/wp\/v2\/types\/product"}],"wp:featuredmedia":[{"embeddable":true,"href":"https:\/\/yaomarket.cl\/index.php?rest_route=\/wp\/v2\/media\/10863"}],"wp:attachment":[{"href":"https:\/\/yaomarket.cl\/index.php?rest_route=%2Fwp%2Fv2%2Fmedia&parent=10862"}],"wp:term":[{"taxonomy":"product_cat","embeddable":true,"href":"https:\/\/yaomarket.cl\/index.php?rest_route=%2Fwp%2Fv2%2Fproduct_cat&post=10862"},{"taxonomy":"product_tag","embeddable":true,"href":"https:\/\/yaomarket.cl\/index.php?rest_route=%2Fwp%2Fv2%2Fproduct_tag&post=10862"}],"curies":[{"name":"wp","href":"https:\/\/api.w.org\/{rel}","templated":true}]}}