{"id":10859,"date":"2025-02-24T19:29:20","date_gmt":"2025-02-24T19:29:20","guid":{"rendered":"https:\/\/yaomarket.cl\/?post_type=product&#038;p=10859"},"modified":"2025-06-09T18:27:25","modified_gmt":"2025-06-09T18:27:25","slug":"l-glutamina-300-grs-60-servicios","status":"publish","type":"product","link":"https:\/\/yaomarket.cl\/?product=l-glutamina-300-grs-60-servicios","title":{"rendered":"L-Glutamina 300 grs. 60 servicios"},"content":{"rendered":"<p><span style=\"color: #000000;\"><strong><u>L-glutamina 300 grs. 60 servicios Winkler Nutrition<\/u><\/strong><\/span><\/p>\n<p><span style=\"color: #000000;\">L-glutamina de Winkler Nutrition es un suplemento ideal para personas f\u00edsicamente activas, es el amino\u00e1cido libre m\u00e1s abundante en el plasma y en el m\u00fasculo esquel\u00e9tico. Es reconocido por ser un amino\u00e1cido no esencial que est\u00e1 presente en diferentes procesos metab\u00f3licos.<\/span><\/p>\n<p><span style=\"color: #000000;\"><strong><u>Funciones en el cuerpo:<\/u><\/strong><\/span><\/p>\n<ul>\n<li><span style=\"color: #000000;\">L-glutamina es una de las principales fuentes de energ\u00eda para los macr\u00f3fagos, c\u00e9lulas encargadas de eliminar bacterias y otros organismos da\u00f1inos, es decir, favorece al sistema inmunitario.<\/span><\/li>\n<li><span style=\"color: #000000;\">Amino\u00e1cido sustancial para la proliferaci\u00f3n celular y formaci\u00f3n de nucle\u00f3tidos purina y piridina (s\u00edntesis del DNA).<\/span><\/li>\n<li><span style=\"color: #000000;\">Est\u00e1 presente en la recuperaci\u00f3n, y\/o aumento de la masa muscular.<\/span><\/li>\n<li><span style=\"color: #000000;\">Precursor de s\u00edntesis para otras mol\u00e9culas metab\u00f3licas como el glutati\u00f3n, que es un importante antioxidante.<\/span><\/li>\n<\/ul>\n<p><span style=\"color: #000000;\"><strong><u>Barrera intestinal y glutamina:<\/u><\/strong><\/span><\/p>\n<p><span style=\"color: #000000;\">Los enterocitos son las c\u00e9lulas m\u00e1s abundantes y fundamentales en el epitelio intestinal, se encargan de la absorci\u00f3n de nutrientes, agua y electrolitos. Tambi\u00e9n del control del homeostasis y la mantenci\u00f3n correcta del desarrollo de la barrera intestinal, por lo tanto, del sistema inmunitario intestinal.<\/span><\/p>\n<p><span style=\"color: #000000;\">Su principal fuente de energ\u00eda es la glutamina, por ende, mantener concentraciones adecuadas de glutamina genera un correcto cuidado de la integridad de la barrera, asegurando la regulaci\u00f3n de la permeabilidad de intestino y evitando el desarrollo de enfermedades.<\/span><\/p>\n<p><span style=\"color: #000000;\"><strong><u>\u00bfL-glutamina y deportistas?<\/u><\/strong><\/span><\/p>\n<p><span style=\"color: #000000;\">La incomodidad intestinal es frecuente en deportes de resistencia-endurance, como es el triatl\u00f3n o un marat\u00f3n. Entre el 30-65% de los runners de larga distancia experimentan alg\u00fan tipo de sintomatolog\u00eda de malestar intestinal, incluido nauseas, v\u00f3mito, dolor abdominal y\/o urgencia por ir al ba\u00f1o.<\/span><\/p>\n<p><span style=\"color: #000000;\">Una disminuci\u00f3n de la perfusi\u00f3n espl\u00e1cnica (diminuci\u00f3n del flujo sangu\u00edneo) o un incremento en la permeabilidad del intestino delgado, causa un da\u00f1o gastrointestinal, cambios osm\u00f3ticos y de carga de iones, agua y mol\u00e9culas.<\/span><\/p>\n<p><span style=\"color: #000000;\">Los \u00faltimos estudios valoran el uso de glutamina, horas previas a la actividad f\u00edsica como estrategia nutricional para disminuir la disrupci\u00f3n intestinal dando un estado \u00f3ptimo en las competenciassto. Esto mejora la osmosis, atenuando el da\u00f1o intestinal de los deportistas de largas distancias.<\/span><\/p>\n<p><span style=\"color: #000000;\"><strong><u>\u00bfPor qu\u00e9 elegir L-glutamina de Winkler Nutrition?<\/u><\/strong><\/span><\/p>\n<p><span style=\"color: #000000;\">El suplemento L-glutamina de Winkler Nutrition busca fomentar el sistema inmune, los efectos en la barrera intestinal, ser precursor de antioxidantes. Adem\u00e1s de yudar a la recuperaci\u00f3n-cuidado de la masa magra y ser beneficioso en deportes anaer\u00f3bicos, de fuerza y\/o resistencia.<\/span><\/p>\n<p><span style=\"color: #000000;\"><strong><u>Indicaciones generales:<\/u><\/strong><\/span><\/p>\n<ul>\n<li><span style=\"color: #000000;\">Su uso no es recomendable en menores de 15 a\u00f1os, embarazadas y nodrizas.<\/span><\/li>\n<li><span style=\"color: #000000;\">Consumir seg\u00fan prescripci\u00f3n m\u00e9dica o del nutricionista a cargo.<\/span><\/li>\n<\/ul>\n","protected":false},"excerpt":{"rendered":"<h4><span style=\"color: #000000;\">L-Glutamina 300 grs. 60 servicios de Winkler Nutrition:<\/span><\/h4>\n<ul>\n<li><span style=\"color: #000000;\">Precursor de antioxidantes<\/span><\/li>\n<li><span style=\"color: #000000;\">Fortalecimiento del sistema inmune<\/span><\/li>\n<li><span style=\"color: #000000;\">Mejora de la flora intestinal<\/span><\/li>\n<li><span style=\"color: #000000;\">Disminuci\u00f3n la incomodidad intestinal<\/span><\/li>\n<li><span style=\"color: #000000;\">Recuperaci\u00f3n y cuidado de la masa magra<\/span><\/li>\n<\/ul>\n<p><span style=\"color: #000000;\">Sabor: Natural (sin sabor)<\/span><\/p>\n<p><span style=\"color: #000000;\">Formato: 300 grs.<\/span><\/p>\n<p><span style=\"color: #000000;\">Porciones: 60<\/span><\/p>\n<p><span style=\"color: #000000;\">Modo de uso: Mezclar 1 scoop (5 grs.) en 200-300 ml de agua-jugo en cualquier momento del d\u00eda.<\/span><\/p>\n<p><span style=\"color: #000000;\">Indicaciones generales:<\/span><\/p>\n<ul>\n<li><span style=\"color: #000000;\">Su uso no es recomendable en menores de 15 a\u00f1os, embarazadas y nodrizas.<\/span><\/li>\n<li><span style=\"color: #000000;\">Consumir seg\u00fan prescripci\u00f3n m\u00e9dica o del nutricionista a cargo.<\/span><\/li>\n<\/ul>\n","protected":false},"featured_media":10860,"template":"","meta":[],"product_cat":[723,534,670],"product_tag":[],"class_list":{"0":"post-10859","1":"product","2":"type-product","3":"status-publish","4":"has-post-thumbnail","6":"product_cat-aminoacidos","7":"product_cat-deportista","8":"product_cat-vitaminas-y-minerales","10":"first","11":"instock","12":"shipping-taxable","13":"purchasable","14":"product-type-simple"},"yoast_head":"<!-- This site is optimized with the Yoast SEO plugin v25.2 - https:\/\/yoast.com\/wordpress\/plugins\/seo\/ -->\n<title>L-Glutamina 300 grs. 60 servicios - YAOMARKET<\/title>\n<meta name=\"robots\" content=\"index, follow, max-snippet:-1, max-image-preview:large, max-video-preview:-1\" \/>\n<link rel=\"canonical\" href=\"https:\/\/yaomarket.cl\/?product=l-glutamina-300-grs-60-servicios\" \/>\n<meta property=\"og:locale\" content=\"es_ES\" \/>\n<meta property=\"og:type\" content=\"article\" \/>\n<meta property=\"og:title\" content=\"L-Glutamina 300 grs. 60 servicios - YAOMARKET\" \/>\n<meta property=\"og:description\" content=\"L-Glutamina 300 grs. 60 servicios de Winkler Nutrition:   Precursor de antioxidantes  Fortalecimiento del sistema inmune  Mejora de la flora intestinal  Disminuci\u00f3n la incomodidad intestinal  Recuperaci\u00f3n y cuidado de la masa magra  Sabor: Natural (sin sabor)  Formato: 300 grs.  Porciones: 60  Modo de uso: Mezclar 1 scoop (5 grs.) en 200-300 ml de agua-jugo en cualquier momento del d\u00eda.  Indicaciones generales:   Su uso no es recomendable en menores de 15 a\u00f1os, embarazadas y nodrizas.  Consumir seg\u00fan prescripci\u00f3n m\u00e9dica o del nutricionista a cargo.\" \/>\n<meta property=\"og:url\" content=\"https:\/\/yaomarket.cl\/?product=l-glutamina-300-grs-60-servicios\" \/>\n<meta property=\"og:site_name\" content=\"YAOMARKET\" \/>\n<meta property=\"article:publisher\" content=\"https:\/\/www.facebook.com\/yaomarketchile\/\" \/>\n<meta property=\"article:modified_time\" content=\"2025-06-09T18:27:25+00:00\" \/>\n<meta property=\"og:image\" content=\"https:\/\/yaomarket.cl\/wp-content\/uploads\/2025\/02\/Gluta_600px.jpg\" \/>\n\t<meta property=\"og:image:width\" content=\"600\" \/>\n\t<meta property=\"og:image:height\" content=\"600\" \/>\n\t<meta property=\"og:image:type\" content=\"image\/jpeg\" \/>\n<meta name=\"twitter:card\" content=\"summary_large_image\" \/>\n<meta name=\"twitter:label1\" content=\"Tiempo de lectura\" \/>\n\t<meta name=\"twitter:data1\" content=\"2 minutos\" \/>\n<script type=\"application\/ld+json\" class=\"yoast-schema-graph\">{\"@context\":\"https:\/\/schema.org\",\"@graph\":[{\"@type\":\"WebPage\",\"@id\":\"https:\/\/yaomarket.cl\/?product=l-glutamina-300-grs-60-servicios\",\"url\":\"https:\/\/yaomarket.cl\/?product=l-glutamina-300-grs-60-servicios\",\"name\":\"L-Glutamina 300 grs. 60 servicios - YAOMARKET\",\"isPartOf\":{\"@id\":\"https:\/\/yaomarket.cl\/#website\"},\"primaryImageOfPage\":{\"@id\":\"https:\/\/yaomarket.cl\/?product=l-glutamina-300-grs-60-servicios#primaryimage\"},\"image\":{\"@id\":\"https:\/\/yaomarket.cl\/?product=l-glutamina-300-grs-60-servicios#primaryimage\"},\"thumbnailUrl\":\"https:\/\/yaomarket.cl\/wp-content\/uploads\/2025\/02\/Gluta_600px.jpg\",\"datePublished\":\"2025-02-24T19:29:20+00:00\",\"dateModified\":\"2025-06-09T18:27:25+00:00\",\"breadcrumb\":{\"@id\":\"https:\/\/yaomarket.cl\/?product=l-glutamina-300-grs-60-servicios#breadcrumb\"},\"inLanguage\":\"es\",\"potentialAction\":[{\"@type\":\"ReadAction\",\"target\":[\"https:\/\/yaomarket.cl\/?product=l-glutamina-300-grs-60-servicios\"]}]},{\"@type\":\"ImageObject\",\"inLanguage\":\"es\",\"@id\":\"https:\/\/yaomarket.cl\/?product=l-glutamina-300-grs-60-servicios#primaryimage\",\"url\":\"https:\/\/yaomarket.cl\/wp-content\/uploads\/2025\/02\/Gluta_600px.jpg\",\"contentUrl\":\"https:\/\/yaomarket.cl\/wp-content\/uploads\/2025\/02\/Gluta_600px.jpg\",\"width\":600,\"height\":600},{\"@type\":\"BreadcrumbList\",\"@id\":\"https:\/\/yaomarket.cl\/?product=l-glutamina-300-grs-60-servicios#breadcrumb\",\"itemListElement\":[{\"@type\":\"ListItem\",\"position\":1,\"name\":\"Portada\",\"item\":\"https:\/\/yaomarket.cl\/\"},{\"@type\":\"ListItem\",\"position\":2,\"name\":\"TIENDA\",\"item\":\"https:\/\/yaomarket.cl\/?page_id=8\"},{\"@type\":\"ListItem\",\"position\":3,\"name\":\"L-Glutamina 300 grs. 60 servicios\"}]},{\"@type\":\"WebSite\",\"@id\":\"https:\/\/yaomarket.cl\/#website\",\"url\":\"https:\/\/yaomarket.cl\/\",\"name\":\"YAOMARKET\",\"description\":\"\",\"publisher\":{\"@id\":\"https:\/\/yaomarket.cl\/#organization\"},\"potentialAction\":[{\"@type\":\"SearchAction\",\"target\":{\"@type\":\"EntryPoint\",\"urlTemplate\":\"https:\/\/yaomarket.cl\/?s={search_term_string}\"},\"query-input\":{\"@type\":\"PropertyValueSpecification\",\"valueRequired\":true,\"valueName\":\"search_term_string\"}}],\"inLanguage\":\"es\"},{\"@type\":\"Organization\",\"@id\":\"https:\/\/yaomarket.cl\/#organization\",\"name\":\"YAOMARKET\",\"url\":\"https:\/\/yaomarket.cl\/\",\"logo\":{\"@type\":\"ImageObject\",\"inLanguage\":\"es\",\"@id\":\"https:\/\/yaomarket.cl\/#\/schema\/logo\/image\/\",\"url\":\"https:\/\/yaomarket.cl\/wp-content\/uploads\/2023\/08\/Logo-Original-Yao-Market-Circular.png\",\"contentUrl\":\"https:\/\/yaomarket.cl\/wp-content\/uploads\/2023\/08\/Logo-Original-Yao-Market-Circular.png\",\"width\":522,\"height\":522,\"caption\":\"YAOMARKET\"},\"image\":{\"@id\":\"https:\/\/yaomarket.cl\/#\/schema\/logo\/image\/\"},\"sameAs\":[\"https:\/\/www.facebook.com\/yaomarketchile\/\",\"https:\/\/www.instagram.com\/yao_market\/\"]}]}<\/script>\n<!-- \/ Yoast SEO plugin. -->","yoast_head_json":{"title":"L-Glutamina 300 grs. 60 servicios - YAOMARKET","robots":{"index":"index","follow":"follow","max-snippet":"max-snippet:-1","max-image-preview":"max-image-preview:large","max-video-preview":"max-video-preview:-1"},"canonical":"https:\/\/yaomarket.cl\/?product=l-glutamina-300-grs-60-servicios","og_locale":"es_ES","og_type":"article","og_title":"L-Glutamina 300 grs. 60 servicios - YAOMARKET","og_description":"L-Glutamina 300 grs. 60 servicios de Winkler Nutrition:   Precursor de antioxidantes  Fortalecimiento del sistema inmune  Mejora de la flora intestinal  Disminuci\u00f3n la incomodidad intestinal  Recuperaci\u00f3n y cuidado de la masa magra  Sabor: Natural (sin sabor)  Formato: 300 grs.  Porciones: 60  Modo de uso: Mezclar 1 scoop (5 grs.) en 200-300 ml de agua-jugo en cualquier momento del d\u00eda.  Indicaciones generales:   Su uso no es recomendable en menores de 15 a\u00f1os, embarazadas y nodrizas.  Consumir seg\u00fan prescripci\u00f3n m\u00e9dica o del nutricionista a cargo.","og_url":"https:\/\/yaomarket.cl\/?product=l-glutamina-300-grs-60-servicios","og_site_name":"YAOMARKET","article_publisher":"https:\/\/www.facebook.com\/yaomarketchile\/","article_modified_time":"2025-06-09T18:27:25+00:00","og_image":[{"width":600,"height":600,"url":"https:\/\/yaomarket.cl\/wp-content\/uploads\/2025\/02\/Gluta_600px.jpg","type":"image\/jpeg"}],"twitter_card":"summary_large_image","twitter_misc":{"Tiempo de lectura":"2 minutos"},"schema":{"@context":"https:\/\/schema.org","@graph":[{"@type":"WebPage","@id":"https:\/\/yaomarket.cl\/?product=l-glutamina-300-grs-60-servicios","url":"https:\/\/yaomarket.cl\/?product=l-glutamina-300-grs-60-servicios","name":"L-Glutamina 300 grs. 60 servicios - YAOMARKET","isPartOf":{"@id":"https:\/\/yaomarket.cl\/#website"},"primaryImageOfPage":{"@id":"https:\/\/yaomarket.cl\/?product=l-glutamina-300-grs-60-servicios#primaryimage"},"image":{"@id":"https:\/\/yaomarket.cl\/?product=l-glutamina-300-grs-60-servicios#primaryimage"},"thumbnailUrl":"https:\/\/yaomarket.cl\/wp-content\/uploads\/2025\/02\/Gluta_600px.jpg","datePublished":"2025-02-24T19:29:20+00:00","dateModified":"2025-06-09T18:27:25+00:00","breadcrumb":{"@id":"https:\/\/yaomarket.cl\/?product=l-glutamina-300-grs-60-servicios#breadcrumb"},"inLanguage":"es","potentialAction":[{"@type":"ReadAction","target":["https:\/\/yaomarket.cl\/?product=l-glutamina-300-grs-60-servicios"]}]},{"@type":"ImageObject","inLanguage":"es","@id":"https:\/\/yaomarket.cl\/?product=l-glutamina-300-grs-60-servicios#primaryimage","url":"https:\/\/yaomarket.cl\/wp-content\/uploads\/2025\/02\/Gluta_600px.jpg","contentUrl":"https:\/\/yaomarket.cl\/wp-content\/uploads\/2025\/02\/Gluta_600px.jpg","width":600,"height":600},{"@type":"BreadcrumbList","@id":"https:\/\/yaomarket.cl\/?product=l-glutamina-300-grs-60-servicios#breadcrumb","itemListElement":[{"@type":"ListItem","position":1,"name":"Portada","item":"https:\/\/yaomarket.cl\/"},{"@type":"ListItem","position":2,"name":"TIENDA","item":"https:\/\/yaomarket.cl\/?page_id=8"},{"@type":"ListItem","position":3,"name":"L-Glutamina 300 grs. 60 servicios"}]},{"@type":"WebSite","@id":"https:\/\/yaomarket.cl\/#website","url":"https:\/\/yaomarket.cl\/","name":"YAOMARKET","description":"","publisher":{"@id":"https:\/\/yaomarket.cl\/#organization"},"potentialAction":[{"@type":"SearchAction","target":{"@type":"EntryPoint","urlTemplate":"https:\/\/yaomarket.cl\/?s={search_term_string}"},"query-input":{"@type":"PropertyValueSpecification","valueRequired":true,"valueName":"search_term_string"}}],"inLanguage":"es"},{"@type":"Organization","@id":"https:\/\/yaomarket.cl\/#organization","name":"YAOMARKET","url":"https:\/\/yaomarket.cl\/","logo":{"@type":"ImageObject","inLanguage":"es","@id":"https:\/\/yaomarket.cl\/#\/schema\/logo\/image\/","url":"https:\/\/yaomarket.cl\/wp-content\/uploads\/2023\/08\/Logo-Original-Yao-Market-Circular.png","contentUrl":"https:\/\/yaomarket.cl\/wp-content\/uploads\/2023\/08\/Logo-Original-Yao-Market-Circular.png","width":522,"height":522,"caption":"YAOMARKET"},"image":{"@id":"https:\/\/yaomarket.cl\/#\/schema\/logo\/image\/"},"sameAs":["https:\/\/www.facebook.com\/yaomarketchile\/","https:\/\/www.instagram.com\/yao_market\/"]}]}},"_links":{"self":[{"href":"https:\/\/yaomarket.cl\/index.php?rest_route=\/wp\/v2\/product\/10859","targetHints":{"allow":["GET"]}}],"collection":[{"href":"https:\/\/yaomarket.cl\/index.php?rest_route=\/wp\/v2\/product"}],"about":[{"href":"https:\/\/yaomarket.cl\/index.php?rest_route=\/wp\/v2\/types\/product"}],"wp:featuredmedia":[{"embeddable":true,"href":"https:\/\/yaomarket.cl\/index.php?rest_route=\/wp\/v2\/media\/10860"}],"wp:attachment":[{"href":"https:\/\/yaomarket.cl\/index.php?rest_route=%2Fwp%2Fv2%2Fmedia&parent=10859"}],"wp:term":[{"taxonomy":"product_cat","embeddable":true,"href":"https:\/\/yaomarket.cl\/index.php?rest_route=%2Fwp%2Fv2%2Fproduct_cat&post=10859"},{"taxonomy":"product_tag","embeddable":true,"href":"https:\/\/yaomarket.cl\/index.php?rest_route=%2Fwp%2Fv2%2Fproduct_tag&post=10859"}],"curies":[{"name":"wp","href":"https:\/\/api.w.org\/{rel}","templated":true}]}}