{"id":10849,"date":"2025-02-24T19:15:41","date_gmt":"2025-02-24T19:15:41","guid":{"rendered":"https:\/\/yaomarket.cl\/?post_type=product&#038;p=10849"},"modified":"2025-06-09T18:26:37","modified_gmt":"2025-06-09T18:26:37","slug":"aminoacidos-esenciales-eaas-electrolitos-450-grs","status":"publish","type":"product","link":"https:\/\/yaomarket.cl\/?product=aminoacidos-esenciales-eaas-electrolitos-450-grs","title":{"rendered":"Amino\u00e1cidos Esenciales EAAs + Electrolitos 450 grs."},"content":{"rendered":"<h3><span style=\"color: #000000;\">EAAs: Amino\u00e1cidos escenciales<\/span><\/h3>\n<p><span style=\"color: #000000;\">El nuevo suplemento nutricional de Winkler Nutrition es EAAs (abreviaci\u00f3n de su nombre en ingl\u00e9s escential aminoacids ) Amino\u00e1cidos escenciales de Winkler Nutrition es un suplemento que contiene los amino\u00e1cidos de cadena ramificada o BCAAs sumado a los otros amin\u00f3acidos escenciales que necesita nuestro cuerpo.<\/span><\/p>\n<p><span style=\"color: #000000;\">Posee tambi\u00e9n una matriz de electrolitos que nos va a ayudar a evitar la deshidrataci\u00f3n y , por ende , la disminuci\u00f3n del rendimiento deportivo durante el entrenamiento. Adem\u00e1s tiene adici\u00f3n de otros amino\u00e1cidos no escenciales como la taurina y glutamina, que van a potenciar los beneficios en el rendimiento del deportista.<\/span><\/p>\n<h4><span style=\"color: #000000;\">Amino\u00e1cidos Esenciales Winkler Nutrition<\/span><\/h4>\n<p><span style=\"color: #000000;\">Amino\u00e1cidos escenciales de Winkler Nutrition esta compuesto por los 9 amino\u00e1cidos escenciales que nuestro organismo necesita . Se denominan amino\u00e1cidos escenciales ya que nuestro cuerpo no es capaz de sintetizarlos por s\u00ed solo , por lo que deben ser consumidos a trav\u00e9s de la alimentaci\u00f3n o suplementaci\u00f3n.<\/span><\/p>\n<p><span style=\"color: #000000;\">EAAs de Winkler nutrition est\u00e1 compuesto por BCAAs ( amino\u00e1cidos de cadena ramificada) en un ratio 3:1:1 y por lo otros 6 amino\u00e1cidos escenciales (fenilalanina, tript\u00f3fano, lisina, treonina, histidina, metionina). EL ratio de BCAAs 3:1:1 quiere decir que tiene 3 veces m\u00e1s leucina que isoleucina y valina, lo que va a proporcionar un mayor efecto anab\u00f3lico sobre la masa muscular gracias al rol de la leucina en la s\u00edntesis de prote\u00edna muscular.<\/span><\/p>\n<p><span style=\"color: #000000;\">Amino\u00e1cidos escenciales de Winkler Nutrition esta compuesto por una matriz de electrolitos, lo que lo hace fundamental para evitar calambres o fatiga muscular producto de la p\u00e9rdida de electrolitos durante el ejercicio, evitando la deshidrataci\u00f3n y , por ende, la disminuci\u00f3n del rendimiento durante el entrenamiento.<\/span><\/p>\n<p><span style=\"color: #000000;\">Dentro de los amino\u00e1cidos que componen los amino\u00e1cidos escenciales de Winkler Nutrition encontramos la taurina. La taurina es un amino\u00e1cido escencial condicionado (esto quiere decir que si lo puede sintetizar el organismo a partir de dos amino\u00e1cidos metionina + ciste\u00edna y usando la vitamina B6 como cofactor). Dentro las funciones de la taurina, se destaca su funci\u00f3n antioxidante, estimula la funci\u00f3n inmune, participa en absorci\u00f3n de grasas y vitaminas liposolubles. A nivel muscular reduce o detiene la tasa de catabolismo producida por estr\u00e9s o entrenamiento intenso.<\/span><\/p>\n<p><span style=\"color: #000000;\">EAAs tambi\u00e9n posee Glutamina, este amino\u00e1cido cumple una funci\u00f3n importante en fortalecer el sistema inmune, evita la fatiga muscular y mejorar la recuperaci\u00f3n posterior al entrenamiento.<\/span><\/p>\n<h4><span style=\"color: #000000;\">\u00bfBCAAs o EAAs?<\/span><\/h4>\n<p><span style=\"color: #000000;\">Los Amino\u00e1cidos esenciales de Winkler Nutrition y los BCAAs se diferencian principalmente en la cantidad de amino\u00e1cidos esenciales que poseen ya que los BCAAs contiene los 3 amino\u00e1cidos esenciales de cadena ramificada (leucina, isoleucina y valina) y otros dos amino\u00e1cidos no esenciales (glutamina y arginina).<\/span><\/p>\n<p><span style=\"color: #000000;\">La diferencia entre estos dos suplementos radica en que los amino\u00e1cidos esenciales de Winkler Nutrition contiene los 9 amino\u00e1cidos esenciales y adem\u00e1s posee una matriz de electrolitos, sumado a que posee otros amino\u00e1cidos no esenciales como la glutamina y taurina, los cuales van a potenciar su efecto en evitar la fatiga muscular, favorecer la hipertrofia muscular, fortalecer el sistema inmune y mejorar la recuperaci\u00f3n posterior al ejercicio.<\/span><\/p>\n<h4><span style=\"color: #000000;\">\u00bfEn qu\u00e9 momento consumir EAAs?<\/span><\/h4>\n<p><span style=\"color: #000000;\">Puedes consumirlo antes, durante y despu\u00e9s del entrenamiento. Antes del entrenamiento evitas el catabolismo muscular. Durante el entrenamiento mantienes una adecuada hidrataci\u00f3n y un buen pool de amino\u00e1cidos en el organismo. Posterior al entrenamiento inicias el proceso de recuperaci\u00f3n y regeneraci\u00f3n muscular, sumado a que recuperas los electrolitos perdidos por el sudor.<\/span><\/p>\n<p><span style=\"color: #000000;\">Amino\u00e1cidos esenciales de Winkler Nutrition es un muy buen aliado para tu entrenamiento, te ayudar\u00e1 a reducir el da\u00f1o muscular producido por el ejercicio, a mejorar la recuperaci\u00f3n y regeneraci\u00f3n de masa muscular y a mejorar el rendimiento deportivo.<\/span><\/p>\n","protected":false},"excerpt":{"rendered":"<p><span style=\"color: #000000;\"><strong>Amino\u00e1cidos Esenciales EAAs + electrolitos 450 grs.<\/strong><\/span><\/p>\n<ul>\n<li><span style=\"color: #000000;\">10,2 grs. EAAs<\/span><\/li>\n<li><span style=\"color: #000000;\">Ratio 3:1:1 de BCAAs<\/span><\/li>\n<li><span style=\"color: #000000;\">555 mg de electrolitos<\/span><\/li>\n<li><span style=\"color: #000000;\">3,5 grs. de L-Leucina<\/span><\/li>\n<li><span style=\"color: #000000;\">2 grs. L-Glutamina<\/span><\/li>\n<li><span style=\"color: #000000;\">500 mg Taurina<\/span><\/li>\n<\/ul>\n<p><span style=\"color: #000000;\">Contenido: 450 grs.<\/span><\/p>\n<p><span style=\"color: #000000;\">Porciones: 30<\/span><\/p>\n<p><span style=\"color: #000000;\">Modo de uso: Mezclar 1 scoop (15 grs.) con 250 ml de agua<\/span><\/p>\n<p><span style=\"color: #000000;\">P<em>re-entrenamiento:<\/em>\u00a0Evita el catabolismo muscular<\/span><\/p>\n<p><span style=\"color: #000000;\"><em>Durante el entrenamiento:<\/em>\u00a0Protege la musculatura<\/span><\/p>\n<p><span style=\"color: #000000;\"><em>Post-entrenamiento:<\/em>\u00a0Inicia el proceso de recuperaci\u00f3n<\/span><\/p>\n","protected":false},"featured_media":10850,"template":"","meta":[],"product_cat":[723,534,670],"product_tag":[],"class_list":{"0":"post-10849","1":"product","2":"type-product","3":"status-publish","4":"has-post-thumbnail","6":"product_cat-aminoacidos","7":"product_cat-deportista","8":"product_cat-vitaminas-y-minerales","10":"first","11":"instock","12":"shipping-taxable","13":"purchasable","14":"product-type-simple"},"yoast_head":"<!-- This site is optimized with the Yoast SEO plugin v25.2 - https:\/\/yoast.com\/wordpress\/plugins\/seo\/ -->\n<title>Amino\u00e1cidos Esenciales EAAs + Electrolitos 450 grs. - YAOMARKET<\/title>\n<meta name=\"robots\" content=\"index, follow, max-snippet:-1, max-image-preview:large, max-video-preview:-1\" \/>\n<link rel=\"canonical\" href=\"https:\/\/yaomarket.cl\/?product=aminoacidos-esenciales-eaas-electrolitos-450-grs\" \/>\n<meta property=\"og:locale\" content=\"es_ES\" \/>\n<meta property=\"og:type\" content=\"article\" \/>\n<meta property=\"og:title\" content=\"Amino\u00e1cidos Esenciales EAAs + Electrolitos 450 grs. - YAOMARKET\" \/>\n<meta property=\"og:description\" content=\"Amino\u00e1cidos Esenciales EAAs + electrolitos 450 grs.   10,2 grs. EAAs  Ratio 3:1:1 de BCAAs  555 mg de electrolitos  3,5 grs. de L-Leucina  2 grs. L-Glutamina  500 mg Taurina  Contenido: 450 grs.  Porciones: 30  Modo de uso: Mezclar 1 scoop (15 grs.) con 250 ml de agua  Pre-entrenamiento:\u00a0Evita el catabolismo muscular  Durante el entrenamiento:\u00a0Protege la musculatura  Post-entrenamiento:\u00a0Inicia el proceso de recuperaci\u00f3n\" \/>\n<meta property=\"og:url\" content=\"https:\/\/yaomarket.cl\/?product=aminoacidos-esenciales-eaas-electrolitos-450-grs\" \/>\n<meta property=\"og:site_name\" content=\"YAOMARKET\" \/>\n<meta property=\"article:publisher\" content=\"https:\/\/www.facebook.com\/yaomarketchile\/\" \/>\n<meta property=\"article:modified_time\" content=\"2025-06-09T18:26:37+00:00\" \/>\n<meta property=\"og:image\" content=\"https:\/\/yaomarket.cl\/wp-content\/uploads\/2025\/02\/Eaas_600px.jpg\" \/>\n\t<meta property=\"og:image:width\" content=\"600\" \/>\n\t<meta property=\"og:image:height\" content=\"600\" \/>\n\t<meta property=\"og:image:type\" content=\"image\/jpeg\" \/>\n<meta name=\"twitter:card\" content=\"summary_large_image\" \/>\n<meta name=\"twitter:label1\" content=\"Tiempo de lectura\" \/>\n\t<meta name=\"twitter:data1\" content=\"3 minutos\" \/>\n<script type=\"application\/ld+json\" class=\"yoast-schema-graph\">{\"@context\":\"https:\/\/schema.org\",\"@graph\":[{\"@type\":\"WebPage\",\"@id\":\"https:\/\/yaomarket.cl\/?product=aminoacidos-esenciales-eaas-electrolitos-450-grs\",\"url\":\"https:\/\/yaomarket.cl\/?product=aminoacidos-esenciales-eaas-electrolitos-450-grs\",\"name\":\"Amino\u00e1cidos Esenciales EAAs + Electrolitos 450 grs. - YAOMARKET\",\"isPartOf\":{\"@id\":\"https:\/\/yaomarket.cl\/#website\"},\"primaryImageOfPage\":{\"@id\":\"https:\/\/yaomarket.cl\/?product=aminoacidos-esenciales-eaas-electrolitos-450-grs#primaryimage\"},\"image\":{\"@id\":\"https:\/\/yaomarket.cl\/?product=aminoacidos-esenciales-eaas-electrolitos-450-grs#primaryimage\"},\"thumbnailUrl\":\"https:\/\/yaomarket.cl\/wp-content\/uploads\/2025\/02\/Eaas_600px.jpg\",\"datePublished\":\"2025-02-24T19:15:41+00:00\",\"dateModified\":\"2025-06-09T18:26:37+00:00\",\"breadcrumb\":{\"@id\":\"https:\/\/yaomarket.cl\/?product=aminoacidos-esenciales-eaas-electrolitos-450-grs#breadcrumb\"},\"inLanguage\":\"es\",\"potentialAction\":[{\"@type\":\"ReadAction\",\"target\":[\"https:\/\/yaomarket.cl\/?product=aminoacidos-esenciales-eaas-electrolitos-450-grs\"]}]},{\"@type\":\"ImageObject\",\"inLanguage\":\"es\",\"@id\":\"https:\/\/yaomarket.cl\/?product=aminoacidos-esenciales-eaas-electrolitos-450-grs#primaryimage\",\"url\":\"https:\/\/yaomarket.cl\/wp-content\/uploads\/2025\/02\/Eaas_600px.jpg\",\"contentUrl\":\"https:\/\/yaomarket.cl\/wp-content\/uploads\/2025\/02\/Eaas_600px.jpg\",\"width\":600,\"height\":600},{\"@type\":\"BreadcrumbList\",\"@id\":\"https:\/\/yaomarket.cl\/?product=aminoacidos-esenciales-eaas-electrolitos-450-grs#breadcrumb\",\"itemListElement\":[{\"@type\":\"ListItem\",\"position\":1,\"name\":\"Portada\",\"item\":\"https:\/\/yaomarket.cl\/\"},{\"@type\":\"ListItem\",\"position\":2,\"name\":\"TIENDA\",\"item\":\"https:\/\/yaomarket.cl\/?page_id=8\"},{\"@type\":\"ListItem\",\"position\":3,\"name\":\"Amino\u00e1cidos Esenciales EAAs + Electrolitos 450 grs.\"}]},{\"@type\":\"WebSite\",\"@id\":\"https:\/\/yaomarket.cl\/#website\",\"url\":\"https:\/\/yaomarket.cl\/\",\"name\":\"YAOMARKET\",\"description\":\"\",\"publisher\":{\"@id\":\"https:\/\/yaomarket.cl\/#organization\"},\"potentialAction\":[{\"@type\":\"SearchAction\",\"target\":{\"@type\":\"EntryPoint\",\"urlTemplate\":\"https:\/\/yaomarket.cl\/?s={search_term_string}\"},\"query-input\":{\"@type\":\"PropertyValueSpecification\",\"valueRequired\":true,\"valueName\":\"search_term_string\"}}],\"inLanguage\":\"es\"},{\"@type\":\"Organization\",\"@id\":\"https:\/\/yaomarket.cl\/#organization\",\"name\":\"YAOMARKET\",\"url\":\"https:\/\/yaomarket.cl\/\",\"logo\":{\"@type\":\"ImageObject\",\"inLanguage\":\"es\",\"@id\":\"https:\/\/yaomarket.cl\/#\/schema\/logo\/image\/\",\"url\":\"https:\/\/yaomarket.cl\/wp-content\/uploads\/2023\/08\/Logo-Original-Yao-Market-Circular.png\",\"contentUrl\":\"https:\/\/yaomarket.cl\/wp-content\/uploads\/2023\/08\/Logo-Original-Yao-Market-Circular.png\",\"width\":522,\"height\":522,\"caption\":\"YAOMARKET\"},\"image\":{\"@id\":\"https:\/\/yaomarket.cl\/#\/schema\/logo\/image\/\"},\"sameAs\":[\"https:\/\/www.facebook.com\/yaomarketchile\/\",\"https:\/\/www.instagram.com\/yao_market\/\"]}]}<\/script>\n<!-- \/ Yoast SEO plugin. -->","yoast_head_json":{"title":"Amino\u00e1cidos Esenciales EAAs + Electrolitos 450 grs. - YAOMARKET","robots":{"index":"index","follow":"follow","max-snippet":"max-snippet:-1","max-image-preview":"max-image-preview:large","max-video-preview":"max-video-preview:-1"},"canonical":"https:\/\/yaomarket.cl\/?product=aminoacidos-esenciales-eaas-electrolitos-450-grs","og_locale":"es_ES","og_type":"article","og_title":"Amino\u00e1cidos Esenciales EAAs + Electrolitos 450 grs. - YAOMARKET","og_description":"Amino\u00e1cidos Esenciales EAAs + electrolitos 450 grs.   10,2 grs. EAAs  Ratio 3:1:1 de BCAAs  555 mg de electrolitos  3,5 grs. de L-Leucina  2 grs. L-Glutamina  500 mg Taurina  Contenido: 450 grs.  Porciones: 30  Modo de uso: Mezclar 1 scoop (15 grs.) con 250 ml de agua  Pre-entrenamiento:\u00a0Evita el catabolismo muscular  Durante el entrenamiento:\u00a0Protege la musculatura  Post-entrenamiento:\u00a0Inicia el proceso de recuperaci\u00f3n","og_url":"https:\/\/yaomarket.cl\/?product=aminoacidos-esenciales-eaas-electrolitos-450-grs","og_site_name":"YAOMARKET","article_publisher":"https:\/\/www.facebook.com\/yaomarketchile\/","article_modified_time":"2025-06-09T18:26:37+00:00","og_image":[{"width":600,"height":600,"url":"https:\/\/yaomarket.cl\/wp-content\/uploads\/2025\/02\/Eaas_600px.jpg","type":"image\/jpeg"}],"twitter_card":"summary_large_image","twitter_misc":{"Tiempo de lectura":"3 minutos"},"schema":{"@context":"https:\/\/schema.org","@graph":[{"@type":"WebPage","@id":"https:\/\/yaomarket.cl\/?product=aminoacidos-esenciales-eaas-electrolitos-450-grs","url":"https:\/\/yaomarket.cl\/?product=aminoacidos-esenciales-eaas-electrolitos-450-grs","name":"Amino\u00e1cidos Esenciales EAAs + Electrolitos 450 grs. - YAOMARKET","isPartOf":{"@id":"https:\/\/yaomarket.cl\/#website"},"primaryImageOfPage":{"@id":"https:\/\/yaomarket.cl\/?product=aminoacidos-esenciales-eaas-electrolitos-450-grs#primaryimage"},"image":{"@id":"https:\/\/yaomarket.cl\/?product=aminoacidos-esenciales-eaas-electrolitos-450-grs#primaryimage"},"thumbnailUrl":"https:\/\/yaomarket.cl\/wp-content\/uploads\/2025\/02\/Eaas_600px.jpg","datePublished":"2025-02-24T19:15:41+00:00","dateModified":"2025-06-09T18:26:37+00:00","breadcrumb":{"@id":"https:\/\/yaomarket.cl\/?product=aminoacidos-esenciales-eaas-electrolitos-450-grs#breadcrumb"},"inLanguage":"es","potentialAction":[{"@type":"ReadAction","target":["https:\/\/yaomarket.cl\/?product=aminoacidos-esenciales-eaas-electrolitos-450-grs"]}]},{"@type":"ImageObject","inLanguage":"es","@id":"https:\/\/yaomarket.cl\/?product=aminoacidos-esenciales-eaas-electrolitos-450-grs#primaryimage","url":"https:\/\/yaomarket.cl\/wp-content\/uploads\/2025\/02\/Eaas_600px.jpg","contentUrl":"https:\/\/yaomarket.cl\/wp-content\/uploads\/2025\/02\/Eaas_600px.jpg","width":600,"height":600},{"@type":"BreadcrumbList","@id":"https:\/\/yaomarket.cl\/?product=aminoacidos-esenciales-eaas-electrolitos-450-grs#breadcrumb","itemListElement":[{"@type":"ListItem","position":1,"name":"Portada","item":"https:\/\/yaomarket.cl\/"},{"@type":"ListItem","position":2,"name":"TIENDA","item":"https:\/\/yaomarket.cl\/?page_id=8"},{"@type":"ListItem","position":3,"name":"Amino\u00e1cidos Esenciales EAAs + Electrolitos 450 grs."}]},{"@type":"WebSite","@id":"https:\/\/yaomarket.cl\/#website","url":"https:\/\/yaomarket.cl\/","name":"YAOMARKET","description":"","publisher":{"@id":"https:\/\/yaomarket.cl\/#organization"},"potentialAction":[{"@type":"SearchAction","target":{"@type":"EntryPoint","urlTemplate":"https:\/\/yaomarket.cl\/?s={search_term_string}"},"query-input":{"@type":"PropertyValueSpecification","valueRequired":true,"valueName":"search_term_string"}}],"inLanguage":"es"},{"@type":"Organization","@id":"https:\/\/yaomarket.cl\/#organization","name":"YAOMARKET","url":"https:\/\/yaomarket.cl\/","logo":{"@type":"ImageObject","inLanguage":"es","@id":"https:\/\/yaomarket.cl\/#\/schema\/logo\/image\/","url":"https:\/\/yaomarket.cl\/wp-content\/uploads\/2023\/08\/Logo-Original-Yao-Market-Circular.png","contentUrl":"https:\/\/yaomarket.cl\/wp-content\/uploads\/2023\/08\/Logo-Original-Yao-Market-Circular.png","width":522,"height":522,"caption":"YAOMARKET"},"image":{"@id":"https:\/\/yaomarket.cl\/#\/schema\/logo\/image\/"},"sameAs":["https:\/\/www.facebook.com\/yaomarketchile\/","https:\/\/www.instagram.com\/yao_market\/"]}]}},"_links":{"self":[{"href":"https:\/\/yaomarket.cl\/index.php?rest_route=\/wp\/v2\/product\/10849","targetHints":{"allow":["GET"]}}],"collection":[{"href":"https:\/\/yaomarket.cl\/index.php?rest_route=\/wp\/v2\/product"}],"about":[{"href":"https:\/\/yaomarket.cl\/index.php?rest_route=\/wp\/v2\/types\/product"}],"wp:featuredmedia":[{"embeddable":true,"href":"https:\/\/yaomarket.cl\/index.php?rest_route=\/wp\/v2\/media\/10850"}],"wp:attachment":[{"href":"https:\/\/yaomarket.cl\/index.php?rest_route=%2Fwp%2Fv2%2Fmedia&parent=10849"}],"wp:term":[{"taxonomy":"product_cat","embeddable":true,"href":"https:\/\/yaomarket.cl\/index.php?rest_route=%2Fwp%2Fv2%2Fproduct_cat&post=10849"},{"taxonomy":"product_tag","embeddable":true,"href":"https:\/\/yaomarket.cl\/index.php?rest_route=%2Fwp%2Fv2%2Fproduct_tag&post=10849"}],"curies":[{"name":"wp","href":"https:\/\/api.w.org\/{rel}","templated":true}]}}