{"id":10843,"date":"2025-02-24T18:50:28","date_gmt":"2025-02-24T18:50:28","guid":{"rendered":"https:\/\/yaomarket.cl\/?post_type=product&#038;p=10843"},"modified":"2025-04-23T22:15:44","modified_gmt":"2025-04-23T22:15:44","slug":"shaker-winkler-nutrition-con-pastillero-450-cc","status":"publish","type":"product","link":"https:\/\/yaomarket.cl\/?product=shaker-winkler-nutrition-con-pastillero-450-cc","title":{"rendered":"Shaker Winkler Nutrition con Pastillero 450 cc"},"content":{"rendered":"","protected":false},"excerpt":{"rendered":"<h4><span style=\"color: #000000;\"><strong>Shaker Winkler Nutrition con Pastillero 450 cc<\/strong><\/span><\/h4>\n<ul>\n<li><span style=\"color: #000000;\">Capacidad: 450 cc<\/span><\/li>\n<li><span style=\"color: #000000;\">Pastillero<\/span><\/li>\n<li><span style=\"color: #000000;\">Compartimiento para prote\u00edna<\/span><\/li>\n<li><span style=\"color: #000000;\">No se filtra el contenido interior<\/span><\/li>\n<li><span style=\"color: #000000;\">Material: Pl\u00e1stico<\/span><\/li>\n<\/ul>\n<p><span style=\"color: #000000;\">Color: Negro y naranja<\/span><\/p>\n<div><span style=\"color: #000000;\">Modo de uso: Util\u00edzalo para hacer tus batidos de prote\u00ednas o tus smoothies. Ll\u00e9valo contigo a cualquier lugar (oficina \u2013 deportes \u2013 entre otros).<\/span><\/div>\n","protected":false},"featured_media":10844,"template":"","meta":[],"product_cat":[539,534],"product_tag":[],"class_list":{"0":"post-10843","1":"product","2":"type-product","3":"status-publish","4":"has-post-thumbnail","6":"product_cat-accesorios-dep","7":"product_cat-deportista","9":"first","10":"instock","11":"shipping-taxable","12":"purchasable","13":"product-type-simple"},"yoast_head":"<!-- This site is optimized with the Yoast SEO plugin v25.2 - https:\/\/yoast.com\/wordpress\/plugins\/seo\/ -->\n<title>Shaker Winkler Nutrition con Pastillero 450 cc - YAOMARKET<\/title>\n<meta name=\"robots\" content=\"index, follow, max-snippet:-1, max-image-preview:large, max-video-preview:-1\" \/>\n<link rel=\"canonical\" href=\"https:\/\/yaomarket.cl\/?product=shaker-winkler-nutrition-con-pastillero-450-cc\" \/>\n<meta property=\"og:locale\" content=\"es_ES\" \/>\n<meta property=\"og:type\" content=\"article\" \/>\n<meta property=\"og:title\" content=\"Shaker Winkler Nutrition con Pastillero 450 cc - YAOMARKET\" \/>\n<meta property=\"og:description\" content=\"Shaker Winkler Nutrition con Pastillero 450 cc   Capacidad: 450 cc  Pastillero  Compartimiento para prote\u00edna  No se filtra el contenido interior  Material: Pl\u00e1stico  Color: Negro y naranja Modo de uso: Util\u00edzalo para hacer tus batidos de prote\u00ednas o tus smoothies. Ll\u00e9valo contigo a cualquier lugar (oficina \u2013 deportes \u2013 entre otros).\" \/>\n<meta property=\"og:url\" content=\"https:\/\/yaomarket.cl\/?product=shaker-winkler-nutrition-con-pastillero-450-cc\" \/>\n<meta property=\"og:site_name\" content=\"YAOMARKET\" \/>\n<meta property=\"article:publisher\" content=\"https:\/\/www.facebook.com\/yaomarketchile\/\" \/>\n<meta property=\"article:modified_time\" content=\"2025-04-23T22:15:44+00:00\" \/>\n<meta property=\"og:image\" content=\"https:\/\/yaomarket.cl\/wp-content\/uploads\/2025\/02\/MultiShaker_600px.jpg\" \/>\n\t<meta property=\"og:image:width\" content=\"600\" \/>\n\t<meta property=\"og:image:height\" content=\"600\" \/>\n\t<meta property=\"og:image:type\" content=\"image\/jpeg\" \/>\n<meta name=\"twitter:card\" content=\"summary_large_image\" \/>\n<script type=\"application\/ld+json\" class=\"yoast-schema-graph\">{\"@context\":\"https:\/\/schema.org\",\"@graph\":[{\"@type\":\"WebPage\",\"@id\":\"https:\/\/yaomarket.cl\/?product=shaker-winkler-nutrition-con-pastillero-450-cc\",\"url\":\"https:\/\/yaomarket.cl\/?product=shaker-winkler-nutrition-con-pastillero-450-cc\",\"name\":\"Shaker Winkler Nutrition con Pastillero 450 cc - YAOMARKET\",\"isPartOf\":{\"@id\":\"https:\/\/yaomarket.cl\/#website\"},\"primaryImageOfPage\":{\"@id\":\"https:\/\/yaomarket.cl\/?product=shaker-winkler-nutrition-con-pastillero-450-cc#primaryimage\"},\"image\":{\"@id\":\"https:\/\/yaomarket.cl\/?product=shaker-winkler-nutrition-con-pastillero-450-cc#primaryimage\"},\"thumbnailUrl\":\"https:\/\/yaomarket.cl\/wp-content\/uploads\/2025\/02\/MultiShaker_600px.jpg\",\"datePublished\":\"2025-02-24T18:50:28+00:00\",\"dateModified\":\"2025-04-23T22:15:44+00:00\",\"breadcrumb\":{\"@id\":\"https:\/\/yaomarket.cl\/?product=shaker-winkler-nutrition-con-pastillero-450-cc#breadcrumb\"},\"inLanguage\":\"es\",\"potentialAction\":[{\"@type\":\"ReadAction\",\"target\":[\"https:\/\/yaomarket.cl\/?product=shaker-winkler-nutrition-con-pastillero-450-cc\"]}]},{\"@type\":\"ImageObject\",\"inLanguage\":\"es\",\"@id\":\"https:\/\/yaomarket.cl\/?product=shaker-winkler-nutrition-con-pastillero-450-cc#primaryimage\",\"url\":\"https:\/\/yaomarket.cl\/wp-content\/uploads\/2025\/02\/MultiShaker_600px.jpg\",\"contentUrl\":\"https:\/\/yaomarket.cl\/wp-content\/uploads\/2025\/02\/MultiShaker_600px.jpg\",\"width\":600,\"height\":600},{\"@type\":\"BreadcrumbList\",\"@id\":\"https:\/\/yaomarket.cl\/?product=shaker-winkler-nutrition-con-pastillero-450-cc#breadcrumb\",\"itemListElement\":[{\"@type\":\"ListItem\",\"position\":1,\"name\":\"Portada\",\"item\":\"https:\/\/yaomarket.cl\/\"},{\"@type\":\"ListItem\",\"position\":2,\"name\":\"TIENDA\",\"item\":\"https:\/\/yaomarket.cl\/?page_id=8\"},{\"@type\":\"ListItem\",\"position\":3,\"name\":\"Shaker Winkler Nutrition con Pastillero 450 cc\"}]},{\"@type\":\"WebSite\",\"@id\":\"https:\/\/yaomarket.cl\/#website\",\"url\":\"https:\/\/yaomarket.cl\/\",\"name\":\"YAOMARKET\",\"description\":\"\",\"publisher\":{\"@id\":\"https:\/\/yaomarket.cl\/#organization\"},\"potentialAction\":[{\"@type\":\"SearchAction\",\"target\":{\"@type\":\"EntryPoint\",\"urlTemplate\":\"https:\/\/yaomarket.cl\/?s={search_term_string}\"},\"query-input\":{\"@type\":\"PropertyValueSpecification\",\"valueRequired\":true,\"valueName\":\"search_term_string\"}}],\"inLanguage\":\"es\"},{\"@type\":\"Organization\",\"@id\":\"https:\/\/yaomarket.cl\/#organization\",\"name\":\"YAOMARKET\",\"url\":\"https:\/\/yaomarket.cl\/\",\"logo\":{\"@type\":\"ImageObject\",\"inLanguage\":\"es\",\"@id\":\"https:\/\/yaomarket.cl\/#\/schema\/logo\/image\/\",\"url\":\"https:\/\/yaomarket.cl\/wp-content\/uploads\/2023\/08\/Logo-Original-Yao-Market-Circular.png\",\"contentUrl\":\"https:\/\/yaomarket.cl\/wp-content\/uploads\/2023\/08\/Logo-Original-Yao-Market-Circular.png\",\"width\":522,\"height\":522,\"caption\":\"YAOMARKET\"},\"image\":{\"@id\":\"https:\/\/yaomarket.cl\/#\/schema\/logo\/image\/\"},\"sameAs\":[\"https:\/\/www.facebook.com\/yaomarketchile\/\",\"https:\/\/www.instagram.com\/yao_market\/\"]}]}<\/script>\n<!-- \/ Yoast SEO plugin. -->","yoast_head_json":{"title":"Shaker Winkler Nutrition con Pastillero 450 cc - YAOMARKET","robots":{"index":"index","follow":"follow","max-snippet":"max-snippet:-1","max-image-preview":"max-image-preview:large","max-video-preview":"max-video-preview:-1"},"canonical":"https:\/\/yaomarket.cl\/?product=shaker-winkler-nutrition-con-pastillero-450-cc","og_locale":"es_ES","og_type":"article","og_title":"Shaker Winkler Nutrition con Pastillero 450 cc - YAOMARKET","og_description":"Shaker Winkler Nutrition con Pastillero 450 cc   Capacidad: 450 cc  Pastillero  Compartimiento para prote\u00edna  No se filtra el contenido interior  Material: Pl\u00e1stico  Color: Negro y naranja Modo de uso: Util\u00edzalo para hacer tus batidos de prote\u00ednas o tus smoothies. Ll\u00e9valo contigo a cualquier lugar (oficina \u2013 deportes \u2013 entre otros).","og_url":"https:\/\/yaomarket.cl\/?product=shaker-winkler-nutrition-con-pastillero-450-cc","og_site_name":"YAOMARKET","article_publisher":"https:\/\/www.facebook.com\/yaomarketchile\/","article_modified_time":"2025-04-23T22:15:44+00:00","og_image":[{"width":600,"height":600,"url":"https:\/\/yaomarket.cl\/wp-content\/uploads\/2025\/02\/MultiShaker_600px.jpg","type":"image\/jpeg"}],"twitter_card":"summary_large_image","schema":{"@context":"https:\/\/schema.org","@graph":[{"@type":"WebPage","@id":"https:\/\/yaomarket.cl\/?product=shaker-winkler-nutrition-con-pastillero-450-cc","url":"https:\/\/yaomarket.cl\/?product=shaker-winkler-nutrition-con-pastillero-450-cc","name":"Shaker Winkler Nutrition con Pastillero 450 cc - YAOMARKET","isPartOf":{"@id":"https:\/\/yaomarket.cl\/#website"},"primaryImageOfPage":{"@id":"https:\/\/yaomarket.cl\/?product=shaker-winkler-nutrition-con-pastillero-450-cc#primaryimage"},"image":{"@id":"https:\/\/yaomarket.cl\/?product=shaker-winkler-nutrition-con-pastillero-450-cc#primaryimage"},"thumbnailUrl":"https:\/\/yaomarket.cl\/wp-content\/uploads\/2025\/02\/MultiShaker_600px.jpg","datePublished":"2025-02-24T18:50:28+00:00","dateModified":"2025-04-23T22:15:44+00:00","breadcrumb":{"@id":"https:\/\/yaomarket.cl\/?product=shaker-winkler-nutrition-con-pastillero-450-cc#breadcrumb"},"inLanguage":"es","potentialAction":[{"@type":"ReadAction","target":["https:\/\/yaomarket.cl\/?product=shaker-winkler-nutrition-con-pastillero-450-cc"]}]},{"@type":"ImageObject","inLanguage":"es","@id":"https:\/\/yaomarket.cl\/?product=shaker-winkler-nutrition-con-pastillero-450-cc#primaryimage","url":"https:\/\/yaomarket.cl\/wp-content\/uploads\/2025\/02\/MultiShaker_600px.jpg","contentUrl":"https:\/\/yaomarket.cl\/wp-content\/uploads\/2025\/02\/MultiShaker_600px.jpg","width":600,"height":600},{"@type":"BreadcrumbList","@id":"https:\/\/yaomarket.cl\/?product=shaker-winkler-nutrition-con-pastillero-450-cc#breadcrumb","itemListElement":[{"@type":"ListItem","position":1,"name":"Portada","item":"https:\/\/yaomarket.cl\/"},{"@type":"ListItem","position":2,"name":"TIENDA","item":"https:\/\/yaomarket.cl\/?page_id=8"},{"@type":"ListItem","position":3,"name":"Shaker Winkler Nutrition con Pastillero 450 cc"}]},{"@type":"WebSite","@id":"https:\/\/yaomarket.cl\/#website","url":"https:\/\/yaomarket.cl\/","name":"YAOMARKET","description":"","publisher":{"@id":"https:\/\/yaomarket.cl\/#organization"},"potentialAction":[{"@type":"SearchAction","target":{"@type":"EntryPoint","urlTemplate":"https:\/\/yaomarket.cl\/?s={search_term_string}"},"query-input":{"@type":"PropertyValueSpecification","valueRequired":true,"valueName":"search_term_string"}}],"inLanguage":"es"},{"@type":"Organization","@id":"https:\/\/yaomarket.cl\/#organization","name":"YAOMARKET","url":"https:\/\/yaomarket.cl\/","logo":{"@type":"ImageObject","inLanguage":"es","@id":"https:\/\/yaomarket.cl\/#\/schema\/logo\/image\/","url":"https:\/\/yaomarket.cl\/wp-content\/uploads\/2023\/08\/Logo-Original-Yao-Market-Circular.png","contentUrl":"https:\/\/yaomarket.cl\/wp-content\/uploads\/2023\/08\/Logo-Original-Yao-Market-Circular.png","width":522,"height":522,"caption":"YAOMARKET"},"image":{"@id":"https:\/\/yaomarket.cl\/#\/schema\/logo\/image\/"},"sameAs":["https:\/\/www.facebook.com\/yaomarketchile\/","https:\/\/www.instagram.com\/yao_market\/"]}]}},"_links":{"self":[{"href":"https:\/\/yaomarket.cl\/index.php?rest_route=\/wp\/v2\/product\/10843","targetHints":{"allow":["GET"]}}],"collection":[{"href":"https:\/\/yaomarket.cl\/index.php?rest_route=\/wp\/v2\/product"}],"about":[{"href":"https:\/\/yaomarket.cl\/index.php?rest_route=\/wp\/v2\/types\/product"}],"wp:featuredmedia":[{"embeddable":true,"href":"https:\/\/yaomarket.cl\/index.php?rest_route=\/wp\/v2\/media\/10844"}],"wp:attachment":[{"href":"https:\/\/yaomarket.cl\/index.php?rest_route=%2Fwp%2Fv2%2Fmedia&parent=10843"}],"wp:term":[{"taxonomy":"product_cat","embeddable":true,"href":"https:\/\/yaomarket.cl\/index.php?rest_route=%2Fwp%2Fv2%2Fproduct_cat&post=10843"},{"taxonomy":"product_tag","embeddable":true,"href":"https:\/\/yaomarket.cl\/index.php?rest_route=%2Fwp%2Fv2%2Fproduct_tag&post=10843"}],"curies":[{"name":"wp","href":"https:\/\/api.w.org\/{rel}","templated":true}]}}