{"id":10567,"date":"2024-01-22T23:03:52","date_gmt":"2024-01-22T23:03:52","guid":{"rendered":"https:\/\/yaomarket.cl\/?post_type=product&#038;p=10567"},"modified":"2025-11-04T15:51:04","modified_gmt":"2025-11-04T15:51:04","slug":"pack-de-dips-arabe-picoteo","status":"publish","type":"product","link":"https:\/\/yaomarket.cl\/?product=pack-de-dips-arabe-picoteo","title":{"rendered":"Pack de Dips \u00c1rabe Picoteo"},"content":{"rendered":"","protected":false},"excerpt":{"rendered":"<p>UNICAMENTE<strong>\u00a0PARA SER DESPACHADO EN LA REGION METROPOLITANA.<\/strong><\/p>\n<p><strong>(Hummus, Muhammara, BaBa Ganoush) 320 G. Cada Una<\/strong><\/p>\n<p>HUMMUS (Pasta de garbanzo) receta original, con Tahine 100%\u00a0<strong>Natural y Vegana,<\/strong>\u00a0<strong>Sin Gluten, Sin Lactosa, LIBRE DE SELLOS. \u00a0<\/strong>Presentaci\u00f3n de 320 grs<\/p>\n<p>MUHAMMARA (Pasta de piment\u00f3n Rojo) NO ES PICANTE, 100% NATURAL\u00a0 Presentaci\u00f3n de 320 G.\u00a0<strong>Vegetariana<\/strong><\/p>\n<p>BABA GANOUSH\u00a0(Pasta de berenjena) receta original, 100%\u00a0<b>Natural y Vegano, Sin Gluten,\u00a0<\/b><strong><b>Sin Lactosa, LIBRE DE SELLOS.\u00a0<\/b><\/strong>Presentaci\u00f3n de 320 grs<\/p>\n<p>Son Recetas, Sabores y T\u00e9cnicas Aplicas de Origen Familiar Desde Siria.<\/p>\n<p>Transp\u00f3rtate Al Medio Oriente Con <strong>Yao Market<\/strong>.<\/p>\n<h2><strong>HECHO EN CHILE<\/strong><\/h2>\n<p><strong>DESPACHO EN LA REGION METROPOLITANA EN ESTA PRESENTACION.<\/strong><\/p>\n<p><strong>TENEMOS PRESENTACIONES EN FRASCOS DE VIDRIO PARA SER DESPACHAR A TODO CHILE.<\/strong><\/p>\n<p>DISPONIBILIDAD<b>\u00a0INMEDIATA<\/b><\/p>\n<p><b>VENCIMIENTO: 12 Meses a partir de la fecha de\u00a0<\/b><b>producci\u00f3n\u00a0<\/b><\/p>\n<p><b>ENVIOS:<\/b>\u00a0Una vez recibido su pago, realizaremos su envi\u00f3 en 24 Horas en la Gran Santiago.<\/p>\n","protected":false},"featured_media":10568,"template":"","meta":[],"product_cat":[604,595],"product_tag":[],"class_list":{"0":"post-10567","1":"product","2":"type-product","3":"status-publish","4":"has-post-thumbnail","6":"product_cat-dips-arabes-para-picoteo","7":"product_cat-dulces-turcos","9":"first","10":"outofstock","11":"shipping-taxable","12":"purchasable","13":"product-type-simple"},"yoast_head":"<!-- This site is optimized with the Yoast SEO plugin v25.2 - https:\/\/yoast.com\/wordpress\/plugins\/seo\/ -->\n<title>Pack de Dips \u00c1rabe Picoteo - YAOMARKET<\/title>\n<meta name=\"robots\" content=\"index, follow, max-snippet:-1, max-image-preview:large, max-video-preview:-1\" \/>\n<link rel=\"canonical\" href=\"https:\/\/yaomarket.cl\/?product=pack-de-dips-arabe-picoteo\" \/>\n<meta property=\"og:locale\" content=\"es_ES\" \/>\n<meta property=\"og:type\" content=\"article\" \/>\n<meta property=\"og:title\" content=\"Pack de Dips \u00c1rabe Picoteo - YAOMARKET\" \/>\n<meta property=\"og:description\" content=\"UNICAMENTE\u00a0PARA SER DESPACHADO EN LA REGION METROPOLITANA.  (Hummus, Muhammara, BaBa Ganoush) 320 G. Cada Una  HUMMUS (Pasta de garbanzo) receta original, con Tahine 100%\u00a0Natural y Vegana,\u00a0Sin Gluten, Sin Lactosa, LIBRE DE SELLOS. \u00a0Presentaci\u00f3n de 320 grs  MUHAMMARA (Pasta de piment\u00f3n Rojo) NO ES PICANTE, 100% NATURAL\u00a0 Presentaci\u00f3n de 320 G.\u00a0Vegetariana  BABA GANOUSH\u00a0(Pasta de berenjena) receta original, 100%\u00a0Natural y Vegano, Sin Gluten,\u00a0Sin Lactosa, LIBRE DE SELLOS.\u00a0Presentaci\u00f3n de 320 grs  Son Recetas, Sabores y T\u00e9cnicas Aplicas de Origen Familiar Desde Siria.  Transp\u00f3rtate Al Medio Oriente Con Yao Market. HECHO EN CHILE DESPACHO EN LA REGION METROPOLITANA EN ESTA PRESENTACION.  TENEMOS PRESENTACIONES EN FRASCOS DE VIDRIO PARA SER DESPACHAR A TODO CHILE.  DISPONIBILIDAD\u00a0INMEDIATA  VENCIMIENTO: 12 Meses a partir de la fecha de\u00a0producci\u00f3n\u00a0  ENVIOS:\u00a0Una vez recibido su pago, realizaremos su envi\u00f3 en 24 Horas en la Gran Santiago.\" \/>\n<meta property=\"og:url\" content=\"https:\/\/yaomarket.cl\/?product=pack-de-dips-arabe-picoteo\" \/>\n<meta property=\"og:site_name\" content=\"YAOMARKET\" \/>\n<meta property=\"article:publisher\" content=\"https:\/\/www.facebook.com\/yaomarketchile\/\" \/>\n<meta property=\"article:modified_time\" content=\"2025-11-04T15:51:04+00:00\" \/>\n<meta property=\"og:image\" content=\"https:\/\/yaomarket.cl\/wp-content\/uploads\/2024\/01\/DIPSARABESDULCEALEPPOCHILE_1024x1024@2x.webp\" \/>\n\t<meta property=\"og:image:width\" content=\"500\" \/>\n\t<meta property=\"og:image:height\" content=\"500\" \/>\n\t<meta property=\"og:image:type\" content=\"image\/webp\" \/>\n<meta name=\"twitter:card\" content=\"summary_large_image\" \/>\n<script type=\"application\/ld+json\" class=\"yoast-schema-graph\">{\"@context\":\"https:\/\/schema.org\",\"@graph\":[{\"@type\":\"WebPage\",\"@id\":\"https:\/\/yaomarket.cl\/?product=pack-de-dips-arabe-picoteo\",\"url\":\"https:\/\/yaomarket.cl\/?product=pack-de-dips-arabe-picoteo\",\"name\":\"Pack de Dips \u00c1rabe Picoteo - YAOMARKET\",\"isPartOf\":{\"@id\":\"https:\/\/yaomarket.cl\/#website\"},\"primaryImageOfPage\":{\"@id\":\"https:\/\/yaomarket.cl\/?product=pack-de-dips-arabe-picoteo#primaryimage\"},\"image\":{\"@id\":\"https:\/\/yaomarket.cl\/?product=pack-de-dips-arabe-picoteo#primaryimage\"},\"thumbnailUrl\":\"https:\/\/yaomarket.cl\/wp-content\/uploads\/2024\/01\/DIPSARABESDULCEALEPPOCHILE_1024x1024@2x.webp\",\"datePublished\":\"2024-01-22T23:03:52+00:00\",\"dateModified\":\"2025-11-04T15:51:04+00:00\",\"breadcrumb\":{\"@id\":\"https:\/\/yaomarket.cl\/?product=pack-de-dips-arabe-picoteo#breadcrumb\"},\"inLanguage\":\"es\",\"potentialAction\":[{\"@type\":\"ReadAction\",\"target\":[\"https:\/\/yaomarket.cl\/?product=pack-de-dips-arabe-picoteo\"]}]},{\"@type\":\"ImageObject\",\"inLanguage\":\"es\",\"@id\":\"https:\/\/yaomarket.cl\/?product=pack-de-dips-arabe-picoteo#primaryimage\",\"url\":\"https:\/\/yaomarket.cl\/wp-content\/uploads\/2024\/01\/DIPSARABESDULCEALEPPOCHILE_1024x1024@2x.webp\",\"contentUrl\":\"https:\/\/yaomarket.cl\/wp-content\/uploads\/2024\/01\/DIPSARABESDULCEALEPPOCHILE_1024x1024@2x.webp\",\"width\":500,\"height\":500},{\"@type\":\"BreadcrumbList\",\"@id\":\"https:\/\/yaomarket.cl\/?product=pack-de-dips-arabe-picoteo#breadcrumb\",\"itemListElement\":[{\"@type\":\"ListItem\",\"position\":1,\"name\":\"Portada\",\"item\":\"https:\/\/yaomarket.cl\/\"},{\"@type\":\"ListItem\",\"position\":2,\"name\":\"TIENDA\",\"item\":\"https:\/\/yaomarket.cl\/?page_id=8\"},{\"@type\":\"ListItem\",\"position\":3,\"name\":\"Pack de Dips \u00c1rabe Picoteo\"}]},{\"@type\":\"WebSite\",\"@id\":\"https:\/\/yaomarket.cl\/#website\",\"url\":\"https:\/\/yaomarket.cl\/\",\"name\":\"YAOMARKET\",\"description\":\"\",\"publisher\":{\"@id\":\"https:\/\/yaomarket.cl\/#organization\"},\"potentialAction\":[{\"@type\":\"SearchAction\",\"target\":{\"@type\":\"EntryPoint\",\"urlTemplate\":\"https:\/\/yaomarket.cl\/?s={search_term_string}\"},\"query-input\":{\"@type\":\"PropertyValueSpecification\",\"valueRequired\":true,\"valueName\":\"search_term_string\"}}],\"inLanguage\":\"es\"},{\"@type\":\"Organization\",\"@id\":\"https:\/\/yaomarket.cl\/#organization\",\"name\":\"YAOMARKET\",\"url\":\"https:\/\/yaomarket.cl\/\",\"logo\":{\"@type\":\"ImageObject\",\"inLanguage\":\"es\",\"@id\":\"https:\/\/yaomarket.cl\/#\/schema\/logo\/image\/\",\"url\":\"https:\/\/yaomarket.cl\/wp-content\/uploads\/2023\/08\/Logo-Original-Yao-Market-Circular.png\",\"contentUrl\":\"https:\/\/yaomarket.cl\/wp-content\/uploads\/2023\/08\/Logo-Original-Yao-Market-Circular.png\",\"width\":522,\"height\":522,\"caption\":\"YAOMARKET\"},\"image\":{\"@id\":\"https:\/\/yaomarket.cl\/#\/schema\/logo\/image\/\"},\"sameAs\":[\"https:\/\/www.facebook.com\/yaomarketchile\/\",\"https:\/\/www.instagram.com\/yao_market\/\"]}]}<\/script>\n<!-- \/ Yoast SEO plugin. -->","yoast_head_json":{"title":"Pack de Dips \u00c1rabe Picoteo - YAOMARKET","robots":{"index":"index","follow":"follow","max-snippet":"max-snippet:-1","max-image-preview":"max-image-preview:large","max-video-preview":"max-video-preview:-1"},"canonical":"https:\/\/yaomarket.cl\/?product=pack-de-dips-arabe-picoteo","og_locale":"es_ES","og_type":"article","og_title":"Pack de Dips \u00c1rabe Picoteo - YAOMARKET","og_description":"UNICAMENTE\u00a0PARA SER DESPACHADO EN LA REGION METROPOLITANA.  (Hummus, Muhammara, BaBa Ganoush) 320 G. Cada Una  HUMMUS (Pasta de garbanzo) receta original, con Tahine 100%\u00a0Natural y Vegana,\u00a0Sin Gluten, Sin Lactosa, LIBRE DE SELLOS. \u00a0Presentaci\u00f3n de 320 grs  MUHAMMARA (Pasta de piment\u00f3n Rojo) NO ES PICANTE, 100% NATURAL\u00a0 Presentaci\u00f3n de 320 G.\u00a0Vegetariana  BABA GANOUSH\u00a0(Pasta de berenjena) receta original, 100%\u00a0Natural y Vegano, Sin Gluten,\u00a0Sin Lactosa, LIBRE DE SELLOS.\u00a0Presentaci\u00f3n de 320 grs  Son Recetas, Sabores y T\u00e9cnicas Aplicas de Origen Familiar Desde Siria.  Transp\u00f3rtate Al Medio Oriente Con Yao Market. HECHO EN CHILE DESPACHO EN LA REGION METROPOLITANA EN ESTA PRESENTACION.  TENEMOS PRESENTACIONES EN FRASCOS DE VIDRIO PARA SER DESPACHAR A TODO CHILE.  DISPONIBILIDAD\u00a0INMEDIATA  VENCIMIENTO: 12 Meses a partir de la fecha de\u00a0producci\u00f3n\u00a0  ENVIOS:\u00a0Una vez recibido su pago, realizaremos su envi\u00f3 en 24 Horas en la Gran Santiago.","og_url":"https:\/\/yaomarket.cl\/?product=pack-de-dips-arabe-picoteo","og_site_name":"YAOMARKET","article_publisher":"https:\/\/www.facebook.com\/yaomarketchile\/","article_modified_time":"2025-11-04T15:51:04+00:00","og_image":[{"width":500,"height":500,"url":"https:\/\/yaomarket.cl\/wp-content\/uploads\/2024\/01\/DIPSARABESDULCEALEPPOCHILE_1024x1024@2x.webp","type":"image\/webp"}],"twitter_card":"summary_large_image","schema":{"@context":"https:\/\/schema.org","@graph":[{"@type":"WebPage","@id":"https:\/\/yaomarket.cl\/?product=pack-de-dips-arabe-picoteo","url":"https:\/\/yaomarket.cl\/?product=pack-de-dips-arabe-picoteo","name":"Pack de Dips \u00c1rabe Picoteo - YAOMARKET","isPartOf":{"@id":"https:\/\/yaomarket.cl\/#website"},"primaryImageOfPage":{"@id":"https:\/\/yaomarket.cl\/?product=pack-de-dips-arabe-picoteo#primaryimage"},"image":{"@id":"https:\/\/yaomarket.cl\/?product=pack-de-dips-arabe-picoteo#primaryimage"},"thumbnailUrl":"https:\/\/yaomarket.cl\/wp-content\/uploads\/2024\/01\/DIPSARABESDULCEALEPPOCHILE_1024x1024@2x.webp","datePublished":"2024-01-22T23:03:52+00:00","dateModified":"2025-11-04T15:51:04+00:00","breadcrumb":{"@id":"https:\/\/yaomarket.cl\/?product=pack-de-dips-arabe-picoteo#breadcrumb"},"inLanguage":"es","potentialAction":[{"@type":"ReadAction","target":["https:\/\/yaomarket.cl\/?product=pack-de-dips-arabe-picoteo"]}]},{"@type":"ImageObject","inLanguage":"es","@id":"https:\/\/yaomarket.cl\/?product=pack-de-dips-arabe-picoteo#primaryimage","url":"https:\/\/yaomarket.cl\/wp-content\/uploads\/2024\/01\/DIPSARABESDULCEALEPPOCHILE_1024x1024@2x.webp","contentUrl":"https:\/\/yaomarket.cl\/wp-content\/uploads\/2024\/01\/DIPSARABESDULCEALEPPOCHILE_1024x1024@2x.webp","width":500,"height":500},{"@type":"BreadcrumbList","@id":"https:\/\/yaomarket.cl\/?product=pack-de-dips-arabe-picoteo#breadcrumb","itemListElement":[{"@type":"ListItem","position":1,"name":"Portada","item":"https:\/\/yaomarket.cl\/"},{"@type":"ListItem","position":2,"name":"TIENDA","item":"https:\/\/yaomarket.cl\/?page_id=8"},{"@type":"ListItem","position":3,"name":"Pack de Dips \u00c1rabe Picoteo"}]},{"@type":"WebSite","@id":"https:\/\/yaomarket.cl\/#website","url":"https:\/\/yaomarket.cl\/","name":"YAOMARKET","description":"","publisher":{"@id":"https:\/\/yaomarket.cl\/#organization"},"potentialAction":[{"@type":"SearchAction","target":{"@type":"EntryPoint","urlTemplate":"https:\/\/yaomarket.cl\/?s={search_term_string}"},"query-input":{"@type":"PropertyValueSpecification","valueRequired":true,"valueName":"search_term_string"}}],"inLanguage":"es"},{"@type":"Organization","@id":"https:\/\/yaomarket.cl\/#organization","name":"YAOMARKET","url":"https:\/\/yaomarket.cl\/","logo":{"@type":"ImageObject","inLanguage":"es","@id":"https:\/\/yaomarket.cl\/#\/schema\/logo\/image\/","url":"https:\/\/yaomarket.cl\/wp-content\/uploads\/2023\/08\/Logo-Original-Yao-Market-Circular.png","contentUrl":"https:\/\/yaomarket.cl\/wp-content\/uploads\/2023\/08\/Logo-Original-Yao-Market-Circular.png","width":522,"height":522,"caption":"YAOMARKET"},"image":{"@id":"https:\/\/yaomarket.cl\/#\/schema\/logo\/image\/"},"sameAs":["https:\/\/www.facebook.com\/yaomarketchile\/","https:\/\/www.instagram.com\/yao_market\/"]}]}},"_links":{"self":[{"href":"https:\/\/yaomarket.cl\/index.php?rest_route=\/wp\/v2\/product\/10567","targetHints":{"allow":["GET"]}}],"collection":[{"href":"https:\/\/yaomarket.cl\/index.php?rest_route=\/wp\/v2\/product"}],"about":[{"href":"https:\/\/yaomarket.cl\/index.php?rest_route=\/wp\/v2\/types\/product"}],"wp:featuredmedia":[{"embeddable":true,"href":"https:\/\/yaomarket.cl\/index.php?rest_route=\/wp\/v2\/media\/10568"}],"wp:attachment":[{"href":"https:\/\/yaomarket.cl\/index.php?rest_route=%2Fwp%2Fv2%2Fmedia&parent=10567"}],"wp:term":[{"taxonomy":"product_cat","embeddable":true,"href":"https:\/\/yaomarket.cl\/index.php?rest_route=%2Fwp%2Fv2%2Fproduct_cat&post=10567"},{"taxonomy":"product_tag","embeddable":true,"href":"https:\/\/yaomarket.cl\/index.php?rest_route=%2Fwp%2Fv2%2Fproduct_tag&post=10567"}],"curies":[{"name":"wp","href":"https:\/\/api.w.org\/{rel}","templated":true}]}}