{"id":10411,"date":"2024-01-22T19:32:27","date_gmt":"2024-01-22T19:32:27","guid":{"rendered":"https:\/\/yaomarket.cl\/?post_type=product&#038;p=10411"},"modified":"2025-11-04T15:52:26","modified_gmt":"2025-11-04T15:52:26","slug":"cascara-de-naranja-cubierta-de-chocolate-belga-150-gr","status":"publish","type":"product","link":"https:\/\/yaomarket.cl\/?product=cascara-de-naranja-cubierta-de-chocolate-belga-150-gr","title":{"rendered":"C\u00e1scara de Naranja cubierta de Chocolate Belga 150 Gr"},"content":{"rendered":"","protected":false},"excerpt":{"rendered":"<p>Las c\u00e1scaras de naranja cubiertas de chocolate belga son un delicioso y popular aperitivo que combina la frescura y el sabor c\u00edtrico de las c\u00e1scaras de naranja confitadas con la riqueza y la suavidad del chocolate belga de alta calidad. Aqu\u00ed tienes algunos detalles sobre este delicioso bocadillo:<\/p>\n<p><strong>C\u00e1scaras de Naranja:<\/strong>\u00a0Las c\u00e1scaras de naranja se someten a un proceso de confitado para suavizar su textura y reducir su amargura. Luego, se cubren con una capa de chocolate belga.<\/p>\n<p><strong>Chocolate Belga:<\/strong>\u00a0El chocolate belga es conocido por su alta calidad y sabor excepcional. El 55% de cacao indica que este chocolate tiene un contenido moderado de cacao, lo que significa que ser\u00e1 relativamente rico en sabor a CaCao pero a\u00fan mantendr\u00e1 un equilibrio con la dulzura.<\/p>\n<p><strong>Sabor y Textura:<\/strong>\u00a0La combinaci\u00f3n de la dulzura de las c\u00e1scaras de naranja confitadas y la riqueza del chocolate belga crea un contraste de sabores que es a la vez refrescante y decadente. Las c\u00e1scaras de naranja pueden ser ligeramente crujientes debido al az\u00facar y la capa de chocolate.<\/p>\n<p><strong>Presentaci\u00f3n:<\/strong>\u00a0Estos aperitivos suelen presentarse en peque\u00f1os trozos o rodajas individuales de c\u00e1scaras de naranja cubiertas de chocolate. A menudo, se empaquetan en cajas o bolsas que los hacen ideales para regalar o disfrutar como un regalo gourmet.<\/p>\n<p><strong>Uso:<\/strong>\u00a0Se pueden disfrutar como un bocadillo por s\u00ed mismos o como acompa\u00f1amiento para un caf\u00e9 o t\u00e9. Tambi\u00e9n se utilizan a menudo en reposter\u00eda y decoraci\u00f3n de postres.<\/p>\n<p>55 % CACAO BELGA.<\/p>\n<p><strong>Vencimiento:<\/strong>\u00a0Julio 2025<\/p>\n<p><strong>C\u00e1scara de Naranja Natural Deliciosas Cubiertas con Chocolate Belga<\/strong><\/p>\n<p>Peso neto:\u00a0<strong>150 Gr.<\/strong><\/p>\n<p>DISPONIBILIDAD<b>\u00a0INMEDIATA<\/b><\/p>\n<p><b>ENVIOS:<\/b>\u00a0Una vez recibido su pago, realizaremos su envi\u00f3 en 24 Horas en la Gran Santiago o 3 D\u00edas H\u00e1biles a nivel Nacional.<\/p>\n","protected":false},"featured_media":10412,"template":"","meta":[],"product_cat":[598,595],"product_tag":[],"class_list":{"0":"post-10411","1":"product","2":"type-product","3":"status-publish","4":"has-post-thumbnail","6":"product_cat-cascara-de-naranja","7":"product_cat-dulces-turcos","9":"first","10":"outofstock","11":"shipping-taxable","12":"purchasable","13":"product-type-simple"},"yoast_head":"<!-- This site is optimized with the Yoast SEO plugin v25.2 - https:\/\/yoast.com\/wordpress\/plugins\/seo\/ -->\n<title>C\u00e1scara de Naranja cubierta de Chocolate Belga 150 Gr - YAOMARKET<\/title>\n<meta name=\"robots\" content=\"index, follow, max-snippet:-1, max-image-preview:large, max-video-preview:-1\" \/>\n<link rel=\"canonical\" href=\"https:\/\/yaomarket.cl\/?product=cascara-de-naranja-cubierta-de-chocolate-belga-150-gr\" \/>\n<meta property=\"og:locale\" content=\"es_ES\" \/>\n<meta property=\"og:type\" content=\"article\" \/>\n<meta property=\"og:title\" content=\"C\u00e1scara de Naranja cubierta de Chocolate Belga 150 Gr - YAOMARKET\" \/>\n<meta property=\"og:description\" content=\"Las c\u00e1scaras de naranja cubiertas de chocolate belga son un delicioso y popular aperitivo que combina la frescura y el sabor c\u00edtrico de las c\u00e1scaras de naranja confitadas con la riqueza y la suavidad del chocolate belga de alta calidad. Aqu\u00ed tienes algunos detalles sobre este delicioso bocadillo:  C\u00e1scaras de Naranja:\u00a0Las c\u00e1scaras de naranja se someten a un proceso de confitado para suavizar su textura y reducir su amargura. Luego, se cubren con una capa de chocolate belga.  Chocolate Belga:\u00a0El chocolate belga es conocido por su alta calidad y sabor excepcional. El 55% de cacao indica que este chocolate tiene un contenido moderado de cacao, lo que significa que ser\u00e1 relativamente rico en sabor a CaCao pero a\u00fan mantendr\u00e1 un equilibrio con la dulzura.  Sabor y Textura:\u00a0La combinaci\u00f3n de la dulzura de las c\u00e1scaras de naranja confitadas y la riqueza del chocolate belga crea un contraste de sabores que es a la vez refrescante y decadente. Las c\u00e1scaras de naranja pueden ser ligeramente crujientes debido al az\u00facar y la capa de chocolate.  Presentaci\u00f3n:\u00a0Estos aperitivos suelen presentarse en peque\u00f1os trozos o rodajas individuales de c\u00e1scaras de naranja cubiertas de chocolate. A menudo, se empaquetan en cajas o bolsas que los hacen ideales para regalar o disfrutar como un regalo gourmet.  Uso:\u00a0Se pueden disfrutar como un bocadillo por s\u00ed mismos o como acompa\u00f1amiento para un caf\u00e9 o t\u00e9. Tambi\u00e9n se utilizan a menudo en reposter\u00eda y decoraci\u00f3n de postres.  55 % CACAO BELGA.  Vencimiento:\u00a0Julio 2025  C\u00e1scara de Naranja Natural Deliciosas Cubiertas con Chocolate Belga  Peso neto:\u00a0150 Gr.  DISPONIBILIDAD\u00a0INMEDIATA  ENVIOS:\u00a0Una vez recibido su pago, realizaremos su envi\u00f3 en 24 Horas en la Gran Santiago o 3 D\u00edas H\u00e1biles a nivel Nacional.\" \/>\n<meta property=\"og:url\" content=\"https:\/\/yaomarket.cl\/?product=cascara-de-naranja-cubierta-de-chocolate-belga-150-gr\" \/>\n<meta property=\"og:site_name\" content=\"YAOMARKET\" \/>\n<meta property=\"article:publisher\" content=\"https:\/\/www.facebook.com\/yaomarketchile\/\" \/>\n<meta property=\"article:modified_time\" content=\"2025-11-04T15:52:26+00:00\" \/>\n<meta property=\"og:image\" content=\"https:\/\/yaomarket.cl\/wp-content\/uploads\/2024\/01\/863Screenshot_20220523-222840_Instagram_1024x1024@2x.webp\" \/>\n\t<meta property=\"og:image:width\" content=\"1080\" \/>\n\t<meta property=\"og:image:height\" content=\"1069\" \/>\n\t<meta property=\"og:image:type\" content=\"image\/webp\" \/>\n<meta name=\"twitter:card\" content=\"summary_large_image\" \/>\n<script type=\"application\/ld+json\" class=\"yoast-schema-graph\">{\"@context\":\"https:\/\/schema.org\",\"@graph\":[{\"@type\":\"WebPage\",\"@id\":\"https:\/\/yaomarket.cl\/?product=cascara-de-naranja-cubierta-de-chocolate-belga-150-gr\",\"url\":\"https:\/\/yaomarket.cl\/?product=cascara-de-naranja-cubierta-de-chocolate-belga-150-gr\",\"name\":\"C\u00e1scara de Naranja cubierta de Chocolate Belga 150 Gr - YAOMARKET\",\"isPartOf\":{\"@id\":\"https:\/\/yaomarket.cl\/#website\"},\"primaryImageOfPage\":{\"@id\":\"https:\/\/yaomarket.cl\/?product=cascara-de-naranja-cubierta-de-chocolate-belga-150-gr#primaryimage\"},\"image\":{\"@id\":\"https:\/\/yaomarket.cl\/?product=cascara-de-naranja-cubierta-de-chocolate-belga-150-gr#primaryimage\"},\"thumbnailUrl\":\"https:\/\/yaomarket.cl\/wp-content\/uploads\/2024\/01\/863Screenshot_20220523-222840_Instagram_1024x1024@2x.webp\",\"datePublished\":\"2024-01-22T19:32:27+00:00\",\"dateModified\":\"2025-11-04T15:52:26+00:00\",\"breadcrumb\":{\"@id\":\"https:\/\/yaomarket.cl\/?product=cascara-de-naranja-cubierta-de-chocolate-belga-150-gr#breadcrumb\"},\"inLanguage\":\"es\",\"potentialAction\":[{\"@type\":\"ReadAction\",\"target\":[\"https:\/\/yaomarket.cl\/?product=cascara-de-naranja-cubierta-de-chocolate-belga-150-gr\"]}]},{\"@type\":\"ImageObject\",\"inLanguage\":\"es\",\"@id\":\"https:\/\/yaomarket.cl\/?product=cascara-de-naranja-cubierta-de-chocolate-belga-150-gr#primaryimage\",\"url\":\"https:\/\/yaomarket.cl\/wp-content\/uploads\/2024\/01\/863Screenshot_20220523-222840_Instagram_1024x1024@2x.webp\",\"contentUrl\":\"https:\/\/yaomarket.cl\/wp-content\/uploads\/2024\/01\/863Screenshot_20220523-222840_Instagram_1024x1024@2x.webp\",\"width\":1080,\"height\":1069},{\"@type\":\"BreadcrumbList\",\"@id\":\"https:\/\/yaomarket.cl\/?product=cascara-de-naranja-cubierta-de-chocolate-belga-150-gr#breadcrumb\",\"itemListElement\":[{\"@type\":\"ListItem\",\"position\":1,\"name\":\"Portada\",\"item\":\"https:\/\/yaomarket.cl\/\"},{\"@type\":\"ListItem\",\"position\":2,\"name\":\"TIENDA\",\"item\":\"https:\/\/yaomarket.cl\/?page_id=8\"},{\"@type\":\"ListItem\",\"position\":3,\"name\":\"C\u00e1scara de Naranja cubierta de Chocolate Belga 150 Gr\"}]},{\"@type\":\"WebSite\",\"@id\":\"https:\/\/yaomarket.cl\/#website\",\"url\":\"https:\/\/yaomarket.cl\/\",\"name\":\"YAOMARKET\",\"description\":\"\",\"publisher\":{\"@id\":\"https:\/\/yaomarket.cl\/#organization\"},\"potentialAction\":[{\"@type\":\"SearchAction\",\"target\":{\"@type\":\"EntryPoint\",\"urlTemplate\":\"https:\/\/yaomarket.cl\/?s={search_term_string}\"},\"query-input\":{\"@type\":\"PropertyValueSpecification\",\"valueRequired\":true,\"valueName\":\"search_term_string\"}}],\"inLanguage\":\"es\"},{\"@type\":\"Organization\",\"@id\":\"https:\/\/yaomarket.cl\/#organization\",\"name\":\"YAOMARKET\",\"url\":\"https:\/\/yaomarket.cl\/\",\"logo\":{\"@type\":\"ImageObject\",\"inLanguage\":\"es\",\"@id\":\"https:\/\/yaomarket.cl\/#\/schema\/logo\/image\/\",\"url\":\"https:\/\/yaomarket.cl\/wp-content\/uploads\/2023\/08\/Logo-Original-Yao-Market-Circular.png\",\"contentUrl\":\"https:\/\/yaomarket.cl\/wp-content\/uploads\/2023\/08\/Logo-Original-Yao-Market-Circular.png\",\"width\":522,\"height\":522,\"caption\":\"YAOMARKET\"},\"image\":{\"@id\":\"https:\/\/yaomarket.cl\/#\/schema\/logo\/image\/\"},\"sameAs\":[\"https:\/\/www.facebook.com\/yaomarketchile\/\",\"https:\/\/www.instagram.com\/yao_market\/\"]}]}<\/script>\n<!-- \/ Yoast SEO plugin. -->","yoast_head_json":{"title":"C\u00e1scara de Naranja cubierta de Chocolate Belga 150 Gr - YAOMARKET","robots":{"index":"index","follow":"follow","max-snippet":"max-snippet:-1","max-image-preview":"max-image-preview:large","max-video-preview":"max-video-preview:-1"},"canonical":"https:\/\/yaomarket.cl\/?product=cascara-de-naranja-cubierta-de-chocolate-belga-150-gr","og_locale":"es_ES","og_type":"article","og_title":"C\u00e1scara de Naranja cubierta de Chocolate Belga 150 Gr - YAOMARKET","og_description":"Las c\u00e1scaras de naranja cubiertas de chocolate belga son un delicioso y popular aperitivo que combina la frescura y el sabor c\u00edtrico de las c\u00e1scaras de naranja confitadas con la riqueza y la suavidad del chocolate belga de alta calidad. Aqu\u00ed tienes algunos detalles sobre este delicioso bocadillo:  C\u00e1scaras de Naranja:\u00a0Las c\u00e1scaras de naranja se someten a un proceso de confitado para suavizar su textura y reducir su amargura. Luego, se cubren con una capa de chocolate belga.  Chocolate Belga:\u00a0El chocolate belga es conocido por su alta calidad y sabor excepcional. El 55% de cacao indica que este chocolate tiene un contenido moderado de cacao, lo que significa que ser\u00e1 relativamente rico en sabor a CaCao pero a\u00fan mantendr\u00e1 un equilibrio con la dulzura.  Sabor y Textura:\u00a0La combinaci\u00f3n de la dulzura de las c\u00e1scaras de naranja confitadas y la riqueza del chocolate belga crea un contraste de sabores que es a la vez refrescante y decadente. Las c\u00e1scaras de naranja pueden ser ligeramente crujientes debido al az\u00facar y la capa de chocolate.  Presentaci\u00f3n:\u00a0Estos aperitivos suelen presentarse en peque\u00f1os trozos o rodajas individuales de c\u00e1scaras de naranja cubiertas de chocolate. A menudo, se empaquetan en cajas o bolsas que los hacen ideales para regalar o disfrutar como un regalo gourmet.  Uso:\u00a0Se pueden disfrutar como un bocadillo por s\u00ed mismos o como acompa\u00f1amiento para un caf\u00e9 o t\u00e9. Tambi\u00e9n se utilizan a menudo en reposter\u00eda y decoraci\u00f3n de postres.  55 % CACAO BELGA.  Vencimiento:\u00a0Julio 2025  C\u00e1scara de Naranja Natural Deliciosas Cubiertas con Chocolate Belga  Peso neto:\u00a0150 Gr.  DISPONIBILIDAD\u00a0INMEDIATA  ENVIOS:\u00a0Una vez recibido su pago, realizaremos su envi\u00f3 en 24 Horas en la Gran Santiago o 3 D\u00edas H\u00e1biles a nivel Nacional.","og_url":"https:\/\/yaomarket.cl\/?product=cascara-de-naranja-cubierta-de-chocolate-belga-150-gr","og_site_name":"YAOMARKET","article_publisher":"https:\/\/www.facebook.com\/yaomarketchile\/","article_modified_time":"2025-11-04T15:52:26+00:00","og_image":[{"width":1080,"height":1069,"url":"https:\/\/yaomarket.cl\/wp-content\/uploads\/2024\/01\/863Screenshot_20220523-222840_Instagram_1024x1024@2x.webp","type":"image\/webp"}],"twitter_card":"summary_large_image","schema":{"@context":"https:\/\/schema.org","@graph":[{"@type":"WebPage","@id":"https:\/\/yaomarket.cl\/?product=cascara-de-naranja-cubierta-de-chocolate-belga-150-gr","url":"https:\/\/yaomarket.cl\/?product=cascara-de-naranja-cubierta-de-chocolate-belga-150-gr","name":"C\u00e1scara de Naranja cubierta de Chocolate Belga 150 Gr - YAOMARKET","isPartOf":{"@id":"https:\/\/yaomarket.cl\/#website"},"primaryImageOfPage":{"@id":"https:\/\/yaomarket.cl\/?product=cascara-de-naranja-cubierta-de-chocolate-belga-150-gr#primaryimage"},"image":{"@id":"https:\/\/yaomarket.cl\/?product=cascara-de-naranja-cubierta-de-chocolate-belga-150-gr#primaryimage"},"thumbnailUrl":"https:\/\/yaomarket.cl\/wp-content\/uploads\/2024\/01\/863Screenshot_20220523-222840_Instagram_1024x1024@2x.webp","datePublished":"2024-01-22T19:32:27+00:00","dateModified":"2025-11-04T15:52:26+00:00","breadcrumb":{"@id":"https:\/\/yaomarket.cl\/?product=cascara-de-naranja-cubierta-de-chocolate-belga-150-gr#breadcrumb"},"inLanguage":"es","potentialAction":[{"@type":"ReadAction","target":["https:\/\/yaomarket.cl\/?product=cascara-de-naranja-cubierta-de-chocolate-belga-150-gr"]}]},{"@type":"ImageObject","inLanguage":"es","@id":"https:\/\/yaomarket.cl\/?product=cascara-de-naranja-cubierta-de-chocolate-belga-150-gr#primaryimage","url":"https:\/\/yaomarket.cl\/wp-content\/uploads\/2024\/01\/863Screenshot_20220523-222840_Instagram_1024x1024@2x.webp","contentUrl":"https:\/\/yaomarket.cl\/wp-content\/uploads\/2024\/01\/863Screenshot_20220523-222840_Instagram_1024x1024@2x.webp","width":1080,"height":1069},{"@type":"BreadcrumbList","@id":"https:\/\/yaomarket.cl\/?product=cascara-de-naranja-cubierta-de-chocolate-belga-150-gr#breadcrumb","itemListElement":[{"@type":"ListItem","position":1,"name":"Portada","item":"https:\/\/yaomarket.cl\/"},{"@type":"ListItem","position":2,"name":"TIENDA","item":"https:\/\/yaomarket.cl\/?page_id=8"},{"@type":"ListItem","position":3,"name":"C\u00e1scara de Naranja cubierta de Chocolate Belga 150 Gr"}]},{"@type":"WebSite","@id":"https:\/\/yaomarket.cl\/#website","url":"https:\/\/yaomarket.cl\/","name":"YAOMARKET","description":"","publisher":{"@id":"https:\/\/yaomarket.cl\/#organization"},"potentialAction":[{"@type":"SearchAction","target":{"@type":"EntryPoint","urlTemplate":"https:\/\/yaomarket.cl\/?s={search_term_string}"},"query-input":{"@type":"PropertyValueSpecification","valueRequired":true,"valueName":"search_term_string"}}],"inLanguage":"es"},{"@type":"Organization","@id":"https:\/\/yaomarket.cl\/#organization","name":"YAOMARKET","url":"https:\/\/yaomarket.cl\/","logo":{"@type":"ImageObject","inLanguage":"es","@id":"https:\/\/yaomarket.cl\/#\/schema\/logo\/image\/","url":"https:\/\/yaomarket.cl\/wp-content\/uploads\/2023\/08\/Logo-Original-Yao-Market-Circular.png","contentUrl":"https:\/\/yaomarket.cl\/wp-content\/uploads\/2023\/08\/Logo-Original-Yao-Market-Circular.png","width":522,"height":522,"caption":"YAOMARKET"},"image":{"@id":"https:\/\/yaomarket.cl\/#\/schema\/logo\/image\/"},"sameAs":["https:\/\/www.facebook.com\/yaomarketchile\/","https:\/\/www.instagram.com\/yao_market\/"]}]}},"_links":{"self":[{"href":"https:\/\/yaomarket.cl\/index.php?rest_route=\/wp\/v2\/product\/10411","targetHints":{"allow":["GET"]}}],"collection":[{"href":"https:\/\/yaomarket.cl\/index.php?rest_route=\/wp\/v2\/product"}],"about":[{"href":"https:\/\/yaomarket.cl\/index.php?rest_route=\/wp\/v2\/types\/product"}],"wp:featuredmedia":[{"embeddable":true,"href":"https:\/\/yaomarket.cl\/index.php?rest_route=\/wp\/v2\/media\/10412"}],"wp:attachment":[{"href":"https:\/\/yaomarket.cl\/index.php?rest_route=%2Fwp%2Fv2%2Fmedia&parent=10411"}],"wp:term":[{"taxonomy":"product_cat","embeddable":true,"href":"https:\/\/yaomarket.cl\/index.php?rest_route=%2Fwp%2Fv2%2Fproduct_cat&post=10411"},{"taxonomy":"product_tag","embeddable":true,"href":"https:\/\/yaomarket.cl\/index.php?rest_route=%2Fwp%2Fv2%2Fproduct_tag&post=10411"}],"curies":[{"name":"wp","href":"https:\/\/api.w.org\/{rel}","templated":true}]}}