{"id":10357,"date":"2024-01-22T18:30:59","date_gmt":"2024-01-22T18:30:59","guid":{"rendered":"https:\/\/yaomarket.cl\/?post_type=product&#038;p=10357"},"modified":"2025-11-04T15:52:57","modified_gmt":"2025-11-04T15:52:57","slug":"mazapan-de-almendra-cubierto-con-chocolate-belga-33-gr","status":"publish","type":"product","link":"https:\/\/yaomarket.cl\/?product=mazapan-de-almendra-cubierto-con-chocolate-belga-33-gr","title":{"rendered":"Mazapan De Almendra Cubierto con Chocolate Belga 33 Gr"},"content":{"rendered":"","protected":false},"excerpt":{"rendered":"<div id=\"shopify-section-product-template\" class=\"shopify-section\">\n<div id=\"ProductSection-product-template\" class=\"product-template__container page-width\" data-section-id=\"product-template\" data-section-type=\"product\" data-enable-history-state=\"true\" data-ajax-enabled=\"true\">\n<div class=\"grid product-single\">\n<div class=\"grid__item medium-up--one-half\">\n<div class=\"product-single__description rte\">\n<p>Mazap\u00e1n De Almendra Cubierto de Chocolate Belga.<\/p>\n<p>Peso Neto:\u00a0<strong>33 grs<\/strong><\/p>\n<p>DISPONIBILIDAD<b>\u00a0INMEDIATA<\/b><br \/>\n<b><\/b><\/p>\n<p><b>VENCIMIENTO: \u00a0FEBRERO\u00a02024\u00a0<\/b><br \/>\n<b><\/b><\/p>\n<p><b>ENVIOS:<\/b>\u00a0Una vez recibido su pago, realizaremos su envi\u00f3 en 24 Horas en la Gran Santiago o 3 D\u00edas H\u00e1biles a nivel Nacional.<\/p>\n<p>Mazap\u00e1n de Almendra Cubierto de Chocolate Belga (Hecho en Turqu\u00eda)<\/p>\n<p><strong>Descripci\u00f3n<\/strong>:<\/p>\n<p>\u00a1Sum\u00e9rgete en un viaje de sabor excepcional con nuestro Mazap\u00e1n de Almendra Cubierto de Chocolate Belga, una deliciosa joya gastron\u00f3mica elaborada con esmero en las tierras ricas en tradici\u00f3n culinaria de Turqu\u00eda! En\u00a0<strong>Yao Market<\/strong>, fusionamos la calidad suprema del chocolate belga con la autenticidad de las almendras turcas para crear un manjar que te transportar\u00e1 a un mundo de placer.<\/p>\n<p><strong>Caracter\u00edsticas Destacadas<\/strong>:<\/p>\n<ul>\n<li><strong>Origen Turco de Almendras<\/strong>: Nuestro mazap\u00e1n se confecciona en Turqu\u00eda, tierra conocida por su exquisita producci\u00f3n de almendras. Cada bocado es un tributo a la riqueza de este pa\u00eds en sabores y tradiciones.<\/li>\n<li><strong>Chocolate Belga Gourmet<\/strong>: Utilizamos el aut\u00e9ntico chocolate belga, c\u00e9lebre por su inigualable calidad. El resultado es una capa de chocolate fundente y suave que complementa a la perfecci\u00f3n la textura delicada del mazap\u00e1n.<\/li>\n<li><strong>Artesan\u00eda y Pasi\u00f3n<\/strong>: Cada unidad es artesanalmente elaborada con pasi\u00f3n y pericia, garantizando la frescura y calidad inigualables que nos caracterizan.<\/li>\n<li><strong>El Regalo Perfecto<\/strong>: Tanto para celebrar ocasiones especiales como para darte un capricho, nuestros Mazapanes de Almendra son el regalo perfecto que refleja tu aprecio por la autenticidad y la excelencia.<\/li>\n<li><strong>Env\u00edo R\u00e1pido y Seguro<\/strong>: Te ofrecemos opciones de env\u00edo r\u00e1pido y seguro para que puedas disfrutar de esta delicia en la comodidad de tu hogar.<\/li>\n<\/ul>\n<p><strong>Tama\u00f1os Disponibles<\/strong>: Disfruta de distintas opciones de tama\u00f1os, desde porciones individuales hasta cajas de regalo ideales para compartir.<\/p>\n<p><strong>Ingredientes<\/strong>: Almendras, az\u00facar, chocolate belga.<\/p>\n<p><b>Al\u00e9rgenos<\/b>: Contiene almendras y puede contener trazas de otros frutos secos.<\/p>\n<p><strong>Almacenamiento<\/strong>: Conserva estos dulces en un lugar fresco y seco para preservar su frescura y sabor.<\/p>\n<p><strong>Instrucciones de Pedido<\/strong>: Haz tu pedido en l\u00ednea hoy mismo en\u00a0<a href=\"https:\/\/www.yaomarket.cl\/\" target=\"_new\" rel=\"noopener\">www.yaomarket.cl<\/a> y descubre el encanto de nuestros Mazapanes de Almendra Cubiertos de Chocolate Belga, directamente desde Turqu\u00eda a tu puerta.<\/p>\n<\/div>\n<\/div>\n<\/div>\n<\/div>\n<\/div>\n<div id=\"shopify-section-product-recommendations\" class=\"shopify-section\">\n<div class=\"page-width\" data-base-url=\"\/recommendations\/products\" data-product-id=\"5358614020257\" data-section-id=\"product-recommendations\" data-section-type=\"product-recommendations\"><\/div>\n<\/div>\n","protected":false},"featured_media":10358,"template":"","meta":[],"product_cat":[597,595],"product_tag":[],"class_list":{"0":"post-10357","1":"product","2":"type-product","3":"status-publish","4":"has-post-thumbnail","6":"product_cat-delicias-turcas","7":"product_cat-dulces-turcos","9":"first","10":"outofstock","11":"shipping-taxable","12":"purchasable","13":"product-type-simple"},"yoast_head":"<!-- This site is optimized with the Yoast SEO plugin v25.2 - https:\/\/yoast.com\/wordpress\/plugins\/seo\/ -->\n<title>Mazapan De Almendra Cubierto con Chocolate Belga 33 Gr - YAOMARKET<\/title>\n<meta name=\"robots\" content=\"index, follow, max-snippet:-1, max-image-preview:large, max-video-preview:-1\" \/>\n<link rel=\"canonical\" href=\"https:\/\/yaomarket.cl\/?product=mazapan-de-almendra-cubierto-con-chocolate-belga-33-gr\" \/>\n<meta property=\"og:locale\" content=\"es_ES\" \/>\n<meta property=\"og:type\" content=\"article\" \/>\n<meta property=\"og:title\" content=\"Mazapan De Almendra Cubierto con Chocolate Belga 33 Gr - YAOMARKET\" \/>\n<meta property=\"og:description\" content=\"Mazap\u00e1n De Almendra Cubierto de Chocolate Belga.  Peso Neto:\u00a033 grs  DISPONIBILIDAD\u00a0INMEDIATA   VENCIMIENTO: \u00a0FEBRERO\u00a02024\u00a0   ENVIOS:\u00a0Una vez recibido su pago, realizaremos su envi\u00f3 en 24 Horas en la Gran Santiago o 3 D\u00edas H\u00e1biles a nivel Nacional.  Mazap\u00e1n de Almendra Cubierto de Chocolate Belga (Hecho en Turqu\u00eda)  Descripci\u00f3n:  \u00a1Sum\u00e9rgete en un viaje de sabor excepcional con nuestro Mazap\u00e1n de Almendra Cubierto de Chocolate Belga, una deliciosa joya gastron\u00f3mica elaborada con esmero en las tierras ricas en tradici\u00f3n culinaria de Turqu\u00eda! En\u00a0Yao Market, fusionamos la calidad suprema del chocolate belga con la autenticidad de las almendras turcas para crear un manjar que te transportar\u00e1 a un mundo de placer.  Caracter\u00edsticas Destacadas:   Origen Turco de Almendras: Nuestro mazap\u00e1n se confecciona en Turqu\u00eda, tierra conocida por su exquisita producci\u00f3n de almendras. Cada bocado es un tributo a la riqueza de este pa\u00eds en sabores y tradiciones.  Chocolate Belga Gourmet: Utilizamos el aut\u00e9ntico chocolate belga, c\u00e9lebre por su inigualable calidad. El resultado es una capa de chocolate fundente y suave que complementa a la perfecci\u00f3n la textura delicada del mazap\u00e1n.  Artesan\u00eda y Pasi\u00f3n: Cada unidad es artesanalmente elaborada con pasi\u00f3n y pericia, garantizando la frescura y calidad inigualables que nos caracterizan.  El Regalo Perfecto: Tanto para celebrar ocasiones especiales como para darte un capricho, nuestros Mazapanes de Almendra son el regalo perfecto que refleja tu aprecio por la autenticidad y la excelencia.  Env\u00edo R\u00e1pido y Seguro: Te ofrecemos opciones de env\u00edo r\u00e1pido y seguro para que puedas disfrutar de esta delicia en la comodidad de tu hogar.  Tama\u00f1os Disponibles: Disfruta de distintas opciones de tama\u00f1os, desde porciones individuales hasta cajas de regalo ideales para compartir.  Ingredientes: Almendras, az\u00facar, chocolate belga.  Al\u00e9rgenos: Contiene almendras y puede contener trazas de otros frutos secos.  Almacenamiento: Conserva estos dulces en un lugar fresco y seco para preservar su frescura y sabor.  Instrucciones de Pedido: Haz tu pedido en l\u00ednea hoy mismo en\u00a0www.yaomarket.cl y descubre el encanto de nuestros Mazapanes de Almendra Cubiertos de Chocolate Belga, directamente desde Turqu\u00eda a tu puerta.\" \/>\n<meta property=\"og:url\" content=\"https:\/\/yaomarket.cl\/?product=mazapan-de-almendra-cubierto-con-chocolate-belga-33-gr\" \/>\n<meta property=\"og:site_name\" content=\"YAOMARKET\" \/>\n<meta property=\"article:publisher\" content=\"https:\/\/www.facebook.com\/yaomarketchile\/\" \/>\n<meta property=\"article:modified_time\" content=\"2025-11-04T15:52:57+00:00\" \/>\n<meta property=\"og:image\" content=\"https:\/\/yaomarket.cl\/wp-content\/uploads\/2024\/01\/311Mazapandealmendracubierconchocolatebelga_1024x1024@2x.webp\" \/>\n\t<meta property=\"og:image:width\" content=\"500\" \/>\n\t<meta property=\"og:image:height\" content=\"500\" \/>\n\t<meta property=\"og:image:type\" content=\"image\/webp\" \/>\n<meta name=\"twitter:card\" content=\"summary_large_image\" \/>\n<script type=\"application\/ld+json\" class=\"yoast-schema-graph\">{\"@context\":\"https:\/\/schema.org\",\"@graph\":[{\"@type\":\"WebPage\",\"@id\":\"https:\/\/yaomarket.cl\/?product=mazapan-de-almendra-cubierto-con-chocolate-belga-33-gr\",\"url\":\"https:\/\/yaomarket.cl\/?product=mazapan-de-almendra-cubierto-con-chocolate-belga-33-gr\",\"name\":\"Mazapan De Almendra Cubierto con Chocolate Belga 33 Gr - YAOMARKET\",\"isPartOf\":{\"@id\":\"https:\/\/yaomarket.cl\/#website\"},\"primaryImageOfPage\":{\"@id\":\"https:\/\/yaomarket.cl\/?product=mazapan-de-almendra-cubierto-con-chocolate-belga-33-gr#primaryimage\"},\"image\":{\"@id\":\"https:\/\/yaomarket.cl\/?product=mazapan-de-almendra-cubierto-con-chocolate-belga-33-gr#primaryimage\"},\"thumbnailUrl\":\"https:\/\/yaomarket.cl\/wp-content\/uploads\/2024\/01\/311Mazapandealmendracubierconchocolatebelga_1024x1024@2x.webp\",\"datePublished\":\"2024-01-22T18:30:59+00:00\",\"dateModified\":\"2025-11-04T15:52:57+00:00\",\"breadcrumb\":{\"@id\":\"https:\/\/yaomarket.cl\/?product=mazapan-de-almendra-cubierto-con-chocolate-belga-33-gr#breadcrumb\"},\"inLanguage\":\"es\",\"potentialAction\":[{\"@type\":\"ReadAction\",\"target\":[\"https:\/\/yaomarket.cl\/?product=mazapan-de-almendra-cubierto-con-chocolate-belga-33-gr\"]}]},{\"@type\":\"ImageObject\",\"inLanguage\":\"es\",\"@id\":\"https:\/\/yaomarket.cl\/?product=mazapan-de-almendra-cubierto-con-chocolate-belga-33-gr#primaryimage\",\"url\":\"https:\/\/yaomarket.cl\/wp-content\/uploads\/2024\/01\/311Mazapandealmendracubierconchocolatebelga_1024x1024@2x.webp\",\"contentUrl\":\"https:\/\/yaomarket.cl\/wp-content\/uploads\/2024\/01\/311Mazapandealmendracubierconchocolatebelga_1024x1024@2x.webp\",\"width\":500,\"height\":500},{\"@type\":\"BreadcrumbList\",\"@id\":\"https:\/\/yaomarket.cl\/?product=mazapan-de-almendra-cubierto-con-chocolate-belga-33-gr#breadcrumb\",\"itemListElement\":[{\"@type\":\"ListItem\",\"position\":1,\"name\":\"Portada\",\"item\":\"https:\/\/yaomarket.cl\/\"},{\"@type\":\"ListItem\",\"position\":2,\"name\":\"TIENDA\",\"item\":\"https:\/\/yaomarket.cl\/?page_id=8\"},{\"@type\":\"ListItem\",\"position\":3,\"name\":\"Mazapan De Almendra Cubierto con Chocolate Belga 33 Gr\"}]},{\"@type\":\"WebSite\",\"@id\":\"https:\/\/yaomarket.cl\/#website\",\"url\":\"https:\/\/yaomarket.cl\/\",\"name\":\"YAOMARKET\",\"description\":\"\",\"publisher\":{\"@id\":\"https:\/\/yaomarket.cl\/#organization\"},\"potentialAction\":[{\"@type\":\"SearchAction\",\"target\":{\"@type\":\"EntryPoint\",\"urlTemplate\":\"https:\/\/yaomarket.cl\/?s={search_term_string}\"},\"query-input\":{\"@type\":\"PropertyValueSpecification\",\"valueRequired\":true,\"valueName\":\"search_term_string\"}}],\"inLanguage\":\"es\"},{\"@type\":\"Organization\",\"@id\":\"https:\/\/yaomarket.cl\/#organization\",\"name\":\"YAOMARKET\",\"url\":\"https:\/\/yaomarket.cl\/\",\"logo\":{\"@type\":\"ImageObject\",\"inLanguage\":\"es\",\"@id\":\"https:\/\/yaomarket.cl\/#\/schema\/logo\/image\/\",\"url\":\"https:\/\/yaomarket.cl\/wp-content\/uploads\/2023\/08\/Logo-Original-Yao-Market-Circular.png\",\"contentUrl\":\"https:\/\/yaomarket.cl\/wp-content\/uploads\/2023\/08\/Logo-Original-Yao-Market-Circular.png\",\"width\":522,\"height\":522,\"caption\":\"YAOMARKET\"},\"image\":{\"@id\":\"https:\/\/yaomarket.cl\/#\/schema\/logo\/image\/\"},\"sameAs\":[\"https:\/\/www.facebook.com\/yaomarketchile\/\",\"https:\/\/www.instagram.com\/yao_market\/\"]}]}<\/script>\n<!-- \/ Yoast SEO plugin. -->","yoast_head_json":{"title":"Mazapan De Almendra Cubierto con Chocolate Belga 33 Gr - YAOMARKET","robots":{"index":"index","follow":"follow","max-snippet":"max-snippet:-1","max-image-preview":"max-image-preview:large","max-video-preview":"max-video-preview:-1"},"canonical":"https:\/\/yaomarket.cl\/?product=mazapan-de-almendra-cubierto-con-chocolate-belga-33-gr","og_locale":"es_ES","og_type":"article","og_title":"Mazapan De Almendra Cubierto con Chocolate Belga 33 Gr - YAOMARKET","og_description":"Mazap\u00e1n De Almendra Cubierto de Chocolate Belga.  Peso Neto:\u00a033 grs  DISPONIBILIDAD\u00a0INMEDIATA   VENCIMIENTO: \u00a0FEBRERO\u00a02024\u00a0   ENVIOS:\u00a0Una vez recibido su pago, realizaremos su envi\u00f3 en 24 Horas en la Gran Santiago o 3 D\u00edas H\u00e1biles a nivel Nacional.  Mazap\u00e1n de Almendra Cubierto de Chocolate Belga (Hecho en Turqu\u00eda)  Descripci\u00f3n:  \u00a1Sum\u00e9rgete en un viaje de sabor excepcional con nuestro Mazap\u00e1n de Almendra Cubierto de Chocolate Belga, una deliciosa joya gastron\u00f3mica elaborada con esmero en las tierras ricas en tradici\u00f3n culinaria de Turqu\u00eda! En\u00a0Yao Market, fusionamos la calidad suprema del chocolate belga con la autenticidad de las almendras turcas para crear un manjar que te transportar\u00e1 a un mundo de placer.  Caracter\u00edsticas Destacadas:   Origen Turco de Almendras: Nuestro mazap\u00e1n se confecciona en Turqu\u00eda, tierra conocida por su exquisita producci\u00f3n de almendras. Cada bocado es un tributo a la riqueza de este pa\u00eds en sabores y tradiciones.  Chocolate Belga Gourmet: Utilizamos el aut\u00e9ntico chocolate belga, c\u00e9lebre por su inigualable calidad. El resultado es una capa de chocolate fundente y suave que complementa a la perfecci\u00f3n la textura delicada del mazap\u00e1n.  Artesan\u00eda y Pasi\u00f3n: Cada unidad es artesanalmente elaborada con pasi\u00f3n y pericia, garantizando la frescura y calidad inigualables que nos caracterizan.  El Regalo Perfecto: Tanto para celebrar ocasiones especiales como para darte un capricho, nuestros Mazapanes de Almendra son el regalo perfecto que refleja tu aprecio por la autenticidad y la excelencia.  Env\u00edo R\u00e1pido y Seguro: Te ofrecemos opciones de env\u00edo r\u00e1pido y seguro para que puedas disfrutar de esta delicia en la comodidad de tu hogar.  Tama\u00f1os Disponibles: Disfruta de distintas opciones de tama\u00f1os, desde porciones individuales hasta cajas de regalo ideales para compartir.  Ingredientes: Almendras, az\u00facar, chocolate belga.  Al\u00e9rgenos: Contiene almendras y puede contener trazas de otros frutos secos.  Almacenamiento: Conserva estos dulces en un lugar fresco y seco para preservar su frescura y sabor.  Instrucciones de Pedido: Haz tu pedido en l\u00ednea hoy mismo en\u00a0www.yaomarket.cl y descubre el encanto de nuestros Mazapanes de Almendra Cubiertos de Chocolate Belga, directamente desde Turqu\u00eda a tu puerta.","og_url":"https:\/\/yaomarket.cl\/?product=mazapan-de-almendra-cubierto-con-chocolate-belga-33-gr","og_site_name":"YAOMARKET","article_publisher":"https:\/\/www.facebook.com\/yaomarketchile\/","article_modified_time":"2025-11-04T15:52:57+00:00","og_image":[{"width":500,"height":500,"url":"https:\/\/yaomarket.cl\/wp-content\/uploads\/2024\/01\/311Mazapandealmendracubierconchocolatebelga_1024x1024@2x.webp","type":"image\/webp"}],"twitter_card":"summary_large_image","schema":{"@context":"https:\/\/schema.org","@graph":[{"@type":"WebPage","@id":"https:\/\/yaomarket.cl\/?product=mazapan-de-almendra-cubierto-con-chocolate-belga-33-gr","url":"https:\/\/yaomarket.cl\/?product=mazapan-de-almendra-cubierto-con-chocolate-belga-33-gr","name":"Mazapan De Almendra Cubierto con Chocolate Belga 33 Gr - YAOMARKET","isPartOf":{"@id":"https:\/\/yaomarket.cl\/#website"},"primaryImageOfPage":{"@id":"https:\/\/yaomarket.cl\/?product=mazapan-de-almendra-cubierto-con-chocolate-belga-33-gr#primaryimage"},"image":{"@id":"https:\/\/yaomarket.cl\/?product=mazapan-de-almendra-cubierto-con-chocolate-belga-33-gr#primaryimage"},"thumbnailUrl":"https:\/\/yaomarket.cl\/wp-content\/uploads\/2024\/01\/311Mazapandealmendracubierconchocolatebelga_1024x1024@2x.webp","datePublished":"2024-01-22T18:30:59+00:00","dateModified":"2025-11-04T15:52:57+00:00","breadcrumb":{"@id":"https:\/\/yaomarket.cl\/?product=mazapan-de-almendra-cubierto-con-chocolate-belga-33-gr#breadcrumb"},"inLanguage":"es","potentialAction":[{"@type":"ReadAction","target":["https:\/\/yaomarket.cl\/?product=mazapan-de-almendra-cubierto-con-chocolate-belga-33-gr"]}]},{"@type":"ImageObject","inLanguage":"es","@id":"https:\/\/yaomarket.cl\/?product=mazapan-de-almendra-cubierto-con-chocolate-belga-33-gr#primaryimage","url":"https:\/\/yaomarket.cl\/wp-content\/uploads\/2024\/01\/311Mazapandealmendracubierconchocolatebelga_1024x1024@2x.webp","contentUrl":"https:\/\/yaomarket.cl\/wp-content\/uploads\/2024\/01\/311Mazapandealmendracubierconchocolatebelga_1024x1024@2x.webp","width":500,"height":500},{"@type":"BreadcrumbList","@id":"https:\/\/yaomarket.cl\/?product=mazapan-de-almendra-cubierto-con-chocolate-belga-33-gr#breadcrumb","itemListElement":[{"@type":"ListItem","position":1,"name":"Portada","item":"https:\/\/yaomarket.cl\/"},{"@type":"ListItem","position":2,"name":"TIENDA","item":"https:\/\/yaomarket.cl\/?page_id=8"},{"@type":"ListItem","position":3,"name":"Mazapan De Almendra Cubierto con Chocolate Belga 33 Gr"}]},{"@type":"WebSite","@id":"https:\/\/yaomarket.cl\/#website","url":"https:\/\/yaomarket.cl\/","name":"YAOMARKET","description":"","publisher":{"@id":"https:\/\/yaomarket.cl\/#organization"},"potentialAction":[{"@type":"SearchAction","target":{"@type":"EntryPoint","urlTemplate":"https:\/\/yaomarket.cl\/?s={search_term_string}"},"query-input":{"@type":"PropertyValueSpecification","valueRequired":true,"valueName":"search_term_string"}}],"inLanguage":"es"},{"@type":"Organization","@id":"https:\/\/yaomarket.cl\/#organization","name":"YAOMARKET","url":"https:\/\/yaomarket.cl\/","logo":{"@type":"ImageObject","inLanguage":"es","@id":"https:\/\/yaomarket.cl\/#\/schema\/logo\/image\/","url":"https:\/\/yaomarket.cl\/wp-content\/uploads\/2023\/08\/Logo-Original-Yao-Market-Circular.png","contentUrl":"https:\/\/yaomarket.cl\/wp-content\/uploads\/2023\/08\/Logo-Original-Yao-Market-Circular.png","width":522,"height":522,"caption":"YAOMARKET"},"image":{"@id":"https:\/\/yaomarket.cl\/#\/schema\/logo\/image\/"},"sameAs":["https:\/\/www.facebook.com\/yaomarketchile\/","https:\/\/www.instagram.com\/yao_market\/"]}]}},"_links":{"self":[{"href":"https:\/\/yaomarket.cl\/index.php?rest_route=\/wp\/v2\/product\/10357","targetHints":{"allow":["GET"]}}],"collection":[{"href":"https:\/\/yaomarket.cl\/index.php?rest_route=\/wp\/v2\/product"}],"about":[{"href":"https:\/\/yaomarket.cl\/index.php?rest_route=\/wp\/v2\/types\/product"}],"wp:featuredmedia":[{"embeddable":true,"href":"https:\/\/yaomarket.cl\/index.php?rest_route=\/wp\/v2\/media\/10358"}],"wp:attachment":[{"href":"https:\/\/yaomarket.cl\/index.php?rest_route=%2Fwp%2Fv2%2Fmedia&parent=10357"}],"wp:term":[{"taxonomy":"product_cat","embeddable":true,"href":"https:\/\/yaomarket.cl\/index.php?rest_route=%2Fwp%2Fv2%2Fproduct_cat&post=10357"},{"taxonomy":"product_tag","embeddable":true,"href":"https:\/\/yaomarket.cl\/index.php?rest_route=%2Fwp%2Fv2%2Fproduct_tag&post=10357"}],"curies":[{"name":"wp","href":"https:\/\/api.w.org\/{rel}","templated":true}]}}