{"id":10184,"date":"2023-09-16T18:24:29","date_gmt":"2023-09-16T18:24:29","guid":{"rendered":"https:\/\/yaomarket.cl\/?post_type=product&#038;p=10184"},"modified":"2023-09-16T18:34:10","modified_gmt":"2023-09-16T18:34:10","slug":"chef-protein-vegan-sin-sabor-12kg","status":"publish","type":"product","link":"https:\/\/yaomarket.cl\/?product=chef-protein-vegan-sin-sabor-12kg","title":{"rendered":"Chef Protein Vegan sin sabor 1,2Kg"},"content":{"rendered":"<div id=\"product-description-short-427\" class=\"rte-content product-description\">\n<div class=\"rte-content product-description\"><\/div>\n<div class=\"product-actions\">\n<form id=\"add-to-cart-or-refresh\" action=\"https:\/\/europasecreta.cl\/carrito\" method=\"post\">\n<div class=\"product-variants\"><\/div>\n<div class=\"product-add-to-cart pt-3\">\n<div class=\"row extra-small-gutters product-quantity \">\n<div class=\"col col-12 col-sm-auto col-add-qty\">\n<div class=\"qty \">\n<div class=\"input-group bootstrap-touchspin\"><\/div>\n<\/div>\n<\/div>\n<\/div>\n<\/div>\n<\/form>\n<\/div>\n<\/div>\n<div class=\"product-actions\">\n<form id=\"add-to-cart-or-refresh\" action=\"https:\/\/europasecreta.cl\/carrito\" method=\"post\">\n<div class=\"product-variants\"><\/div>\n<div class=\"product-add-to-cart pt-3\">\n<div class=\"row extra-small-gutters product-quantity \">\n<div class=\"col col-12 col-sm-auto col-add-qty\">\n<div class=\"qty \">\n<div class=\"input-group bootstrap-touchspin\"><\/div>\n<\/div>\n<\/div>\n<\/div>\n<\/div>\n<\/form>\n<\/div>\n","protected":false},"excerpt":{"rendered":"<p>Chef Protein Vegan, es una prote\u00edna natural de alta calidad a base de arveja y soya, la cual contiene<strong>\u00a025 Gramos de Prote\u00edna, 5 Gramos de BCAA\u00b4S y solo 118 calor\u00edas.<\/strong><\/p>\n<p>\u00bfY por qu\u00e9 a base de Soya y Arveja?<\/p>\n<ul>\n<li><span style=\"font-size: 0.875rem;\">Porque son prote\u00ednas vers\u00e1tiles, con una incre\u00edble disoluci\u00f3n y\u00a0<strong>valor biol\u00f3gico.<\/strong><\/span><\/li>\n<li><span style=\"font-size: 0.875rem;\">Tienen un importante\u00a0<strong>impacto positivo<\/strong>\u00a0para la salud, ya que, la prote\u00edna de soya es antioxidante, reduce el colesterol y refuerza el sistema \u00f3seo.<\/span><\/li>\n<li><span style=\"font-size: 0.875rem;\">La prote\u00edna de arveja, mejora tu funci\u00f3n renal, apoya la salud del coraz\u00f3n e incre\u00edblemente ayuda a la<strong>\u00a0perdida de grasa.<\/strong><\/span><\/li>\n<\/ul>\n<p>Haz de tus preparaciones algo \u00fanico, saludable y natural, dulce o salado, t\u00fa eliges con Chef Protein Vegan.<\/p>\n<p><strong>Ingredientes:\u00a0<\/strong>Aislado de Proteina de Arvejas, Aislado de Prote\u00edna de Soya.<\/p>\n","protected":false},"featured_media":10185,"template":"","meta":[],"product_cat":[542,544,547],"product_tag":[558,555,556,419,416,557,391],"class_list":{"0":"post-10184","1":"product","2":"type-product","3":"status-publish","4":"has-post-thumbnail","6":"product_cat-chef-protein","7":"product_cat-proteinas-vegan","8":"product_cat-vegano-chef-protein","9":"product_tag-batidos","10":"product_tag-chef-protein","11":"product_tag-deportista","12":"product_tag-fit","13":"product_tag-protein","14":"product_tag-saludable","15":"product_tag-vegano","17":"first","18":"instock","19":"shipping-taxable","20":"purchasable","21":"product-type-simple"},"yoast_head":"<!-- This site is optimized with the Yoast SEO plugin v25.2 - https:\/\/yoast.com\/wordpress\/plugins\/seo\/ -->\n<title>Chef Protein Vegan sin sabor 1,2Kg - YAOMARKET<\/title>\n<meta name=\"robots\" content=\"index, follow, max-snippet:-1, max-image-preview:large, max-video-preview:-1\" \/>\n<link rel=\"canonical\" href=\"https:\/\/yaomarket.cl\/?product=chef-protein-vegan-sin-sabor-12kg\" \/>\n<meta property=\"og:locale\" content=\"es_ES\" \/>\n<meta property=\"og:type\" content=\"article\" \/>\n<meta property=\"og:title\" content=\"Chef Protein Vegan sin sabor 1,2Kg - YAOMARKET\" \/>\n<meta property=\"og:description\" content=\"Chef Protein Vegan, es una prote\u00edna natural de alta calidad a base de arveja y soya, la cual contiene\u00a025 Gramos de Prote\u00edna, 5 Gramos de BCAA\u00b4S y solo 118 calor\u00edas.  \u00bfY por qu\u00e9 a base de Soya y Arveja?   Porque son prote\u00ednas vers\u00e1tiles, con una incre\u00edble disoluci\u00f3n y\u00a0valor biol\u00f3gico.  Tienen un importante\u00a0impacto positivo\u00a0para la salud, ya que, la prote\u00edna de soya es antioxidante, reduce el colesterol y refuerza el sistema \u00f3seo.  La prote\u00edna de arveja, mejora tu funci\u00f3n renal, apoya la salud del coraz\u00f3n e incre\u00edblemente ayuda a la\u00a0perdida de grasa.  Haz de tus preparaciones algo \u00fanico, saludable y natural, dulce o salado, t\u00fa eliges con Chef Protein Vegan.  Ingredientes:\u00a0Aislado de Proteina de Arvejas, Aislado de Prote\u00edna de Soya.\" \/>\n<meta property=\"og:url\" content=\"https:\/\/yaomarket.cl\/?product=chef-protein-vegan-sin-sabor-12kg\" \/>\n<meta property=\"og:site_name\" content=\"YAOMARKET\" \/>\n<meta property=\"article:publisher\" content=\"https:\/\/www.facebook.com\/yaomarketchile\/\" \/>\n<meta property=\"article:modified_time\" content=\"2023-09-16T18:34:10+00:00\" \/>\n<meta property=\"og:image\" content=\"https:\/\/yaomarket.cl\/wp-content\/uploads\/2023\/09\/envasechefproteinvegan.webp\" \/>\n\t<meta property=\"og:image:width\" content=\"600\" \/>\n\t<meta property=\"og:image:height\" content=\"600\" \/>\n\t<meta property=\"og:image:type\" content=\"image\/webp\" \/>\n<meta name=\"twitter:card\" content=\"summary_large_image\" \/>\n<script type=\"application\/ld+json\" class=\"yoast-schema-graph\">{\"@context\":\"https:\/\/schema.org\",\"@graph\":[{\"@type\":\"WebPage\",\"@id\":\"https:\/\/yaomarket.cl\/?product=chef-protein-vegan-sin-sabor-12kg\",\"url\":\"https:\/\/yaomarket.cl\/?product=chef-protein-vegan-sin-sabor-12kg\",\"name\":\"Chef Protein Vegan sin sabor 1,2Kg - YAOMARKET\",\"isPartOf\":{\"@id\":\"https:\/\/yaomarket.cl\/#website\"},\"primaryImageOfPage\":{\"@id\":\"https:\/\/yaomarket.cl\/?product=chef-protein-vegan-sin-sabor-12kg#primaryimage\"},\"image\":{\"@id\":\"https:\/\/yaomarket.cl\/?product=chef-protein-vegan-sin-sabor-12kg#primaryimage\"},\"thumbnailUrl\":\"https:\/\/yaomarket.cl\/wp-content\/uploads\/2023\/09\/envasechefproteinvegan.webp\",\"datePublished\":\"2023-09-16T18:24:29+00:00\",\"dateModified\":\"2023-09-16T18:34:10+00:00\",\"breadcrumb\":{\"@id\":\"https:\/\/yaomarket.cl\/?product=chef-protein-vegan-sin-sabor-12kg#breadcrumb\"},\"inLanguage\":\"es\",\"potentialAction\":[{\"@type\":\"ReadAction\",\"target\":[\"https:\/\/yaomarket.cl\/?product=chef-protein-vegan-sin-sabor-12kg\"]}]},{\"@type\":\"ImageObject\",\"inLanguage\":\"es\",\"@id\":\"https:\/\/yaomarket.cl\/?product=chef-protein-vegan-sin-sabor-12kg#primaryimage\",\"url\":\"https:\/\/yaomarket.cl\/wp-content\/uploads\/2023\/09\/envasechefproteinvegan.webp\",\"contentUrl\":\"https:\/\/yaomarket.cl\/wp-content\/uploads\/2023\/09\/envasechefproteinvegan.webp\",\"width\":600,\"height\":600},{\"@type\":\"BreadcrumbList\",\"@id\":\"https:\/\/yaomarket.cl\/?product=chef-protein-vegan-sin-sabor-12kg#breadcrumb\",\"itemListElement\":[{\"@type\":\"ListItem\",\"position\":1,\"name\":\"Portada\",\"item\":\"https:\/\/yaomarket.cl\/\"},{\"@type\":\"ListItem\",\"position\":2,\"name\":\"TIENDA\",\"item\":\"https:\/\/yaomarket.cl\/?page_id=8\"},{\"@type\":\"ListItem\",\"position\":3,\"name\":\"Chef Protein Vegan sin sabor 1,2Kg\"}]},{\"@type\":\"WebSite\",\"@id\":\"https:\/\/yaomarket.cl\/#website\",\"url\":\"https:\/\/yaomarket.cl\/\",\"name\":\"YAOMARKET\",\"description\":\"\",\"publisher\":{\"@id\":\"https:\/\/yaomarket.cl\/#organization\"},\"potentialAction\":[{\"@type\":\"SearchAction\",\"target\":{\"@type\":\"EntryPoint\",\"urlTemplate\":\"https:\/\/yaomarket.cl\/?s={search_term_string}\"},\"query-input\":{\"@type\":\"PropertyValueSpecification\",\"valueRequired\":true,\"valueName\":\"search_term_string\"}}],\"inLanguage\":\"es\"},{\"@type\":\"Organization\",\"@id\":\"https:\/\/yaomarket.cl\/#organization\",\"name\":\"YAOMARKET\",\"url\":\"https:\/\/yaomarket.cl\/\",\"logo\":{\"@type\":\"ImageObject\",\"inLanguage\":\"es\",\"@id\":\"https:\/\/yaomarket.cl\/#\/schema\/logo\/image\/\",\"url\":\"https:\/\/yaomarket.cl\/wp-content\/uploads\/2023\/08\/Logo-Original-Yao-Market-Circular.png\",\"contentUrl\":\"https:\/\/yaomarket.cl\/wp-content\/uploads\/2023\/08\/Logo-Original-Yao-Market-Circular.png\",\"width\":522,\"height\":522,\"caption\":\"YAOMARKET\"},\"image\":{\"@id\":\"https:\/\/yaomarket.cl\/#\/schema\/logo\/image\/\"},\"sameAs\":[\"https:\/\/www.facebook.com\/yaomarketchile\/\",\"https:\/\/www.instagram.com\/yao_market\/\"]}]}<\/script>\n<!-- \/ Yoast SEO plugin. -->","yoast_head_json":{"title":"Chef Protein Vegan sin sabor 1,2Kg - YAOMARKET","robots":{"index":"index","follow":"follow","max-snippet":"max-snippet:-1","max-image-preview":"max-image-preview:large","max-video-preview":"max-video-preview:-1"},"canonical":"https:\/\/yaomarket.cl\/?product=chef-protein-vegan-sin-sabor-12kg","og_locale":"es_ES","og_type":"article","og_title":"Chef Protein Vegan sin sabor 1,2Kg - YAOMARKET","og_description":"Chef Protein Vegan, es una prote\u00edna natural de alta calidad a base de arveja y soya, la cual contiene\u00a025 Gramos de Prote\u00edna, 5 Gramos de BCAA\u00b4S y solo 118 calor\u00edas.  \u00bfY por qu\u00e9 a base de Soya y Arveja?   Porque son prote\u00ednas vers\u00e1tiles, con una incre\u00edble disoluci\u00f3n y\u00a0valor biol\u00f3gico.  Tienen un importante\u00a0impacto positivo\u00a0para la salud, ya que, la prote\u00edna de soya es antioxidante, reduce el colesterol y refuerza el sistema \u00f3seo.  La prote\u00edna de arveja, mejora tu funci\u00f3n renal, apoya la salud del coraz\u00f3n e incre\u00edblemente ayuda a la\u00a0perdida de grasa.  Haz de tus preparaciones algo \u00fanico, saludable y natural, dulce o salado, t\u00fa eliges con Chef Protein Vegan.  Ingredientes:\u00a0Aislado de Proteina de Arvejas, Aislado de Prote\u00edna de Soya.","og_url":"https:\/\/yaomarket.cl\/?product=chef-protein-vegan-sin-sabor-12kg","og_site_name":"YAOMARKET","article_publisher":"https:\/\/www.facebook.com\/yaomarketchile\/","article_modified_time":"2023-09-16T18:34:10+00:00","og_image":[{"width":600,"height":600,"url":"https:\/\/yaomarket.cl\/wp-content\/uploads\/2023\/09\/envasechefproteinvegan.webp","type":"image\/webp"}],"twitter_card":"summary_large_image","schema":{"@context":"https:\/\/schema.org","@graph":[{"@type":"WebPage","@id":"https:\/\/yaomarket.cl\/?product=chef-protein-vegan-sin-sabor-12kg","url":"https:\/\/yaomarket.cl\/?product=chef-protein-vegan-sin-sabor-12kg","name":"Chef Protein Vegan sin sabor 1,2Kg - YAOMARKET","isPartOf":{"@id":"https:\/\/yaomarket.cl\/#website"},"primaryImageOfPage":{"@id":"https:\/\/yaomarket.cl\/?product=chef-protein-vegan-sin-sabor-12kg#primaryimage"},"image":{"@id":"https:\/\/yaomarket.cl\/?product=chef-protein-vegan-sin-sabor-12kg#primaryimage"},"thumbnailUrl":"https:\/\/yaomarket.cl\/wp-content\/uploads\/2023\/09\/envasechefproteinvegan.webp","datePublished":"2023-09-16T18:24:29+00:00","dateModified":"2023-09-16T18:34:10+00:00","breadcrumb":{"@id":"https:\/\/yaomarket.cl\/?product=chef-protein-vegan-sin-sabor-12kg#breadcrumb"},"inLanguage":"es","potentialAction":[{"@type":"ReadAction","target":["https:\/\/yaomarket.cl\/?product=chef-protein-vegan-sin-sabor-12kg"]}]},{"@type":"ImageObject","inLanguage":"es","@id":"https:\/\/yaomarket.cl\/?product=chef-protein-vegan-sin-sabor-12kg#primaryimage","url":"https:\/\/yaomarket.cl\/wp-content\/uploads\/2023\/09\/envasechefproteinvegan.webp","contentUrl":"https:\/\/yaomarket.cl\/wp-content\/uploads\/2023\/09\/envasechefproteinvegan.webp","width":600,"height":600},{"@type":"BreadcrumbList","@id":"https:\/\/yaomarket.cl\/?product=chef-protein-vegan-sin-sabor-12kg#breadcrumb","itemListElement":[{"@type":"ListItem","position":1,"name":"Portada","item":"https:\/\/yaomarket.cl\/"},{"@type":"ListItem","position":2,"name":"TIENDA","item":"https:\/\/yaomarket.cl\/?page_id=8"},{"@type":"ListItem","position":3,"name":"Chef Protein Vegan sin sabor 1,2Kg"}]},{"@type":"WebSite","@id":"https:\/\/yaomarket.cl\/#website","url":"https:\/\/yaomarket.cl\/","name":"YAOMARKET","description":"","publisher":{"@id":"https:\/\/yaomarket.cl\/#organization"},"potentialAction":[{"@type":"SearchAction","target":{"@type":"EntryPoint","urlTemplate":"https:\/\/yaomarket.cl\/?s={search_term_string}"},"query-input":{"@type":"PropertyValueSpecification","valueRequired":true,"valueName":"search_term_string"}}],"inLanguage":"es"},{"@type":"Organization","@id":"https:\/\/yaomarket.cl\/#organization","name":"YAOMARKET","url":"https:\/\/yaomarket.cl\/","logo":{"@type":"ImageObject","inLanguage":"es","@id":"https:\/\/yaomarket.cl\/#\/schema\/logo\/image\/","url":"https:\/\/yaomarket.cl\/wp-content\/uploads\/2023\/08\/Logo-Original-Yao-Market-Circular.png","contentUrl":"https:\/\/yaomarket.cl\/wp-content\/uploads\/2023\/08\/Logo-Original-Yao-Market-Circular.png","width":522,"height":522,"caption":"YAOMARKET"},"image":{"@id":"https:\/\/yaomarket.cl\/#\/schema\/logo\/image\/"},"sameAs":["https:\/\/www.facebook.com\/yaomarketchile\/","https:\/\/www.instagram.com\/yao_market\/"]}]}},"_links":{"self":[{"href":"https:\/\/yaomarket.cl\/index.php?rest_route=\/wp\/v2\/product\/10184","targetHints":{"allow":["GET"]}}],"collection":[{"href":"https:\/\/yaomarket.cl\/index.php?rest_route=\/wp\/v2\/product"}],"about":[{"href":"https:\/\/yaomarket.cl\/index.php?rest_route=\/wp\/v2\/types\/product"}],"wp:featuredmedia":[{"embeddable":true,"href":"https:\/\/yaomarket.cl\/index.php?rest_route=\/wp\/v2\/media\/10185"}],"wp:attachment":[{"href":"https:\/\/yaomarket.cl\/index.php?rest_route=%2Fwp%2Fv2%2Fmedia&parent=10184"}],"wp:term":[{"taxonomy":"product_cat","embeddable":true,"href":"https:\/\/yaomarket.cl\/index.php?rest_route=%2Fwp%2Fv2%2Fproduct_cat&post=10184"},{"taxonomy":"product_tag","embeddable":true,"href":"https:\/\/yaomarket.cl\/index.php?rest_route=%2Fwp%2Fv2%2Fproduct_tag&post=10184"}],"curies":[{"name":"wp","href":"https:\/\/api.w.org\/{rel}","templated":true}]}}