{"id":10177,"date":"2023-09-16T02:45:46","date_gmt":"2023-09-16T02:45:46","guid":{"rendered":"https:\/\/yaomarket.cl\/?post_type=product&#038;p=10177"},"modified":"2025-11-04T15:53:55","modified_gmt":"2025-11-04T15:53:55","slug":"wild-protein-berries-5-unidades","status":"publish","type":"product","link":"https:\/\/yaomarket.cl\/?product=wild-protein-berries-5-unidades","title":{"rendered":"Wild Protein Berries 5 unidades"},"content":{"rendered":"<div id=\"product-description-short-427\" class=\"rte-content product-description\">\n<div class=\"rte-content product-description\"><\/div>\n<div class=\"product-actions\">\n<form id=\"add-to-cart-or-refresh\" action=\"https:\/\/europasecreta.cl\/carrito\" method=\"post\">\n<div class=\"product-variants\"><\/div>\n<div class=\"product-add-to-cart pt-3\">\n<div class=\"row extra-small-gutters product-quantity \">\n<div class=\"col col-12 col-sm-auto col-add-qty\">\n<div class=\"qty \">\n<div class=\"input-group bootstrap-touchspin\"><\/div>\n<\/div>\n<\/div>\n<\/div>\n<\/div>\n<\/form>\n<\/div>\n<\/div>\n<div class=\"product-actions\">\n<form id=\"add-to-cart-or-refresh\" action=\"https:\/\/europasecreta.cl\/carrito\" method=\"post\">\n<div class=\"product-variants\"><\/div>\n<div class=\"product-add-to-cart pt-3\">\n<div class=\"row extra-small-gutters product-quantity \">\n<div class=\"col col-12 col-sm-auto col-add-qty\">\n<div class=\"qty \">\n<div class=\"input-group bootstrap-touchspin\"><\/div>\n<\/div>\n<\/div>\n<\/div>\n<\/div>\n<\/form>\n<\/div>\n","protected":false},"excerpt":{"rendered":"<p>BARRA DE PROTE\u00cdNA DE LECHE Y SOYA CON D\u00c1TILES, FRAMBUESA Y CRANBERRIES<br \/>\nNuestra barrita sabor Berries hecha con pasta de almendras naturales y concentrados de fruta naturales y liofilizados. Como si fuera poco, contiene 15 g de prote\u00edna por porci\u00f3n, es naturalmente libre de sellos y no tiene az\u00facar a\u00f1adida \u00a1Qu\u00e9 est\u00e1s esperando para probarla!<\/p>\n<p>Su sabor berries es m\u00e1s suave ya que viene de un concentrado natural.<\/p>\n<p>Barrita de prote\u00ednas<\/p>\n<p>&#8211; 15 grs. de prote\u00edna.<br \/>\n&#8211; Buena fuente de prote\u00edna<br \/>\n&#8211; Sin az\u00facar a\u00f1adida<br \/>\n&#8211; Naturalmente libre de sellos<\/p>\n","protected":false},"featured_media":10178,"template":"","meta":[],"product_cat":[548,383],"product_tag":[368,262,419,416,415],"class_list":{"0":"post-10177","1":"product","2":"type-product","3":"status-publish","4":"has-post-thumbnail","6":"product_cat-barritas","7":"product_cat-vegano","8":"product_tag-berries","9":"product_tag-coco","10":"product_tag-fit","11":"product_tag-protein","12":"product_tag-wild","14":"first","15":"outofstock","16":"shipping-taxable","17":"purchasable","18":"product-type-simple"},"yoast_head":"<!-- This site is optimized with the Yoast SEO plugin v25.2 - https:\/\/yoast.com\/wordpress\/plugins\/seo\/ -->\n<title>Wild Protein Berries 5 unidades - YAOMARKET<\/title>\n<meta name=\"robots\" content=\"index, follow, max-snippet:-1, max-image-preview:large, max-video-preview:-1\" \/>\n<link rel=\"canonical\" href=\"https:\/\/yaomarket.cl\/?product=wild-protein-berries-5-unidades\" \/>\n<meta property=\"og:locale\" content=\"es_ES\" \/>\n<meta property=\"og:type\" content=\"article\" \/>\n<meta property=\"og:title\" content=\"Wild Protein Berries 5 unidades - YAOMARKET\" \/>\n<meta property=\"og:description\" content=\"BARRA DE PROTE\u00cdNA DE LECHE Y SOYA CON D\u00c1TILES, FRAMBUESA Y CRANBERRIES Nuestra barrita sabor Berries hecha con pasta de almendras naturales y concentrados de fruta naturales y liofilizados. Como si fuera poco, contiene 15 g de prote\u00edna por porci\u00f3n, es naturalmente libre de sellos y no tiene az\u00facar a\u00f1adida \u00a1Qu\u00e9 est\u00e1s esperando para probarla!  Su sabor berries es m\u00e1s suave ya que viene de un concentrado natural.  Barrita de prote\u00ednas  - 15 grs. de prote\u00edna. - Buena fuente de prote\u00edna - Sin az\u00facar a\u00f1adida - Naturalmente libre de sellos\" \/>\n<meta property=\"og:url\" content=\"https:\/\/yaomarket.cl\/?product=wild-protein-berries-5-unidades\" \/>\n<meta property=\"og:site_name\" content=\"YAOMARKET\" \/>\n<meta property=\"article:publisher\" content=\"https:\/\/www.facebook.com\/yaomarketchile\/\" \/>\n<meta property=\"article:modified_time\" content=\"2025-11-04T15:53:55+00:00\" \/>\n<meta property=\"og:image\" content=\"https:\/\/yaomarket.cl\/wp-content\/uploads\/2023\/09\/barrita-wild-protein-Berries-5-u-PhotoRoom.png-PhotoRoom-1.png\" \/>\n\t<meta property=\"og:image:width\" content=\"640\" \/>\n\t<meta property=\"og:image:height\" content=\"640\" \/>\n\t<meta property=\"og:image:type\" content=\"image\/png\" \/>\n<meta name=\"twitter:card\" content=\"summary_large_image\" \/>\n<script type=\"application\/ld+json\" class=\"yoast-schema-graph\">{\"@context\":\"https:\/\/schema.org\",\"@graph\":[{\"@type\":\"WebPage\",\"@id\":\"https:\/\/yaomarket.cl\/?product=wild-protein-berries-5-unidades\",\"url\":\"https:\/\/yaomarket.cl\/?product=wild-protein-berries-5-unidades\",\"name\":\"Wild Protein Berries 5 unidades - YAOMARKET\",\"isPartOf\":{\"@id\":\"https:\/\/yaomarket.cl\/#website\"},\"primaryImageOfPage\":{\"@id\":\"https:\/\/yaomarket.cl\/?product=wild-protein-berries-5-unidades#primaryimage\"},\"image\":{\"@id\":\"https:\/\/yaomarket.cl\/?product=wild-protein-berries-5-unidades#primaryimage\"},\"thumbnailUrl\":\"https:\/\/yaomarket.cl\/wp-content\/uploads\/2023\/09\/barrita-wild-protein-Berries-5-u-PhotoRoom.png-PhotoRoom-1.png\",\"datePublished\":\"2023-09-16T02:45:46+00:00\",\"dateModified\":\"2025-11-04T15:53:55+00:00\",\"breadcrumb\":{\"@id\":\"https:\/\/yaomarket.cl\/?product=wild-protein-berries-5-unidades#breadcrumb\"},\"inLanguage\":\"es\",\"potentialAction\":[{\"@type\":\"ReadAction\",\"target\":[\"https:\/\/yaomarket.cl\/?product=wild-protein-berries-5-unidades\"]}]},{\"@type\":\"ImageObject\",\"inLanguage\":\"es\",\"@id\":\"https:\/\/yaomarket.cl\/?product=wild-protein-berries-5-unidades#primaryimage\",\"url\":\"https:\/\/yaomarket.cl\/wp-content\/uploads\/2023\/09\/barrita-wild-protein-Berries-5-u-PhotoRoom.png-PhotoRoom-1.png\",\"contentUrl\":\"https:\/\/yaomarket.cl\/wp-content\/uploads\/2023\/09\/barrita-wild-protein-Berries-5-u-PhotoRoom.png-PhotoRoom-1.png\",\"width\":640,\"height\":640},{\"@type\":\"BreadcrumbList\",\"@id\":\"https:\/\/yaomarket.cl\/?product=wild-protein-berries-5-unidades#breadcrumb\",\"itemListElement\":[{\"@type\":\"ListItem\",\"position\":1,\"name\":\"Portada\",\"item\":\"https:\/\/yaomarket.cl\/\"},{\"@type\":\"ListItem\",\"position\":2,\"name\":\"TIENDA\",\"item\":\"https:\/\/yaomarket.cl\/?page_id=8\"},{\"@type\":\"ListItem\",\"position\":3,\"name\":\"Wild Protein Berries 5 unidades\"}]},{\"@type\":\"WebSite\",\"@id\":\"https:\/\/yaomarket.cl\/#website\",\"url\":\"https:\/\/yaomarket.cl\/\",\"name\":\"YAOMARKET\",\"description\":\"\",\"publisher\":{\"@id\":\"https:\/\/yaomarket.cl\/#organization\"},\"potentialAction\":[{\"@type\":\"SearchAction\",\"target\":{\"@type\":\"EntryPoint\",\"urlTemplate\":\"https:\/\/yaomarket.cl\/?s={search_term_string}\"},\"query-input\":{\"@type\":\"PropertyValueSpecification\",\"valueRequired\":true,\"valueName\":\"search_term_string\"}}],\"inLanguage\":\"es\"},{\"@type\":\"Organization\",\"@id\":\"https:\/\/yaomarket.cl\/#organization\",\"name\":\"YAOMARKET\",\"url\":\"https:\/\/yaomarket.cl\/\",\"logo\":{\"@type\":\"ImageObject\",\"inLanguage\":\"es\",\"@id\":\"https:\/\/yaomarket.cl\/#\/schema\/logo\/image\/\",\"url\":\"https:\/\/yaomarket.cl\/wp-content\/uploads\/2023\/08\/Logo-Original-Yao-Market-Circular.png\",\"contentUrl\":\"https:\/\/yaomarket.cl\/wp-content\/uploads\/2023\/08\/Logo-Original-Yao-Market-Circular.png\",\"width\":522,\"height\":522,\"caption\":\"YAOMARKET\"},\"image\":{\"@id\":\"https:\/\/yaomarket.cl\/#\/schema\/logo\/image\/\"},\"sameAs\":[\"https:\/\/www.facebook.com\/yaomarketchile\/\",\"https:\/\/www.instagram.com\/yao_market\/\"]}]}<\/script>\n<!-- \/ Yoast SEO plugin. -->","yoast_head_json":{"title":"Wild Protein Berries 5 unidades - YAOMARKET","robots":{"index":"index","follow":"follow","max-snippet":"max-snippet:-1","max-image-preview":"max-image-preview:large","max-video-preview":"max-video-preview:-1"},"canonical":"https:\/\/yaomarket.cl\/?product=wild-protein-berries-5-unidades","og_locale":"es_ES","og_type":"article","og_title":"Wild Protein Berries 5 unidades - YAOMARKET","og_description":"BARRA DE PROTE\u00cdNA DE LECHE Y SOYA CON D\u00c1TILES, FRAMBUESA Y CRANBERRIES Nuestra barrita sabor Berries hecha con pasta de almendras naturales y concentrados de fruta naturales y liofilizados. Como si fuera poco, contiene 15 g de prote\u00edna por porci\u00f3n, es naturalmente libre de sellos y no tiene az\u00facar a\u00f1adida \u00a1Qu\u00e9 est\u00e1s esperando para probarla!  Su sabor berries es m\u00e1s suave ya que viene de un concentrado natural.  Barrita de prote\u00ednas  - 15 grs. de prote\u00edna. - Buena fuente de prote\u00edna - Sin az\u00facar a\u00f1adida - Naturalmente libre de sellos","og_url":"https:\/\/yaomarket.cl\/?product=wild-protein-berries-5-unidades","og_site_name":"YAOMARKET","article_publisher":"https:\/\/www.facebook.com\/yaomarketchile\/","article_modified_time":"2025-11-04T15:53:55+00:00","og_image":[{"width":640,"height":640,"url":"https:\/\/yaomarket.cl\/wp-content\/uploads\/2023\/09\/barrita-wild-protein-Berries-5-u-PhotoRoom.png-PhotoRoom-1.png","type":"image\/png"}],"twitter_card":"summary_large_image","schema":{"@context":"https:\/\/schema.org","@graph":[{"@type":"WebPage","@id":"https:\/\/yaomarket.cl\/?product=wild-protein-berries-5-unidades","url":"https:\/\/yaomarket.cl\/?product=wild-protein-berries-5-unidades","name":"Wild Protein Berries 5 unidades - YAOMARKET","isPartOf":{"@id":"https:\/\/yaomarket.cl\/#website"},"primaryImageOfPage":{"@id":"https:\/\/yaomarket.cl\/?product=wild-protein-berries-5-unidades#primaryimage"},"image":{"@id":"https:\/\/yaomarket.cl\/?product=wild-protein-berries-5-unidades#primaryimage"},"thumbnailUrl":"https:\/\/yaomarket.cl\/wp-content\/uploads\/2023\/09\/barrita-wild-protein-Berries-5-u-PhotoRoom.png-PhotoRoom-1.png","datePublished":"2023-09-16T02:45:46+00:00","dateModified":"2025-11-04T15:53:55+00:00","breadcrumb":{"@id":"https:\/\/yaomarket.cl\/?product=wild-protein-berries-5-unidades#breadcrumb"},"inLanguage":"es","potentialAction":[{"@type":"ReadAction","target":["https:\/\/yaomarket.cl\/?product=wild-protein-berries-5-unidades"]}]},{"@type":"ImageObject","inLanguage":"es","@id":"https:\/\/yaomarket.cl\/?product=wild-protein-berries-5-unidades#primaryimage","url":"https:\/\/yaomarket.cl\/wp-content\/uploads\/2023\/09\/barrita-wild-protein-Berries-5-u-PhotoRoom.png-PhotoRoom-1.png","contentUrl":"https:\/\/yaomarket.cl\/wp-content\/uploads\/2023\/09\/barrita-wild-protein-Berries-5-u-PhotoRoom.png-PhotoRoom-1.png","width":640,"height":640},{"@type":"BreadcrumbList","@id":"https:\/\/yaomarket.cl\/?product=wild-protein-berries-5-unidades#breadcrumb","itemListElement":[{"@type":"ListItem","position":1,"name":"Portada","item":"https:\/\/yaomarket.cl\/"},{"@type":"ListItem","position":2,"name":"TIENDA","item":"https:\/\/yaomarket.cl\/?page_id=8"},{"@type":"ListItem","position":3,"name":"Wild Protein Berries 5 unidades"}]},{"@type":"WebSite","@id":"https:\/\/yaomarket.cl\/#website","url":"https:\/\/yaomarket.cl\/","name":"YAOMARKET","description":"","publisher":{"@id":"https:\/\/yaomarket.cl\/#organization"},"potentialAction":[{"@type":"SearchAction","target":{"@type":"EntryPoint","urlTemplate":"https:\/\/yaomarket.cl\/?s={search_term_string}"},"query-input":{"@type":"PropertyValueSpecification","valueRequired":true,"valueName":"search_term_string"}}],"inLanguage":"es"},{"@type":"Organization","@id":"https:\/\/yaomarket.cl\/#organization","name":"YAOMARKET","url":"https:\/\/yaomarket.cl\/","logo":{"@type":"ImageObject","inLanguage":"es","@id":"https:\/\/yaomarket.cl\/#\/schema\/logo\/image\/","url":"https:\/\/yaomarket.cl\/wp-content\/uploads\/2023\/08\/Logo-Original-Yao-Market-Circular.png","contentUrl":"https:\/\/yaomarket.cl\/wp-content\/uploads\/2023\/08\/Logo-Original-Yao-Market-Circular.png","width":522,"height":522,"caption":"YAOMARKET"},"image":{"@id":"https:\/\/yaomarket.cl\/#\/schema\/logo\/image\/"},"sameAs":["https:\/\/www.facebook.com\/yaomarketchile\/","https:\/\/www.instagram.com\/yao_market\/"]}]}},"_links":{"self":[{"href":"https:\/\/yaomarket.cl\/index.php?rest_route=\/wp\/v2\/product\/10177","targetHints":{"allow":["GET"]}}],"collection":[{"href":"https:\/\/yaomarket.cl\/index.php?rest_route=\/wp\/v2\/product"}],"about":[{"href":"https:\/\/yaomarket.cl\/index.php?rest_route=\/wp\/v2\/types\/product"}],"wp:featuredmedia":[{"embeddable":true,"href":"https:\/\/yaomarket.cl\/index.php?rest_route=\/wp\/v2\/media\/10178"}],"wp:attachment":[{"href":"https:\/\/yaomarket.cl\/index.php?rest_route=%2Fwp%2Fv2%2Fmedia&parent=10177"}],"wp:term":[{"taxonomy":"product_cat","embeddable":true,"href":"https:\/\/yaomarket.cl\/index.php?rest_route=%2Fwp%2Fv2%2Fproduct_cat&post=10177"},{"taxonomy":"product_tag","embeddable":true,"href":"https:\/\/yaomarket.cl\/index.php?rest_route=%2Fwp%2Fv2%2Fproduct_tag&post=10177"}],"curies":[{"name":"wp","href":"https:\/\/api.w.org\/{rel}","templated":true}]}}