{"id":10065,"date":"2023-09-06T22:41:43","date_gmt":"2023-09-06T22:41:43","guid":{"rendered":"https:\/\/yaomarket.cl\/?post_type=product&#038;p=10065"},"modified":"2025-11-04T15:54:44","modified_gmt":"2025-11-04T15:54:44","slug":"barra-protein-low-carb-choco-brownie-50-grs","status":"publish","type":"product","link":"https:\/\/yaomarket.cl\/?product=barra-protein-low-carb-choco-brownie-50-grs","title":{"rendered":"Barra Protein Low Carb Choco-Brownie 50 grs."},"content":{"rendered":"<p>Barra PROTE\u00cdNA Choco Brownie, una sabrosa barra para completar una dieta rica en prote\u00ednas y fibras, reducida en carbohidratos y azucares. La barra de prote\u00edna funciona bien como una merienda saludable, proporciona prote\u00edna importante y contribuye a la acumulaci\u00f3n y el mantenimiento de la masa muscular, proporcionan al cuerpo prote\u00ednas importantes y un bajo contenido de carbohidratos. El suministro adecuado de prote\u00ednas al cuerpo es crucial para contrarrestar la p\u00e9rdida de masa muscular en las fases de ingesta reducida de calor\u00edas. PROTEIN Choco Brownie proporciona una saturaci\u00f3n adicional y duradera en comparaci\u00f3n con las barras convencionales de prote\u00ednas y carbohidratos. Proporciona una alta proporci\u00f3n de prote\u00ednas y fibra diet\u00e9tica con un contenido muy bajo de carbohidratos.<\/p>\n<p>PROTEIN Choco Browniw contiene solo 2 g de az\u00facar, pero valiosas fibras diet\u00e9ticas y 17 g de prote\u00edna, lo que garantiza el mantenimiento de la masa muscular, especialmente durante una dieta baja en calor\u00edas. Las barras de prote\u00edna no contienen gluten y no contienen colorantes ni conservantes.<\/p>\n<p>La prote\u00edna reducida contiene prote\u00ednas de alta calidad el 30% y como m\u00e1ximo 4,4% de carbohidratos. Por lo tanto, la barra es perfectamente adecuado como un refrigerio nutritivo durante el d\u00eda.<\/p>\n<p>Prote\u00edna de la leche,, fibras (isomalto-oligosac\u00e1ridos *, ra\u00edz de achicoria, polidextrosa, goma de acacia), masa de cacao, manteca de cacao, cacao bajo en grasa, sal, saborisantes (contiene leche), crema en polvo, edulcorantes stevia (I.D.A., 0-4 mg\/kg de peso corporal)., sucralosa). Puede contener trazas de gluten, huevo, soja, s\u00e9samo, nueces y man\u00ed. * fuente de glucosa<\/p>\n","protected":false},"excerpt":{"rendered":"<h4><strong>Barra LowCarb Choco-Brownie 50gr<\/strong><\/h4>\n<p>Barra PROTE\u00cdNA Choco Brownie, una sabrosa barra para completar una dieta rica en prote\u00ednas y fibras, reducida en carbohidratos y azucares, contribuye a la acumulaci\u00f3n y el mantenimiento de la masa muscular,contiene prote\u00ednas de alta calidad el 30% y como m\u00e1ximo 4,4% de carbohidratos. Por lo tanto, la barra es perfectamente adecuado como un refrigerio nutritivo durante el d\u00eda. proporcionan al cuerpo prote\u00ednas importantes y un bajo contenido de carbohidratos<\/p>\n","protected":false},"featured_media":10066,"template":"","meta":[],"product_cat":[534,537],"product_tag":[],"class_list":{"0":"post-10065","1":"product","2":"type-product","3":"status-publish","4":"has-post-thumbnail","6":"product_cat-deportista","7":"product_cat-proteinas","9":"first","10":"outofstock","11":"shipping-taxable","12":"purchasable","13":"product-type-simple"},"yoast_head":"<!-- This site is optimized with the Yoast SEO plugin v25.2 - https:\/\/yoast.com\/wordpress\/plugins\/seo\/ -->\n<title>Barra Protein Low Carb Choco-Brownie 50 grs. - YAOMARKET<\/title>\n<meta name=\"robots\" content=\"index, follow, max-snippet:-1, max-image-preview:large, max-video-preview:-1\" \/>\n<link rel=\"canonical\" href=\"https:\/\/yaomarket.cl\/?product=barra-protein-low-carb-choco-brownie-50-grs\" \/>\n<meta property=\"og:locale\" content=\"es_ES\" \/>\n<meta property=\"og:type\" content=\"article\" \/>\n<meta property=\"og:title\" content=\"Barra Protein Low Carb Choco-Brownie 50 grs. - YAOMARKET\" \/>\n<meta property=\"og:description\" content=\"Barra LowCarb Choco-Brownie 50gr Barra PROTE\u00cdNA Choco Brownie, una sabrosa barra para completar una dieta rica en prote\u00ednas y fibras, reducida en carbohidratos y azucares, contribuye a la acumulaci\u00f3n y el mantenimiento de la masa muscular,contiene prote\u00ednas de alta calidad el 30% y como m\u00e1ximo 4,4% de carbohidratos. Por lo tanto, la barra es perfectamente adecuado como un refrigerio nutritivo durante el d\u00eda. proporcionan al cuerpo prote\u00ednas importantes y un bajo contenido de carbohidratos\" \/>\n<meta property=\"og:url\" content=\"https:\/\/yaomarket.cl\/?product=barra-protein-low-carb-choco-brownie-50-grs\" \/>\n<meta property=\"og:site_name\" content=\"YAOMARKET\" \/>\n<meta property=\"article:publisher\" content=\"https:\/\/www.facebook.com\/yaomarketchile\/\" \/>\n<meta property=\"article:modified_time\" content=\"2025-11-04T15:54:44+00:00\" \/>\n<meta property=\"og:image\" content=\"https:\/\/yaomarket.cl\/wp-content\/uploads\/2023\/09\/sponser-lowcarb-bar-choco-brownie.png\" \/>\n\t<meta property=\"og:image:width\" content=\"500\" \/>\n\t<meta property=\"og:image:height\" content=\"500\" \/>\n\t<meta property=\"og:image:type\" content=\"image\/png\" \/>\n<meta name=\"twitter:card\" content=\"summary_large_image\" \/>\n<meta name=\"twitter:label1\" content=\"Tiempo de lectura\" \/>\n\t<meta name=\"twitter:data1\" content=\"1 minuto\" \/>\n<script type=\"application\/ld+json\" class=\"yoast-schema-graph\">{\"@context\":\"https:\/\/schema.org\",\"@graph\":[{\"@type\":\"WebPage\",\"@id\":\"https:\/\/yaomarket.cl\/?product=barra-protein-low-carb-choco-brownie-50-grs\",\"url\":\"https:\/\/yaomarket.cl\/?product=barra-protein-low-carb-choco-brownie-50-grs\",\"name\":\"Barra Protein Low Carb Choco-Brownie 50 grs. - YAOMARKET\",\"isPartOf\":{\"@id\":\"https:\/\/yaomarket.cl\/#website\"},\"primaryImageOfPage\":{\"@id\":\"https:\/\/yaomarket.cl\/?product=barra-protein-low-carb-choco-brownie-50-grs#primaryimage\"},\"image\":{\"@id\":\"https:\/\/yaomarket.cl\/?product=barra-protein-low-carb-choco-brownie-50-grs#primaryimage\"},\"thumbnailUrl\":\"https:\/\/yaomarket.cl\/wp-content\/uploads\/2023\/09\/sponser-lowcarb-bar-choco-brownie.png\",\"datePublished\":\"2023-09-06T22:41:43+00:00\",\"dateModified\":\"2025-11-04T15:54:44+00:00\",\"breadcrumb\":{\"@id\":\"https:\/\/yaomarket.cl\/?product=barra-protein-low-carb-choco-brownie-50-grs#breadcrumb\"},\"inLanguage\":\"es\",\"potentialAction\":[{\"@type\":\"ReadAction\",\"target\":[\"https:\/\/yaomarket.cl\/?product=barra-protein-low-carb-choco-brownie-50-grs\"]}]},{\"@type\":\"ImageObject\",\"inLanguage\":\"es\",\"@id\":\"https:\/\/yaomarket.cl\/?product=barra-protein-low-carb-choco-brownie-50-grs#primaryimage\",\"url\":\"https:\/\/yaomarket.cl\/wp-content\/uploads\/2023\/09\/sponser-lowcarb-bar-choco-brownie.png\",\"contentUrl\":\"https:\/\/yaomarket.cl\/wp-content\/uploads\/2023\/09\/sponser-lowcarb-bar-choco-brownie.png\",\"width\":500,\"height\":500},{\"@type\":\"BreadcrumbList\",\"@id\":\"https:\/\/yaomarket.cl\/?product=barra-protein-low-carb-choco-brownie-50-grs#breadcrumb\",\"itemListElement\":[{\"@type\":\"ListItem\",\"position\":1,\"name\":\"Portada\",\"item\":\"https:\/\/yaomarket.cl\/\"},{\"@type\":\"ListItem\",\"position\":2,\"name\":\"TIENDA\",\"item\":\"https:\/\/yaomarket.cl\/?page_id=8\"},{\"@type\":\"ListItem\",\"position\":3,\"name\":\"Barra Protein Low Carb Choco-Brownie 50 grs.\"}]},{\"@type\":\"WebSite\",\"@id\":\"https:\/\/yaomarket.cl\/#website\",\"url\":\"https:\/\/yaomarket.cl\/\",\"name\":\"YAOMARKET\",\"description\":\"\",\"publisher\":{\"@id\":\"https:\/\/yaomarket.cl\/#organization\"},\"potentialAction\":[{\"@type\":\"SearchAction\",\"target\":{\"@type\":\"EntryPoint\",\"urlTemplate\":\"https:\/\/yaomarket.cl\/?s={search_term_string}\"},\"query-input\":{\"@type\":\"PropertyValueSpecification\",\"valueRequired\":true,\"valueName\":\"search_term_string\"}}],\"inLanguage\":\"es\"},{\"@type\":\"Organization\",\"@id\":\"https:\/\/yaomarket.cl\/#organization\",\"name\":\"YAOMARKET\",\"url\":\"https:\/\/yaomarket.cl\/\",\"logo\":{\"@type\":\"ImageObject\",\"inLanguage\":\"es\",\"@id\":\"https:\/\/yaomarket.cl\/#\/schema\/logo\/image\/\",\"url\":\"https:\/\/yaomarket.cl\/wp-content\/uploads\/2023\/08\/Logo-Original-Yao-Market-Circular.png\",\"contentUrl\":\"https:\/\/yaomarket.cl\/wp-content\/uploads\/2023\/08\/Logo-Original-Yao-Market-Circular.png\",\"width\":522,\"height\":522,\"caption\":\"YAOMARKET\"},\"image\":{\"@id\":\"https:\/\/yaomarket.cl\/#\/schema\/logo\/image\/\"},\"sameAs\":[\"https:\/\/www.facebook.com\/yaomarketchile\/\",\"https:\/\/www.instagram.com\/yao_market\/\"]}]}<\/script>\n<!-- \/ Yoast SEO plugin. -->","yoast_head_json":{"title":"Barra Protein Low Carb Choco-Brownie 50 grs. - YAOMARKET","robots":{"index":"index","follow":"follow","max-snippet":"max-snippet:-1","max-image-preview":"max-image-preview:large","max-video-preview":"max-video-preview:-1"},"canonical":"https:\/\/yaomarket.cl\/?product=barra-protein-low-carb-choco-brownie-50-grs","og_locale":"es_ES","og_type":"article","og_title":"Barra Protein Low Carb Choco-Brownie 50 grs. - YAOMARKET","og_description":"Barra LowCarb Choco-Brownie 50gr Barra PROTE\u00cdNA Choco Brownie, una sabrosa barra para completar una dieta rica en prote\u00ednas y fibras, reducida en carbohidratos y azucares, contribuye a la acumulaci\u00f3n y el mantenimiento de la masa muscular,contiene prote\u00ednas de alta calidad el 30% y como m\u00e1ximo 4,4% de carbohidratos. Por lo tanto, la barra es perfectamente adecuado como un refrigerio nutritivo durante el d\u00eda. proporcionan al cuerpo prote\u00ednas importantes y un bajo contenido de carbohidratos","og_url":"https:\/\/yaomarket.cl\/?product=barra-protein-low-carb-choco-brownie-50-grs","og_site_name":"YAOMARKET","article_publisher":"https:\/\/www.facebook.com\/yaomarketchile\/","article_modified_time":"2025-11-04T15:54:44+00:00","og_image":[{"width":500,"height":500,"url":"https:\/\/yaomarket.cl\/wp-content\/uploads\/2023\/09\/sponser-lowcarb-bar-choco-brownie.png","type":"image\/png"}],"twitter_card":"summary_large_image","twitter_misc":{"Tiempo de lectura":"1 minuto"},"schema":{"@context":"https:\/\/schema.org","@graph":[{"@type":"WebPage","@id":"https:\/\/yaomarket.cl\/?product=barra-protein-low-carb-choco-brownie-50-grs","url":"https:\/\/yaomarket.cl\/?product=barra-protein-low-carb-choco-brownie-50-grs","name":"Barra Protein Low Carb Choco-Brownie 50 grs. - YAOMARKET","isPartOf":{"@id":"https:\/\/yaomarket.cl\/#website"},"primaryImageOfPage":{"@id":"https:\/\/yaomarket.cl\/?product=barra-protein-low-carb-choco-brownie-50-grs#primaryimage"},"image":{"@id":"https:\/\/yaomarket.cl\/?product=barra-protein-low-carb-choco-brownie-50-grs#primaryimage"},"thumbnailUrl":"https:\/\/yaomarket.cl\/wp-content\/uploads\/2023\/09\/sponser-lowcarb-bar-choco-brownie.png","datePublished":"2023-09-06T22:41:43+00:00","dateModified":"2025-11-04T15:54:44+00:00","breadcrumb":{"@id":"https:\/\/yaomarket.cl\/?product=barra-protein-low-carb-choco-brownie-50-grs#breadcrumb"},"inLanguage":"es","potentialAction":[{"@type":"ReadAction","target":["https:\/\/yaomarket.cl\/?product=barra-protein-low-carb-choco-brownie-50-grs"]}]},{"@type":"ImageObject","inLanguage":"es","@id":"https:\/\/yaomarket.cl\/?product=barra-protein-low-carb-choco-brownie-50-grs#primaryimage","url":"https:\/\/yaomarket.cl\/wp-content\/uploads\/2023\/09\/sponser-lowcarb-bar-choco-brownie.png","contentUrl":"https:\/\/yaomarket.cl\/wp-content\/uploads\/2023\/09\/sponser-lowcarb-bar-choco-brownie.png","width":500,"height":500},{"@type":"BreadcrumbList","@id":"https:\/\/yaomarket.cl\/?product=barra-protein-low-carb-choco-brownie-50-grs#breadcrumb","itemListElement":[{"@type":"ListItem","position":1,"name":"Portada","item":"https:\/\/yaomarket.cl\/"},{"@type":"ListItem","position":2,"name":"TIENDA","item":"https:\/\/yaomarket.cl\/?page_id=8"},{"@type":"ListItem","position":3,"name":"Barra Protein Low Carb Choco-Brownie 50 grs."}]},{"@type":"WebSite","@id":"https:\/\/yaomarket.cl\/#website","url":"https:\/\/yaomarket.cl\/","name":"YAOMARKET","description":"","publisher":{"@id":"https:\/\/yaomarket.cl\/#organization"},"potentialAction":[{"@type":"SearchAction","target":{"@type":"EntryPoint","urlTemplate":"https:\/\/yaomarket.cl\/?s={search_term_string}"},"query-input":{"@type":"PropertyValueSpecification","valueRequired":true,"valueName":"search_term_string"}}],"inLanguage":"es"},{"@type":"Organization","@id":"https:\/\/yaomarket.cl\/#organization","name":"YAOMARKET","url":"https:\/\/yaomarket.cl\/","logo":{"@type":"ImageObject","inLanguage":"es","@id":"https:\/\/yaomarket.cl\/#\/schema\/logo\/image\/","url":"https:\/\/yaomarket.cl\/wp-content\/uploads\/2023\/08\/Logo-Original-Yao-Market-Circular.png","contentUrl":"https:\/\/yaomarket.cl\/wp-content\/uploads\/2023\/08\/Logo-Original-Yao-Market-Circular.png","width":522,"height":522,"caption":"YAOMARKET"},"image":{"@id":"https:\/\/yaomarket.cl\/#\/schema\/logo\/image\/"},"sameAs":["https:\/\/www.facebook.com\/yaomarketchile\/","https:\/\/www.instagram.com\/yao_market\/"]}]}},"_links":{"self":[{"href":"https:\/\/yaomarket.cl\/index.php?rest_route=\/wp\/v2\/product\/10065","targetHints":{"allow":["GET"]}}],"collection":[{"href":"https:\/\/yaomarket.cl\/index.php?rest_route=\/wp\/v2\/product"}],"about":[{"href":"https:\/\/yaomarket.cl\/index.php?rest_route=\/wp\/v2\/types\/product"}],"wp:featuredmedia":[{"embeddable":true,"href":"https:\/\/yaomarket.cl\/index.php?rest_route=\/wp\/v2\/media\/10066"}],"wp:attachment":[{"href":"https:\/\/yaomarket.cl\/index.php?rest_route=%2Fwp%2Fv2%2Fmedia&parent=10065"}],"wp:term":[{"taxonomy":"product_cat","embeddable":true,"href":"https:\/\/yaomarket.cl\/index.php?rest_route=%2Fwp%2Fv2%2Fproduct_cat&post=10065"},{"taxonomy":"product_tag","embeddable":true,"href":"https:\/\/yaomarket.cl\/index.php?rest_route=%2Fwp%2Fv2%2Fproduct_tag&post=10065"}],"curies":[{"name":"wp","href":"https:\/\/api.w.org\/{rel}","templated":true}]}}