{"id":10063,"date":"2023-09-06T22:28:41","date_gmt":"2023-09-06T22:28:41","guid":{"rendered":"https:\/\/yaomarket.cl\/?post_type=product&#038;p=10063"},"modified":"2025-11-04T15:54:44","modified_gmt":"2025-11-04T15:54:44","slug":"pro-amino-12500","status":"publish","type":"product","link":"https:\/\/yaomarket.cl\/?product=pro-amino-12500","title":{"rendered":"Pro amino 12500"},"content":{"rendered":"<p>Producto que proporciona alta calidad de prote\u00edna hidrolizado de suero y amino\u00e1cidos libres. La prote\u00edna apoya el crecimiento muscular construcci\u00f3n y mantenimiento. La vitamina B6 y \u00e1cido pantot\u00e9nico contribuyen a la reducci\u00f3n del cansancio y la fatiga, la vitamina B6 tambi\u00e9n contribuye a la prote\u00edna normal y el metabolismo del gluc\u00f3geno en.<\/p>\n<p><strong>Ingredientes:<\/strong><\/p>\n<p>Agua, hidrolizado de prote\u00edna de suero de leche, fructosa, hidrocloruro de L-ornitina, hidrocloruro de L-arginina, agentes de ajuste del pH (\u00e1cido c\u00edtrico, \u00e1cido clorh\u00eddrico), glicina, 2% de concentrado de jugo de cereza, aroma, sorbato de potasio conservante, edulcorante (acesulfame K, (I.D.A.), 0-15 en mg\/kg de peso corporal, sucralosa (I.D.A.), 0-15 en mg\/kg de peso corporal, sacarina s\u00f3dica (I.D.A.), 0-5 en mg\/kg de peso corporal), vitaminas (pantotenato de calcio, clorhidrato de piridoxina)<\/p>\n","protected":false},"excerpt":{"rendered":"<div id=\"product-description-short-24\" class=\"rte-content product-description\">\n<h4><b>PRO AMINO 12500 sabor cereza<\/b><\/h4>\n<p>Los amino\u00e1cidos contribuyen al mantenimiento y construcci\u00f3n de la masa muscular. Amino 12500 es un complemento alimenticio l\u00edquido a base de hidrolizados de prote\u00ednas de suero de leche en combinaci\u00f3n con un amplio espectro de amino\u00e1cidos junto con L-ornitina, L-arginina y glicina.<\/p>\n<\/div>\n","protected":false},"featured_media":10064,"template":"","meta":[],"product_cat":[534,537],"product_tag":[],"class_list":{"0":"post-10063","1":"product","2":"type-product","3":"status-publish","4":"has-post-thumbnail","6":"product_cat-deportista","7":"product_cat-proteinas","9":"first","10":"outofstock","11":"shipping-taxable","12":"purchasable","13":"product-type-simple"},"yoast_head":"<!-- This site is optimized with the Yoast SEO plugin v25.2 - https:\/\/yoast.com\/wordpress\/plugins\/seo\/ -->\n<title>Pro amino 12500 - YAOMARKET<\/title>\n<meta name=\"robots\" content=\"index, follow, max-snippet:-1, max-image-preview:large, max-video-preview:-1\" \/>\n<link rel=\"canonical\" href=\"https:\/\/yaomarket.cl\/?product=pro-amino-12500\" \/>\n<meta property=\"og:locale\" content=\"es_ES\" \/>\n<meta property=\"og:type\" content=\"article\" \/>\n<meta property=\"og:title\" content=\"Pro amino 12500 - YAOMARKET\" \/>\n<meta property=\"og:description\" content=\"PRO AMINO 12500 sabor cereza Los amino\u00e1cidos contribuyen al mantenimiento y construcci\u00f3n de la masa muscular. Amino 12500 es un complemento alimenticio l\u00edquido a base de hidrolizados de prote\u00ednas de suero de leche en combinaci\u00f3n con un amplio espectro de amino\u00e1cidos junto con L-ornitina, L-arginina y glicina.\" \/>\n<meta property=\"og:url\" content=\"https:\/\/yaomarket.cl\/?product=pro-amino-12500\" \/>\n<meta property=\"og:site_name\" content=\"YAOMARKET\" \/>\n<meta property=\"article:publisher\" content=\"https:\/\/www.facebook.com\/yaomarketchile\/\" \/>\n<meta property=\"article:modified_time\" content=\"2025-11-04T15:54:44+00:00\" \/>\n<meta property=\"og:image\" content=\"https:\/\/yaomarket.cl\/wp-content\/uploads\/2023\/09\/amino_12500_1.jpg\" \/>\n\t<meta property=\"og:image:width\" content=\"1200\" \/>\n\t<meta property=\"og:image:height\" content=\"1200\" \/>\n\t<meta property=\"og:image:type\" content=\"image\/jpeg\" \/>\n<meta name=\"twitter:card\" content=\"summary_large_image\" \/>\n<meta name=\"twitter:label1\" content=\"Tiempo de lectura\" \/>\n\t<meta name=\"twitter:data1\" content=\"1 minuto\" \/>\n<script type=\"application\/ld+json\" class=\"yoast-schema-graph\">{\"@context\":\"https:\/\/schema.org\",\"@graph\":[{\"@type\":\"WebPage\",\"@id\":\"https:\/\/yaomarket.cl\/?product=pro-amino-12500\",\"url\":\"https:\/\/yaomarket.cl\/?product=pro-amino-12500\",\"name\":\"Pro amino 12500 - YAOMARKET\",\"isPartOf\":{\"@id\":\"https:\/\/yaomarket.cl\/#website\"},\"primaryImageOfPage\":{\"@id\":\"https:\/\/yaomarket.cl\/?product=pro-amino-12500#primaryimage\"},\"image\":{\"@id\":\"https:\/\/yaomarket.cl\/?product=pro-amino-12500#primaryimage\"},\"thumbnailUrl\":\"https:\/\/yaomarket.cl\/wp-content\/uploads\/2023\/09\/amino_12500_1.jpg\",\"datePublished\":\"2023-09-06T22:28:41+00:00\",\"dateModified\":\"2025-11-04T15:54:44+00:00\",\"breadcrumb\":{\"@id\":\"https:\/\/yaomarket.cl\/?product=pro-amino-12500#breadcrumb\"},\"inLanguage\":\"es\",\"potentialAction\":[{\"@type\":\"ReadAction\",\"target\":[\"https:\/\/yaomarket.cl\/?product=pro-amino-12500\"]}]},{\"@type\":\"ImageObject\",\"inLanguage\":\"es\",\"@id\":\"https:\/\/yaomarket.cl\/?product=pro-amino-12500#primaryimage\",\"url\":\"https:\/\/yaomarket.cl\/wp-content\/uploads\/2023\/09\/amino_12500_1.jpg\",\"contentUrl\":\"https:\/\/yaomarket.cl\/wp-content\/uploads\/2023\/09\/amino_12500_1.jpg\",\"width\":1200,\"height\":1200},{\"@type\":\"BreadcrumbList\",\"@id\":\"https:\/\/yaomarket.cl\/?product=pro-amino-12500#breadcrumb\",\"itemListElement\":[{\"@type\":\"ListItem\",\"position\":1,\"name\":\"Portada\",\"item\":\"https:\/\/yaomarket.cl\/\"},{\"@type\":\"ListItem\",\"position\":2,\"name\":\"TIENDA\",\"item\":\"https:\/\/yaomarket.cl\/?page_id=8\"},{\"@type\":\"ListItem\",\"position\":3,\"name\":\"Pro amino 12500\"}]},{\"@type\":\"WebSite\",\"@id\":\"https:\/\/yaomarket.cl\/#website\",\"url\":\"https:\/\/yaomarket.cl\/\",\"name\":\"YAOMARKET\",\"description\":\"\",\"publisher\":{\"@id\":\"https:\/\/yaomarket.cl\/#organization\"},\"potentialAction\":[{\"@type\":\"SearchAction\",\"target\":{\"@type\":\"EntryPoint\",\"urlTemplate\":\"https:\/\/yaomarket.cl\/?s={search_term_string}\"},\"query-input\":{\"@type\":\"PropertyValueSpecification\",\"valueRequired\":true,\"valueName\":\"search_term_string\"}}],\"inLanguage\":\"es\"},{\"@type\":\"Organization\",\"@id\":\"https:\/\/yaomarket.cl\/#organization\",\"name\":\"YAOMARKET\",\"url\":\"https:\/\/yaomarket.cl\/\",\"logo\":{\"@type\":\"ImageObject\",\"inLanguage\":\"es\",\"@id\":\"https:\/\/yaomarket.cl\/#\/schema\/logo\/image\/\",\"url\":\"https:\/\/yaomarket.cl\/wp-content\/uploads\/2023\/08\/Logo-Original-Yao-Market-Circular.png\",\"contentUrl\":\"https:\/\/yaomarket.cl\/wp-content\/uploads\/2023\/08\/Logo-Original-Yao-Market-Circular.png\",\"width\":522,\"height\":522,\"caption\":\"YAOMARKET\"},\"image\":{\"@id\":\"https:\/\/yaomarket.cl\/#\/schema\/logo\/image\/\"},\"sameAs\":[\"https:\/\/www.facebook.com\/yaomarketchile\/\",\"https:\/\/www.instagram.com\/yao_market\/\"]}]}<\/script>\n<!-- \/ Yoast SEO plugin. -->","yoast_head_json":{"title":"Pro amino 12500 - YAOMARKET","robots":{"index":"index","follow":"follow","max-snippet":"max-snippet:-1","max-image-preview":"max-image-preview:large","max-video-preview":"max-video-preview:-1"},"canonical":"https:\/\/yaomarket.cl\/?product=pro-amino-12500","og_locale":"es_ES","og_type":"article","og_title":"Pro amino 12500 - YAOMARKET","og_description":"PRO AMINO 12500 sabor cereza Los amino\u00e1cidos contribuyen al mantenimiento y construcci\u00f3n de la masa muscular. Amino 12500 es un complemento alimenticio l\u00edquido a base de hidrolizados de prote\u00ednas de suero de leche en combinaci\u00f3n con un amplio espectro de amino\u00e1cidos junto con L-ornitina, L-arginina y glicina.","og_url":"https:\/\/yaomarket.cl\/?product=pro-amino-12500","og_site_name":"YAOMARKET","article_publisher":"https:\/\/www.facebook.com\/yaomarketchile\/","article_modified_time":"2025-11-04T15:54:44+00:00","og_image":[{"width":1200,"height":1200,"url":"https:\/\/yaomarket.cl\/wp-content\/uploads\/2023\/09\/amino_12500_1.jpg","type":"image\/jpeg"}],"twitter_card":"summary_large_image","twitter_misc":{"Tiempo de lectura":"1 minuto"},"schema":{"@context":"https:\/\/schema.org","@graph":[{"@type":"WebPage","@id":"https:\/\/yaomarket.cl\/?product=pro-amino-12500","url":"https:\/\/yaomarket.cl\/?product=pro-amino-12500","name":"Pro amino 12500 - YAOMARKET","isPartOf":{"@id":"https:\/\/yaomarket.cl\/#website"},"primaryImageOfPage":{"@id":"https:\/\/yaomarket.cl\/?product=pro-amino-12500#primaryimage"},"image":{"@id":"https:\/\/yaomarket.cl\/?product=pro-amino-12500#primaryimage"},"thumbnailUrl":"https:\/\/yaomarket.cl\/wp-content\/uploads\/2023\/09\/amino_12500_1.jpg","datePublished":"2023-09-06T22:28:41+00:00","dateModified":"2025-11-04T15:54:44+00:00","breadcrumb":{"@id":"https:\/\/yaomarket.cl\/?product=pro-amino-12500#breadcrumb"},"inLanguage":"es","potentialAction":[{"@type":"ReadAction","target":["https:\/\/yaomarket.cl\/?product=pro-amino-12500"]}]},{"@type":"ImageObject","inLanguage":"es","@id":"https:\/\/yaomarket.cl\/?product=pro-amino-12500#primaryimage","url":"https:\/\/yaomarket.cl\/wp-content\/uploads\/2023\/09\/amino_12500_1.jpg","contentUrl":"https:\/\/yaomarket.cl\/wp-content\/uploads\/2023\/09\/amino_12500_1.jpg","width":1200,"height":1200},{"@type":"BreadcrumbList","@id":"https:\/\/yaomarket.cl\/?product=pro-amino-12500#breadcrumb","itemListElement":[{"@type":"ListItem","position":1,"name":"Portada","item":"https:\/\/yaomarket.cl\/"},{"@type":"ListItem","position":2,"name":"TIENDA","item":"https:\/\/yaomarket.cl\/?page_id=8"},{"@type":"ListItem","position":3,"name":"Pro amino 12500"}]},{"@type":"WebSite","@id":"https:\/\/yaomarket.cl\/#website","url":"https:\/\/yaomarket.cl\/","name":"YAOMARKET","description":"","publisher":{"@id":"https:\/\/yaomarket.cl\/#organization"},"potentialAction":[{"@type":"SearchAction","target":{"@type":"EntryPoint","urlTemplate":"https:\/\/yaomarket.cl\/?s={search_term_string}"},"query-input":{"@type":"PropertyValueSpecification","valueRequired":true,"valueName":"search_term_string"}}],"inLanguage":"es"},{"@type":"Organization","@id":"https:\/\/yaomarket.cl\/#organization","name":"YAOMARKET","url":"https:\/\/yaomarket.cl\/","logo":{"@type":"ImageObject","inLanguage":"es","@id":"https:\/\/yaomarket.cl\/#\/schema\/logo\/image\/","url":"https:\/\/yaomarket.cl\/wp-content\/uploads\/2023\/08\/Logo-Original-Yao-Market-Circular.png","contentUrl":"https:\/\/yaomarket.cl\/wp-content\/uploads\/2023\/08\/Logo-Original-Yao-Market-Circular.png","width":522,"height":522,"caption":"YAOMARKET"},"image":{"@id":"https:\/\/yaomarket.cl\/#\/schema\/logo\/image\/"},"sameAs":["https:\/\/www.facebook.com\/yaomarketchile\/","https:\/\/www.instagram.com\/yao_market\/"]}]}},"_links":{"self":[{"href":"https:\/\/yaomarket.cl\/index.php?rest_route=\/wp\/v2\/product\/10063","targetHints":{"allow":["GET"]}}],"collection":[{"href":"https:\/\/yaomarket.cl\/index.php?rest_route=\/wp\/v2\/product"}],"about":[{"href":"https:\/\/yaomarket.cl\/index.php?rest_route=\/wp\/v2\/types\/product"}],"wp:featuredmedia":[{"embeddable":true,"href":"https:\/\/yaomarket.cl\/index.php?rest_route=\/wp\/v2\/media\/10064"}],"wp:attachment":[{"href":"https:\/\/yaomarket.cl\/index.php?rest_route=%2Fwp%2Fv2%2Fmedia&parent=10063"}],"wp:term":[{"taxonomy":"product_cat","embeddable":true,"href":"https:\/\/yaomarket.cl\/index.php?rest_route=%2Fwp%2Fv2%2Fproduct_cat&post=10063"},{"taxonomy":"product_tag","embeddable":true,"href":"https:\/\/yaomarket.cl\/index.php?rest_route=%2Fwp%2Fv2%2Fproduct_tag&post=10063"}],"curies":[{"name":"wp","href":"https:\/\/api.w.org\/{rel}","templated":true}]}}