{"id":10061,"date":"2023-09-06T22:16:12","date_gmt":"2023-09-06T22:16:12","guid":{"rendered":"https:\/\/yaomarket.cl\/?post_type=product&#038;p=10061"},"modified":"2025-11-04T15:54:45","modified_gmt":"2025-11-04T15:54:45","slug":"protein-50-barra-chocolate","status":"publish","type":"product","link":"https:\/\/yaomarket.cl\/?product=protein-50-barra-chocolate","title":{"rendered":"Protein 50 Barra Chocolate"},"content":{"rendered":"<p>Prote\u00edna en polvo ( prote\u00edna de\u00a0soja\u00a019%, hidrolizado de prote\u00edna\u00a0de trigo\u00a015%, hidrolizado de col\u00e1geno 11%,\u00a0aislado de prote\u00edna de\u00a0suero 8%,\u00a0caseinato 5%\u00a0), humectante glicerina, polidextrosa (fibra diet\u00e9tica), grasa de palma, cacao desgrasado 3%, pasta de cacao, aromas (contiene\u00a0leche\u00a0), emulgente lecitina\u00a0de soja\u00a0, edulcorante sucralosa, vitaminas (nicotinamida, acetato de alfa-tocoferilo, pantotenato de calcio, riboflavina, clorhidrato de piridoxina, clorhidrato de tiamina, biotina, cianocobalamina), cloruro de cromo, \u00e1cido asc\u00f3rbico antioxidante.\u00a0Puede tener un efecto laxante si se consume en exceso.\u00a0Puede contener trazas de\u00a0frutos de c\u00e1scara\u00a0,\u00a0cacahuetes\u00a0y\u00a0s\u00e9samo\u00a0.<\/p>\n<p>VALORES NUTRICIONALES<\/p>\n<div class=\"easytabs-accordion-item\"><\/div>\n<div class=\"easytabs-content-holder\">\n<table>\n<tbody>\n<tr>\n<td>&nbsp;<\/td>\n<td>\n<p align=\"right\">100 gramos<\/p>\n<\/td>\n<td>\n<p align=\"right\">70g<\/p>\n<\/td>\n<\/tr>\n<tr>\n<td>Energ\u00eda kJ (kcal)<\/td>\n<td>\n<p align=\"right\">1343 (319)<\/p>\n<\/td>\n<td>\n<p align=\"right\">940 (224)<\/p>\n<\/td>\n<\/tr>\n<tr>\n<td>Gordo<\/td>\n<td>\n<p align=\"right\">6,4g<\/p>\n<\/td>\n<td>\n<p align=\"right\">4,5 g<\/p>\n<\/td>\n<\/tr>\n<tr>\n<td>de la siguiente manera: \u00e1cidos grasos saturados<\/td>\n<td>\n<p align=\"right\">3,0g<\/p>\n<\/td>\n<td>\n<p align=\"right\">2,1g<\/p>\n<\/td>\n<\/tr>\n<tr>\n<td>carbohidratos<\/td>\n<td>\n<p align=\"right\">19g<\/p>\n<\/td>\n<td>\n<p align=\"right\">14g<\/p>\n<\/td>\n<\/tr>\n<tr>\n<td>de los cuales<br \/>\n&#8211; tipos de az\u00facar<br \/>\n&#8211; polioles<\/td>\n<td>\n<p align=\"right\">\n0,7 g<br \/>\n17 g<\/p>\n<\/td>\n<td>\n<p align=\"right\">\n0,5 g<br \/>\n12 g<\/p>\n<\/td>\n<\/tr>\n<tr>\n<td>fibra<\/td>\n<td>\n<p align=\"right\">5,6g<\/p>\n<\/td>\n<td>\n<p align=\"right\">3,9g<\/p>\n<\/td>\n<\/tr>\n<tr>\n<td>Prote\u00edna<\/td>\n<td>\n<p align=\"right\">50 gramos<\/p>\n<\/td>\n<td>\n<p align=\"right\">35g<\/p>\n<\/td>\n<\/tr>\n<tr>\n<td>Sal<\/td>\n<td>\n<p align=\"right\">0.83g<\/p>\n<\/td>\n<td>\n<p align=\"right\">0.58g<\/p>\n<\/td>\n<\/tr>\n<\/tbody>\n<\/table>\n<\/div>\n<p>&nbsp;<\/p>\n<p>Desarrollado en Suiza y fabricado en los Pa\u00edses Bajos<\/p>\n","protected":false},"excerpt":{"rendered":"<h4><b>BARRA DE PROTEINA CHOCOLATE<\/b><b>\u00a0(50g)<\/b><\/h4>\n<p>La prote\u00edna se utiliza para desarrollar y mantener la masa muscular.\u00a0La Protein 50 es una barrita multiproteica a base de cinco componentes proteicos.\u00a0Gracias a su alto contenido en prote\u00ednas del 50 % por barrita, sustituye a un batido de prote\u00ednas y, por lo tanto, es ideal para la restauraci\u00f3n fuera de casa.\u00a0Con vitaminas que contribuyen al normal metabolismo de las prote\u00ednas y del gluc\u00f3geno (B6) o a la normal s\u00edntesis y metabolismo de las hormonas esteroides (\u00e1cido pantot\u00e9nico).\u00a0El cromo ayuda a mantener los niveles normales de az\u00facar en la sangre.\u00a0Contiene solo 3,3 g de grasa por barra.\u00a0Protein 50 tambi\u00e9n tiene un alto contenido de fibra diet\u00e9tica y contiene solo 0,5 g de az\u00facares por barra.<\/p>\n","protected":false},"featured_media":10062,"template":"","meta":[],"product_cat":[534,537],"product_tag":[],"class_list":{"0":"post-10061","1":"product","2":"type-product","3":"status-publish","4":"has-post-thumbnail","6":"product_cat-deportista","7":"product_cat-proteinas","9":"first","10":"outofstock","11":"shipping-taxable","12":"purchasable","13":"product-type-simple"},"yoast_head":"<!-- This site is optimized with the Yoast SEO plugin v25.2 - https:\/\/yoast.com\/wordpress\/plugins\/seo\/ -->\n<title>Protein 50 Barra Chocolate - YAOMARKET<\/title>\n<meta name=\"robots\" content=\"index, follow, max-snippet:-1, max-image-preview:large, max-video-preview:-1\" \/>\n<link rel=\"canonical\" href=\"https:\/\/yaomarket.cl\/?product=protein-50-barra-chocolate\" \/>\n<meta property=\"og:locale\" content=\"es_ES\" \/>\n<meta property=\"og:type\" content=\"article\" \/>\n<meta property=\"og:title\" content=\"Protein 50 Barra Chocolate - YAOMARKET\" \/>\n<meta property=\"og:description\" content=\"BARRA DE PROTEINA CHOCOLATE\u00a0(50g) La prote\u00edna se utiliza para desarrollar y mantener la masa muscular.\u00a0La Protein 50 es una barrita multiproteica a base de cinco componentes proteicos.\u00a0Gracias a su alto contenido en prote\u00ednas del 50 % por barrita, sustituye a un batido de prote\u00ednas y, por lo tanto, es ideal para la restauraci\u00f3n fuera de casa.\u00a0Con vitaminas que contribuyen al normal metabolismo de las prote\u00ednas y del gluc\u00f3geno (B6) o a la normal s\u00edntesis y metabolismo de las hormonas esteroides (\u00e1cido pantot\u00e9nico).\u00a0El cromo ayuda a mantener los niveles normales de az\u00facar en la sangre.\u00a0Contiene solo 3,3 g de grasa por barra.\u00a0Protein 50 tambi\u00e9n tiene un alto contenido de fibra diet\u00e9tica y contiene solo 0,5 g de az\u00facares por barra.\" \/>\n<meta property=\"og:url\" content=\"https:\/\/yaomarket.cl\/?product=protein-50-barra-chocolate\" \/>\n<meta property=\"og:site_name\" content=\"YAOMARKET\" \/>\n<meta property=\"article:publisher\" content=\"https:\/\/www.facebook.com\/yaomarketchile\/\" \/>\n<meta property=\"article:modified_time\" content=\"2025-11-04T15:54:45+00:00\" \/>\n<meta property=\"og:image\" content=\"https:\/\/yaomarket.cl\/wp-content\/uploads\/2023\/09\/Protein-50_Chocolate_Display_2048x-1.png\" \/>\n\t<meta property=\"og:image:width\" content=\"2000\" \/>\n\t<meta property=\"og:image:height\" content=\"2000\" \/>\n\t<meta property=\"og:image:type\" content=\"image\/png\" \/>\n<meta name=\"twitter:card\" content=\"summary_large_image\" \/>\n<meta name=\"twitter:label1\" content=\"Tiempo de lectura\" \/>\n\t<meta name=\"twitter:data1\" content=\"1 minuto\" \/>\n<script type=\"application\/ld+json\" class=\"yoast-schema-graph\">{\"@context\":\"https:\/\/schema.org\",\"@graph\":[{\"@type\":\"WebPage\",\"@id\":\"https:\/\/yaomarket.cl\/?product=protein-50-barra-chocolate\",\"url\":\"https:\/\/yaomarket.cl\/?product=protein-50-barra-chocolate\",\"name\":\"Protein 50 Barra Chocolate - YAOMARKET\",\"isPartOf\":{\"@id\":\"https:\/\/yaomarket.cl\/#website\"},\"primaryImageOfPage\":{\"@id\":\"https:\/\/yaomarket.cl\/?product=protein-50-barra-chocolate#primaryimage\"},\"image\":{\"@id\":\"https:\/\/yaomarket.cl\/?product=protein-50-barra-chocolate#primaryimage\"},\"thumbnailUrl\":\"https:\/\/yaomarket.cl\/wp-content\/uploads\/2023\/09\/Protein-50_Chocolate_Display_2048x-1.png\",\"datePublished\":\"2023-09-06T22:16:12+00:00\",\"dateModified\":\"2025-11-04T15:54:45+00:00\",\"breadcrumb\":{\"@id\":\"https:\/\/yaomarket.cl\/?product=protein-50-barra-chocolate#breadcrumb\"},\"inLanguage\":\"es\",\"potentialAction\":[{\"@type\":\"ReadAction\",\"target\":[\"https:\/\/yaomarket.cl\/?product=protein-50-barra-chocolate\"]}]},{\"@type\":\"ImageObject\",\"inLanguage\":\"es\",\"@id\":\"https:\/\/yaomarket.cl\/?product=protein-50-barra-chocolate#primaryimage\",\"url\":\"https:\/\/yaomarket.cl\/wp-content\/uploads\/2023\/09\/Protein-50_Chocolate_Display_2048x-1.png\",\"contentUrl\":\"https:\/\/yaomarket.cl\/wp-content\/uploads\/2023\/09\/Protein-50_Chocolate_Display_2048x-1.png\",\"width\":2000,\"height\":2000},{\"@type\":\"BreadcrumbList\",\"@id\":\"https:\/\/yaomarket.cl\/?product=protein-50-barra-chocolate#breadcrumb\",\"itemListElement\":[{\"@type\":\"ListItem\",\"position\":1,\"name\":\"Portada\",\"item\":\"https:\/\/yaomarket.cl\/\"},{\"@type\":\"ListItem\",\"position\":2,\"name\":\"TIENDA\",\"item\":\"https:\/\/yaomarket.cl\/?page_id=8\"},{\"@type\":\"ListItem\",\"position\":3,\"name\":\"Protein 50 Barra Chocolate\"}]},{\"@type\":\"WebSite\",\"@id\":\"https:\/\/yaomarket.cl\/#website\",\"url\":\"https:\/\/yaomarket.cl\/\",\"name\":\"YAOMARKET\",\"description\":\"\",\"publisher\":{\"@id\":\"https:\/\/yaomarket.cl\/#organization\"},\"potentialAction\":[{\"@type\":\"SearchAction\",\"target\":{\"@type\":\"EntryPoint\",\"urlTemplate\":\"https:\/\/yaomarket.cl\/?s={search_term_string}\"},\"query-input\":{\"@type\":\"PropertyValueSpecification\",\"valueRequired\":true,\"valueName\":\"search_term_string\"}}],\"inLanguage\":\"es\"},{\"@type\":\"Organization\",\"@id\":\"https:\/\/yaomarket.cl\/#organization\",\"name\":\"YAOMARKET\",\"url\":\"https:\/\/yaomarket.cl\/\",\"logo\":{\"@type\":\"ImageObject\",\"inLanguage\":\"es\",\"@id\":\"https:\/\/yaomarket.cl\/#\/schema\/logo\/image\/\",\"url\":\"https:\/\/yaomarket.cl\/wp-content\/uploads\/2023\/08\/Logo-Original-Yao-Market-Circular.png\",\"contentUrl\":\"https:\/\/yaomarket.cl\/wp-content\/uploads\/2023\/08\/Logo-Original-Yao-Market-Circular.png\",\"width\":522,\"height\":522,\"caption\":\"YAOMARKET\"},\"image\":{\"@id\":\"https:\/\/yaomarket.cl\/#\/schema\/logo\/image\/\"},\"sameAs\":[\"https:\/\/www.facebook.com\/yaomarketchile\/\",\"https:\/\/www.instagram.com\/yao_market\/\"]}]}<\/script>\n<!-- \/ Yoast SEO plugin. -->","yoast_head_json":{"title":"Protein 50 Barra Chocolate - YAOMARKET","robots":{"index":"index","follow":"follow","max-snippet":"max-snippet:-1","max-image-preview":"max-image-preview:large","max-video-preview":"max-video-preview:-1"},"canonical":"https:\/\/yaomarket.cl\/?product=protein-50-barra-chocolate","og_locale":"es_ES","og_type":"article","og_title":"Protein 50 Barra Chocolate - YAOMARKET","og_description":"BARRA DE PROTEINA CHOCOLATE\u00a0(50g) La prote\u00edna se utiliza para desarrollar y mantener la masa muscular.\u00a0La Protein 50 es una barrita multiproteica a base de cinco componentes proteicos.\u00a0Gracias a su alto contenido en prote\u00ednas del 50 % por barrita, sustituye a un batido de prote\u00ednas y, por lo tanto, es ideal para la restauraci\u00f3n fuera de casa.\u00a0Con vitaminas que contribuyen al normal metabolismo de las prote\u00ednas y del gluc\u00f3geno (B6) o a la normal s\u00edntesis y metabolismo de las hormonas esteroides (\u00e1cido pantot\u00e9nico).\u00a0El cromo ayuda a mantener los niveles normales de az\u00facar en la sangre.\u00a0Contiene solo 3,3 g de grasa por barra.\u00a0Protein 50 tambi\u00e9n tiene un alto contenido de fibra diet\u00e9tica y contiene solo 0,5 g de az\u00facares por barra.","og_url":"https:\/\/yaomarket.cl\/?product=protein-50-barra-chocolate","og_site_name":"YAOMARKET","article_publisher":"https:\/\/www.facebook.com\/yaomarketchile\/","article_modified_time":"2025-11-04T15:54:45+00:00","og_image":[{"width":2000,"height":2000,"url":"https:\/\/yaomarket.cl\/wp-content\/uploads\/2023\/09\/Protein-50_Chocolate_Display_2048x-1.png","type":"image\/png"}],"twitter_card":"summary_large_image","twitter_misc":{"Tiempo de lectura":"1 minuto"},"schema":{"@context":"https:\/\/schema.org","@graph":[{"@type":"WebPage","@id":"https:\/\/yaomarket.cl\/?product=protein-50-barra-chocolate","url":"https:\/\/yaomarket.cl\/?product=protein-50-barra-chocolate","name":"Protein 50 Barra Chocolate - YAOMARKET","isPartOf":{"@id":"https:\/\/yaomarket.cl\/#website"},"primaryImageOfPage":{"@id":"https:\/\/yaomarket.cl\/?product=protein-50-barra-chocolate#primaryimage"},"image":{"@id":"https:\/\/yaomarket.cl\/?product=protein-50-barra-chocolate#primaryimage"},"thumbnailUrl":"https:\/\/yaomarket.cl\/wp-content\/uploads\/2023\/09\/Protein-50_Chocolate_Display_2048x-1.png","datePublished":"2023-09-06T22:16:12+00:00","dateModified":"2025-11-04T15:54:45+00:00","breadcrumb":{"@id":"https:\/\/yaomarket.cl\/?product=protein-50-barra-chocolate#breadcrumb"},"inLanguage":"es","potentialAction":[{"@type":"ReadAction","target":["https:\/\/yaomarket.cl\/?product=protein-50-barra-chocolate"]}]},{"@type":"ImageObject","inLanguage":"es","@id":"https:\/\/yaomarket.cl\/?product=protein-50-barra-chocolate#primaryimage","url":"https:\/\/yaomarket.cl\/wp-content\/uploads\/2023\/09\/Protein-50_Chocolate_Display_2048x-1.png","contentUrl":"https:\/\/yaomarket.cl\/wp-content\/uploads\/2023\/09\/Protein-50_Chocolate_Display_2048x-1.png","width":2000,"height":2000},{"@type":"BreadcrumbList","@id":"https:\/\/yaomarket.cl\/?product=protein-50-barra-chocolate#breadcrumb","itemListElement":[{"@type":"ListItem","position":1,"name":"Portada","item":"https:\/\/yaomarket.cl\/"},{"@type":"ListItem","position":2,"name":"TIENDA","item":"https:\/\/yaomarket.cl\/?page_id=8"},{"@type":"ListItem","position":3,"name":"Protein 50 Barra Chocolate"}]},{"@type":"WebSite","@id":"https:\/\/yaomarket.cl\/#website","url":"https:\/\/yaomarket.cl\/","name":"YAOMARKET","description":"","publisher":{"@id":"https:\/\/yaomarket.cl\/#organization"},"potentialAction":[{"@type":"SearchAction","target":{"@type":"EntryPoint","urlTemplate":"https:\/\/yaomarket.cl\/?s={search_term_string}"},"query-input":{"@type":"PropertyValueSpecification","valueRequired":true,"valueName":"search_term_string"}}],"inLanguage":"es"},{"@type":"Organization","@id":"https:\/\/yaomarket.cl\/#organization","name":"YAOMARKET","url":"https:\/\/yaomarket.cl\/","logo":{"@type":"ImageObject","inLanguage":"es","@id":"https:\/\/yaomarket.cl\/#\/schema\/logo\/image\/","url":"https:\/\/yaomarket.cl\/wp-content\/uploads\/2023\/08\/Logo-Original-Yao-Market-Circular.png","contentUrl":"https:\/\/yaomarket.cl\/wp-content\/uploads\/2023\/08\/Logo-Original-Yao-Market-Circular.png","width":522,"height":522,"caption":"YAOMARKET"},"image":{"@id":"https:\/\/yaomarket.cl\/#\/schema\/logo\/image\/"},"sameAs":["https:\/\/www.facebook.com\/yaomarketchile\/","https:\/\/www.instagram.com\/yao_market\/"]}]}},"_links":{"self":[{"href":"https:\/\/yaomarket.cl\/index.php?rest_route=\/wp\/v2\/product\/10061","targetHints":{"allow":["GET"]}}],"collection":[{"href":"https:\/\/yaomarket.cl\/index.php?rest_route=\/wp\/v2\/product"}],"about":[{"href":"https:\/\/yaomarket.cl\/index.php?rest_route=\/wp\/v2\/types\/product"}],"wp:featuredmedia":[{"embeddable":true,"href":"https:\/\/yaomarket.cl\/index.php?rest_route=\/wp\/v2\/media\/10062"}],"wp:attachment":[{"href":"https:\/\/yaomarket.cl\/index.php?rest_route=%2Fwp%2Fv2%2Fmedia&parent=10061"}],"wp:term":[{"taxonomy":"product_cat","embeddable":true,"href":"https:\/\/yaomarket.cl\/index.php?rest_route=%2Fwp%2Fv2%2Fproduct_cat&post=10061"},{"taxonomy":"product_tag","embeddable":true,"href":"https:\/\/yaomarket.cl\/index.php?rest_route=%2Fwp%2Fv2%2Fproduct_tag&post=10061"}],"curies":[{"name":"wp","href":"https:\/\/api.w.org\/{rel}","templated":true}]}}