{"id":10050,"date":"2023-09-06T21:46:39","date_gmt":"2023-09-06T21:46:39","guid":{"rendered":"https:\/\/yaomarket.cl\/?post_type=product&#038;p=10050"},"modified":"2025-11-04T15:54:45","modified_gmt":"2025-11-04T15:54:45","slug":"liquid-energy-bcaa","status":"publish","type":"product","link":"https:\/\/yaomarket.cl\/?product=liquid-energy-bcaa","title":{"rendered":"Liquid Energy BCAA"},"content":{"rendered":"<p>Jarabe de glucosa que contiene fructosa, agua, isomaltulosa, citrato de sodio y potasio, amino\u00e1cidos (L-leucina, L-valina, L-isoleucina), taurina, sal, acidulante \u00e1cido c\u00edtrico, gelificante E466, aromas, \u00e1cido asc\u00f3rbico antioxidante.<\/p>\n<p>&nbsp;<\/p>\n<p>&nbsp;<\/p>\n<table>\n<tbody>\n<tr>\n<td colspan=\"2\">\n<p align=\"right\">por 100 gramos<\/p>\n<\/td>\n<td colspan=\"2\">\n<p align=\"right\">por tubo<\/p>\n<\/td>\n<\/tr>\n<tr>\n<td>Energ\u00eda kJ (kcal)<\/td>\n<td colspan=\"2\">\n<p align=\"right\">945 (222)<\/p>\n<\/td>\n<td colspan=\"2\">\n<p align=\"right\">664 (156)<\/p>\n<\/td>\n<\/tr>\n<tr>\n<td>Gordo<\/td>\n<td colspan=\"2\">\n<p align=\"right\">0g<\/p>\n<\/td>\n<td colspan=\"2\">\n<p align=\"right\">0g<\/p>\n<\/td>\n<\/tr>\n<tr>\n<td>del presente: \u00e1cidos grasos saturados<\/td>\n<td colspan=\"2\">\n<p align=\"right\">0g<\/p>\n<\/td>\n<td colspan=\"2\">\n<p align=\"right\">0g<\/p>\n<\/td>\n<\/tr>\n<tr>\n<td>carbohidratos<\/td>\n<td colspan=\"2\">\n<p align=\"right\">54g<\/p>\n<\/td>\n<td colspan=\"2\">\n<p align=\"right\">38g<\/p>\n<\/td>\n<\/tr>\n<tr>\n<td>de los cuales az\u00facar<\/td>\n<td colspan=\"2\">\n<p align=\"right\">32g<\/p>\n<\/td>\n<td colspan=\"2\">\n<p align=\"right\">22g<\/p>\n<\/td>\n<\/tr>\n<tr>\n<td>fibra<\/td>\n<td colspan=\"2\">\n<p align=\"right\">0,2g<\/p>\n<\/td>\n<td colspan=\"2\">\n<p align=\"right\">0,1g<\/p>\n<\/td>\n<\/tr>\n<tr>\n<td>Prote\u00edna<\/td>\n<td colspan=\"2\">\n<p align=\"right\">1,5g<\/p>\n<\/td>\n<td colspan=\"2\">\n<p align=\"right\">1,0g<\/p>\n<\/td>\n<\/tr>\n<tr>\n<td>Sal<\/td>\n<td colspan=\"2\">\n<p align=\"right\">0,80g<\/p>\n<\/td>\n<td colspan=\"2\">\n<p align=\"right\">0,56g<\/p>\n<\/td>\n<\/tr>\n<tr>\n<td>potasio<\/td>\n<td>\n<p align=\"right\">100 mg<\/p>\n<\/td>\n<td>\n<p align=\"right\">5%*<\/p>\n<\/td>\n<td>\n<p align=\"right\">70 mg<\/p>\n<\/td>\n<td>\n<p align=\"right\">4%*<\/p>\n<\/td>\n<\/tr>\n<tr>\n<td>sodio<\/td>\n<td>\n<p align=\"right\">0,29g<\/p>\n<\/td>\n<td>\n<p align=\"right\">&#8212;<\/p>\n<\/td>\n<td>\n<p align=\"right\">0,20g<\/p>\n<\/td>\n<td>\n<p align=\"right\">&#8212;<\/p>\n<\/td>\n<\/tr>\n<\/tbody>\n<\/table>\n<p>*Valores nutricionales de referencia<br \/>\nmg\/70 g (mg\/100 g)\u00a0: Taurina 350 (500), L-Leucina 250 (360), L-Valina 125 (180), L-Isoleucina 125 (180).<\/p>\n","protected":false},"excerpt":{"rendered":"<h4><b>LIQUID ENERGY BCAA<\/b><\/h4>\n<p>Liquid Energy BCAA es un gel energ\u00e9tico altamente concentrado para obtener energ\u00eda r\u00e1pida y duradera a partir de glucosa, fructosa e isomaltulosa,\u00a0contiene los amino\u00e1cidos BCAA y taurina.<\/p>\n<p>Los amino\u00e1cidos de cadena ramificada leucina, isoleucina y valina (BCAA) son quemados como combustible por los m\u00fasculos bajo estr\u00e9s.\u00a0La suplementaci\u00f3n con BCAA tiene como objetivo conservar las propias reservas musculares bajo estr\u00e9s y as\u00ed optimizar el tiempo de recuperaci\u00f3n,\u00a0los BCAA influyen en el sistema central de fatiga y, por tanto, pueden reducir la percepci\u00f3n del estr\u00e9s.\u00a0Es por eso que LIQUID ENERGY BCAA tambi\u00e9n se prefiere para ejercicios de larga resistencia.\u00a0Como importante antioxidante, la taurina protege\u00a0<a href=\"https:\/\/de.wikipedia.org\/wiki\/Antioxidans\" target=\"_blank\" rel=\"noreferrer noopener\">el tejido sometido a estr\u00e9s del da\u00f1o oxidativo<\/a>\u00a0.<\/p>\n","protected":false},"featured_media":10051,"template":"","meta":[],"product_cat":[534,536],"product_tag":[],"class_list":{"0":"post-10050","1":"product","2":"type-product","3":"status-publish","4":"has-post-thumbnail","6":"product_cat-deportista","7":"product_cat-energia-y-resistencia","9":"first","10":"outofstock","11":"shipping-taxable","12":"purchasable","13":"product-type-simple"},"yoast_head":"<!-- This site is optimized with the Yoast SEO plugin v25.2 - https:\/\/yoast.com\/wordpress\/plugins\/seo\/ -->\n<title>Liquid Energy BCAA - YAOMARKET<\/title>\n<meta name=\"robots\" content=\"index, follow, max-snippet:-1, max-image-preview:large, max-video-preview:-1\" \/>\n<link rel=\"canonical\" href=\"https:\/\/yaomarket.cl\/?product=liquid-energy-bcaa\" \/>\n<meta property=\"og:locale\" content=\"es_ES\" \/>\n<meta property=\"og:type\" content=\"article\" \/>\n<meta property=\"og:title\" content=\"Liquid Energy BCAA - YAOMARKET\" \/>\n<meta property=\"og:description\" content=\"LIQUID ENERGY BCAA Liquid Energy BCAA es un gel energ\u00e9tico altamente concentrado para obtener energ\u00eda r\u00e1pida y duradera a partir de glucosa, fructosa e isomaltulosa,\u00a0contiene los amino\u00e1cidos BCAA y taurina.  Los amino\u00e1cidos de cadena ramificada leucina, isoleucina y valina (BCAA) son quemados como combustible por los m\u00fasculos bajo estr\u00e9s.\u00a0La suplementaci\u00f3n con BCAA tiene como objetivo conservar las propias reservas musculares bajo estr\u00e9s y as\u00ed optimizar el tiempo de recuperaci\u00f3n,\u00a0los BCAA influyen en el sistema central de fatiga y, por tanto, pueden reducir la percepci\u00f3n del estr\u00e9s.\u00a0Es por eso que LIQUID ENERGY BCAA tambi\u00e9n se prefiere para ejercicios de larga resistencia.\u00a0Como importante antioxidante, la taurina protege\u00a0el tejido sometido a estr\u00e9s del da\u00f1o oxidativo\u00a0.\" \/>\n<meta property=\"og:url\" content=\"https:\/\/yaomarket.cl\/?product=liquid-energy-bcaa\" \/>\n<meta property=\"og:site_name\" content=\"YAOMARKET\" \/>\n<meta property=\"article:publisher\" content=\"https:\/\/www.facebook.com\/yaomarketchile\/\" \/>\n<meta property=\"article:modified_time\" content=\"2025-11-04T15:54:45+00:00\" \/>\n<meta property=\"og:image\" content=\"https:\/\/yaomarket.cl\/wp-content\/uploads\/2023\/09\/liquid-energy-bcaa.png\" \/>\n\t<meta property=\"og:image:width\" content=\"492\" \/>\n\t<meta property=\"og:image:height\" content=\"492\" \/>\n\t<meta property=\"og:image:type\" content=\"image\/png\" \/>\n<meta name=\"twitter:card\" content=\"summary_large_image\" \/>\n<script type=\"application\/ld+json\" class=\"yoast-schema-graph\">{\"@context\":\"https:\/\/schema.org\",\"@graph\":[{\"@type\":\"WebPage\",\"@id\":\"https:\/\/yaomarket.cl\/?product=liquid-energy-bcaa\",\"url\":\"https:\/\/yaomarket.cl\/?product=liquid-energy-bcaa\",\"name\":\"Liquid Energy BCAA - YAOMARKET\",\"isPartOf\":{\"@id\":\"https:\/\/yaomarket.cl\/#website\"},\"primaryImageOfPage\":{\"@id\":\"https:\/\/yaomarket.cl\/?product=liquid-energy-bcaa#primaryimage\"},\"image\":{\"@id\":\"https:\/\/yaomarket.cl\/?product=liquid-energy-bcaa#primaryimage\"},\"thumbnailUrl\":\"https:\/\/yaomarket.cl\/wp-content\/uploads\/2023\/09\/liquid-energy-bcaa.png\",\"datePublished\":\"2023-09-06T21:46:39+00:00\",\"dateModified\":\"2025-11-04T15:54:45+00:00\",\"breadcrumb\":{\"@id\":\"https:\/\/yaomarket.cl\/?product=liquid-energy-bcaa#breadcrumb\"},\"inLanguage\":\"es\",\"potentialAction\":[{\"@type\":\"ReadAction\",\"target\":[\"https:\/\/yaomarket.cl\/?product=liquid-energy-bcaa\"]}]},{\"@type\":\"ImageObject\",\"inLanguage\":\"es\",\"@id\":\"https:\/\/yaomarket.cl\/?product=liquid-energy-bcaa#primaryimage\",\"url\":\"https:\/\/yaomarket.cl\/wp-content\/uploads\/2023\/09\/liquid-energy-bcaa.png\",\"contentUrl\":\"https:\/\/yaomarket.cl\/wp-content\/uploads\/2023\/09\/liquid-energy-bcaa.png\",\"width\":492,\"height\":492},{\"@type\":\"BreadcrumbList\",\"@id\":\"https:\/\/yaomarket.cl\/?product=liquid-energy-bcaa#breadcrumb\",\"itemListElement\":[{\"@type\":\"ListItem\",\"position\":1,\"name\":\"Portada\",\"item\":\"https:\/\/yaomarket.cl\/\"},{\"@type\":\"ListItem\",\"position\":2,\"name\":\"TIENDA\",\"item\":\"https:\/\/yaomarket.cl\/?page_id=8\"},{\"@type\":\"ListItem\",\"position\":3,\"name\":\"Liquid Energy BCAA\"}]},{\"@type\":\"WebSite\",\"@id\":\"https:\/\/yaomarket.cl\/#website\",\"url\":\"https:\/\/yaomarket.cl\/\",\"name\":\"YAOMARKET\",\"description\":\"\",\"publisher\":{\"@id\":\"https:\/\/yaomarket.cl\/#organization\"},\"potentialAction\":[{\"@type\":\"SearchAction\",\"target\":{\"@type\":\"EntryPoint\",\"urlTemplate\":\"https:\/\/yaomarket.cl\/?s={search_term_string}\"},\"query-input\":{\"@type\":\"PropertyValueSpecification\",\"valueRequired\":true,\"valueName\":\"search_term_string\"}}],\"inLanguage\":\"es\"},{\"@type\":\"Organization\",\"@id\":\"https:\/\/yaomarket.cl\/#organization\",\"name\":\"YAOMARKET\",\"url\":\"https:\/\/yaomarket.cl\/\",\"logo\":{\"@type\":\"ImageObject\",\"inLanguage\":\"es\",\"@id\":\"https:\/\/yaomarket.cl\/#\/schema\/logo\/image\/\",\"url\":\"https:\/\/yaomarket.cl\/wp-content\/uploads\/2023\/08\/Logo-Original-Yao-Market-Circular.png\",\"contentUrl\":\"https:\/\/yaomarket.cl\/wp-content\/uploads\/2023\/08\/Logo-Original-Yao-Market-Circular.png\",\"width\":522,\"height\":522,\"caption\":\"YAOMARKET\"},\"image\":{\"@id\":\"https:\/\/yaomarket.cl\/#\/schema\/logo\/image\/\"},\"sameAs\":[\"https:\/\/www.facebook.com\/yaomarketchile\/\",\"https:\/\/www.instagram.com\/yao_market\/\"]}]}<\/script>\n<!-- \/ Yoast SEO plugin. -->","yoast_head_json":{"title":"Liquid Energy BCAA - YAOMARKET","robots":{"index":"index","follow":"follow","max-snippet":"max-snippet:-1","max-image-preview":"max-image-preview:large","max-video-preview":"max-video-preview:-1"},"canonical":"https:\/\/yaomarket.cl\/?product=liquid-energy-bcaa","og_locale":"es_ES","og_type":"article","og_title":"Liquid Energy BCAA - YAOMARKET","og_description":"LIQUID ENERGY BCAA Liquid Energy BCAA es un gel energ\u00e9tico altamente concentrado para obtener energ\u00eda r\u00e1pida y duradera a partir de glucosa, fructosa e isomaltulosa,\u00a0contiene los amino\u00e1cidos BCAA y taurina.  Los amino\u00e1cidos de cadena ramificada leucina, isoleucina y valina (BCAA) son quemados como combustible por los m\u00fasculos bajo estr\u00e9s.\u00a0La suplementaci\u00f3n con BCAA tiene como objetivo conservar las propias reservas musculares bajo estr\u00e9s y as\u00ed optimizar el tiempo de recuperaci\u00f3n,\u00a0los BCAA influyen en el sistema central de fatiga y, por tanto, pueden reducir la percepci\u00f3n del estr\u00e9s.\u00a0Es por eso que LIQUID ENERGY BCAA tambi\u00e9n se prefiere para ejercicios de larga resistencia.\u00a0Como importante antioxidante, la taurina protege\u00a0el tejido sometido a estr\u00e9s del da\u00f1o oxidativo\u00a0.","og_url":"https:\/\/yaomarket.cl\/?product=liquid-energy-bcaa","og_site_name":"YAOMARKET","article_publisher":"https:\/\/www.facebook.com\/yaomarketchile\/","article_modified_time":"2025-11-04T15:54:45+00:00","og_image":[{"width":492,"height":492,"url":"https:\/\/yaomarket.cl\/wp-content\/uploads\/2023\/09\/liquid-energy-bcaa.png","type":"image\/png"}],"twitter_card":"summary_large_image","schema":{"@context":"https:\/\/schema.org","@graph":[{"@type":"WebPage","@id":"https:\/\/yaomarket.cl\/?product=liquid-energy-bcaa","url":"https:\/\/yaomarket.cl\/?product=liquid-energy-bcaa","name":"Liquid Energy BCAA - YAOMARKET","isPartOf":{"@id":"https:\/\/yaomarket.cl\/#website"},"primaryImageOfPage":{"@id":"https:\/\/yaomarket.cl\/?product=liquid-energy-bcaa#primaryimage"},"image":{"@id":"https:\/\/yaomarket.cl\/?product=liquid-energy-bcaa#primaryimage"},"thumbnailUrl":"https:\/\/yaomarket.cl\/wp-content\/uploads\/2023\/09\/liquid-energy-bcaa.png","datePublished":"2023-09-06T21:46:39+00:00","dateModified":"2025-11-04T15:54:45+00:00","breadcrumb":{"@id":"https:\/\/yaomarket.cl\/?product=liquid-energy-bcaa#breadcrumb"},"inLanguage":"es","potentialAction":[{"@type":"ReadAction","target":["https:\/\/yaomarket.cl\/?product=liquid-energy-bcaa"]}]},{"@type":"ImageObject","inLanguage":"es","@id":"https:\/\/yaomarket.cl\/?product=liquid-energy-bcaa#primaryimage","url":"https:\/\/yaomarket.cl\/wp-content\/uploads\/2023\/09\/liquid-energy-bcaa.png","contentUrl":"https:\/\/yaomarket.cl\/wp-content\/uploads\/2023\/09\/liquid-energy-bcaa.png","width":492,"height":492},{"@type":"BreadcrumbList","@id":"https:\/\/yaomarket.cl\/?product=liquid-energy-bcaa#breadcrumb","itemListElement":[{"@type":"ListItem","position":1,"name":"Portada","item":"https:\/\/yaomarket.cl\/"},{"@type":"ListItem","position":2,"name":"TIENDA","item":"https:\/\/yaomarket.cl\/?page_id=8"},{"@type":"ListItem","position":3,"name":"Liquid Energy BCAA"}]},{"@type":"WebSite","@id":"https:\/\/yaomarket.cl\/#website","url":"https:\/\/yaomarket.cl\/","name":"YAOMARKET","description":"","publisher":{"@id":"https:\/\/yaomarket.cl\/#organization"},"potentialAction":[{"@type":"SearchAction","target":{"@type":"EntryPoint","urlTemplate":"https:\/\/yaomarket.cl\/?s={search_term_string}"},"query-input":{"@type":"PropertyValueSpecification","valueRequired":true,"valueName":"search_term_string"}}],"inLanguage":"es"},{"@type":"Organization","@id":"https:\/\/yaomarket.cl\/#organization","name":"YAOMARKET","url":"https:\/\/yaomarket.cl\/","logo":{"@type":"ImageObject","inLanguage":"es","@id":"https:\/\/yaomarket.cl\/#\/schema\/logo\/image\/","url":"https:\/\/yaomarket.cl\/wp-content\/uploads\/2023\/08\/Logo-Original-Yao-Market-Circular.png","contentUrl":"https:\/\/yaomarket.cl\/wp-content\/uploads\/2023\/08\/Logo-Original-Yao-Market-Circular.png","width":522,"height":522,"caption":"YAOMARKET"},"image":{"@id":"https:\/\/yaomarket.cl\/#\/schema\/logo\/image\/"},"sameAs":["https:\/\/www.facebook.com\/yaomarketchile\/","https:\/\/www.instagram.com\/yao_market\/"]}]}},"_links":{"self":[{"href":"https:\/\/yaomarket.cl\/index.php?rest_route=\/wp\/v2\/product\/10050","targetHints":{"allow":["GET"]}}],"collection":[{"href":"https:\/\/yaomarket.cl\/index.php?rest_route=\/wp\/v2\/product"}],"about":[{"href":"https:\/\/yaomarket.cl\/index.php?rest_route=\/wp\/v2\/types\/product"}],"wp:featuredmedia":[{"embeddable":true,"href":"https:\/\/yaomarket.cl\/index.php?rest_route=\/wp\/v2\/media\/10051"}],"wp:attachment":[{"href":"https:\/\/yaomarket.cl\/index.php?rest_route=%2Fwp%2Fv2%2Fmedia&parent=10050"}],"wp:term":[{"taxonomy":"product_cat","embeddable":true,"href":"https:\/\/yaomarket.cl\/index.php?rest_route=%2Fwp%2Fv2%2Fproduct_cat&post=10050"},{"taxonomy":"product_tag","embeddable":true,"href":"https:\/\/yaomarket.cl\/index.php?rest_route=%2Fwp%2Fv2%2Fproduct_tag&post=10050"}],"curies":[{"name":"wp","href":"https:\/\/api.w.org\/{rel}","templated":true}]}}