{"id":10045,"date":"2023-09-06T21:33:40","date_gmt":"2023-09-06T21:33:40","guid":{"rendered":"https:\/\/yaomarket.cl\/?post_type=product&#038;p=10045"},"modified":"2025-11-04T15:54:45","modified_gmt":"2025-11-04T15:54:45","slug":"liquid-energy-salty-35grs","status":"publish","type":"product","link":"https:\/\/yaomarket.cl\/?product=liquid-energy-salty-35grs","title":{"rendered":"Liquid energy Salty 35grs"},"content":{"rendered":"<p class=\"p1\">Ingredientes: Jarabe de glucosa, agua, isomaltulosa*, almid\u00f3n de ma\u00edz ceroso hidrolizado, cloruro s\u00f3dico, fibra de avena\u00a0soluble\u00a0(contiene betaglucano), fosfato pot\u00e1sico, tomate en polvo, acidulante (\u00e1cido c\u00edtrico y asc\u00f3rbico).\u00a0*Fuente de glucosa y fructosa.<\/p>\n<p>Desarrollado y fabricado en Suiza.<\/p>\n<table>\n<tbody>\n<tr>\n<td colspan=\"2\">por 100 gramos<\/td>\n<td colspan=\"2\">por sobre<\/td>\n<\/tr>\n<tr>\n<td>Energ\u00eda kJ (kcal)<\/td>\n<td colspan=\"2\">\n<p align=\"right\">984 (232)<\/p>\n<\/td>\n<td colspan=\"2\">\n<p align=\"right\">345 (81)<\/p>\n<\/td>\n<\/tr>\n<tr>\n<td>Gordo<\/td>\n<td colspan=\"2\">\n<p align=\"right\">0,1g<\/p>\n<\/td>\n<td colspan=\"2\">\n<p align=\"right\">0g<\/p>\n<\/td>\n<\/tr>\n<tr>\n<td>del presente: \u00e1cidos grasos saturados<\/td>\n<td colspan=\"2\">\n<p align=\"right\">0g<\/p>\n<\/td>\n<td colspan=\"2\">\n<p align=\"right\">0g<\/p>\n<\/td>\n<\/tr>\n<tr>\n<td>carbohidratos<\/td>\n<td colspan=\"2\">\n<p align=\"right\">57g<\/p>\n<\/td>\n<td colspan=\"2\">\n<p align=\"right\">20g<\/p>\n<\/td>\n<\/tr>\n<tr>\n<td>de qu\u00e9 tipos de az\u00facar<\/td>\n<td colspan=\"2\">\n<p align=\"right\">27g<\/p>\n<\/td>\n<td colspan=\"2\">\n<p align=\"right\">9,5g<\/p>\n<\/td>\n<\/tr>\n<tr>\n<td>fibra<\/td>\n<td colspan=\"2\">\n<p align=\"right\">1,5g<\/p>\n<\/td>\n<td colspan=\"2\">\n<p align=\"right\">0,5g<\/p>\n<\/td>\n<\/tr>\n<tr>\n<td>Prote\u00edna<\/td>\n<td colspan=\"2\">\n<p align=\"right\">0,3g<\/p>\n<\/td>\n<td colspan=\"2\">\n<p align=\"right\">0,1g<\/p>\n<\/td>\n<\/tr>\n<tr>\n<td>Sal<\/td>\n<td colspan=\"2\">\n<p align=\"right\">1,11g<\/p>\n<\/td>\n<td colspan=\"2\">\n<p align=\"right\">0,39g<\/p>\n<\/td>\n<\/tr>\n<tr>\n<td>potasio<\/td>\n<td>\n<p align=\"right\">17%*<\/p>\n<\/td>\n<td>\n<p align=\"right\">345 mg<\/p>\n<\/td>\n<td>\n<p align=\"right\">6%*<\/p>\n<\/td>\n<td>\n<p align=\"right\">120 mg<\/p>\n<\/td>\n<\/tr>\n<tr>\n<td>sodio<\/td>\n<td>\n<p align=\"right\">&#8212;<\/p>\n<\/td>\n<td>\n<p align=\"right\">443 mg<\/p>\n<\/td>\n<td>\n<p align=\"right\">&#8212;<\/p>\n<\/td>\n<td>\n<p align=\"right\">155 mg<\/p>\n<\/td>\n<\/tr>\n<\/tbody>\n<\/table>\n<p>*los valores de referencia de nutrientes<\/p>\n","protected":false},"excerpt":{"rendered":"<h4><b>LIQUID ENERGY SALTY(35g)<\/b><\/h4>\n<p>Liquid Energy Salty (anteriormente Liquid Energy Long) es un gel energ\u00e9tico altamente concentrado con fuentes de carbohidratos de cadena larga y corta.\u00a0Las fibras de cebada que contienen isomaltulosa y betaglucano hacen de Liquid Energy Salty un nuevo tipo de gel de carbohidratos.<\/p>\n","protected":false},"featured_media":10046,"template":"","meta":[],"product_cat":[534,536],"product_tag":[],"class_list":{"0":"post-10045","1":"product","2":"type-product","3":"status-publish","4":"has-post-thumbnail","6":"product_cat-deportista","7":"product_cat-energia-y-resistencia","9":"first","10":"outofstock","11":"shipping-taxable","12":"purchasable","13":"product-type-simple"},"yoast_head":"<!-- This site is optimized with the Yoast SEO plugin v25.2 - https:\/\/yoast.com\/wordpress\/plugins\/seo\/ -->\n<title>Liquid energy Salty 35grs - YAOMARKET<\/title>\n<meta name=\"robots\" content=\"index, follow, max-snippet:-1, max-image-preview:large, max-video-preview:-1\" \/>\n<link rel=\"canonical\" href=\"https:\/\/yaomarket.cl\/?product=liquid-energy-salty-35grs\" \/>\n<meta property=\"og:locale\" content=\"es_ES\" \/>\n<meta property=\"og:type\" content=\"article\" \/>\n<meta property=\"og:title\" content=\"Liquid energy Salty 35grs - YAOMARKET\" \/>\n<meta property=\"og:description\" content=\"LIQUID ENERGY SALTY(35g) Liquid Energy Salty (anteriormente Liquid Energy Long) es un gel energ\u00e9tico altamente concentrado con fuentes de carbohidratos de cadena larga y corta.\u00a0Las fibras de cebada que contienen isomaltulosa y betaglucano hacen de Liquid Energy Salty un nuevo tipo de gel de carbohidratos.\" \/>\n<meta property=\"og:url\" content=\"https:\/\/yaomarket.cl\/?product=liquid-energy-salty-35grs\" \/>\n<meta property=\"og:site_name\" content=\"YAOMARKET\" \/>\n<meta property=\"article:publisher\" content=\"https:\/\/www.facebook.com\/yaomarketchile\/\" \/>\n<meta property=\"article:modified_time\" content=\"2025-11-04T15:54:45+00:00\" \/>\n<meta property=\"og:image\" content=\"https:\/\/yaomarket.cl\/wp-content\/uploads\/2023\/09\/liquid-energy-salty-35grs.png\" \/>\n\t<meta property=\"og:image:width\" content=\"492\" \/>\n\t<meta property=\"og:image:height\" content=\"492\" \/>\n\t<meta property=\"og:image:type\" content=\"image\/png\" \/>\n<meta name=\"twitter:card\" content=\"summary_large_image\" \/>\n<script type=\"application\/ld+json\" class=\"yoast-schema-graph\">{\"@context\":\"https:\/\/schema.org\",\"@graph\":[{\"@type\":\"WebPage\",\"@id\":\"https:\/\/yaomarket.cl\/?product=liquid-energy-salty-35grs\",\"url\":\"https:\/\/yaomarket.cl\/?product=liquid-energy-salty-35grs\",\"name\":\"Liquid energy Salty 35grs - YAOMARKET\",\"isPartOf\":{\"@id\":\"https:\/\/yaomarket.cl\/#website\"},\"primaryImageOfPage\":{\"@id\":\"https:\/\/yaomarket.cl\/?product=liquid-energy-salty-35grs#primaryimage\"},\"image\":{\"@id\":\"https:\/\/yaomarket.cl\/?product=liquid-energy-salty-35grs#primaryimage\"},\"thumbnailUrl\":\"https:\/\/yaomarket.cl\/wp-content\/uploads\/2023\/09\/liquid-energy-salty-35grs.png\",\"datePublished\":\"2023-09-06T21:33:40+00:00\",\"dateModified\":\"2025-11-04T15:54:45+00:00\",\"breadcrumb\":{\"@id\":\"https:\/\/yaomarket.cl\/?product=liquid-energy-salty-35grs#breadcrumb\"},\"inLanguage\":\"es\",\"potentialAction\":[{\"@type\":\"ReadAction\",\"target\":[\"https:\/\/yaomarket.cl\/?product=liquid-energy-salty-35grs\"]}]},{\"@type\":\"ImageObject\",\"inLanguage\":\"es\",\"@id\":\"https:\/\/yaomarket.cl\/?product=liquid-energy-salty-35grs#primaryimage\",\"url\":\"https:\/\/yaomarket.cl\/wp-content\/uploads\/2023\/09\/liquid-energy-salty-35grs.png\",\"contentUrl\":\"https:\/\/yaomarket.cl\/wp-content\/uploads\/2023\/09\/liquid-energy-salty-35grs.png\",\"width\":492,\"height\":492},{\"@type\":\"BreadcrumbList\",\"@id\":\"https:\/\/yaomarket.cl\/?product=liquid-energy-salty-35grs#breadcrumb\",\"itemListElement\":[{\"@type\":\"ListItem\",\"position\":1,\"name\":\"Portada\",\"item\":\"https:\/\/yaomarket.cl\/\"},{\"@type\":\"ListItem\",\"position\":2,\"name\":\"TIENDA\",\"item\":\"https:\/\/yaomarket.cl\/?page_id=8\"},{\"@type\":\"ListItem\",\"position\":3,\"name\":\"Liquid energy Salty 35grs\"}]},{\"@type\":\"WebSite\",\"@id\":\"https:\/\/yaomarket.cl\/#website\",\"url\":\"https:\/\/yaomarket.cl\/\",\"name\":\"YAOMARKET\",\"description\":\"\",\"publisher\":{\"@id\":\"https:\/\/yaomarket.cl\/#organization\"},\"potentialAction\":[{\"@type\":\"SearchAction\",\"target\":{\"@type\":\"EntryPoint\",\"urlTemplate\":\"https:\/\/yaomarket.cl\/?s={search_term_string}\"},\"query-input\":{\"@type\":\"PropertyValueSpecification\",\"valueRequired\":true,\"valueName\":\"search_term_string\"}}],\"inLanguage\":\"es\"},{\"@type\":\"Organization\",\"@id\":\"https:\/\/yaomarket.cl\/#organization\",\"name\":\"YAOMARKET\",\"url\":\"https:\/\/yaomarket.cl\/\",\"logo\":{\"@type\":\"ImageObject\",\"inLanguage\":\"es\",\"@id\":\"https:\/\/yaomarket.cl\/#\/schema\/logo\/image\/\",\"url\":\"https:\/\/yaomarket.cl\/wp-content\/uploads\/2023\/08\/Logo-Original-Yao-Market-Circular.png\",\"contentUrl\":\"https:\/\/yaomarket.cl\/wp-content\/uploads\/2023\/08\/Logo-Original-Yao-Market-Circular.png\",\"width\":522,\"height\":522,\"caption\":\"YAOMARKET\"},\"image\":{\"@id\":\"https:\/\/yaomarket.cl\/#\/schema\/logo\/image\/\"},\"sameAs\":[\"https:\/\/www.facebook.com\/yaomarketchile\/\",\"https:\/\/www.instagram.com\/yao_market\/\"]}]}<\/script>\n<!-- \/ Yoast SEO plugin. -->","yoast_head_json":{"title":"Liquid energy Salty 35grs - YAOMARKET","robots":{"index":"index","follow":"follow","max-snippet":"max-snippet:-1","max-image-preview":"max-image-preview:large","max-video-preview":"max-video-preview:-1"},"canonical":"https:\/\/yaomarket.cl\/?product=liquid-energy-salty-35grs","og_locale":"es_ES","og_type":"article","og_title":"Liquid energy Salty 35grs - YAOMARKET","og_description":"LIQUID ENERGY SALTY(35g) Liquid Energy Salty (anteriormente Liquid Energy Long) es un gel energ\u00e9tico altamente concentrado con fuentes de carbohidratos de cadena larga y corta.\u00a0Las fibras de cebada que contienen isomaltulosa y betaglucano hacen de Liquid Energy Salty un nuevo tipo de gel de carbohidratos.","og_url":"https:\/\/yaomarket.cl\/?product=liquid-energy-salty-35grs","og_site_name":"YAOMARKET","article_publisher":"https:\/\/www.facebook.com\/yaomarketchile\/","article_modified_time":"2025-11-04T15:54:45+00:00","og_image":[{"width":492,"height":492,"url":"https:\/\/yaomarket.cl\/wp-content\/uploads\/2023\/09\/liquid-energy-salty-35grs.png","type":"image\/png"}],"twitter_card":"summary_large_image","schema":{"@context":"https:\/\/schema.org","@graph":[{"@type":"WebPage","@id":"https:\/\/yaomarket.cl\/?product=liquid-energy-salty-35grs","url":"https:\/\/yaomarket.cl\/?product=liquid-energy-salty-35grs","name":"Liquid energy Salty 35grs - YAOMARKET","isPartOf":{"@id":"https:\/\/yaomarket.cl\/#website"},"primaryImageOfPage":{"@id":"https:\/\/yaomarket.cl\/?product=liquid-energy-salty-35grs#primaryimage"},"image":{"@id":"https:\/\/yaomarket.cl\/?product=liquid-energy-salty-35grs#primaryimage"},"thumbnailUrl":"https:\/\/yaomarket.cl\/wp-content\/uploads\/2023\/09\/liquid-energy-salty-35grs.png","datePublished":"2023-09-06T21:33:40+00:00","dateModified":"2025-11-04T15:54:45+00:00","breadcrumb":{"@id":"https:\/\/yaomarket.cl\/?product=liquid-energy-salty-35grs#breadcrumb"},"inLanguage":"es","potentialAction":[{"@type":"ReadAction","target":["https:\/\/yaomarket.cl\/?product=liquid-energy-salty-35grs"]}]},{"@type":"ImageObject","inLanguage":"es","@id":"https:\/\/yaomarket.cl\/?product=liquid-energy-salty-35grs#primaryimage","url":"https:\/\/yaomarket.cl\/wp-content\/uploads\/2023\/09\/liquid-energy-salty-35grs.png","contentUrl":"https:\/\/yaomarket.cl\/wp-content\/uploads\/2023\/09\/liquid-energy-salty-35grs.png","width":492,"height":492},{"@type":"BreadcrumbList","@id":"https:\/\/yaomarket.cl\/?product=liquid-energy-salty-35grs#breadcrumb","itemListElement":[{"@type":"ListItem","position":1,"name":"Portada","item":"https:\/\/yaomarket.cl\/"},{"@type":"ListItem","position":2,"name":"TIENDA","item":"https:\/\/yaomarket.cl\/?page_id=8"},{"@type":"ListItem","position":3,"name":"Liquid energy Salty 35grs"}]},{"@type":"WebSite","@id":"https:\/\/yaomarket.cl\/#website","url":"https:\/\/yaomarket.cl\/","name":"YAOMARKET","description":"","publisher":{"@id":"https:\/\/yaomarket.cl\/#organization"},"potentialAction":[{"@type":"SearchAction","target":{"@type":"EntryPoint","urlTemplate":"https:\/\/yaomarket.cl\/?s={search_term_string}"},"query-input":{"@type":"PropertyValueSpecification","valueRequired":true,"valueName":"search_term_string"}}],"inLanguage":"es"},{"@type":"Organization","@id":"https:\/\/yaomarket.cl\/#organization","name":"YAOMARKET","url":"https:\/\/yaomarket.cl\/","logo":{"@type":"ImageObject","inLanguage":"es","@id":"https:\/\/yaomarket.cl\/#\/schema\/logo\/image\/","url":"https:\/\/yaomarket.cl\/wp-content\/uploads\/2023\/08\/Logo-Original-Yao-Market-Circular.png","contentUrl":"https:\/\/yaomarket.cl\/wp-content\/uploads\/2023\/08\/Logo-Original-Yao-Market-Circular.png","width":522,"height":522,"caption":"YAOMARKET"},"image":{"@id":"https:\/\/yaomarket.cl\/#\/schema\/logo\/image\/"},"sameAs":["https:\/\/www.facebook.com\/yaomarketchile\/","https:\/\/www.instagram.com\/yao_market\/"]}]}},"_links":{"self":[{"href":"https:\/\/yaomarket.cl\/index.php?rest_route=\/wp\/v2\/product\/10045","targetHints":{"allow":["GET"]}}],"collection":[{"href":"https:\/\/yaomarket.cl\/index.php?rest_route=\/wp\/v2\/product"}],"about":[{"href":"https:\/\/yaomarket.cl\/index.php?rest_route=\/wp\/v2\/types\/product"}],"wp:featuredmedia":[{"embeddable":true,"href":"https:\/\/yaomarket.cl\/index.php?rest_route=\/wp\/v2\/media\/10046"}],"wp:attachment":[{"href":"https:\/\/yaomarket.cl\/index.php?rest_route=%2Fwp%2Fv2%2Fmedia&parent=10045"}],"wp:term":[{"taxonomy":"product_cat","embeddable":true,"href":"https:\/\/yaomarket.cl\/index.php?rest_route=%2Fwp%2Fv2%2Fproduct_cat&post=10045"},{"taxonomy":"product_tag","embeddable":true,"href":"https:\/\/yaomarket.cl\/index.php?rest_route=%2Fwp%2Fv2%2Fproduct_tag&post=10045"}],"curies":[{"name":"wp","href":"https:\/\/api.w.org\/{rel}","templated":true}]}}