{"id":10038,"date":"2023-09-06T21:12:12","date_gmt":"2023-09-06T21:12:12","guid":{"rendered":"https:\/\/yaomarket.cl\/?post_type=product&#038;p=10038"},"modified":"2025-11-04T15:55:30","modified_gmt":"2025-11-04T15:55:30","slug":"carbo-loader-1200-gr-2","status":"publish","type":"product","link":"https:\/\/yaomarket.cl\/?product=carbo-loader-1200-gr-2","title":{"rendered":"Carbo Loader 1200 gr"},"content":{"rendered":"<p>El CARBO LOADER es una soluci\u00f3n electrol\u00edtica de carbohidratos de alta energ\u00eda, que fue desarrollada para el llenado eficiente de los dep\u00f3sitos de carbohidratos (carboloading). Esto requiere una ingesta muy alta de carbohidratos, que se puede lograr f\u00e1cilmente con CARBO LOADER. Alternativamente, ser\u00edan necesarias cantidades de pasta, patatas, arroz o similares que son dif\u00edcilmente manejables, lo que supondr\u00eda una tensi\u00f3n adicional sobre el est\u00f3mago y conducir\u00eda a una fuerte sensaci\u00f3n de saciedad. CARBO LOADER est\u00e1 especialmente dise\u00f1ado para los \u00faltimos 1-2 d\u00edas antes de la competici\u00f3n de resistencia (por ejemplo, ciclismo, carrera, triatl\u00f3n, esqu\u00ed de fondo, trail running) y tambi\u00e9n se puede utilizar para promover la recuperaci\u00f3n, por ejemplo, en campos de entrenamiento o el d\u00eda despu\u00e9s de la competencia.<\/p>\n<p>CARBO LOADER contiene electrolitos, varios tipos de az\u00facar y no contiene fructosa. VITARGOTM es un carbohidrato patentado elaborado a partir de almid\u00f3n de cebada con un peso molecular aproximadamente 100 veces superior al de la maltodextrina. Esto provoca una osmolalidad muy baja con la ventaja de que con una determinada cantidad de energ\u00eda el est\u00f3mago est\u00e1 menos estresado que con la misma cantidad de energ\u00eda de los carbohidratos de cadena corta. El resultado es un vaciado g\u00e1strico comparativamente m\u00e1s r\u00e1pido y una absorci\u00f3n de energ\u00eda y l\u00edquidos acelerada.<\/p>\n","protected":false},"excerpt":{"rendered":"<table width=\"634\">\n<tbody>\n<tr>\n<td width=\"391\">Bebida especialmente desarrollada para llenar reservas carbohidratos. Supuesto de almacenamiento de gluc\u00f3geno de manera \u00f3ptima antes de las competiciones por medio de una porci\u00f3n al 1 d\u00eda.<\/td>\n<\/tr>\n<tr>\n<td width=\"391\"><\/td>\n<\/tr>\n<tr>\n<td width=\"391\">Maltodextrina, sacarosa, almid\u00f3n de cebada (VITARGO) 17%, trehalosa *, minerales (sodio, calcio, magnesio, cloruro de sodio, citrato de potasio), acidulante (m\u00e1lico, c\u00edtrico) sabor naranja<\/p>\n<p>* Fuente de la glucosa<\/td>\n<\/tr>\n<\/tbody>\n<\/table>\n","protected":false},"featured_media":10039,"template":"","meta":[],"product_cat":[534,536],"product_tag":[],"class_list":{"0":"post-10038","1":"product","2":"type-product","3":"status-publish","4":"has-post-thumbnail","6":"product_cat-deportista","7":"product_cat-energia-y-resistencia","9":"first","10":"outofstock","11":"shipping-taxable","12":"purchasable","13":"product-type-simple"},"yoast_head":"<!-- This site is optimized with the Yoast SEO plugin v25.2 - https:\/\/yoast.com\/wordpress\/plugins\/seo\/ -->\n<title>Carbo Loader 1200 gr - YAOMARKET<\/title>\n<meta name=\"robots\" content=\"index, follow, max-snippet:-1, max-image-preview:large, max-video-preview:-1\" \/>\n<link rel=\"canonical\" href=\"https:\/\/yaomarket.cl\/?product=carbo-loader-1200-gr-2\" \/>\n<meta property=\"og:locale\" content=\"es_ES\" \/>\n<meta property=\"og:type\" content=\"article\" \/>\n<meta property=\"og:title\" content=\"Carbo Loader 1200 gr - YAOMARKET\" \/>\n<meta property=\"og:description\" content=\"Bebida especialmente desarrollada para llenar reservas carbohidratos. Supuesto de almacenamiento de gluc\u00f3geno de manera \u00f3ptima antes de las competiciones por medio de una porci\u00f3n al 1 d\u00eda.      Maltodextrina, sacarosa, almid\u00f3n de cebada (VITARGO) 17%, trehalosa *, minerales (sodio, calcio, magnesio, cloruro de sodio, citrato de potasio), acidulante (m\u00e1lico, c\u00edtrico) sabor naranja  * Fuente de la glucosa\" \/>\n<meta property=\"og:url\" content=\"https:\/\/yaomarket.cl\/?product=carbo-loader-1200-gr-2\" \/>\n<meta property=\"og:site_name\" content=\"YAOMARKET\" \/>\n<meta property=\"article:publisher\" content=\"https:\/\/www.facebook.com\/yaomarketchile\/\" \/>\n<meta property=\"article:modified_time\" content=\"2025-11-04T15:55:30+00:00\" \/>\n<meta property=\"og:image\" content=\"https:\/\/yaomarket.cl\/wp-content\/uploads\/2023\/09\/carbo-loader-1200-gr-1.jpg\" \/>\n\t<meta property=\"og:image:width\" content=\"492\" \/>\n\t<meta property=\"og:image:height\" content=\"492\" \/>\n\t<meta property=\"og:image:type\" content=\"image\/jpeg\" \/>\n<meta name=\"twitter:card\" content=\"summary_large_image\" \/>\n<meta name=\"twitter:label1\" content=\"Tiempo de lectura\" \/>\n\t<meta name=\"twitter:data1\" content=\"1 minuto\" \/>\n<script type=\"application\/ld+json\" class=\"yoast-schema-graph\">{\"@context\":\"https:\/\/schema.org\",\"@graph\":[{\"@type\":\"WebPage\",\"@id\":\"https:\/\/yaomarket.cl\/?product=carbo-loader-1200-gr-2\",\"url\":\"https:\/\/yaomarket.cl\/?product=carbo-loader-1200-gr-2\",\"name\":\"Carbo Loader 1200 gr - YAOMARKET\",\"isPartOf\":{\"@id\":\"https:\/\/yaomarket.cl\/#website\"},\"primaryImageOfPage\":{\"@id\":\"https:\/\/yaomarket.cl\/?product=carbo-loader-1200-gr-2#primaryimage\"},\"image\":{\"@id\":\"https:\/\/yaomarket.cl\/?product=carbo-loader-1200-gr-2#primaryimage\"},\"thumbnailUrl\":\"https:\/\/yaomarket.cl\/wp-content\/uploads\/2023\/09\/carbo-loader-1200-gr-1.jpg\",\"datePublished\":\"2023-09-06T21:12:12+00:00\",\"dateModified\":\"2025-11-04T15:55:30+00:00\",\"breadcrumb\":{\"@id\":\"https:\/\/yaomarket.cl\/?product=carbo-loader-1200-gr-2#breadcrumb\"},\"inLanguage\":\"es\",\"potentialAction\":[{\"@type\":\"ReadAction\",\"target\":[\"https:\/\/yaomarket.cl\/?product=carbo-loader-1200-gr-2\"]}]},{\"@type\":\"ImageObject\",\"inLanguage\":\"es\",\"@id\":\"https:\/\/yaomarket.cl\/?product=carbo-loader-1200-gr-2#primaryimage\",\"url\":\"https:\/\/yaomarket.cl\/wp-content\/uploads\/2023\/09\/carbo-loader-1200-gr-1.jpg\",\"contentUrl\":\"https:\/\/yaomarket.cl\/wp-content\/uploads\/2023\/09\/carbo-loader-1200-gr-1.jpg\",\"width\":492,\"height\":492},{\"@type\":\"BreadcrumbList\",\"@id\":\"https:\/\/yaomarket.cl\/?product=carbo-loader-1200-gr-2#breadcrumb\",\"itemListElement\":[{\"@type\":\"ListItem\",\"position\":1,\"name\":\"Portada\",\"item\":\"https:\/\/yaomarket.cl\/\"},{\"@type\":\"ListItem\",\"position\":2,\"name\":\"TIENDA\",\"item\":\"https:\/\/yaomarket.cl\/?page_id=8\"},{\"@type\":\"ListItem\",\"position\":3,\"name\":\"Carbo Loader 1200 gr\"}]},{\"@type\":\"WebSite\",\"@id\":\"https:\/\/yaomarket.cl\/#website\",\"url\":\"https:\/\/yaomarket.cl\/\",\"name\":\"YAOMARKET\",\"description\":\"\",\"publisher\":{\"@id\":\"https:\/\/yaomarket.cl\/#organization\"},\"potentialAction\":[{\"@type\":\"SearchAction\",\"target\":{\"@type\":\"EntryPoint\",\"urlTemplate\":\"https:\/\/yaomarket.cl\/?s={search_term_string}\"},\"query-input\":{\"@type\":\"PropertyValueSpecification\",\"valueRequired\":true,\"valueName\":\"search_term_string\"}}],\"inLanguage\":\"es\"},{\"@type\":\"Organization\",\"@id\":\"https:\/\/yaomarket.cl\/#organization\",\"name\":\"YAOMARKET\",\"url\":\"https:\/\/yaomarket.cl\/\",\"logo\":{\"@type\":\"ImageObject\",\"inLanguage\":\"es\",\"@id\":\"https:\/\/yaomarket.cl\/#\/schema\/logo\/image\/\",\"url\":\"https:\/\/yaomarket.cl\/wp-content\/uploads\/2023\/08\/Logo-Original-Yao-Market-Circular.png\",\"contentUrl\":\"https:\/\/yaomarket.cl\/wp-content\/uploads\/2023\/08\/Logo-Original-Yao-Market-Circular.png\",\"width\":522,\"height\":522,\"caption\":\"YAOMARKET\"},\"image\":{\"@id\":\"https:\/\/yaomarket.cl\/#\/schema\/logo\/image\/\"},\"sameAs\":[\"https:\/\/www.facebook.com\/yaomarketchile\/\",\"https:\/\/www.instagram.com\/yao_market\/\"]}]}<\/script>\n<!-- \/ Yoast SEO plugin. -->","yoast_head_json":{"title":"Carbo Loader 1200 gr - YAOMARKET","robots":{"index":"index","follow":"follow","max-snippet":"max-snippet:-1","max-image-preview":"max-image-preview:large","max-video-preview":"max-video-preview:-1"},"canonical":"https:\/\/yaomarket.cl\/?product=carbo-loader-1200-gr-2","og_locale":"es_ES","og_type":"article","og_title":"Carbo Loader 1200 gr - YAOMARKET","og_description":"Bebida especialmente desarrollada para llenar reservas carbohidratos. Supuesto de almacenamiento de gluc\u00f3geno de manera \u00f3ptima antes de las competiciones por medio de una porci\u00f3n al 1 d\u00eda.      Maltodextrina, sacarosa, almid\u00f3n de cebada (VITARGO) 17%, trehalosa *, minerales (sodio, calcio, magnesio, cloruro de sodio, citrato de potasio), acidulante (m\u00e1lico, c\u00edtrico) sabor naranja  * Fuente de la glucosa","og_url":"https:\/\/yaomarket.cl\/?product=carbo-loader-1200-gr-2","og_site_name":"YAOMARKET","article_publisher":"https:\/\/www.facebook.com\/yaomarketchile\/","article_modified_time":"2025-11-04T15:55:30+00:00","og_image":[{"width":492,"height":492,"url":"https:\/\/yaomarket.cl\/wp-content\/uploads\/2023\/09\/carbo-loader-1200-gr-1.jpg","type":"image\/jpeg"}],"twitter_card":"summary_large_image","twitter_misc":{"Tiempo de lectura":"1 minuto"},"schema":{"@context":"https:\/\/schema.org","@graph":[{"@type":"WebPage","@id":"https:\/\/yaomarket.cl\/?product=carbo-loader-1200-gr-2","url":"https:\/\/yaomarket.cl\/?product=carbo-loader-1200-gr-2","name":"Carbo Loader 1200 gr - YAOMARKET","isPartOf":{"@id":"https:\/\/yaomarket.cl\/#website"},"primaryImageOfPage":{"@id":"https:\/\/yaomarket.cl\/?product=carbo-loader-1200-gr-2#primaryimage"},"image":{"@id":"https:\/\/yaomarket.cl\/?product=carbo-loader-1200-gr-2#primaryimage"},"thumbnailUrl":"https:\/\/yaomarket.cl\/wp-content\/uploads\/2023\/09\/carbo-loader-1200-gr-1.jpg","datePublished":"2023-09-06T21:12:12+00:00","dateModified":"2025-11-04T15:55:30+00:00","breadcrumb":{"@id":"https:\/\/yaomarket.cl\/?product=carbo-loader-1200-gr-2#breadcrumb"},"inLanguage":"es","potentialAction":[{"@type":"ReadAction","target":["https:\/\/yaomarket.cl\/?product=carbo-loader-1200-gr-2"]}]},{"@type":"ImageObject","inLanguage":"es","@id":"https:\/\/yaomarket.cl\/?product=carbo-loader-1200-gr-2#primaryimage","url":"https:\/\/yaomarket.cl\/wp-content\/uploads\/2023\/09\/carbo-loader-1200-gr-1.jpg","contentUrl":"https:\/\/yaomarket.cl\/wp-content\/uploads\/2023\/09\/carbo-loader-1200-gr-1.jpg","width":492,"height":492},{"@type":"BreadcrumbList","@id":"https:\/\/yaomarket.cl\/?product=carbo-loader-1200-gr-2#breadcrumb","itemListElement":[{"@type":"ListItem","position":1,"name":"Portada","item":"https:\/\/yaomarket.cl\/"},{"@type":"ListItem","position":2,"name":"TIENDA","item":"https:\/\/yaomarket.cl\/?page_id=8"},{"@type":"ListItem","position":3,"name":"Carbo Loader 1200 gr"}]},{"@type":"WebSite","@id":"https:\/\/yaomarket.cl\/#website","url":"https:\/\/yaomarket.cl\/","name":"YAOMARKET","description":"","publisher":{"@id":"https:\/\/yaomarket.cl\/#organization"},"potentialAction":[{"@type":"SearchAction","target":{"@type":"EntryPoint","urlTemplate":"https:\/\/yaomarket.cl\/?s={search_term_string}"},"query-input":{"@type":"PropertyValueSpecification","valueRequired":true,"valueName":"search_term_string"}}],"inLanguage":"es"},{"@type":"Organization","@id":"https:\/\/yaomarket.cl\/#organization","name":"YAOMARKET","url":"https:\/\/yaomarket.cl\/","logo":{"@type":"ImageObject","inLanguage":"es","@id":"https:\/\/yaomarket.cl\/#\/schema\/logo\/image\/","url":"https:\/\/yaomarket.cl\/wp-content\/uploads\/2023\/08\/Logo-Original-Yao-Market-Circular.png","contentUrl":"https:\/\/yaomarket.cl\/wp-content\/uploads\/2023\/08\/Logo-Original-Yao-Market-Circular.png","width":522,"height":522,"caption":"YAOMARKET"},"image":{"@id":"https:\/\/yaomarket.cl\/#\/schema\/logo\/image\/"},"sameAs":["https:\/\/www.facebook.com\/yaomarketchile\/","https:\/\/www.instagram.com\/yao_market\/"]}]}},"_links":{"self":[{"href":"https:\/\/yaomarket.cl\/index.php?rest_route=\/wp\/v2\/product\/10038","targetHints":{"allow":["GET"]}}],"collection":[{"href":"https:\/\/yaomarket.cl\/index.php?rest_route=\/wp\/v2\/product"}],"about":[{"href":"https:\/\/yaomarket.cl\/index.php?rest_route=\/wp\/v2\/types\/product"}],"wp:featuredmedia":[{"embeddable":true,"href":"https:\/\/yaomarket.cl\/index.php?rest_route=\/wp\/v2\/media\/10039"}],"wp:attachment":[{"href":"https:\/\/yaomarket.cl\/index.php?rest_route=%2Fwp%2Fv2%2Fmedia&parent=10038"}],"wp:term":[{"taxonomy":"product_cat","embeddable":true,"href":"https:\/\/yaomarket.cl\/index.php?rest_route=%2Fwp%2Fv2%2Fproduct_cat&post=10038"},{"taxonomy":"product_tag","embeddable":true,"href":"https:\/\/yaomarket.cl\/index.php?rest_route=%2Fwp%2Fv2%2Fproduct_tag&post=10038"}],"curies":[{"name":"wp","href":"https:\/\/api.w.org\/{rel}","templated":true}]}}