{"id":10032,"date":"2023-09-06T20:59:10","date_gmt":"2023-09-06T20:59:10","guid":{"rendered":"https:\/\/yaomarket.cl\/?post_type=product&#038;p=10032"},"modified":"2025-11-04T15:24:36","modified_gmt":"2025-11-04T15:24:36","slug":"recovery-drink-strawberry-banana-1200-g","status":"publish","type":"product","link":"https:\/\/yaomarket.cl\/?product=recovery-drink-strawberry-banana-1200-g","title":{"rendered":"Recovery Drink Strawberry\/Banana 1200 g"},"content":{"rendered":"<p style=\"font-weight: 400;\">Recovery Drink de SPONSER\u00ae es una sabrosa bebida recuperadora de carbohidratos y prote\u00ednas. Contiene carbohidratos de cadena corta y larga que reponen de manera \u00f3ptima las reservas de gluc\u00f3geno despu\u00e9s del ejercicio. El contenido de prote\u00ednas se basa<\/p>\n<p style=\"font-weight: 400;\">en prote\u00edna de suero y case\u00edna, que apoyan el proceso de reconstrucci\u00f3n de los m\u00fasculos.<\/p>\n<p style=\"font-weight: 400;\">Recovery Drink es tu compa\u00f1ero ideal en el camino. La pr\u00e1ctica bolsa de porciones cabe en cualquier bolsa de deporte y se puede preparar f\u00e1cilmente en una botella para beber o en una coctelera.<\/p>\n<p style=\"font-weight: 400;\">ingredientes de alta calidad<\/p>\n<p style=\"font-weight: 400;\">El aislado de prote\u00edna de suero de leche de microfiltraci\u00f3n de flujo cruzado proporciona prote\u00edna natural concentrada con un contenido de BCAA del 25% (2,9 g BCAA\/Port.). Enriquecido adicionalmente con los amino\u00e1cidos libres leucina (1,8 g\/port.) y glutamina (1,3 g\/port.), as\u00ed como vitaminas y minerales. El magnesio y el calcio contribuyen a la funci\u00f3n muscular normal. Sin edulcorantes artificiales. Sin lactosa, sin gluten.<\/p>\n<p style=\"font-weight: 400;\">uso \u00f3ptimo<\/p>\n<p style=\"font-weight: 400;\">Para un efecto \u00f3ptimo en cuanto a la recuperaci\u00f3n, recomendamos tomar RECOVERY DRINK lo antes posible despu\u00e9s de la sesi\u00f3n de entrenamiento. Para una mayor proporci\u00f3n de prote\u00ednas, lo ideal es combinarlo convenientemente con AMINO 12500.<\/p>\n<p style=\"font-weight: 400;\">Tambi\u00e9n se puede utilizar como fuente de prote\u00ednas y carbohidratos l\u00edquidos aprox. una hora antes del ejercicio. Prueba la compatibilidad antes de la competencia en el entrenamiento.<\/p>\n<p style=\"font-weight: 400;\">\n<table style=\"font-weight: 400;\" width=\"394\">\n<tbody>\n<tr>\n<td width=\"288\"><b><strong>N\u00e4hrwerte\/valeurs nutritives\/nutrition facts<\/strong><\/b><\/td>\n<td width=\"123\"><b><strong>100 g<\/strong><\/b><\/td>\n<td width=\"123\"><b><strong>60 g (300 ml)<\/strong><\/b><\/td>\n<\/tr>\n<tr>\n<td>Energie\/energy kJ (kcal)<\/td>\n<td>1525 (360)<\/td>\n<td>920 (218)<\/td>\n<\/tr>\n<tr>\n<td>Fett\/lipides\/fat<\/td>\n<td>2.2 g<\/td>\n<td>1.2 g<\/td>\n<\/tr>\n<tr>\n<td>davon ges\u00e4ttigte Fetts\u00e4uren\/of which saturated fatty acids<\/td>\n<td>0.5 g<\/td>\n<td>0.3 g<\/td>\n<\/tr>\n<tr>\n<td>Kohlenhydrate\/glucides\/carbohydrates<\/td>\n<td>63 g<\/td>\n<td>38 g<\/td>\n<\/tr>\n<tr>\n<td>davon Zuckerarten\/of which sugars<\/td>\n<td>48 g<\/td>\n<td>29 g<\/td>\n<\/tr>\n<tr>\n<td>Ballaststoffe\/fibres alimentaires\/fibres<\/td>\n<td>6.5 g<\/td>\n<td>3.9 g<\/td>\n<\/tr>\n<tr>\n<td>Eiweiss\/prot\u00e9ines\/protein<\/td>\n<td>17 g<\/td>\n<td>10 g<\/td>\n<\/tr>\n<tr>\n<td>Salz\/sel\/salt<\/td>\n<td>0.80 g<\/td>\n<td>0.48 g<\/td>\n<\/tr>\n<\/tbody>\n<\/table>\n<p style=\"font-weight: 400;\">\n<table style=\"font-weight: 400;\" width=\"394\">\n<tbody>\n<tr>\n<td width=\"200\"><b><strong>Vitamine\/vitamin(e)s<\/strong><\/b><\/td>\n<td width=\"80\"><b><strong>100 g<\/strong><\/b><\/td>\n<td width=\"60\"><b><strong>%NRV*<\/strong><\/b><\/td>\n<td width=\"80\"><b><strong>1 Portion**<\/strong><\/b><\/td>\n<td width=\"60\"><b><strong>%NRV*<\/strong><\/b><\/td>\n<\/tr>\n<tr>\n<td>A<\/td>\n<td>602 \u03bcg<\/td>\n<td>75%<\/td>\n<td>360 \u03bcg<\/td>\n<td>45%<\/td>\n<\/tr>\n<tr>\n<td>D<\/td>\n<td>4.3 \u03bcg<\/td>\n<td>85%<\/td>\n<td>2.5 \u03bcg<\/td>\n<td>50%<\/td>\n<\/tr>\n<tr>\n<td>E<\/td>\n<td>8.5 mg<\/td>\n<td>71%<\/td>\n<td>5.1 mg<\/td>\n<td>43%<\/td>\n<\/tr>\n<tr>\n<td>C<\/td>\n<td>38 mg<\/td>\n<td>48%<\/td>\n<td>23 mg<\/td>\n<td>29%<\/td>\n<\/tr>\n<tr>\n<td>B1<\/td>\n<td>0.9 mg<\/td>\n<td>83%<\/td>\n<td>0.5 mg<\/td>\n<td>50%<\/td>\n<\/tr>\n<tr>\n<td>B2<\/td>\n<td>1.3 mg<\/td>\n<td>95%<\/td>\n<td>0.7 mg<\/td>\n<td>50%<\/td>\n<\/tr>\n<tr>\n<td>Niacin(e)<\/td>\n<td>15 mg<\/td>\n<td>94%<\/td>\n<td>8.0 mg<\/td>\n<td>50%<\/td>\n<\/tr>\n<tr>\n<td>B6<\/td>\n<td>1.3 mg<\/td>\n<td>90%<\/td>\n<td>0.7 mg<\/td>\n<td>50%<\/td>\n<\/tr>\n<tr>\n<td>Fols\u00e4ure\/folic acid<\/td>\n<td>171 \u03bcg<\/td>\n<td>86%<\/td>\n<td>100 \u03bcg<\/td>\n<td>50%<\/td>\n<\/tr>\n<tr>\n<td>B12<\/td>\n<td>1.2 \u03bcg<\/td>\n<td>48%<\/td>\n<td>0.7 \u03bcg<\/td>\n<td>29%<\/td>\n<\/tr>\n<tr>\n<td>Biotin(e)<\/td>\n<td>13 \u03bcg<\/td>\n<td>26%<\/td>\n<td>7.6 \u03bcg<\/td>\n<td>15%<\/td>\n<\/tr>\n<tr>\n<td>Pantothens\u00e4ure\/pantothenic acid<\/td>\n<td>2.5 mg<\/td>\n<td>42%<\/td>\n<td>1.5 mg<\/td>\n<td>25%<\/td>\n<\/tr>\n<\/tbody>\n<\/table>\n<p style=\"font-weight: 400;\"><b><strong>Ingredients:\u00a0<\/strong><\/b>Fruit powders 17% (maltodextrine, strawberry, banana), glucose, sucrose, fructose,\u00a0<b><strong>whey\u00a0<\/strong><\/b>protein isolate 10%, maltodextrine, inulin 7% (soluble fibre), protein hydrolysates 6% (<b><strong>casein, whey<\/strong><\/b>), minerals (magnesium, calcium and zinc lactate, sodium citrate, ferrous fumarate, zinc, copper and manganese gluconate, potassium iodate, chromium-containing nutritional yeast, sodium selenate), emulsifier sunflower lecithin, L-glutamine 2%, L-leucine 2%, colouring beetroot juice, acidulant citric acid, flavours, thickeners (guar seed flour, xanthane), vitamins (ascorbic acid, alpha-tocopheryl acetate, nicotinamide, retinyl acetate, calcium pantothenate, cholecalciferol, pyridoxine hydrochloride, riboflavin, cyanocobalamin, thiamin mononitrate, folic acid, biotin).<\/p>\n<p style=\"font-weight: 400;\">Developed and producet in Switzerland<\/p>\n<table style=\"font-weight: 400;\" width=\"394\">\n<tbody>\n<tr>\n<td width=\"200\"><b><strong>Mineralstoffe\/sels min\u00e9raux\/minerals<\/strong><\/b><\/td>\n<td width=\"80\"><b><strong>100 g<\/strong><\/b><\/td>\n<td width=\"60\"><b><strong>%NRV*<\/strong><\/b><\/td>\n<td width=\"80\"><b><strong>1 Portion**\u00a0<\/strong><\/b><\/td>\n<td width=\"60\"><b><strong>%NRV*<\/strong><\/b><\/td>\n<\/tr>\n<tr>\n<td>Natrium\/sodium<\/td>\n<td>320 mg<\/td>\n<td>&#8212;<\/td>\n<td>192 mg<\/td>\n<td>&#8212;<\/td>\n<\/tr>\n<tr>\n<td>Calcium<\/td>\n<td>270 mg<\/td>\n<td>34%<\/td>\n<td>162 mg<\/td>\n<td>20%<\/td>\n<\/tr>\n<tr>\n<td>Magnesium\/magn\u00e9sium<\/td>\n<td>100 mg<\/td>\n<td>27%<\/td>\n<td>60 mg<\/td>\n<td>16%<\/td>\n<\/tr>\n<tr>\n<td>Eisen\/fer\/iron<\/td>\n<td>8.3 mg<\/td>\n<td>59%<\/td>\n<td>5.0 mg<\/td>\n<td>36%<\/td>\n<\/tr>\n<tr>\n<td>Zink\/zinc<\/td>\n<td>8.3 mg<\/td>\n<td>83%<\/td>\n<td>5.0 mg<\/td>\n<td>50%<\/td>\n<\/tr>\n<tr>\n<td>Kupfer\/cuivre\/copper<\/td>\n<td>0.5 mg<\/td>\n<td>50%<\/td>\n<td>0.3 mg<\/td>\n<td>30%<\/td>\n<\/tr>\n<tr>\n<td>Mangan\/mangan\u00e8se<\/td>\n<td>0.5 mg<\/td>\n<td>25%<\/td>\n<td>0.3 mg<\/td>\n<td>15%<\/td>\n<\/tr>\n<tr>\n<td>Selen\/s\u00e9l\u00e9nium<\/td>\n<td>25 \u00b5g<\/td>\n<td>45%<\/td>\n<td>15 \u00b5g<\/td>\n<td>27%<\/td>\n<\/tr>\n<tr>\n<td>Chrom(e)\/chromium<\/td>\n<td>33 \u00b5g<\/td>\n<td>83%<\/td>\n<td>20 \u00b5g<\/td>\n<td>50%<\/td>\n<\/tr>\n<tr>\n<td>Iod(e)\/iodine<\/td>\n<td>50 \u03bcg<\/td>\n<td>33%<\/td>\n<td>30 \u03bcg<\/td>\n<td>20%<\/td>\n<\/tr>\n<\/tbody>\n<\/table>\n<p style=\"font-weight: 400;\">\n<table style=\"font-weight: 400;\" width=\"394\">\n<tbody>\n<tr>\n<td colspan=\"3\"><b><strong>Aminos\u00e4uren\/acides amin\u00e9s\/amino acids<\/strong><\/b><\/td>\n<\/tr>\n<tr>\n<td width=\"288\">L-Glutamin(e)<\/td>\n<td width=\"123\">2200 mg<\/td>\n<td width=\"123\">1325 mg<\/td>\n<\/tr>\n<tr>\n<td>BCAA (L-Leucin, L-Isoleucin, L-Valin)<\/td>\n<td>4850 mg<\/td>\n<td>2910 mg<\/td>\n<\/tr>\n<\/tbody>\n<\/table>\n<p style=\"font-weight: 400;\">100 ml of the preparation (60 g + 300 ml water) contains 310 kJ (73 kcal).<\/p>\n","protected":false},"excerpt":{"rendered":"<p style=\"font-weight: 400;\">Bebida de recuperaci\u00f3n con hidratos de carbono y prote\u00ednas<\/p>\n<p style=\"font-weight: 400;\">Recuperaci\u00f3n r\u00e1pida despu\u00e9s del deporte<\/p>\n<p style=\"font-weight: 400;\">Con prote\u00edna de suero, L-glutamina y L-leucina<\/p>\n<p style=\"font-weight: 400;\">Pr\u00e1ctica bolsa de porciones, preparaci\u00f3n con agua<\/p>\n<p style=\"font-weight: 400;\">Sin lactosa y sin gluten<\/p>\n","protected":false},"featured_media":10033,"template":"","meta":[],"product_cat":[534,536],"product_tag":[],"class_list":{"0":"post-10032","1":"product","2":"type-product","3":"status-publish","4":"has-post-thumbnail","6":"product_cat-deportista","7":"product_cat-energia-y-resistencia","9":"first","10":"outofstock","11":"shipping-taxable","12":"purchasable","13":"product-type-simple"},"yoast_head":"<!-- This site is optimized with the Yoast SEO plugin v25.2 - https:\/\/yoast.com\/wordpress\/plugins\/seo\/ -->\n<title>Recovery Drink Strawberry\/Banana 1200 g - YAOMARKET<\/title>\n<meta name=\"robots\" content=\"index, follow, max-snippet:-1, max-image-preview:large, max-video-preview:-1\" \/>\n<link rel=\"canonical\" href=\"https:\/\/yaomarket.cl\/?product=recovery-drink-strawberry-banana-1200-g\" \/>\n<meta property=\"og:locale\" content=\"es_ES\" \/>\n<meta property=\"og:type\" content=\"article\" \/>\n<meta property=\"og:title\" content=\"Recovery Drink Strawberry\/Banana 1200 g - YAOMARKET\" \/>\n<meta property=\"og:description\" content=\"Bebida de recuperaci\u00f3n con hidratos de carbono y prote\u00ednas Recuperaci\u00f3n r\u00e1pida despu\u00e9s del deporte Con prote\u00edna de suero, L-glutamina y L-leucina Pr\u00e1ctica bolsa de porciones, preparaci\u00f3n con agua Sin lactosa y sin gluten\" \/>\n<meta property=\"og:url\" content=\"https:\/\/yaomarket.cl\/?product=recovery-drink-strawberry-banana-1200-g\" \/>\n<meta property=\"og:site_name\" content=\"YAOMARKET\" \/>\n<meta property=\"article:publisher\" content=\"https:\/\/www.facebook.com\/yaomarketchile\/\" \/>\n<meta property=\"article:modified_time\" content=\"2025-11-04T15:24:36+00:00\" \/>\n<meta property=\"og:image\" content=\"https:\/\/yaomarket.cl\/wp-content\/uploads\/2023\/09\/recovery-drink-strawberry-banana-1200-g.png\" \/>\n\t<meta property=\"og:image:width\" content=\"492\" \/>\n\t<meta property=\"og:image:height\" content=\"492\" \/>\n\t<meta property=\"og:image:type\" content=\"image\/png\" \/>\n<meta name=\"twitter:card\" content=\"summary_large_image\" \/>\n<meta name=\"twitter:label1\" content=\"Tiempo de lectura\" \/>\n\t<meta name=\"twitter:data1\" content=\"3 minutos\" \/>\n<script type=\"application\/ld+json\" class=\"yoast-schema-graph\">{\"@context\":\"https:\/\/schema.org\",\"@graph\":[{\"@type\":\"WebPage\",\"@id\":\"https:\/\/yaomarket.cl\/?product=recovery-drink-strawberry-banana-1200-g\",\"url\":\"https:\/\/yaomarket.cl\/?product=recovery-drink-strawberry-banana-1200-g\",\"name\":\"Recovery Drink Strawberry\/Banana 1200 g - YAOMARKET\",\"isPartOf\":{\"@id\":\"https:\/\/yaomarket.cl\/#website\"},\"primaryImageOfPage\":{\"@id\":\"https:\/\/yaomarket.cl\/?product=recovery-drink-strawberry-banana-1200-g#primaryimage\"},\"image\":{\"@id\":\"https:\/\/yaomarket.cl\/?product=recovery-drink-strawberry-banana-1200-g#primaryimage\"},\"thumbnailUrl\":\"https:\/\/yaomarket.cl\/wp-content\/uploads\/2023\/09\/recovery-drink-strawberry-banana-1200-g.png\",\"datePublished\":\"2023-09-06T20:59:10+00:00\",\"dateModified\":\"2025-11-04T15:24:36+00:00\",\"breadcrumb\":{\"@id\":\"https:\/\/yaomarket.cl\/?product=recovery-drink-strawberry-banana-1200-g#breadcrumb\"},\"inLanguage\":\"es\",\"potentialAction\":[{\"@type\":\"ReadAction\",\"target\":[\"https:\/\/yaomarket.cl\/?product=recovery-drink-strawberry-banana-1200-g\"]}]},{\"@type\":\"ImageObject\",\"inLanguage\":\"es\",\"@id\":\"https:\/\/yaomarket.cl\/?product=recovery-drink-strawberry-banana-1200-g#primaryimage\",\"url\":\"https:\/\/yaomarket.cl\/wp-content\/uploads\/2023\/09\/recovery-drink-strawberry-banana-1200-g.png\",\"contentUrl\":\"https:\/\/yaomarket.cl\/wp-content\/uploads\/2023\/09\/recovery-drink-strawberry-banana-1200-g.png\",\"width\":492,\"height\":492},{\"@type\":\"BreadcrumbList\",\"@id\":\"https:\/\/yaomarket.cl\/?product=recovery-drink-strawberry-banana-1200-g#breadcrumb\",\"itemListElement\":[{\"@type\":\"ListItem\",\"position\":1,\"name\":\"Portada\",\"item\":\"https:\/\/yaomarket.cl\/\"},{\"@type\":\"ListItem\",\"position\":2,\"name\":\"TIENDA\",\"item\":\"https:\/\/yaomarket.cl\/?page_id=8\"},{\"@type\":\"ListItem\",\"position\":3,\"name\":\"Recovery Drink Strawberry\/Banana 1200 g\"}]},{\"@type\":\"WebSite\",\"@id\":\"https:\/\/yaomarket.cl\/#website\",\"url\":\"https:\/\/yaomarket.cl\/\",\"name\":\"YAOMARKET\",\"description\":\"\",\"publisher\":{\"@id\":\"https:\/\/yaomarket.cl\/#organization\"},\"potentialAction\":[{\"@type\":\"SearchAction\",\"target\":{\"@type\":\"EntryPoint\",\"urlTemplate\":\"https:\/\/yaomarket.cl\/?s={search_term_string}\"},\"query-input\":{\"@type\":\"PropertyValueSpecification\",\"valueRequired\":true,\"valueName\":\"search_term_string\"}}],\"inLanguage\":\"es\"},{\"@type\":\"Organization\",\"@id\":\"https:\/\/yaomarket.cl\/#organization\",\"name\":\"YAOMARKET\",\"url\":\"https:\/\/yaomarket.cl\/\",\"logo\":{\"@type\":\"ImageObject\",\"inLanguage\":\"es\",\"@id\":\"https:\/\/yaomarket.cl\/#\/schema\/logo\/image\/\",\"url\":\"https:\/\/yaomarket.cl\/wp-content\/uploads\/2023\/08\/Logo-Original-Yao-Market-Circular.png\",\"contentUrl\":\"https:\/\/yaomarket.cl\/wp-content\/uploads\/2023\/08\/Logo-Original-Yao-Market-Circular.png\",\"width\":522,\"height\":522,\"caption\":\"YAOMARKET\"},\"image\":{\"@id\":\"https:\/\/yaomarket.cl\/#\/schema\/logo\/image\/\"},\"sameAs\":[\"https:\/\/www.facebook.com\/yaomarketchile\/\",\"https:\/\/www.instagram.com\/yao_market\/\"]}]}<\/script>\n<!-- \/ Yoast SEO plugin. -->","yoast_head_json":{"title":"Recovery Drink Strawberry\/Banana 1200 g - YAOMARKET","robots":{"index":"index","follow":"follow","max-snippet":"max-snippet:-1","max-image-preview":"max-image-preview:large","max-video-preview":"max-video-preview:-1"},"canonical":"https:\/\/yaomarket.cl\/?product=recovery-drink-strawberry-banana-1200-g","og_locale":"es_ES","og_type":"article","og_title":"Recovery Drink Strawberry\/Banana 1200 g - YAOMARKET","og_description":"Bebida de recuperaci\u00f3n con hidratos de carbono y prote\u00ednas Recuperaci\u00f3n r\u00e1pida despu\u00e9s del deporte Con prote\u00edna de suero, L-glutamina y L-leucina Pr\u00e1ctica bolsa de porciones, preparaci\u00f3n con agua Sin lactosa y sin gluten","og_url":"https:\/\/yaomarket.cl\/?product=recovery-drink-strawberry-banana-1200-g","og_site_name":"YAOMARKET","article_publisher":"https:\/\/www.facebook.com\/yaomarketchile\/","article_modified_time":"2025-11-04T15:24:36+00:00","og_image":[{"width":492,"height":492,"url":"https:\/\/yaomarket.cl\/wp-content\/uploads\/2023\/09\/recovery-drink-strawberry-banana-1200-g.png","type":"image\/png"}],"twitter_card":"summary_large_image","twitter_misc":{"Tiempo de lectura":"3 minutos"},"schema":{"@context":"https:\/\/schema.org","@graph":[{"@type":"WebPage","@id":"https:\/\/yaomarket.cl\/?product=recovery-drink-strawberry-banana-1200-g","url":"https:\/\/yaomarket.cl\/?product=recovery-drink-strawberry-banana-1200-g","name":"Recovery Drink Strawberry\/Banana 1200 g - YAOMARKET","isPartOf":{"@id":"https:\/\/yaomarket.cl\/#website"},"primaryImageOfPage":{"@id":"https:\/\/yaomarket.cl\/?product=recovery-drink-strawberry-banana-1200-g#primaryimage"},"image":{"@id":"https:\/\/yaomarket.cl\/?product=recovery-drink-strawberry-banana-1200-g#primaryimage"},"thumbnailUrl":"https:\/\/yaomarket.cl\/wp-content\/uploads\/2023\/09\/recovery-drink-strawberry-banana-1200-g.png","datePublished":"2023-09-06T20:59:10+00:00","dateModified":"2025-11-04T15:24:36+00:00","breadcrumb":{"@id":"https:\/\/yaomarket.cl\/?product=recovery-drink-strawberry-banana-1200-g#breadcrumb"},"inLanguage":"es","potentialAction":[{"@type":"ReadAction","target":["https:\/\/yaomarket.cl\/?product=recovery-drink-strawberry-banana-1200-g"]}]},{"@type":"ImageObject","inLanguage":"es","@id":"https:\/\/yaomarket.cl\/?product=recovery-drink-strawberry-banana-1200-g#primaryimage","url":"https:\/\/yaomarket.cl\/wp-content\/uploads\/2023\/09\/recovery-drink-strawberry-banana-1200-g.png","contentUrl":"https:\/\/yaomarket.cl\/wp-content\/uploads\/2023\/09\/recovery-drink-strawberry-banana-1200-g.png","width":492,"height":492},{"@type":"BreadcrumbList","@id":"https:\/\/yaomarket.cl\/?product=recovery-drink-strawberry-banana-1200-g#breadcrumb","itemListElement":[{"@type":"ListItem","position":1,"name":"Portada","item":"https:\/\/yaomarket.cl\/"},{"@type":"ListItem","position":2,"name":"TIENDA","item":"https:\/\/yaomarket.cl\/?page_id=8"},{"@type":"ListItem","position":3,"name":"Recovery Drink Strawberry\/Banana 1200 g"}]},{"@type":"WebSite","@id":"https:\/\/yaomarket.cl\/#website","url":"https:\/\/yaomarket.cl\/","name":"YAOMARKET","description":"","publisher":{"@id":"https:\/\/yaomarket.cl\/#organization"},"potentialAction":[{"@type":"SearchAction","target":{"@type":"EntryPoint","urlTemplate":"https:\/\/yaomarket.cl\/?s={search_term_string}"},"query-input":{"@type":"PropertyValueSpecification","valueRequired":true,"valueName":"search_term_string"}}],"inLanguage":"es"},{"@type":"Organization","@id":"https:\/\/yaomarket.cl\/#organization","name":"YAOMARKET","url":"https:\/\/yaomarket.cl\/","logo":{"@type":"ImageObject","inLanguage":"es","@id":"https:\/\/yaomarket.cl\/#\/schema\/logo\/image\/","url":"https:\/\/yaomarket.cl\/wp-content\/uploads\/2023\/08\/Logo-Original-Yao-Market-Circular.png","contentUrl":"https:\/\/yaomarket.cl\/wp-content\/uploads\/2023\/08\/Logo-Original-Yao-Market-Circular.png","width":522,"height":522,"caption":"YAOMARKET"},"image":{"@id":"https:\/\/yaomarket.cl\/#\/schema\/logo\/image\/"},"sameAs":["https:\/\/www.facebook.com\/yaomarketchile\/","https:\/\/www.instagram.com\/yao_market\/"]}]}},"_links":{"self":[{"href":"https:\/\/yaomarket.cl\/index.php?rest_route=\/wp\/v2\/product\/10032","targetHints":{"allow":["GET"]}}],"collection":[{"href":"https:\/\/yaomarket.cl\/index.php?rest_route=\/wp\/v2\/product"}],"about":[{"href":"https:\/\/yaomarket.cl\/index.php?rest_route=\/wp\/v2\/types\/product"}],"wp:featuredmedia":[{"embeddable":true,"href":"https:\/\/yaomarket.cl\/index.php?rest_route=\/wp\/v2\/media\/10033"}],"wp:attachment":[{"href":"https:\/\/yaomarket.cl\/index.php?rest_route=%2Fwp%2Fv2%2Fmedia&parent=10032"}],"wp:term":[{"taxonomy":"product_cat","embeddable":true,"href":"https:\/\/yaomarket.cl\/index.php?rest_route=%2Fwp%2Fv2%2Fproduct_cat&post=10032"},{"taxonomy":"product_tag","embeddable":true,"href":"https:\/\/yaomarket.cl\/index.php?rest_route=%2Fwp%2Fv2%2Fproduct_tag&post=10032"}],"curies":[{"name":"wp","href":"https:\/\/api.w.org\/{rel}","templated":true}]}}