{"id":10022,"date":"2023-09-06T19:58:29","date_gmt":"2023-09-06T19:58:29","guid":{"rendered":"https:\/\/yaomarket.cl\/?post_type=product&#038;p=10022"},"modified":"2025-11-04T15:55:30","modified_gmt":"2025-11-04T15:55:30","slug":"power-porridge","status":"publish","type":"product","link":"https:\/\/yaomarket.cl\/?product=power-porridge","title":{"rendered":"Power Porridge"},"content":{"rendered":"<p>Polvo de avena es un desayuno caliente para los atleta. Enriquecido con 13 vitaminas importantes, as\u00ed como Vitargo \u2122, el carbohidrato patentado de almid\u00f3n de cebada. VitargoTM tiene un peso molecular que es aproximadamente 100 veces mayor que todos otros almidones de cereales. Por lo tanto, contiene OatWell\u00ae, una harina de avena concentrada rica en betaglucanos (fibras de alimentos solubles) con propiedades gelificantes.<\/p>\n<p><strong>Ingredientes<\/strong>:<\/p>\n<p>Copos de avena 53%, fructosa, dextrosa, preparaci\u00f3n de manzana 9% (con concentrado de pur\u00e9 de manzana, jarabe de glucosa, sacarosa, sabor), almid\u00f3n de cebada hidrolizado 5% (Vitargo\u00ae), salvado de avena con betaglucanos 4.6%, prote\u00edna de suero de leche aislada 4%, leche entera en polvo, sabores manzana y vainilla.<\/p>\n","protected":false},"excerpt":{"rendered":"<h4><strong>Polvo de avena, 850g.<\/strong><\/h4>\n<p>Se trata de un desayuno ideal para las actividades de larga distancia y de ultra-resistencia. Enriquecido con 13 vitaminas, minerales y Vitargo. Tambi\u00e9n incluye OatWell\u00ae, que un concentrado de salvado de avena rica en beta-glucanos (fibra diet\u00e9tica soluble). VITARGO (TM) , es un carbohidrato patentado del almid\u00f3n de la cebada con un peso molecular de aproximadamente 100x m\u00e1s grande que la maltodextrina, lo que provoca una baja osmolaridad.<\/p>\n","protected":false},"featured_media":10023,"template":"","meta":[],"product_cat":[534,536],"product_tag":[],"class_list":{"0":"post-10022","1":"product","2":"type-product","3":"status-publish","4":"has-post-thumbnail","6":"product_cat-deportista","7":"product_cat-energia-y-resistencia","9":"first","10":"outofstock","11":"shipping-taxable","12":"purchasable","13":"product-type-simple"},"yoast_head":"<!-- This site is optimized with the Yoast SEO plugin v25.2 - https:\/\/yoast.com\/wordpress\/plugins\/seo\/ -->\n<title>Power Porridge - YAOMARKET<\/title>\n<meta name=\"robots\" content=\"index, follow, max-snippet:-1, max-image-preview:large, max-video-preview:-1\" \/>\n<link rel=\"canonical\" href=\"https:\/\/yaomarket.cl\/?product=power-porridge\" \/>\n<meta property=\"og:locale\" content=\"es_ES\" \/>\n<meta property=\"og:type\" content=\"article\" \/>\n<meta property=\"og:title\" content=\"Power Porridge - YAOMARKET\" \/>\n<meta property=\"og:description\" content=\"Polvo de avena, 850g. Se trata de un desayuno ideal para las actividades de larga distancia y de ultra-resistencia. Enriquecido con 13 vitaminas, minerales y Vitargo. Tambi\u00e9n incluye OatWell\u00ae, que un concentrado de salvado de avena rica en beta-glucanos (fibra diet\u00e9tica soluble). VITARGO (TM) , es un carbohidrato patentado del almid\u00f3n de la cebada con un peso molecular de aproximadamente 100x m\u00e1s grande que la maltodextrina, lo que provoca una baja osmolaridad.\" \/>\n<meta property=\"og:url\" content=\"https:\/\/yaomarket.cl\/?product=power-porridge\" \/>\n<meta property=\"og:site_name\" content=\"YAOMARKET\" \/>\n<meta property=\"article:publisher\" content=\"https:\/\/www.facebook.com\/yaomarketchile\/\" \/>\n<meta property=\"article:modified_time\" content=\"2025-11-04T15:55:30+00:00\" \/>\n<meta property=\"og:image\" content=\"https:\/\/yaomarket.cl\/wp-content\/uploads\/2023\/09\/power-porridge.png\" \/>\n\t<meta property=\"og:image:width\" content=\"492\" \/>\n\t<meta property=\"og:image:height\" content=\"492\" \/>\n\t<meta property=\"og:image:type\" content=\"image\/png\" \/>\n<meta name=\"twitter:card\" content=\"summary_large_image\" \/>\n<meta name=\"twitter:label1\" content=\"Tiempo de lectura\" \/>\n\t<meta name=\"twitter:data1\" content=\"1 minuto\" \/>\n<script type=\"application\/ld+json\" class=\"yoast-schema-graph\">{\"@context\":\"https:\/\/schema.org\",\"@graph\":[{\"@type\":\"WebPage\",\"@id\":\"https:\/\/yaomarket.cl\/?product=power-porridge\",\"url\":\"https:\/\/yaomarket.cl\/?product=power-porridge\",\"name\":\"Power Porridge - YAOMARKET\",\"isPartOf\":{\"@id\":\"https:\/\/yaomarket.cl\/#website\"},\"primaryImageOfPage\":{\"@id\":\"https:\/\/yaomarket.cl\/?product=power-porridge#primaryimage\"},\"image\":{\"@id\":\"https:\/\/yaomarket.cl\/?product=power-porridge#primaryimage\"},\"thumbnailUrl\":\"https:\/\/yaomarket.cl\/wp-content\/uploads\/2023\/09\/power-porridge.png\",\"datePublished\":\"2023-09-06T19:58:29+00:00\",\"dateModified\":\"2025-11-04T15:55:30+00:00\",\"breadcrumb\":{\"@id\":\"https:\/\/yaomarket.cl\/?product=power-porridge#breadcrumb\"},\"inLanguage\":\"es\",\"potentialAction\":[{\"@type\":\"ReadAction\",\"target\":[\"https:\/\/yaomarket.cl\/?product=power-porridge\"]}]},{\"@type\":\"ImageObject\",\"inLanguage\":\"es\",\"@id\":\"https:\/\/yaomarket.cl\/?product=power-porridge#primaryimage\",\"url\":\"https:\/\/yaomarket.cl\/wp-content\/uploads\/2023\/09\/power-porridge.png\",\"contentUrl\":\"https:\/\/yaomarket.cl\/wp-content\/uploads\/2023\/09\/power-porridge.png\",\"width\":492,\"height\":492},{\"@type\":\"BreadcrumbList\",\"@id\":\"https:\/\/yaomarket.cl\/?product=power-porridge#breadcrumb\",\"itemListElement\":[{\"@type\":\"ListItem\",\"position\":1,\"name\":\"Portada\",\"item\":\"https:\/\/yaomarket.cl\/\"},{\"@type\":\"ListItem\",\"position\":2,\"name\":\"TIENDA\",\"item\":\"https:\/\/yaomarket.cl\/?page_id=8\"},{\"@type\":\"ListItem\",\"position\":3,\"name\":\"Power Porridge\"}]},{\"@type\":\"WebSite\",\"@id\":\"https:\/\/yaomarket.cl\/#website\",\"url\":\"https:\/\/yaomarket.cl\/\",\"name\":\"YAOMARKET\",\"description\":\"\",\"publisher\":{\"@id\":\"https:\/\/yaomarket.cl\/#organization\"},\"potentialAction\":[{\"@type\":\"SearchAction\",\"target\":{\"@type\":\"EntryPoint\",\"urlTemplate\":\"https:\/\/yaomarket.cl\/?s={search_term_string}\"},\"query-input\":{\"@type\":\"PropertyValueSpecification\",\"valueRequired\":true,\"valueName\":\"search_term_string\"}}],\"inLanguage\":\"es\"},{\"@type\":\"Organization\",\"@id\":\"https:\/\/yaomarket.cl\/#organization\",\"name\":\"YAOMARKET\",\"url\":\"https:\/\/yaomarket.cl\/\",\"logo\":{\"@type\":\"ImageObject\",\"inLanguage\":\"es\",\"@id\":\"https:\/\/yaomarket.cl\/#\/schema\/logo\/image\/\",\"url\":\"https:\/\/yaomarket.cl\/wp-content\/uploads\/2023\/08\/Logo-Original-Yao-Market-Circular.png\",\"contentUrl\":\"https:\/\/yaomarket.cl\/wp-content\/uploads\/2023\/08\/Logo-Original-Yao-Market-Circular.png\",\"width\":522,\"height\":522,\"caption\":\"YAOMARKET\"},\"image\":{\"@id\":\"https:\/\/yaomarket.cl\/#\/schema\/logo\/image\/\"},\"sameAs\":[\"https:\/\/www.facebook.com\/yaomarketchile\/\",\"https:\/\/www.instagram.com\/yao_market\/\"]}]}<\/script>\n<!-- \/ Yoast SEO plugin. -->","yoast_head_json":{"title":"Power Porridge - YAOMARKET","robots":{"index":"index","follow":"follow","max-snippet":"max-snippet:-1","max-image-preview":"max-image-preview:large","max-video-preview":"max-video-preview:-1"},"canonical":"https:\/\/yaomarket.cl\/?product=power-porridge","og_locale":"es_ES","og_type":"article","og_title":"Power Porridge - YAOMARKET","og_description":"Polvo de avena, 850g. Se trata de un desayuno ideal para las actividades de larga distancia y de ultra-resistencia. Enriquecido con 13 vitaminas, minerales y Vitargo. Tambi\u00e9n incluye OatWell\u00ae, que un concentrado de salvado de avena rica en beta-glucanos (fibra diet\u00e9tica soluble). VITARGO (TM) , es un carbohidrato patentado del almid\u00f3n de la cebada con un peso molecular de aproximadamente 100x m\u00e1s grande que la maltodextrina, lo que provoca una baja osmolaridad.","og_url":"https:\/\/yaomarket.cl\/?product=power-porridge","og_site_name":"YAOMARKET","article_publisher":"https:\/\/www.facebook.com\/yaomarketchile\/","article_modified_time":"2025-11-04T15:55:30+00:00","og_image":[{"width":492,"height":492,"url":"https:\/\/yaomarket.cl\/wp-content\/uploads\/2023\/09\/power-porridge.png","type":"image\/png"}],"twitter_card":"summary_large_image","twitter_misc":{"Tiempo de lectura":"1 minuto"},"schema":{"@context":"https:\/\/schema.org","@graph":[{"@type":"WebPage","@id":"https:\/\/yaomarket.cl\/?product=power-porridge","url":"https:\/\/yaomarket.cl\/?product=power-porridge","name":"Power Porridge - YAOMARKET","isPartOf":{"@id":"https:\/\/yaomarket.cl\/#website"},"primaryImageOfPage":{"@id":"https:\/\/yaomarket.cl\/?product=power-porridge#primaryimage"},"image":{"@id":"https:\/\/yaomarket.cl\/?product=power-porridge#primaryimage"},"thumbnailUrl":"https:\/\/yaomarket.cl\/wp-content\/uploads\/2023\/09\/power-porridge.png","datePublished":"2023-09-06T19:58:29+00:00","dateModified":"2025-11-04T15:55:30+00:00","breadcrumb":{"@id":"https:\/\/yaomarket.cl\/?product=power-porridge#breadcrumb"},"inLanguage":"es","potentialAction":[{"@type":"ReadAction","target":["https:\/\/yaomarket.cl\/?product=power-porridge"]}]},{"@type":"ImageObject","inLanguage":"es","@id":"https:\/\/yaomarket.cl\/?product=power-porridge#primaryimage","url":"https:\/\/yaomarket.cl\/wp-content\/uploads\/2023\/09\/power-porridge.png","contentUrl":"https:\/\/yaomarket.cl\/wp-content\/uploads\/2023\/09\/power-porridge.png","width":492,"height":492},{"@type":"BreadcrumbList","@id":"https:\/\/yaomarket.cl\/?product=power-porridge#breadcrumb","itemListElement":[{"@type":"ListItem","position":1,"name":"Portada","item":"https:\/\/yaomarket.cl\/"},{"@type":"ListItem","position":2,"name":"TIENDA","item":"https:\/\/yaomarket.cl\/?page_id=8"},{"@type":"ListItem","position":3,"name":"Power Porridge"}]},{"@type":"WebSite","@id":"https:\/\/yaomarket.cl\/#website","url":"https:\/\/yaomarket.cl\/","name":"YAOMARKET","description":"","publisher":{"@id":"https:\/\/yaomarket.cl\/#organization"},"potentialAction":[{"@type":"SearchAction","target":{"@type":"EntryPoint","urlTemplate":"https:\/\/yaomarket.cl\/?s={search_term_string}"},"query-input":{"@type":"PropertyValueSpecification","valueRequired":true,"valueName":"search_term_string"}}],"inLanguage":"es"},{"@type":"Organization","@id":"https:\/\/yaomarket.cl\/#organization","name":"YAOMARKET","url":"https:\/\/yaomarket.cl\/","logo":{"@type":"ImageObject","inLanguage":"es","@id":"https:\/\/yaomarket.cl\/#\/schema\/logo\/image\/","url":"https:\/\/yaomarket.cl\/wp-content\/uploads\/2023\/08\/Logo-Original-Yao-Market-Circular.png","contentUrl":"https:\/\/yaomarket.cl\/wp-content\/uploads\/2023\/08\/Logo-Original-Yao-Market-Circular.png","width":522,"height":522,"caption":"YAOMARKET"},"image":{"@id":"https:\/\/yaomarket.cl\/#\/schema\/logo\/image\/"},"sameAs":["https:\/\/www.facebook.com\/yaomarketchile\/","https:\/\/www.instagram.com\/yao_market\/"]}]}},"_links":{"self":[{"href":"https:\/\/yaomarket.cl\/index.php?rest_route=\/wp\/v2\/product\/10022","targetHints":{"allow":["GET"]}}],"collection":[{"href":"https:\/\/yaomarket.cl\/index.php?rest_route=\/wp\/v2\/product"}],"about":[{"href":"https:\/\/yaomarket.cl\/index.php?rest_route=\/wp\/v2\/types\/product"}],"wp:featuredmedia":[{"embeddable":true,"href":"https:\/\/yaomarket.cl\/index.php?rest_route=\/wp\/v2\/media\/10023"}],"wp:attachment":[{"href":"https:\/\/yaomarket.cl\/index.php?rest_route=%2Fwp%2Fv2%2Fmedia&parent=10022"}],"wp:term":[{"taxonomy":"product_cat","embeddable":true,"href":"https:\/\/yaomarket.cl\/index.php?rest_route=%2Fwp%2Fv2%2Fproduct_cat&post=10022"},{"taxonomy":"product_tag","embeddable":true,"href":"https:\/\/yaomarket.cl\/index.php?rest_route=%2Fwp%2Fv2%2Fproduct_tag&post=10022"}],"curies":[{"name":"wp","href":"https:\/\/api.w.org\/{rel}","templated":true}]}}