{"id":10020,"date":"2023-09-06T19:55:47","date_gmt":"2023-09-06T19:55:47","guid":{"rendered":"https:\/\/yaomarket.cl\/?post_type=product&#038;p=10020"},"modified":"2025-11-04T15:24:36","modified_gmt":"2025-11-04T15:24:36","slug":"liquid-energy-ultra-coconut","status":"publish","type":"product","link":"https:\/\/yaomarket.cl\/?product=liquid-energy-ultra-coconut","title":{"rendered":"Liquid energy ultra coconut"},"content":{"rendered":"<p>Ingredientes: Jarabe de glucosa, agua, aceites vegetales 15% (aceites de coco, palma y colza [MCT*], aceite de oliva), leche de coco en polvo 10% (contiene leche), sacarosa, almid\u00f3n de ma\u00edz ceroso 4,2%, isomaltulosa 4,2%, pulpa de macadamia 4,2 %, amino\u00e1cidos (L-leucina, L-isoleucina, L-valina) 1,3%, cloruro de sodio, aroma, jengibre.\u00a0*triglic\u00e9ridos de cadena media **fuente de glucosa y fructosa.<\/p>\n<table>\n<tbody>\n<tr>\n<td>Energ\u00eda\/energ\u00eda kJ (kcal)<\/td>\n<td>\n<p align=\"right\">1719 (412)<\/p>\n<\/td>\n<td>\n<p align=\"right\">430 (103)<\/p>\n<\/td>\n<\/tr>\n<tr>\n<td>gordo<\/td>\n<td>\n<p align=\"right\">25g<\/p>\n<\/td>\n<td>\n<p align=\"right\">6,3g<\/p>\n<\/td>\n<\/tr>\n<tr>\n<td>de los cuales \u00e1cidos grasos<br \/>\nsaturados<\/td>\n<td>\n<p align=\"right\">17g<\/p>\n<\/td>\n<td>\n<p align=\"right\">4,3g<\/p>\n<\/td>\n<\/tr>\n<tr>\n<td>carbohidratos<\/td>\n<td>\n<p align=\"right\">44g<\/p>\n<\/td>\n<td>\n<p align=\"right\">11g<\/p>\n<\/td>\n<\/tr>\n<tr>\n<td>de los cuales az\u00facares<\/td>\n<td>\n<p align=\"right\">20g<\/p>\n<\/td>\n<td>\n<p align=\"right\">5,0g<\/p>\n<\/td>\n<\/tr>\n<tr>\n<td>prote\u00edna<\/td>\n<td>\n<p align=\"right\">2,7g<\/p>\n<\/td>\n<td>\n<p align=\"right\">0,7g<\/p>\n<\/td>\n<\/tr>\n<tr>\n<td>sal<\/td>\n<td>\n<p align=\"right\">1,00 g<\/p>\n<\/td>\n<td>\n<p align=\"right\">0,25g<\/p>\n<\/td>\n<\/tr>\n<\/tbody>\n<\/table>\n<p>&nbsp;<\/p>\n<p>por 25 g\u00a0: sodio\/sodio 140 mg, MCT (triglic\u00e9ridos de cadena media\/triglic\u00e9ridos de cadena media) 4,5 g, L-leucina 270 mg, L-valina 90 mg, L-isoleucina 90 mg<\/p>\n","protected":false},"excerpt":{"rendered":"<p>LIQUID ENERGY ULTRA de SPONSER\u00ae es un concentrado energ\u00e9tico l\u00edquido elaborado a base de carbohidratos complejos y grasas MCT (triglic\u00e9ridos de cadena media) provenientes de aceites vegetales de alta calidad,\u00a0fue dise\u00f1ado para favorecer el rendimiento durante actuaciones de resistencia largas y de baja intensidad y\u00a0 tiene una mayor densidad energ\u00e9tica debido al contenido de grasa.<\/p>\n<p>Adem\u00e1s, el suministro de energ\u00eda a trav\u00e9s de MCT conduce a una protecci\u00f3n de las reservas de gluc\u00f3geno del cuerpo y favorece el rendimiento durante un per\u00edodo de tiempo m\u00e1s largo.\u00a0El gel se enriqueci\u00f3 adicionalmente con sal y BCAA.\u00a0El sabroso gel LIQUID ENERGY ULTRA elaborado con leche de coco y macadamia no contiene gluten ni lactosa, as\u00ed como fructosa ni aditivos artificiales.<\/p>\n","protected":false},"featured_media":10021,"template":"","meta":[],"product_cat":[534,536],"product_tag":[],"class_list":{"0":"post-10020","1":"product","2":"type-product","3":"status-publish","4":"has-post-thumbnail","6":"product_cat-deportista","7":"product_cat-energia-y-resistencia","9":"first","10":"outofstock","11":"shipping-taxable","12":"purchasable","13":"product-type-simple"},"yoast_head":"<!-- This site is optimized with the Yoast SEO plugin v25.2 - https:\/\/yoast.com\/wordpress\/plugins\/seo\/ -->\n<title>Liquid energy ultra coconut - YAOMARKET<\/title>\n<meta name=\"robots\" content=\"index, follow, max-snippet:-1, max-image-preview:large, max-video-preview:-1\" \/>\n<link rel=\"canonical\" href=\"https:\/\/yaomarket.cl\/?product=liquid-energy-ultra-coconut\" \/>\n<meta property=\"og:locale\" content=\"es_ES\" \/>\n<meta property=\"og:type\" content=\"article\" \/>\n<meta property=\"og:title\" content=\"Liquid energy ultra coconut - YAOMARKET\" \/>\n<meta property=\"og:description\" content=\"LIQUID ENERGY ULTRA de SPONSER\u00ae es un concentrado energ\u00e9tico l\u00edquido elaborado a base de carbohidratos complejos y grasas MCT (triglic\u00e9ridos de cadena media) provenientes de aceites vegetales de alta calidad,\u00a0fue dise\u00f1ado para favorecer el rendimiento durante actuaciones de resistencia largas y de baja intensidad y\u00a0 tiene una mayor densidad energ\u00e9tica debido al contenido de grasa.  Adem\u00e1s, el suministro de energ\u00eda a trav\u00e9s de MCT conduce a una protecci\u00f3n de las reservas de gluc\u00f3geno del cuerpo y favorece el rendimiento durante un per\u00edodo de tiempo m\u00e1s largo.\u00a0El gel se enriqueci\u00f3 adicionalmente con sal y BCAA.\u00a0El sabroso gel LIQUID ENERGY ULTRA elaborado con leche de coco y macadamia no contiene gluten ni lactosa, as\u00ed como fructosa ni aditivos artificiales.\" \/>\n<meta property=\"og:url\" content=\"https:\/\/yaomarket.cl\/?product=liquid-energy-ultra-coconut\" \/>\n<meta property=\"og:site_name\" content=\"YAOMARKET\" \/>\n<meta property=\"article:publisher\" content=\"https:\/\/www.facebook.com\/yaomarketchile\/\" \/>\n<meta property=\"article:modified_time\" content=\"2025-11-04T15:24:36+00:00\" \/>\n<meta property=\"og:image\" content=\"https:\/\/yaomarket.cl\/wp-content\/uploads\/2023\/09\/liquid-energy-ultra-coconut.jpg\" \/>\n\t<meta property=\"og:image:width\" content=\"492\" \/>\n\t<meta property=\"og:image:height\" content=\"492\" \/>\n\t<meta property=\"og:image:type\" content=\"image\/jpeg\" \/>\n<meta name=\"twitter:card\" content=\"summary_large_image\" \/>\n<meta name=\"twitter:label1\" content=\"Tiempo de lectura\" \/>\n\t<meta name=\"twitter:data1\" content=\"1 minuto\" \/>\n<script type=\"application\/ld+json\" class=\"yoast-schema-graph\">{\"@context\":\"https:\/\/schema.org\",\"@graph\":[{\"@type\":\"WebPage\",\"@id\":\"https:\/\/yaomarket.cl\/?product=liquid-energy-ultra-coconut\",\"url\":\"https:\/\/yaomarket.cl\/?product=liquid-energy-ultra-coconut\",\"name\":\"Liquid energy ultra coconut - YAOMARKET\",\"isPartOf\":{\"@id\":\"https:\/\/yaomarket.cl\/#website\"},\"primaryImageOfPage\":{\"@id\":\"https:\/\/yaomarket.cl\/?product=liquid-energy-ultra-coconut#primaryimage\"},\"image\":{\"@id\":\"https:\/\/yaomarket.cl\/?product=liquid-energy-ultra-coconut#primaryimage\"},\"thumbnailUrl\":\"https:\/\/yaomarket.cl\/wp-content\/uploads\/2023\/09\/liquid-energy-ultra-coconut.jpg\",\"datePublished\":\"2023-09-06T19:55:47+00:00\",\"dateModified\":\"2025-11-04T15:24:36+00:00\",\"breadcrumb\":{\"@id\":\"https:\/\/yaomarket.cl\/?product=liquid-energy-ultra-coconut#breadcrumb\"},\"inLanguage\":\"es\",\"potentialAction\":[{\"@type\":\"ReadAction\",\"target\":[\"https:\/\/yaomarket.cl\/?product=liquid-energy-ultra-coconut\"]}]},{\"@type\":\"ImageObject\",\"inLanguage\":\"es\",\"@id\":\"https:\/\/yaomarket.cl\/?product=liquid-energy-ultra-coconut#primaryimage\",\"url\":\"https:\/\/yaomarket.cl\/wp-content\/uploads\/2023\/09\/liquid-energy-ultra-coconut.jpg\",\"contentUrl\":\"https:\/\/yaomarket.cl\/wp-content\/uploads\/2023\/09\/liquid-energy-ultra-coconut.jpg\",\"width\":492,\"height\":492},{\"@type\":\"BreadcrumbList\",\"@id\":\"https:\/\/yaomarket.cl\/?product=liquid-energy-ultra-coconut#breadcrumb\",\"itemListElement\":[{\"@type\":\"ListItem\",\"position\":1,\"name\":\"Portada\",\"item\":\"https:\/\/yaomarket.cl\/\"},{\"@type\":\"ListItem\",\"position\":2,\"name\":\"TIENDA\",\"item\":\"https:\/\/yaomarket.cl\/?page_id=8\"},{\"@type\":\"ListItem\",\"position\":3,\"name\":\"Liquid energy ultra coconut\"}]},{\"@type\":\"WebSite\",\"@id\":\"https:\/\/yaomarket.cl\/#website\",\"url\":\"https:\/\/yaomarket.cl\/\",\"name\":\"YAOMARKET\",\"description\":\"\",\"publisher\":{\"@id\":\"https:\/\/yaomarket.cl\/#organization\"},\"potentialAction\":[{\"@type\":\"SearchAction\",\"target\":{\"@type\":\"EntryPoint\",\"urlTemplate\":\"https:\/\/yaomarket.cl\/?s={search_term_string}\"},\"query-input\":{\"@type\":\"PropertyValueSpecification\",\"valueRequired\":true,\"valueName\":\"search_term_string\"}}],\"inLanguage\":\"es\"},{\"@type\":\"Organization\",\"@id\":\"https:\/\/yaomarket.cl\/#organization\",\"name\":\"YAOMARKET\",\"url\":\"https:\/\/yaomarket.cl\/\",\"logo\":{\"@type\":\"ImageObject\",\"inLanguage\":\"es\",\"@id\":\"https:\/\/yaomarket.cl\/#\/schema\/logo\/image\/\",\"url\":\"https:\/\/yaomarket.cl\/wp-content\/uploads\/2023\/08\/Logo-Original-Yao-Market-Circular.png\",\"contentUrl\":\"https:\/\/yaomarket.cl\/wp-content\/uploads\/2023\/08\/Logo-Original-Yao-Market-Circular.png\",\"width\":522,\"height\":522,\"caption\":\"YAOMARKET\"},\"image\":{\"@id\":\"https:\/\/yaomarket.cl\/#\/schema\/logo\/image\/\"},\"sameAs\":[\"https:\/\/www.facebook.com\/yaomarketchile\/\",\"https:\/\/www.instagram.com\/yao_market\/\"]}]}<\/script>\n<!-- \/ Yoast SEO plugin. -->","yoast_head_json":{"title":"Liquid energy ultra coconut - YAOMARKET","robots":{"index":"index","follow":"follow","max-snippet":"max-snippet:-1","max-image-preview":"max-image-preview:large","max-video-preview":"max-video-preview:-1"},"canonical":"https:\/\/yaomarket.cl\/?product=liquid-energy-ultra-coconut","og_locale":"es_ES","og_type":"article","og_title":"Liquid energy ultra coconut - YAOMARKET","og_description":"LIQUID ENERGY ULTRA de SPONSER\u00ae es un concentrado energ\u00e9tico l\u00edquido elaborado a base de carbohidratos complejos y grasas MCT (triglic\u00e9ridos de cadena media) provenientes de aceites vegetales de alta calidad,\u00a0fue dise\u00f1ado para favorecer el rendimiento durante actuaciones de resistencia largas y de baja intensidad y\u00a0 tiene una mayor densidad energ\u00e9tica debido al contenido de grasa.  Adem\u00e1s, el suministro de energ\u00eda a trav\u00e9s de MCT conduce a una protecci\u00f3n de las reservas de gluc\u00f3geno del cuerpo y favorece el rendimiento durante un per\u00edodo de tiempo m\u00e1s largo.\u00a0El gel se enriqueci\u00f3 adicionalmente con sal y BCAA.\u00a0El sabroso gel LIQUID ENERGY ULTRA elaborado con leche de coco y macadamia no contiene gluten ni lactosa, as\u00ed como fructosa ni aditivos artificiales.","og_url":"https:\/\/yaomarket.cl\/?product=liquid-energy-ultra-coconut","og_site_name":"YAOMARKET","article_publisher":"https:\/\/www.facebook.com\/yaomarketchile\/","article_modified_time":"2025-11-04T15:24:36+00:00","og_image":[{"width":492,"height":492,"url":"https:\/\/yaomarket.cl\/wp-content\/uploads\/2023\/09\/liquid-energy-ultra-coconut.jpg","type":"image\/jpeg"}],"twitter_card":"summary_large_image","twitter_misc":{"Tiempo de lectura":"1 minuto"},"schema":{"@context":"https:\/\/schema.org","@graph":[{"@type":"WebPage","@id":"https:\/\/yaomarket.cl\/?product=liquid-energy-ultra-coconut","url":"https:\/\/yaomarket.cl\/?product=liquid-energy-ultra-coconut","name":"Liquid energy ultra coconut - YAOMARKET","isPartOf":{"@id":"https:\/\/yaomarket.cl\/#website"},"primaryImageOfPage":{"@id":"https:\/\/yaomarket.cl\/?product=liquid-energy-ultra-coconut#primaryimage"},"image":{"@id":"https:\/\/yaomarket.cl\/?product=liquid-energy-ultra-coconut#primaryimage"},"thumbnailUrl":"https:\/\/yaomarket.cl\/wp-content\/uploads\/2023\/09\/liquid-energy-ultra-coconut.jpg","datePublished":"2023-09-06T19:55:47+00:00","dateModified":"2025-11-04T15:24:36+00:00","breadcrumb":{"@id":"https:\/\/yaomarket.cl\/?product=liquid-energy-ultra-coconut#breadcrumb"},"inLanguage":"es","potentialAction":[{"@type":"ReadAction","target":["https:\/\/yaomarket.cl\/?product=liquid-energy-ultra-coconut"]}]},{"@type":"ImageObject","inLanguage":"es","@id":"https:\/\/yaomarket.cl\/?product=liquid-energy-ultra-coconut#primaryimage","url":"https:\/\/yaomarket.cl\/wp-content\/uploads\/2023\/09\/liquid-energy-ultra-coconut.jpg","contentUrl":"https:\/\/yaomarket.cl\/wp-content\/uploads\/2023\/09\/liquid-energy-ultra-coconut.jpg","width":492,"height":492},{"@type":"BreadcrumbList","@id":"https:\/\/yaomarket.cl\/?product=liquid-energy-ultra-coconut#breadcrumb","itemListElement":[{"@type":"ListItem","position":1,"name":"Portada","item":"https:\/\/yaomarket.cl\/"},{"@type":"ListItem","position":2,"name":"TIENDA","item":"https:\/\/yaomarket.cl\/?page_id=8"},{"@type":"ListItem","position":3,"name":"Liquid energy ultra coconut"}]},{"@type":"WebSite","@id":"https:\/\/yaomarket.cl\/#website","url":"https:\/\/yaomarket.cl\/","name":"YAOMARKET","description":"","publisher":{"@id":"https:\/\/yaomarket.cl\/#organization"},"potentialAction":[{"@type":"SearchAction","target":{"@type":"EntryPoint","urlTemplate":"https:\/\/yaomarket.cl\/?s={search_term_string}"},"query-input":{"@type":"PropertyValueSpecification","valueRequired":true,"valueName":"search_term_string"}}],"inLanguage":"es"},{"@type":"Organization","@id":"https:\/\/yaomarket.cl\/#organization","name":"YAOMARKET","url":"https:\/\/yaomarket.cl\/","logo":{"@type":"ImageObject","inLanguage":"es","@id":"https:\/\/yaomarket.cl\/#\/schema\/logo\/image\/","url":"https:\/\/yaomarket.cl\/wp-content\/uploads\/2023\/08\/Logo-Original-Yao-Market-Circular.png","contentUrl":"https:\/\/yaomarket.cl\/wp-content\/uploads\/2023\/08\/Logo-Original-Yao-Market-Circular.png","width":522,"height":522,"caption":"YAOMARKET"},"image":{"@id":"https:\/\/yaomarket.cl\/#\/schema\/logo\/image\/"},"sameAs":["https:\/\/www.facebook.com\/yaomarketchile\/","https:\/\/www.instagram.com\/yao_market\/"]}]}},"_links":{"self":[{"href":"https:\/\/yaomarket.cl\/index.php?rest_route=\/wp\/v2\/product\/10020","targetHints":{"allow":["GET"]}}],"collection":[{"href":"https:\/\/yaomarket.cl\/index.php?rest_route=\/wp\/v2\/product"}],"about":[{"href":"https:\/\/yaomarket.cl\/index.php?rest_route=\/wp\/v2\/types\/product"}],"wp:featuredmedia":[{"embeddable":true,"href":"https:\/\/yaomarket.cl\/index.php?rest_route=\/wp\/v2\/media\/10021"}],"wp:attachment":[{"href":"https:\/\/yaomarket.cl\/index.php?rest_route=%2Fwp%2Fv2%2Fmedia&parent=10020"}],"wp:term":[{"taxonomy":"product_cat","embeddable":true,"href":"https:\/\/yaomarket.cl\/index.php?rest_route=%2Fwp%2Fv2%2Fproduct_cat&post=10020"},{"taxonomy":"product_tag","embeddable":true,"href":"https:\/\/yaomarket.cl\/index.php?rest_route=%2Fwp%2Fv2%2Fproduct_tag&post=10020"}],"curies":[{"name":"wp","href":"https:\/\/api.w.org\/{rel}","templated":true}]}}