{"id":10018,"date":"2023-09-06T19:53:32","date_gmt":"2023-09-06T19:53:32","guid":{"rendered":"https:\/\/yaomarket.cl\/?post_type=product&#038;p=10018"},"modified":"2025-11-04T15:55:30","modified_gmt":"2025-11-04T15:55:30","slug":"long-energy-1200-gr","status":"publish","type":"product","link":"https:\/\/yaomarket.cl\/?product=long-energy-1200-gr","title":{"rendered":"Long Energy 1200 gr"},"content":{"rendered":"<p>F\u00f3rmula de competencia, es una bebida deportiva libre de \u00e1cido con un 5% de prote\u00edna en forma de p\u00e9ptido. Forma P\u00e9ptido significa que el producto ya est\u00e1 pre-digerida y en comparaci\u00f3n con la prote\u00edna tradicional, se absorbe considerablemente m\u00e1s r\u00e1pida. \\nDe una manera an\u00e1loga a la l\u00ednea de la Competencia, Long Energ\u00eda se basa en 8 diferentes fuentes de carbohidratos con diferente \u00edndice gluc\u00e9mico entre otros tambi\u00e9n en VitargoTM , un sistema patentado hidrolizado de almid\u00f3n de cebada con un peso molecular de aproximadamente 100x m\u00e1s alto que el cereal tradicional almidones. Esto provoca una osmolalidad baja y contribuye a llenar las reservas de gluc\u00f3geno vac\u00edos. Enriquecido con PeptoPro , glutamina y BCAA, la cadena ramificada amino\u00e1cidos valina, leucina e isoleucina, no es un producto catalogado como sustancia prohibida por la Agencia Mundial Antidopaje desde el 1 de enero 2004. \\nTomar como bebida deportiva y la competici\u00f3n, especialmente durante las actividades de m\u00e1s de 2 horas. Adem\u00e1s de una dieta variada y equilibrada y un estilo de vida saludable.<\/p>\n<p>&nbsp;<\/p>\n<table>\n<tbody>\n<tr>\n<td>\n<p align=\"right\">100 gramos<\/p>\n<\/td>\n<td>\n<p align=\"right\">60 g (750 ml)<\/p>\n<\/td>\n<\/tr>\n<tr>\n<td>Energ\u00eda kJ (kcal)<\/td>\n<td>\n<p align=\"right\">1580 (370)<\/p>\n<\/td>\n<td>\n<p align=\"right\">950 (225)<\/p>\n<\/td>\n<\/tr>\n<tr>\n<td>Gordo<\/td>\n<td>\n<p align=\"right\">0g<\/p>\n<\/td>\n<td>\n<p align=\"right\">0g<\/p>\n<\/td>\n<\/tr>\n<tr>\n<td>de la siguiente manera: \u00e1cidos grasos saturados<\/td>\n<td>\n<p align=\"right\">0g<\/p>\n<\/td>\n<td>\n<p align=\"right\">0g<\/p>\n<\/td>\n<\/tr>\n<tr>\n<td>carbohidratos<\/td>\n<td>\n<p align=\"right\">88g<\/p>\n<\/td>\n<td>\n<p align=\"right\">53g<\/p>\n<\/td>\n<\/tr>\n<tr>\n<td>de qu\u00e9 tipos de az\u00facar<\/td>\n<td>\n<p align=\"right\">51g<\/p>\n<\/td>\n<td>\n<p align=\"right\">31g<\/p>\n<\/td>\n<\/tr>\n<tr>\n<td>Prote\u00edna<\/td>\n<td>\n<p align=\"right\">5,0 g<\/p>\n<\/td>\n<td>\n<p align=\"right\">3,0g<\/p>\n<\/td>\n<\/tr>\n<tr>\n<td>Sal<\/td>\n<td>\n<p align=\"right\">1,50 g<\/p>\n<\/td>\n<td>\n<p align=\"right\">0,90 g<\/p>\n<\/td>\n<\/tr>\n<\/tbody>\n<\/table>\n","protected":false},"excerpt":{"rendered":"<h4><strong>LONG ENERGY CYTRUS (5% prote\u00edna) 1200gr<\/strong><\/h4>\n<p>F\u00f3rmula de competencia, es una bebida deportiva libre de \u00e1cido con un 5% de prote\u00edna en forma de p\u00e9ptido. Forma P\u00e9ptido significa que el producto ya est\u00e1 pre-digerida y en comparaci\u00f3n con la prote\u00edna tradicional, se absorbe considerablemente m\u00e1s r\u00e1pida.<\/p>\n<ul class=\"product__shortdescription\">\n<li>Bebida deportiva sin \u00e1cidos con Multi Carb Formula<\/li>\n<li>Hidrolizados de prote\u00ednas r\u00e1pidamente disponibles<\/li>\n<li>Sabor suave, buena tolerabilidad.<\/li>\n<li>Elecci\u00f3n de 5% o 10% de contenido de prote\u00edna<\/li>\n<li>Bebida deportiva ideal \u00abtodo en uno\u00bb<\/li>\n<\/ul>\n","protected":false},"featured_media":10019,"template":"","meta":[],"product_cat":[534,536],"product_tag":[],"class_list":{"0":"post-10018","1":"product","2":"type-product","3":"status-publish","4":"has-post-thumbnail","6":"product_cat-deportista","7":"product_cat-energia-y-resistencia","9":"first","10":"outofstock","11":"shipping-taxable","12":"purchasable","13":"product-type-simple"},"yoast_head":"<!-- This site is optimized with the Yoast SEO plugin v25.2 - https:\/\/yoast.com\/wordpress\/plugins\/seo\/ -->\n<title>Long Energy 1200 gr - YAOMARKET<\/title>\n<meta name=\"robots\" content=\"index, follow, max-snippet:-1, max-image-preview:large, max-video-preview:-1\" \/>\n<link rel=\"canonical\" href=\"https:\/\/yaomarket.cl\/?product=long-energy-1200-gr\" \/>\n<meta property=\"og:locale\" content=\"es_ES\" \/>\n<meta property=\"og:type\" content=\"article\" \/>\n<meta property=\"og:title\" content=\"Long Energy 1200 gr - YAOMARKET\" \/>\n<meta property=\"og:description\" content=\"LONG ENERGY CYTRUS (5% prote\u00edna) 1200gr F\u00f3rmula de competencia, es una bebida deportiva libre de \u00e1cido con un 5% de prote\u00edna en forma de p\u00e9ptido. Forma P\u00e9ptido significa que el producto ya est\u00e1 pre-digerida y en comparaci\u00f3n con la prote\u00edna tradicional, se absorbe considerablemente m\u00e1s r\u00e1pida.   Bebida deportiva sin \u00e1cidos con Multi Carb Formula  Hidrolizados de prote\u00ednas r\u00e1pidamente disponibles  Sabor suave, buena tolerabilidad.  Elecci\u00f3n de 5% o 10% de contenido de prote\u00edna  Bebida deportiva ideal &quot;todo en uno&quot;\" \/>\n<meta property=\"og:url\" content=\"https:\/\/yaomarket.cl\/?product=long-energy-1200-gr\" \/>\n<meta property=\"og:site_name\" content=\"YAOMARKET\" \/>\n<meta property=\"article:publisher\" content=\"https:\/\/www.facebook.com\/yaomarketchile\/\" \/>\n<meta property=\"article:modified_time\" content=\"2025-11-04T15:55:30+00:00\" \/>\n<meta property=\"og:image\" content=\"https:\/\/yaomarket.cl\/wp-content\/uploads\/2023\/09\/long-energy.png\" \/>\n\t<meta property=\"og:image:width\" content=\"492\" \/>\n\t<meta property=\"og:image:height\" content=\"492\" \/>\n\t<meta property=\"og:image:type\" content=\"image\/png\" \/>\n<meta name=\"twitter:card\" content=\"summary_large_image\" \/>\n<meta name=\"twitter:label1\" content=\"Tiempo de lectura\" \/>\n\t<meta name=\"twitter:data1\" content=\"1 minuto\" \/>\n<script type=\"application\/ld+json\" class=\"yoast-schema-graph\">{\"@context\":\"https:\/\/schema.org\",\"@graph\":[{\"@type\":\"WebPage\",\"@id\":\"https:\/\/yaomarket.cl\/?product=long-energy-1200-gr\",\"url\":\"https:\/\/yaomarket.cl\/?product=long-energy-1200-gr\",\"name\":\"Long Energy 1200 gr - YAOMARKET\",\"isPartOf\":{\"@id\":\"https:\/\/yaomarket.cl\/#website\"},\"primaryImageOfPage\":{\"@id\":\"https:\/\/yaomarket.cl\/?product=long-energy-1200-gr#primaryimage\"},\"image\":{\"@id\":\"https:\/\/yaomarket.cl\/?product=long-energy-1200-gr#primaryimage\"},\"thumbnailUrl\":\"https:\/\/yaomarket.cl\/wp-content\/uploads\/2023\/09\/long-energy.png\",\"datePublished\":\"2023-09-06T19:53:32+00:00\",\"dateModified\":\"2025-11-04T15:55:30+00:00\",\"breadcrumb\":{\"@id\":\"https:\/\/yaomarket.cl\/?product=long-energy-1200-gr#breadcrumb\"},\"inLanguage\":\"es\",\"potentialAction\":[{\"@type\":\"ReadAction\",\"target\":[\"https:\/\/yaomarket.cl\/?product=long-energy-1200-gr\"]}]},{\"@type\":\"ImageObject\",\"inLanguage\":\"es\",\"@id\":\"https:\/\/yaomarket.cl\/?product=long-energy-1200-gr#primaryimage\",\"url\":\"https:\/\/yaomarket.cl\/wp-content\/uploads\/2023\/09\/long-energy.png\",\"contentUrl\":\"https:\/\/yaomarket.cl\/wp-content\/uploads\/2023\/09\/long-energy.png\",\"width\":492,\"height\":492},{\"@type\":\"BreadcrumbList\",\"@id\":\"https:\/\/yaomarket.cl\/?product=long-energy-1200-gr#breadcrumb\",\"itemListElement\":[{\"@type\":\"ListItem\",\"position\":1,\"name\":\"Portada\",\"item\":\"https:\/\/yaomarket.cl\/\"},{\"@type\":\"ListItem\",\"position\":2,\"name\":\"TIENDA\",\"item\":\"https:\/\/yaomarket.cl\/?page_id=8\"},{\"@type\":\"ListItem\",\"position\":3,\"name\":\"Long Energy 1200 gr\"}]},{\"@type\":\"WebSite\",\"@id\":\"https:\/\/yaomarket.cl\/#website\",\"url\":\"https:\/\/yaomarket.cl\/\",\"name\":\"YAOMARKET\",\"description\":\"\",\"publisher\":{\"@id\":\"https:\/\/yaomarket.cl\/#organization\"},\"potentialAction\":[{\"@type\":\"SearchAction\",\"target\":{\"@type\":\"EntryPoint\",\"urlTemplate\":\"https:\/\/yaomarket.cl\/?s={search_term_string}\"},\"query-input\":{\"@type\":\"PropertyValueSpecification\",\"valueRequired\":true,\"valueName\":\"search_term_string\"}}],\"inLanguage\":\"es\"},{\"@type\":\"Organization\",\"@id\":\"https:\/\/yaomarket.cl\/#organization\",\"name\":\"YAOMARKET\",\"url\":\"https:\/\/yaomarket.cl\/\",\"logo\":{\"@type\":\"ImageObject\",\"inLanguage\":\"es\",\"@id\":\"https:\/\/yaomarket.cl\/#\/schema\/logo\/image\/\",\"url\":\"https:\/\/yaomarket.cl\/wp-content\/uploads\/2023\/08\/Logo-Original-Yao-Market-Circular.png\",\"contentUrl\":\"https:\/\/yaomarket.cl\/wp-content\/uploads\/2023\/08\/Logo-Original-Yao-Market-Circular.png\",\"width\":522,\"height\":522,\"caption\":\"YAOMARKET\"},\"image\":{\"@id\":\"https:\/\/yaomarket.cl\/#\/schema\/logo\/image\/\"},\"sameAs\":[\"https:\/\/www.facebook.com\/yaomarketchile\/\",\"https:\/\/www.instagram.com\/yao_market\/\"]}]}<\/script>\n<!-- \/ Yoast SEO plugin. -->","yoast_head_json":{"title":"Long Energy 1200 gr - YAOMARKET","robots":{"index":"index","follow":"follow","max-snippet":"max-snippet:-1","max-image-preview":"max-image-preview:large","max-video-preview":"max-video-preview:-1"},"canonical":"https:\/\/yaomarket.cl\/?product=long-energy-1200-gr","og_locale":"es_ES","og_type":"article","og_title":"Long Energy 1200 gr - YAOMARKET","og_description":"LONG ENERGY CYTRUS (5% prote\u00edna) 1200gr F\u00f3rmula de competencia, es una bebida deportiva libre de \u00e1cido con un 5% de prote\u00edna en forma de p\u00e9ptido. Forma P\u00e9ptido significa que el producto ya est\u00e1 pre-digerida y en comparaci\u00f3n con la prote\u00edna tradicional, se absorbe considerablemente m\u00e1s r\u00e1pida.   Bebida deportiva sin \u00e1cidos con Multi Carb Formula  Hidrolizados de prote\u00ednas r\u00e1pidamente disponibles  Sabor suave, buena tolerabilidad.  Elecci\u00f3n de 5% o 10% de contenido de prote\u00edna  Bebida deportiva ideal \"todo en uno\"","og_url":"https:\/\/yaomarket.cl\/?product=long-energy-1200-gr","og_site_name":"YAOMARKET","article_publisher":"https:\/\/www.facebook.com\/yaomarketchile\/","article_modified_time":"2025-11-04T15:55:30+00:00","og_image":[{"width":492,"height":492,"url":"https:\/\/yaomarket.cl\/wp-content\/uploads\/2023\/09\/long-energy.png","type":"image\/png"}],"twitter_card":"summary_large_image","twitter_misc":{"Tiempo de lectura":"1 minuto"},"schema":{"@context":"https:\/\/schema.org","@graph":[{"@type":"WebPage","@id":"https:\/\/yaomarket.cl\/?product=long-energy-1200-gr","url":"https:\/\/yaomarket.cl\/?product=long-energy-1200-gr","name":"Long Energy 1200 gr - YAOMARKET","isPartOf":{"@id":"https:\/\/yaomarket.cl\/#website"},"primaryImageOfPage":{"@id":"https:\/\/yaomarket.cl\/?product=long-energy-1200-gr#primaryimage"},"image":{"@id":"https:\/\/yaomarket.cl\/?product=long-energy-1200-gr#primaryimage"},"thumbnailUrl":"https:\/\/yaomarket.cl\/wp-content\/uploads\/2023\/09\/long-energy.png","datePublished":"2023-09-06T19:53:32+00:00","dateModified":"2025-11-04T15:55:30+00:00","breadcrumb":{"@id":"https:\/\/yaomarket.cl\/?product=long-energy-1200-gr#breadcrumb"},"inLanguage":"es","potentialAction":[{"@type":"ReadAction","target":["https:\/\/yaomarket.cl\/?product=long-energy-1200-gr"]}]},{"@type":"ImageObject","inLanguage":"es","@id":"https:\/\/yaomarket.cl\/?product=long-energy-1200-gr#primaryimage","url":"https:\/\/yaomarket.cl\/wp-content\/uploads\/2023\/09\/long-energy.png","contentUrl":"https:\/\/yaomarket.cl\/wp-content\/uploads\/2023\/09\/long-energy.png","width":492,"height":492},{"@type":"BreadcrumbList","@id":"https:\/\/yaomarket.cl\/?product=long-energy-1200-gr#breadcrumb","itemListElement":[{"@type":"ListItem","position":1,"name":"Portada","item":"https:\/\/yaomarket.cl\/"},{"@type":"ListItem","position":2,"name":"TIENDA","item":"https:\/\/yaomarket.cl\/?page_id=8"},{"@type":"ListItem","position":3,"name":"Long Energy 1200 gr"}]},{"@type":"WebSite","@id":"https:\/\/yaomarket.cl\/#website","url":"https:\/\/yaomarket.cl\/","name":"YAOMARKET","description":"","publisher":{"@id":"https:\/\/yaomarket.cl\/#organization"},"potentialAction":[{"@type":"SearchAction","target":{"@type":"EntryPoint","urlTemplate":"https:\/\/yaomarket.cl\/?s={search_term_string}"},"query-input":{"@type":"PropertyValueSpecification","valueRequired":true,"valueName":"search_term_string"}}],"inLanguage":"es"},{"@type":"Organization","@id":"https:\/\/yaomarket.cl\/#organization","name":"YAOMARKET","url":"https:\/\/yaomarket.cl\/","logo":{"@type":"ImageObject","inLanguage":"es","@id":"https:\/\/yaomarket.cl\/#\/schema\/logo\/image\/","url":"https:\/\/yaomarket.cl\/wp-content\/uploads\/2023\/08\/Logo-Original-Yao-Market-Circular.png","contentUrl":"https:\/\/yaomarket.cl\/wp-content\/uploads\/2023\/08\/Logo-Original-Yao-Market-Circular.png","width":522,"height":522,"caption":"YAOMARKET"},"image":{"@id":"https:\/\/yaomarket.cl\/#\/schema\/logo\/image\/"},"sameAs":["https:\/\/www.facebook.com\/yaomarketchile\/","https:\/\/www.instagram.com\/yao_market\/"]}]}},"_links":{"self":[{"href":"https:\/\/yaomarket.cl\/index.php?rest_route=\/wp\/v2\/product\/10018","targetHints":{"allow":["GET"]}}],"collection":[{"href":"https:\/\/yaomarket.cl\/index.php?rest_route=\/wp\/v2\/product"}],"about":[{"href":"https:\/\/yaomarket.cl\/index.php?rest_route=\/wp\/v2\/types\/product"}],"wp:featuredmedia":[{"embeddable":true,"href":"https:\/\/yaomarket.cl\/index.php?rest_route=\/wp\/v2\/media\/10019"}],"wp:attachment":[{"href":"https:\/\/yaomarket.cl\/index.php?rest_route=%2Fwp%2Fv2%2Fmedia&parent=10018"}],"wp:term":[{"taxonomy":"product_cat","embeddable":true,"href":"https:\/\/yaomarket.cl\/index.php?rest_route=%2Fwp%2Fv2%2Fproduct_cat&post=10018"},{"taxonomy":"product_tag","embeddable":true,"href":"https:\/\/yaomarket.cl\/index.php?rest_route=%2Fwp%2Fv2%2Fproduct_tag&post=10018"}],"curies":[{"name":"wp","href":"https:\/\/api.w.org\/{rel}","templated":true}]}}