{"id":10014,"date":"2023-09-06T19:45:21","date_gmt":"2023-09-06T19:45:21","guid":{"rendered":"https:\/\/yaomarket.cl\/?post_type=product&#038;p=10014"},"modified":"2025-11-04T15:55:30","modified_gmt":"2025-11-04T15:55:30","slug":"salt-caps-120-capsulas","status":"publish","type":"product","link":"https:\/\/yaomarket.cl\/?product=salt-caps-120-capsulas","title":{"rendered":"SALT CAPS (120 capsulas)"},"content":{"rendered":"<table>\n<tbody>\n<tr>\n<td colspan=\"3\">\n<p align=\"right\">1 porci\u00f3n = 2 c\u00e1psulas\/tapas.<\/p>\n<\/td>\n<td colspan=\"2\">\n<p align=\"right\">6 c\u00e1psulas.**<\/p>\n<\/td>\n<\/tr>\n<tr>\n<td>sodio\/sodio<\/td>\n<td>\n<p align=\"right\">400 miligramos<\/p>\n<\/td>\n<td>\n<p align=\"right\">&#8212;<\/p>\n<\/td>\n<td>\n<p align=\"right\">1200 miligramos<\/p>\n<\/td>\n<td>\n<p align=\"right\">&#8212;<\/p>\n<\/td>\n<\/tr>\n<tr>\n<td>magnesio<\/td>\n<td>\n<p align=\"right\">20 miligramos<\/p>\n<\/td>\n<td>\n<p align=\"right\">5%*<\/p>\n<\/td>\n<td>\n<p align=\"right\">60 miligramos<\/p>\n<\/td>\n<td>\n<p align=\"right\">15%*<\/p>\n<\/td>\n<\/tr>\n<tr>\n<td>calcio<\/td>\n<td>\n<p align=\"right\">40 miligramos<\/p>\n<\/td>\n<td>\n<p align=\"right\">5%*<\/p>\n<\/td>\n<td>\n<p align=\"right\">110 miligramos<\/p>\n<\/td>\n<td>\n<p align=\"right\">15%*<\/p>\n<\/td>\n<\/tr>\n<tr>\n<td>potasio\/potasio<\/td>\n<td>\n<p align=\"right\">100 miligramos<\/p>\n<\/td>\n<td>\n<p align=\"right\">5%*<\/p>\n<\/td>\n<td>\n<p align=\"right\">300 miligramos<\/p>\n<\/td>\n<td>\n<p align=\"right\">15%*<\/p>\n<\/td>\n<\/tr>\n<tr>\n<td>zinc\/zinc<\/td>\n<td>\n<p align=\"right\">3,0 mg<\/p>\n<\/td>\n<td>\n<p align=\"right\">30*<\/p>\n<\/td>\n<td>\n<p align=\"right\">9,0 miligramos<\/p>\n<\/td>\n<td>\n<p align=\"right\">90%*<\/p>\n<\/td>\n<\/tr>\n<\/tbody>\n<\/table>\n<p>*VRN, valores de referencia de nutrientes<br \/>\n**Raci\u00f3n diaria<\/p>\n","protected":false},"excerpt":{"rendered":"<p>Mezcla de electrolitos ideal para su uso durante entrenamientos de resistencia largos o con altas temperaturas. Mejora la absorci\u00f3n de agua, ayuda a mantener los niveles de sal y otros electrolitos en equilibrio, cuando el cuerpo pierde electrolitos a trav\u00e9s de la sudoraci\u00f3n, lo que puede conducir a una disminuci\u00f3n del rendimiento y reducci\u00f3n de la funci\u00f3n muscular. Modula el metabolismo de las grasas y el zinc contribuye al metabolismo normal de los \u00e1cidos grasos.<\/p>\n<p>&nbsp;<\/p>\n<p>Se recomienda consumir 1 raci\u00f3n cada hora durante el entrenamiento con suficiente l\u00edquido (0,4 \u2013 0,8 litros\/hr)<\/p>\n<p>Este producto es vegano.<\/p>\n","protected":false},"featured_media":10015,"template":"","meta":[],"product_cat":[535,534],"product_tag":[],"class_list":{"0":"post-10014","1":"product","2":"type-product","3":"status-publish","4":"has-post-thumbnail","6":"product_cat-aumento-de-rendimiento","7":"product_cat-deportista","9":"first","10":"outofstock","11":"shipping-taxable","12":"purchasable","13":"product-type-simple"},"yoast_head":"<!-- This site is optimized with the Yoast SEO plugin v25.2 - https:\/\/yoast.com\/wordpress\/plugins\/seo\/ -->\n<title>SALT CAPS (120 capsulas) - YAOMARKET<\/title>\n<meta name=\"robots\" content=\"index, follow, max-snippet:-1, max-image-preview:large, max-video-preview:-1\" \/>\n<link rel=\"canonical\" href=\"https:\/\/yaomarket.cl\/?product=salt-caps-120-capsulas\" \/>\n<meta property=\"og:locale\" content=\"es_ES\" \/>\n<meta property=\"og:type\" content=\"article\" \/>\n<meta property=\"og:title\" content=\"SALT CAPS (120 capsulas) - YAOMARKET\" \/>\n<meta property=\"og:description\" content=\"Mezcla de electrolitos ideal para su uso durante entrenamientos de resistencia largos o con altas temperaturas. Mejora la absorci\u00f3n de agua, ayuda a mantener los niveles de sal y otros electrolitos en equilibrio, cuando el cuerpo pierde electrolitos a trav\u00e9s de la sudoraci\u00f3n, lo que puede conducir a una disminuci\u00f3n del rendimiento y reducci\u00f3n de la funci\u00f3n muscular. Modula el metabolismo de las grasas y el zinc contribuye al metabolismo normal de los \u00e1cidos grasos.  &nbsp;  Se recomienda consumir 1 raci\u00f3n cada hora durante el entrenamiento con suficiente l\u00edquido (0,4 \u2013 0,8 litros\/hr)  Este producto es vegano.\" \/>\n<meta property=\"og:url\" content=\"https:\/\/yaomarket.cl\/?product=salt-caps-120-capsulas\" \/>\n<meta property=\"og:site_name\" content=\"YAOMARKET\" \/>\n<meta property=\"article:publisher\" content=\"https:\/\/www.facebook.com\/yaomarketchile\/\" \/>\n<meta property=\"article:modified_time\" content=\"2025-11-04T15:55:30+00:00\" \/>\n<meta property=\"og:image\" content=\"https:\/\/yaomarket.cl\/wp-content\/uploads\/2023\/09\/salt-.png\" \/>\n\t<meta property=\"og:image:width\" content=\"492\" \/>\n\t<meta property=\"og:image:height\" content=\"492\" \/>\n\t<meta property=\"og:image:type\" content=\"image\/png\" \/>\n<meta name=\"twitter:card\" content=\"summary_large_image\" \/>\n<script type=\"application\/ld+json\" class=\"yoast-schema-graph\">{\"@context\":\"https:\/\/schema.org\",\"@graph\":[{\"@type\":\"WebPage\",\"@id\":\"https:\/\/yaomarket.cl\/?product=salt-caps-120-capsulas\",\"url\":\"https:\/\/yaomarket.cl\/?product=salt-caps-120-capsulas\",\"name\":\"SALT CAPS (120 capsulas) - YAOMARKET\",\"isPartOf\":{\"@id\":\"https:\/\/yaomarket.cl\/#website\"},\"primaryImageOfPage\":{\"@id\":\"https:\/\/yaomarket.cl\/?product=salt-caps-120-capsulas#primaryimage\"},\"image\":{\"@id\":\"https:\/\/yaomarket.cl\/?product=salt-caps-120-capsulas#primaryimage\"},\"thumbnailUrl\":\"https:\/\/yaomarket.cl\/wp-content\/uploads\/2023\/09\/salt-.png\",\"datePublished\":\"2023-09-06T19:45:21+00:00\",\"dateModified\":\"2025-11-04T15:55:30+00:00\",\"breadcrumb\":{\"@id\":\"https:\/\/yaomarket.cl\/?product=salt-caps-120-capsulas#breadcrumb\"},\"inLanguage\":\"es\",\"potentialAction\":[{\"@type\":\"ReadAction\",\"target\":[\"https:\/\/yaomarket.cl\/?product=salt-caps-120-capsulas\"]}]},{\"@type\":\"ImageObject\",\"inLanguage\":\"es\",\"@id\":\"https:\/\/yaomarket.cl\/?product=salt-caps-120-capsulas#primaryimage\",\"url\":\"https:\/\/yaomarket.cl\/wp-content\/uploads\/2023\/09\/salt-.png\",\"contentUrl\":\"https:\/\/yaomarket.cl\/wp-content\/uploads\/2023\/09\/salt-.png\",\"width\":492,\"height\":492},{\"@type\":\"BreadcrumbList\",\"@id\":\"https:\/\/yaomarket.cl\/?product=salt-caps-120-capsulas#breadcrumb\",\"itemListElement\":[{\"@type\":\"ListItem\",\"position\":1,\"name\":\"Portada\",\"item\":\"https:\/\/yaomarket.cl\/\"},{\"@type\":\"ListItem\",\"position\":2,\"name\":\"TIENDA\",\"item\":\"https:\/\/yaomarket.cl\/?page_id=8\"},{\"@type\":\"ListItem\",\"position\":3,\"name\":\"SALT CAPS (120 capsulas)\"}]},{\"@type\":\"WebSite\",\"@id\":\"https:\/\/yaomarket.cl\/#website\",\"url\":\"https:\/\/yaomarket.cl\/\",\"name\":\"YAOMARKET\",\"description\":\"\",\"publisher\":{\"@id\":\"https:\/\/yaomarket.cl\/#organization\"},\"potentialAction\":[{\"@type\":\"SearchAction\",\"target\":{\"@type\":\"EntryPoint\",\"urlTemplate\":\"https:\/\/yaomarket.cl\/?s={search_term_string}\"},\"query-input\":{\"@type\":\"PropertyValueSpecification\",\"valueRequired\":true,\"valueName\":\"search_term_string\"}}],\"inLanguage\":\"es\"},{\"@type\":\"Organization\",\"@id\":\"https:\/\/yaomarket.cl\/#organization\",\"name\":\"YAOMARKET\",\"url\":\"https:\/\/yaomarket.cl\/\",\"logo\":{\"@type\":\"ImageObject\",\"inLanguage\":\"es\",\"@id\":\"https:\/\/yaomarket.cl\/#\/schema\/logo\/image\/\",\"url\":\"https:\/\/yaomarket.cl\/wp-content\/uploads\/2023\/08\/Logo-Original-Yao-Market-Circular.png\",\"contentUrl\":\"https:\/\/yaomarket.cl\/wp-content\/uploads\/2023\/08\/Logo-Original-Yao-Market-Circular.png\",\"width\":522,\"height\":522,\"caption\":\"YAOMARKET\"},\"image\":{\"@id\":\"https:\/\/yaomarket.cl\/#\/schema\/logo\/image\/\"},\"sameAs\":[\"https:\/\/www.facebook.com\/yaomarketchile\/\",\"https:\/\/www.instagram.com\/yao_market\/\"]}]}<\/script>\n<!-- \/ Yoast SEO plugin. -->","yoast_head_json":{"title":"SALT CAPS (120 capsulas) - YAOMARKET","robots":{"index":"index","follow":"follow","max-snippet":"max-snippet:-1","max-image-preview":"max-image-preview:large","max-video-preview":"max-video-preview:-1"},"canonical":"https:\/\/yaomarket.cl\/?product=salt-caps-120-capsulas","og_locale":"es_ES","og_type":"article","og_title":"SALT CAPS (120 capsulas) - YAOMARKET","og_description":"Mezcla de electrolitos ideal para su uso durante entrenamientos de resistencia largos o con altas temperaturas. Mejora la absorci\u00f3n de agua, ayuda a mantener los niveles de sal y otros electrolitos en equilibrio, cuando el cuerpo pierde electrolitos a trav\u00e9s de la sudoraci\u00f3n, lo que puede conducir a una disminuci\u00f3n del rendimiento y reducci\u00f3n de la funci\u00f3n muscular. Modula el metabolismo de las grasas y el zinc contribuye al metabolismo normal de los \u00e1cidos grasos.  &nbsp;  Se recomienda consumir 1 raci\u00f3n cada hora durante el entrenamiento con suficiente l\u00edquido (0,4 \u2013 0,8 litros\/hr)  Este producto es vegano.","og_url":"https:\/\/yaomarket.cl\/?product=salt-caps-120-capsulas","og_site_name":"YAOMARKET","article_publisher":"https:\/\/www.facebook.com\/yaomarketchile\/","article_modified_time":"2025-11-04T15:55:30+00:00","og_image":[{"width":492,"height":492,"url":"https:\/\/yaomarket.cl\/wp-content\/uploads\/2023\/09\/salt-.png","type":"image\/png"}],"twitter_card":"summary_large_image","schema":{"@context":"https:\/\/schema.org","@graph":[{"@type":"WebPage","@id":"https:\/\/yaomarket.cl\/?product=salt-caps-120-capsulas","url":"https:\/\/yaomarket.cl\/?product=salt-caps-120-capsulas","name":"SALT CAPS (120 capsulas) - YAOMARKET","isPartOf":{"@id":"https:\/\/yaomarket.cl\/#website"},"primaryImageOfPage":{"@id":"https:\/\/yaomarket.cl\/?product=salt-caps-120-capsulas#primaryimage"},"image":{"@id":"https:\/\/yaomarket.cl\/?product=salt-caps-120-capsulas#primaryimage"},"thumbnailUrl":"https:\/\/yaomarket.cl\/wp-content\/uploads\/2023\/09\/salt-.png","datePublished":"2023-09-06T19:45:21+00:00","dateModified":"2025-11-04T15:55:30+00:00","breadcrumb":{"@id":"https:\/\/yaomarket.cl\/?product=salt-caps-120-capsulas#breadcrumb"},"inLanguage":"es","potentialAction":[{"@type":"ReadAction","target":["https:\/\/yaomarket.cl\/?product=salt-caps-120-capsulas"]}]},{"@type":"ImageObject","inLanguage":"es","@id":"https:\/\/yaomarket.cl\/?product=salt-caps-120-capsulas#primaryimage","url":"https:\/\/yaomarket.cl\/wp-content\/uploads\/2023\/09\/salt-.png","contentUrl":"https:\/\/yaomarket.cl\/wp-content\/uploads\/2023\/09\/salt-.png","width":492,"height":492},{"@type":"BreadcrumbList","@id":"https:\/\/yaomarket.cl\/?product=salt-caps-120-capsulas#breadcrumb","itemListElement":[{"@type":"ListItem","position":1,"name":"Portada","item":"https:\/\/yaomarket.cl\/"},{"@type":"ListItem","position":2,"name":"TIENDA","item":"https:\/\/yaomarket.cl\/?page_id=8"},{"@type":"ListItem","position":3,"name":"SALT CAPS (120 capsulas)"}]},{"@type":"WebSite","@id":"https:\/\/yaomarket.cl\/#website","url":"https:\/\/yaomarket.cl\/","name":"YAOMARKET","description":"","publisher":{"@id":"https:\/\/yaomarket.cl\/#organization"},"potentialAction":[{"@type":"SearchAction","target":{"@type":"EntryPoint","urlTemplate":"https:\/\/yaomarket.cl\/?s={search_term_string}"},"query-input":{"@type":"PropertyValueSpecification","valueRequired":true,"valueName":"search_term_string"}}],"inLanguage":"es"},{"@type":"Organization","@id":"https:\/\/yaomarket.cl\/#organization","name":"YAOMARKET","url":"https:\/\/yaomarket.cl\/","logo":{"@type":"ImageObject","inLanguage":"es","@id":"https:\/\/yaomarket.cl\/#\/schema\/logo\/image\/","url":"https:\/\/yaomarket.cl\/wp-content\/uploads\/2023\/08\/Logo-Original-Yao-Market-Circular.png","contentUrl":"https:\/\/yaomarket.cl\/wp-content\/uploads\/2023\/08\/Logo-Original-Yao-Market-Circular.png","width":522,"height":522,"caption":"YAOMARKET"},"image":{"@id":"https:\/\/yaomarket.cl\/#\/schema\/logo\/image\/"},"sameAs":["https:\/\/www.facebook.com\/yaomarketchile\/","https:\/\/www.instagram.com\/yao_market\/"]}]}},"_links":{"self":[{"href":"https:\/\/yaomarket.cl\/index.php?rest_route=\/wp\/v2\/product\/10014","targetHints":{"allow":["GET"]}}],"collection":[{"href":"https:\/\/yaomarket.cl\/index.php?rest_route=\/wp\/v2\/product"}],"about":[{"href":"https:\/\/yaomarket.cl\/index.php?rest_route=\/wp\/v2\/types\/product"}],"wp:featuredmedia":[{"embeddable":true,"href":"https:\/\/yaomarket.cl\/index.php?rest_route=\/wp\/v2\/media\/10015"}],"wp:attachment":[{"href":"https:\/\/yaomarket.cl\/index.php?rest_route=%2Fwp%2Fv2%2Fmedia&parent=10014"}],"wp:term":[{"taxonomy":"product_cat","embeddable":true,"href":"https:\/\/yaomarket.cl\/index.php?rest_route=%2Fwp%2Fv2%2Fproduct_cat&post=10014"},{"taxonomy":"product_tag","embeddable":true,"href":"https:\/\/yaomarket.cl\/index.php?rest_route=%2Fwp%2Fv2%2Fproduct_tag&post=10014"}],"curies":[{"name":"wp","href":"https:\/\/api.w.org\/{rel}","templated":true}]}}