{"id":10012,"date":"2023-09-06T19:43:01","date_gmt":"2023-09-06T19:43:01","guid":{"rendered":"https:\/\/yaomarket.cl\/?post_type=product&#038;p=10012"},"modified":"2025-11-04T15:55:31","modified_gmt":"2025-11-04T15:55:31","slug":"amino-eaa-140-tabletas","status":"publish","type":"product","link":"https:\/\/yaomarket.cl\/?product=amino-eaa-140-tabletas","title":{"rendered":"AMINO EAA (140 tabletas)"},"content":{"rendered":"<p style=\"font-weight: 400;\"><b><strong>AMINO EAA<\/strong><\/b><\/p>\n<table style=\"font-weight: 400;\" width=\"638\">\n<tbody>\n<tr>\n<td width=\"391\">Contiene 8 amino\u00e1cidos esenciales y 3 semi esenciales en forma libre. Las tabletas contienen una alta proporci\u00f3n de leucina y BCAA. Las tabletas son adecuadas para atletas de fuerza y \u200b\u200bresistencia que desean limitar su suministro de prote\u00ednas a lo esencial y no desean ingerir calor\u00edas adicionales. Amino EAA proporciona todos los componentes b\u00e1sicos de prote\u00ednas necesarios en la proporci\u00f3n ideal. La prote\u00edna apoya el crecimiento y mantenimiento de la masa muscular y tiene una influencia positiva en el tiempo de regeneraci\u00f3n.<\/p>\n<p>\u00bfQu\u00e9 significa EAA?<\/p>\n<p>EAA es un acr\u00f3nimo del ingl\u00e9s y significa amino\u00e1cidos esenciales<\/p>\n<table>\n<tbody>\n<tr>\n<td>L-histidina<\/td>\n<td>600 miligramos<\/td>\n<\/tr>\n<tr>\n<td>L-isoleucina<\/td>\n<td>1200 miligramos<\/td>\n<\/tr>\n<tr>\n<td>L-leucina<\/td>\n<td>2400 miligramos<\/td>\n<\/tr>\n<tr>\n<td>L-lisina<\/td>\n<td>1740 miligramos<\/td>\n<\/tr>\n<tr>\n<td>L-metionina + L-ciste\u00edna<\/td>\n<td>1050 miligramos<\/td>\n<\/tr>\n<tr>\n<td>L-fenilalanina + L-tirosina<\/td>\n<td>1500 miligramos<\/td>\n<\/tr>\n<tr>\n<td>L-treonina<\/td>\n<td>900 miligramos<\/td>\n<\/tr>\n<tr>\n<td>L-tript\u00f3fano<\/td>\n<td>240 miligramos<\/td>\n<\/tr>\n<tr>\n<td>L-valina<\/td>\n<td>1600 miligramos<\/td>\n<\/tr>\n<\/tbody>\n<\/table>\n<\/td>\n<\/tr>\n<\/tbody>\n<\/table>\n","protected":false},"excerpt":{"rendered":"<p style=\"font-weight: 400;\"><b><strong>AMINO EAA<\/strong><\/b><\/p>\n<table style=\"font-weight: 400;\" width=\"638\">\n<tbody>\n<tr>\n<td width=\"391\">Contiene 8 amino\u00e1cidos esenciales y 3 semi esenciales.<\/td>\n<\/tr>\n<\/tbody>\n<\/table>\n","protected":false},"featured_media":10013,"template":"","meta":[],"product_cat":[535,534],"product_tag":[],"class_list":{"0":"post-10012","1":"product","2":"type-product","3":"status-publish","4":"has-post-thumbnail","6":"product_cat-aumento-de-rendimiento","7":"product_cat-deportista","9":"first","10":"outofstock","11":"shipping-taxable","12":"purchasable","13":"product-type-simple"},"yoast_head":"<!-- This site is optimized with the Yoast SEO plugin v25.2 - https:\/\/yoast.com\/wordpress\/plugins\/seo\/ -->\n<title>AMINO EAA (140 tabletas) - YAOMARKET<\/title>\n<meta name=\"robots\" content=\"index, follow, max-snippet:-1, max-image-preview:large, max-video-preview:-1\" \/>\n<link rel=\"canonical\" href=\"https:\/\/yaomarket.cl\/?product=amino-eaa-140-tabletas\" \/>\n<meta property=\"og:locale\" content=\"es_ES\" \/>\n<meta property=\"og:type\" content=\"article\" \/>\n<meta property=\"og:title\" content=\"AMINO EAA (140 tabletas) - YAOMARKET\" \/>\n<meta property=\"og:description\" content=\"AMINO EAA     Contiene 8 amino\u00e1cidos esenciales y 3 semi esenciales.\" \/>\n<meta property=\"og:url\" content=\"https:\/\/yaomarket.cl\/?product=amino-eaa-140-tabletas\" \/>\n<meta property=\"og:site_name\" content=\"YAOMARKET\" \/>\n<meta property=\"article:publisher\" content=\"https:\/\/www.facebook.com\/yaomarketchile\/\" \/>\n<meta property=\"article:modified_time\" content=\"2025-11-04T15:55:31+00:00\" \/>\n<meta property=\"og:image\" content=\"https:\/\/yaomarket.cl\/wp-content\/uploads\/2023\/09\/amino-eaa-140-tabletas.png\" \/>\n\t<meta property=\"og:image:width\" content=\"492\" \/>\n\t<meta property=\"og:image:height\" content=\"492\" \/>\n\t<meta property=\"og:image:type\" content=\"image\/png\" \/>\n<meta name=\"twitter:card\" content=\"summary_large_image\" \/>\n<meta name=\"twitter:label1\" content=\"Tiempo de lectura\" \/>\n\t<meta name=\"twitter:data1\" content=\"1 minuto\" \/>\n<script type=\"application\/ld+json\" class=\"yoast-schema-graph\">{\"@context\":\"https:\/\/schema.org\",\"@graph\":[{\"@type\":\"WebPage\",\"@id\":\"https:\/\/yaomarket.cl\/?product=amino-eaa-140-tabletas\",\"url\":\"https:\/\/yaomarket.cl\/?product=amino-eaa-140-tabletas\",\"name\":\"AMINO EAA (140 tabletas) - YAOMARKET\",\"isPartOf\":{\"@id\":\"https:\/\/yaomarket.cl\/#website\"},\"primaryImageOfPage\":{\"@id\":\"https:\/\/yaomarket.cl\/?product=amino-eaa-140-tabletas#primaryimage\"},\"image\":{\"@id\":\"https:\/\/yaomarket.cl\/?product=amino-eaa-140-tabletas#primaryimage\"},\"thumbnailUrl\":\"https:\/\/yaomarket.cl\/wp-content\/uploads\/2023\/09\/amino-eaa-140-tabletas.png\",\"datePublished\":\"2023-09-06T19:43:01+00:00\",\"dateModified\":\"2025-11-04T15:55:31+00:00\",\"breadcrumb\":{\"@id\":\"https:\/\/yaomarket.cl\/?product=amino-eaa-140-tabletas#breadcrumb\"},\"inLanguage\":\"es\",\"potentialAction\":[{\"@type\":\"ReadAction\",\"target\":[\"https:\/\/yaomarket.cl\/?product=amino-eaa-140-tabletas\"]}]},{\"@type\":\"ImageObject\",\"inLanguage\":\"es\",\"@id\":\"https:\/\/yaomarket.cl\/?product=amino-eaa-140-tabletas#primaryimage\",\"url\":\"https:\/\/yaomarket.cl\/wp-content\/uploads\/2023\/09\/amino-eaa-140-tabletas.png\",\"contentUrl\":\"https:\/\/yaomarket.cl\/wp-content\/uploads\/2023\/09\/amino-eaa-140-tabletas.png\",\"width\":492,\"height\":492},{\"@type\":\"BreadcrumbList\",\"@id\":\"https:\/\/yaomarket.cl\/?product=amino-eaa-140-tabletas#breadcrumb\",\"itemListElement\":[{\"@type\":\"ListItem\",\"position\":1,\"name\":\"Portada\",\"item\":\"https:\/\/yaomarket.cl\/\"},{\"@type\":\"ListItem\",\"position\":2,\"name\":\"TIENDA\",\"item\":\"https:\/\/yaomarket.cl\/?page_id=8\"},{\"@type\":\"ListItem\",\"position\":3,\"name\":\"AMINO EAA (140 tabletas)\"}]},{\"@type\":\"WebSite\",\"@id\":\"https:\/\/yaomarket.cl\/#website\",\"url\":\"https:\/\/yaomarket.cl\/\",\"name\":\"YAOMARKET\",\"description\":\"\",\"publisher\":{\"@id\":\"https:\/\/yaomarket.cl\/#organization\"},\"potentialAction\":[{\"@type\":\"SearchAction\",\"target\":{\"@type\":\"EntryPoint\",\"urlTemplate\":\"https:\/\/yaomarket.cl\/?s={search_term_string}\"},\"query-input\":{\"@type\":\"PropertyValueSpecification\",\"valueRequired\":true,\"valueName\":\"search_term_string\"}}],\"inLanguage\":\"es\"},{\"@type\":\"Organization\",\"@id\":\"https:\/\/yaomarket.cl\/#organization\",\"name\":\"YAOMARKET\",\"url\":\"https:\/\/yaomarket.cl\/\",\"logo\":{\"@type\":\"ImageObject\",\"inLanguage\":\"es\",\"@id\":\"https:\/\/yaomarket.cl\/#\/schema\/logo\/image\/\",\"url\":\"https:\/\/yaomarket.cl\/wp-content\/uploads\/2023\/08\/Logo-Original-Yao-Market-Circular.png\",\"contentUrl\":\"https:\/\/yaomarket.cl\/wp-content\/uploads\/2023\/08\/Logo-Original-Yao-Market-Circular.png\",\"width\":522,\"height\":522,\"caption\":\"YAOMARKET\"},\"image\":{\"@id\":\"https:\/\/yaomarket.cl\/#\/schema\/logo\/image\/\"},\"sameAs\":[\"https:\/\/www.facebook.com\/yaomarketchile\/\",\"https:\/\/www.instagram.com\/yao_market\/\"]}]}<\/script>\n<!-- \/ Yoast SEO plugin. -->","yoast_head_json":{"title":"AMINO EAA (140 tabletas) - YAOMARKET","robots":{"index":"index","follow":"follow","max-snippet":"max-snippet:-1","max-image-preview":"max-image-preview:large","max-video-preview":"max-video-preview:-1"},"canonical":"https:\/\/yaomarket.cl\/?product=amino-eaa-140-tabletas","og_locale":"es_ES","og_type":"article","og_title":"AMINO EAA (140 tabletas) - YAOMARKET","og_description":"AMINO EAA     Contiene 8 amino\u00e1cidos esenciales y 3 semi esenciales.","og_url":"https:\/\/yaomarket.cl\/?product=amino-eaa-140-tabletas","og_site_name":"YAOMARKET","article_publisher":"https:\/\/www.facebook.com\/yaomarketchile\/","article_modified_time":"2025-11-04T15:55:31+00:00","og_image":[{"width":492,"height":492,"url":"https:\/\/yaomarket.cl\/wp-content\/uploads\/2023\/09\/amino-eaa-140-tabletas.png","type":"image\/png"}],"twitter_card":"summary_large_image","twitter_misc":{"Tiempo de lectura":"1 minuto"},"schema":{"@context":"https:\/\/schema.org","@graph":[{"@type":"WebPage","@id":"https:\/\/yaomarket.cl\/?product=amino-eaa-140-tabletas","url":"https:\/\/yaomarket.cl\/?product=amino-eaa-140-tabletas","name":"AMINO EAA (140 tabletas) - YAOMARKET","isPartOf":{"@id":"https:\/\/yaomarket.cl\/#website"},"primaryImageOfPage":{"@id":"https:\/\/yaomarket.cl\/?product=amino-eaa-140-tabletas#primaryimage"},"image":{"@id":"https:\/\/yaomarket.cl\/?product=amino-eaa-140-tabletas#primaryimage"},"thumbnailUrl":"https:\/\/yaomarket.cl\/wp-content\/uploads\/2023\/09\/amino-eaa-140-tabletas.png","datePublished":"2023-09-06T19:43:01+00:00","dateModified":"2025-11-04T15:55:31+00:00","breadcrumb":{"@id":"https:\/\/yaomarket.cl\/?product=amino-eaa-140-tabletas#breadcrumb"},"inLanguage":"es","potentialAction":[{"@type":"ReadAction","target":["https:\/\/yaomarket.cl\/?product=amino-eaa-140-tabletas"]}]},{"@type":"ImageObject","inLanguage":"es","@id":"https:\/\/yaomarket.cl\/?product=amino-eaa-140-tabletas#primaryimage","url":"https:\/\/yaomarket.cl\/wp-content\/uploads\/2023\/09\/amino-eaa-140-tabletas.png","contentUrl":"https:\/\/yaomarket.cl\/wp-content\/uploads\/2023\/09\/amino-eaa-140-tabletas.png","width":492,"height":492},{"@type":"BreadcrumbList","@id":"https:\/\/yaomarket.cl\/?product=amino-eaa-140-tabletas#breadcrumb","itemListElement":[{"@type":"ListItem","position":1,"name":"Portada","item":"https:\/\/yaomarket.cl\/"},{"@type":"ListItem","position":2,"name":"TIENDA","item":"https:\/\/yaomarket.cl\/?page_id=8"},{"@type":"ListItem","position":3,"name":"AMINO EAA (140 tabletas)"}]},{"@type":"WebSite","@id":"https:\/\/yaomarket.cl\/#website","url":"https:\/\/yaomarket.cl\/","name":"YAOMARKET","description":"","publisher":{"@id":"https:\/\/yaomarket.cl\/#organization"},"potentialAction":[{"@type":"SearchAction","target":{"@type":"EntryPoint","urlTemplate":"https:\/\/yaomarket.cl\/?s={search_term_string}"},"query-input":{"@type":"PropertyValueSpecification","valueRequired":true,"valueName":"search_term_string"}}],"inLanguage":"es"},{"@type":"Organization","@id":"https:\/\/yaomarket.cl\/#organization","name":"YAOMARKET","url":"https:\/\/yaomarket.cl\/","logo":{"@type":"ImageObject","inLanguage":"es","@id":"https:\/\/yaomarket.cl\/#\/schema\/logo\/image\/","url":"https:\/\/yaomarket.cl\/wp-content\/uploads\/2023\/08\/Logo-Original-Yao-Market-Circular.png","contentUrl":"https:\/\/yaomarket.cl\/wp-content\/uploads\/2023\/08\/Logo-Original-Yao-Market-Circular.png","width":522,"height":522,"caption":"YAOMARKET"},"image":{"@id":"https:\/\/yaomarket.cl\/#\/schema\/logo\/image\/"},"sameAs":["https:\/\/www.facebook.com\/yaomarketchile\/","https:\/\/www.instagram.com\/yao_market\/"]}]}},"_links":{"self":[{"href":"https:\/\/yaomarket.cl\/index.php?rest_route=\/wp\/v2\/product\/10012","targetHints":{"allow":["GET"]}}],"collection":[{"href":"https:\/\/yaomarket.cl\/index.php?rest_route=\/wp\/v2\/product"}],"about":[{"href":"https:\/\/yaomarket.cl\/index.php?rest_route=\/wp\/v2\/types\/product"}],"wp:featuredmedia":[{"embeddable":true,"href":"https:\/\/yaomarket.cl\/index.php?rest_route=\/wp\/v2\/media\/10013"}],"wp:attachment":[{"href":"https:\/\/yaomarket.cl\/index.php?rest_route=%2Fwp%2Fv2%2Fmedia&parent=10012"}],"wp:term":[{"taxonomy":"product_cat","embeddable":true,"href":"https:\/\/yaomarket.cl\/index.php?rest_route=%2Fwp%2Fv2%2Fproduct_cat&post=10012"},{"taxonomy":"product_tag","embeddable":true,"href":"https:\/\/yaomarket.cl\/index.php?rest_route=%2Fwp%2Fv2%2Fproduct_tag&post=10012"}],"curies":[{"name":"wp","href":"https:\/\/api.w.org\/{rel}","templated":true}]}}