{"id":10010,"date":"2023-09-06T19:41:01","date_gmt":"2023-09-06T19:41:01","guid":{"rendered":"https:\/\/yaomarket.cl\/?post_type=product&#038;p=10010"},"modified":"2025-11-04T15:24:36","modified_gmt":"2025-11-04T15:24:36","slug":"ultra-competition-neutral-1000-grs","status":"publish","type":"product","link":"https:\/\/yaomarket.cl\/?product=ultra-competition-neutral-1000-grs","title":{"rendered":"Ultra Competition Neutral 1000 grs"},"content":{"rendered":"<p>ULTRA COMPETITION de SPONSER\u00ae es una soluci\u00f3n nutritiva hipot\u00f3nica de alta complejidad, especialmente desarrollada para los requerimientos de ultra y largas distancias. El almid\u00f3n de ma\u00edz ceroso y los hidrolizados de almid\u00f3n sin gluten de ma\u00edz ceroso y arroz garantizan un suministro de energ\u00eda duradero y un \u00edndice gluc\u00e9mico bajo. Las fibras de acacia consisten en el llamado arabinogalactano y, gracias a sus propiedades de uni\u00f3n a agua, electrolitos y glucosa, favorecen la absorci\u00f3n de estos nutrientes y la funci\u00f3n intestinal normal. El almid\u00f3n de ma\u00edz ceroso se compone de mol\u00e9culas de glucosa de cadena ramificada. A diferencia de los az\u00facares simples o dobles, el almid\u00f3n de ma\u00edz ceroso tiene hasta 1000 o m\u00e1s mol\u00e9culas de glucosa en una disposici\u00f3n ramificada. La estructura de cadena larga y relativamente compleja se vac\u00eda r\u00e1pidamente del est\u00f3mago, pero las enzimas digestivas tardan mucho en descomponerla en glucosa. Por lo tanto, el aumento de insulina con una bebida que consiste principalmente en almid\u00f3n de ma\u00edz ceroso es significativamente menor que con mezclas comerciales de carbohidratos.<\/p>\n<p>La receta prescinde por completo del gluten, la lactosa y la fructosa libre, ya que estos nutrientes a menudo se toleran mal durante largos per\u00edodos de estr\u00e9s y, por lo tanto, tienen un efecto limitante en el rendimiento.<\/p>\n<p>Este producto es vegano.<\/p>\n","protected":false},"excerpt":{"rendered":"<p>ULTRA COMPETICI\u00d3N\u00ae<\/p>\n<ul>\n<li>M\u00e1xima compatibilidad con actuaciones de larga duraci\u00f3n<\/li>\n<li>Denso en energ\u00eda, ins\u00edpido, dosificado individualmente<\/li>\n<li>Apto para intolerancia a la fructosa<\/li>\n<li>Fibra de acacia para una compatibilidad optimizada<\/li>\n<li>Libre de gluten, lactosa y \u00e1cidos<\/li>\n<\/ul>\n","protected":false},"featured_media":10011,"template":"","meta":[],"product_cat":[535,534],"product_tag":[],"class_list":{"0":"post-10010","1":"product","2":"type-product","3":"status-publish","4":"has-post-thumbnail","6":"product_cat-aumento-de-rendimiento","7":"product_cat-deportista","9":"first","10":"outofstock","11":"shipping-taxable","12":"purchasable","13":"product-type-simple"},"yoast_head":"<!-- This site is optimized with the Yoast SEO plugin v25.2 - https:\/\/yoast.com\/wordpress\/plugins\/seo\/ -->\n<title>Ultra Competition Neutral 1000 grs - YAOMARKET<\/title>\n<meta name=\"robots\" content=\"index, follow, max-snippet:-1, max-image-preview:large, max-video-preview:-1\" \/>\n<link rel=\"canonical\" href=\"https:\/\/yaomarket.cl\/?product=ultra-competition-neutral-1000-grs\" \/>\n<meta property=\"og:locale\" content=\"es_ES\" \/>\n<meta property=\"og:type\" content=\"article\" \/>\n<meta property=\"og:title\" content=\"Ultra Competition Neutral 1000 grs - YAOMARKET\" \/>\n<meta property=\"og:description\" content=\"ULTRA COMPETICI\u00d3N\u00ae   M\u00e1xima compatibilidad con actuaciones de larga duraci\u00f3n  Denso en energ\u00eda, ins\u00edpido, dosificado individualmente  Apto para intolerancia a la fructosa  Fibra de acacia para una compatibilidad optimizada  Libre de gluten, lactosa y \u00e1cidos\" \/>\n<meta property=\"og:url\" content=\"https:\/\/yaomarket.cl\/?product=ultra-competition-neutral-1000-grs\" \/>\n<meta property=\"og:site_name\" content=\"YAOMARKET\" \/>\n<meta property=\"article:publisher\" content=\"https:\/\/www.facebook.com\/yaomarketchile\/\" \/>\n<meta property=\"article:modified_time\" content=\"2025-11-04T15:24:36+00:00\" \/>\n<meta property=\"og:image\" content=\"https:\/\/yaomarket.cl\/wp-content\/uploads\/2023\/09\/ultra-competition-neutral-1000-grs.png\" \/>\n\t<meta property=\"og:image:width\" content=\"492\" \/>\n\t<meta property=\"og:image:height\" content=\"492\" \/>\n\t<meta property=\"og:image:type\" content=\"image\/png\" \/>\n<meta name=\"twitter:card\" content=\"summary_large_image\" \/>\n<meta name=\"twitter:label1\" content=\"Tiempo de lectura\" \/>\n\t<meta name=\"twitter:data1\" content=\"1 minuto\" \/>\n<script type=\"application\/ld+json\" class=\"yoast-schema-graph\">{\"@context\":\"https:\/\/schema.org\",\"@graph\":[{\"@type\":\"WebPage\",\"@id\":\"https:\/\/yaomarket.cl\/?product=ultra-competition-neutral-1000-grs\",\"url\":\"https:\/\/yaomarket.cl\/?product=ultra-competition-neutral-1000-grs\",\"name\":\"Ultra Competition Neutral 1000 grs - YAOMARKET\",\"isPartOf\":{\"@id\":\"https:\/\/yaomarket.cl\/#website\"},\"primaryImageOfPage\":{\"@id\":\"https:\/\/yaomarket.cl\/?product=ultra-competition-neutral-1000-grs#primaryimage\"},\"image\":{\"@id\":\"https:\/\/yaomarket.cl\/?product=ultra-competition-neutral-1000-grs#primaryimage\"},\"thumbnailUrl\":\"https:\/\/yaomarket.cl\/wp-content\/uploads\/2023\/09\/ultra-competition-neutral-1000-grs.png\",\"datePublished\":\"2023-09-06T19:41:01+00:00\",\"dateModified\":\"2025-11-04T15:24:36+00:00\",\"breadcrumb\":{\"@id\":\"https:\/\/yaomarket.cl\/?product=ultra-competition-neutral-1000-grs#breadcrumb\"},\"inLanguage\":\"es\",\"potentialAction\":[{\"@type\":\"ReadAction\",\"target\":[\"https:\/\/yaomarket.cl\/?product=ultra-competition-neutral-1000-grs\"]}]},{\"@type\":\"ImageObject\",\"inLanguage\":\"es\",\"@id\":\"https:\/\/yaomarket.cl\/?product=ultra-competition-neutral-1000-grs#primaryimage\",\"url\":\"https:\/\/yaomarket.cl\/wp-content\/uploads\/2023\/09\/ultra-competition-neutral-1000-grs.png\",\"contentUrl\":\"https:\/\/yaomarket.cl\/wp-content\/uploads\/2023\/09\/ultra-competition-neutral-1000-grs.png\",\"width\":492,\"height\":492},{\"@type\":\"BreadcrumbList\",\"@id\":\"https:\/\/yaomarket.cl\/?product=ultra-competition-neutral-1000-grs#breadcrumb\",\"itemListElement\":[{\"@type\":\"ListItem\",\"position\":1,\"name\":\"Portada\",\"item\":\"https:\/\/yaomarket.cl\/\"},{\"@type\":\"ListItem\",\"position\":2,\"name\":\"TIENDA\",\"item\":\"https:\/\/yaomarket.cl\/?page_id=8\"},{\"@type\":\"ListItem\",\"position\":3,\"name\":\"Ultra Competition Neutral 1000 grs\"}]},{\"@type\":\"WebSite\",\"@id\":\"https:\/\/yaomarket.cl\/#website\",\"url\":\"https:\/\/yaomarket.cl\/\",\"name\":\"YAOMARKET\",\"description\":\"\",\"publisher\":{\"@id\":\"https:\/\/yaomarket.cl\/#organization\"},\"potentialAction\":[{\"@type\":\"SearchAction\",\"target\":{\"@type\":\"EntryPoint\",\"urlTemplate\":\"https:\/\/yaomarket.cl\/?s={search_term_string}\"},\"query-input\":{\"@type\":\"PropertyValueSpecification\",\"valueRequired\":true,\"valueName\":\"search_term_string\"}}],\"inLanguage\":\"es\"},{\"@type\":\"Organization\",\"@id\":\"https:\/\/yaomarket.cl\/#organization\",\"name\":\"YAOMARKET\",\"url\":\"https:\/\/yaomarket.cl\/\",\"logo\":{\"@type\":\"ImageObject\",\"inLanguage\":\"es\",\"@id\":\"https:\/\/yaomarket.cl\/#\/schema\/logo\/image\/\",\"url\":\"https:\/\/yaomarket.cl\/wp-content\/uploads\/2023\/08\/Logo-Original-Yao-Market-Circular.png\",\"contentUrl\":\"https:\/\/yaomarket.cl\/wp-content\/uploads\/2023\/08\/Logo-Original-Yao-Market-Circular.png\",\"width\":522,\"height\":522,\"caption\":\"YAOMARKET\"},\"image\":{\"@id\":\"https:\/\/yaomarket.cl\/#\/schema\/logo\/image\/\"},\"sameAs\":[\"https:\/\/www.facebook.com\/yaomarketchile\/\",\"https:\/\/www.instagram.com\/yao_market\/\"]}]}<\/script>\n<!-- \/ Yoast SEO plugin. -->","yoast_head_json":{"title":"Ultra Competition Neutral 1000 grs - YAOMARKET","robots":{"index":"index","follow":"follow","max-snippet":"max-snippet:-1","max-image-preview":"max-image-preview:large","max-video-preview":"max-video-preview:-1"},"canonical":"https:\/\/yaomarket.cl\/?product=ultra-competition-neutral-1000-grs","og_locale":"es_ES","og_type":"article","og_title":"Ultra Competition Neutral 1000 grs - YAOMARKET","og_description":"ULTRA COMPETICI\u00d3N\u00ae   M\u00e1xima compatibilidad con actuaciones de larga duraci\u00f3n  Denso en energ\u00eda, ins\u00edpido, dosificado individualmente  Apto para intolerancia a la fructosa  Fibra de acacia para una compatibilidad optimizada  Libre de gluten, lactosa y \u00e1cidos","og_url":"https:\/\/yaomarket.cl\/?product=ultra-competition-neutral-1000-grs","og_site_name":"YAOMARKET","article_publisher":"https:\/\/www.facebook.com\/yaomarketchile\/","article_modified_time":"2025-11-04T15:24:36+00:00","og_image":[{"width":492,"height":492,"url":"https:\/\/yaomarket.cl\/wp-content\/uploads\/2023\/09\/ultra-competition-neutral-1000-grs.png","type":"image\/png"}],"twitter_card":"summary_large_image","twitter_misc":{"Tiempo de lectura":"1 minuto"},"schema":{"@context":"https:\/\/schema.org","@graph":[{"@type":"WebPage","@id":"https:\/\/yaomarket.cl\/?product=ultra-competition-neutral-1000-grs","url":"https:\/\/yaomarket.cl\/?product=ultra-competition-neutral-1000-grs","name":"Ultra Competition Neutral 1000 grs - YAOMARKET","isPartOf":{"@id":"https:\/\/yaomarket.cl\/#website"},"primaryImageOfPage":{"@id":"https:\/\/yaomarket.cl\/?product=ultra-competition-neutral-1000-grs#primaryimage"},"image":{"@id":"https:\/\/yaomarket.cl\/?product=ultra-competition-neutral-1000-grs#primaryimage"},"thumbnailUrl":"https:\/\/yaomarket.cl\/wp-content\/uploads\/2023\/09\/ultra-competition-neutral-1000-grs.png","datePublished":"2023-09-06T19:41:01+00:00","dateModified":"2025-11-04T15:24:36+00:00","breadcrumb":{"@id":"https:\/\/yaomarket.cl\/?product=ultra-competition-neutral-1000-grs#breadcrumb"},"inLanguage":"es","potentialAction":[{"@type":"ReadAction","target":["https:\/\/yaomarket.cl\/?product=ultra-competition-neutral-1000-grs"]}]},{"@type":"ImageObject","inLanguage":"es","@id":"https:\/\/yaomarket.cl\/?product=ultra-competition-neutral-1000-grs#primaryimage","url":"https:\/\/yaomarket.cl\/wp-content\/uploads\/2023\/09\/ultra-competition-neutral-1000-grs.png","contentUrl":"https:\/\/yaomarket.cl\/wp-content\/uploads\/2023\/09\/ultra-competition-neutral-1000-grs.png","width":492,"height":492},{"@type":"BreadcrumbList","@id":"https:\/\/yaomarket.cl\/?product=ultra-competition-neutral-1000-grs#breadcrumb","itemListElement":[{"@type":"ListItem","position":1,"name":"Portada","item":"https:\/\/yaomarket.cl\/"},{"@type":"ListItem","position":2,"name":"TIENDA","item":"https:\/\/yaomarket.cl\/?page_id=8"},{"@type":"ListItem","position":3,"name":"Ultra Competition Neutral 1000 grs"}]},{"@type":"WebSite","@id":"https:\/\/yaomarket.cl\/#website","url":"https:\/\/yaomarket.cl\/","name":"YAOMARKET","description":"","publisher":{"@id":"https:\/\/yaomarket.cl\/#organization"},"potentialAction":[{"@type":"SearchAction","target":{"@type":"EntryPoint","urlTemplate":"https:\/\/yaomarket.cl\/?s={search_term_string}"},"query-input":{"@type":"PropertyValueSpecification","valueRequired":true,"valueName":"search_term_string"}}],"inLanguage":"es"},{"@type":"Organization","@id":"https:\/\/yaomarket.cl\/#organization","name":"YAOMARKET","url":"https:\/\/yaomarket.cl\/","logo":{"@type":"ImageObject","inLanguage":"es","@id":"https:\/\/yaomarket.cl\/#\/schema\/logo\/image\/","url":"https:\/\/yaomarket.cl\/wp-content\/uploads\/2023\/08\/Logo-Original-Yao-Market-Circular.png","contentUrl":"https:\/\/yaomarket.cl\/wp-content\/uploads\/2023\/08\/Logo-Original-Yao-Market-Circular.png","width":522,"height":522,"caption":"YAOMARKET"},"image":{"@id":"https:\/\/yaomarket.cl\/#\/schema\/logo\/image\/"},"sameAs":["https:\/\/www.facebook.com\/yaomarketchile\/","https:\/\/www.instagram.com\/yao_market\/"]}]}},"_links":{"self":[{"href":"https:\/\/yaomarket.cl\/index.php?rest_route=\/wp\/v2\/product\/10010","targetHints":{"allow":["GET"]}}],"collection":[{"href":"https:\/\/yaomarket.cl\/index.php?rest_route=\/wp\/v2\/product"}],"about":[{"href":"https:\/\/yaomarket.cl\/index.php?rest_route=\/wp\/v2\/types\/product"}],"wp:featuredmedia":[{"embeddable":true,"href":"https:\/\/yaomarket.cl\/index.php?rest_route=\/wp\/v2\/media\/10011"}],"wp:attachment":[{"href":"https:\/\/yaomarket.cl\/index.php?rest_route=%2Fwp%2Fv2%2Fmedia&parent=10010"}],"wp:term":[{"taxonomy":"product_cat","embeddable":true,"href":"https:\/\/yaomarket.cl\/index.php?rest_route=%2Fwp%2Fv2%2Fproduct_cat&post=10010"},{"taxonomy":"product_tag","embeddable":true,"href":"https:\/\/yaomarket.cl\/index.php?rest_route=%2Fwp%2Fv2%2Fproduct_tag&post=10010"}],"curies":[{"name":"wp","href":"https:\/\/api.w.org\/{rel}","templated":true}]}}