{"id":10004,"date":"2023-09-06T19:33:50","date_gmt":"2023-09-06T19:33:50","guid":{"rendered":"https:\/\/yaomarket.cl\/?post_type=product&#038;p=10004"},"modified":"2025-11-04T15:55:31","modified_gmt":"2025-11-04T15:55:31","slug":"electrolitos","status":"publish","type":"product","link":"https:\/\/yaomarket.cl\/?product=electrolitos","title":{"rendered":"Electrolitos"},"content":{"rendered":"<p class=\"p1\">Los electrolitos compensan el cuerpo con los minerales sodio, magnesio, calcio, cloruro y potasio, que normalmente est\u00e1 perdiendo en el sudor. La bebida baja en calor\u00edas contiene menos de 10 calor\u00edas por vaso. Adem\u00e1s enriquecido con zinc, lo que contribuye a un metabolismo de \u00e1cidos grasos normal. Actividades intensas demandan de una ingesta adecuada de hidratos de carbono. Por lo tanto sportdrinks convencionales con moderada carbo-contenido de 60-80 g \/ se recomienda 1000 ml. Si usted est\u00e1 haciendo ejercicio de resistencia o en materia de control de peso de una ingesta baja en carbohidratos podr\u00eda ser efectivo.<\/p>\n<p class=\"p1\"><strong>Ingredientes<\/strong>: \u00c1cido c\u00edtrico acidulante, cloruro de sodio, bicarbonato de sodio, sorbitol humectante, citrato de potasio, inulina, carbonato de calcio, carbonato de magnesio, sabor mezcla de frutas, edulcorante sucralosa (I.D.A &lt;15 mg\/Kg de peso corporal), colorante polvo de remolacha, citrato de zinc, color riboflavina.<\/p>\n","protected":false},"excerpt":{"rendered":"<h4><b>ELECTROLITOS 4,5 g<\/b><\/h4>\n<p>Los electrolitos compensan el cuerpo con los minerales sodio, magnesio, calcio, cloruro y potasio, que normalmente est\u00e1 perdiendo en el sudor. La bebida baja en calor\u00edas contiene menos de 10 calor\u00edas por vaso. Adem\u00e1s enriquecido con zinc, lo que contribuye a un metabolismo de \u00e1cidos grasos normal.<\/p>\n","protected":false},"featured_media":10005,"template":"","meta":[],"product_cat":[535,534],"product_tag":[],"class_list":{"0":"post-10004","1":"product","2":"type-product","3":"status-publish","4":"has-post-thumbnail","6":"product_cat-aumento-de-rendimiento","7":"product_cat-deportista","9":"first","10":"outofstock","11":"shipping-taxable","12":"purchasable","13":"product-type-simple"},"yoast_head":"<!-- This site is optimized with the Yoast SEO plugin v25.2 - https:\/\/yoast.com\/wordpress\/plugins\/seo\/ -->\n<title>Electrolitos - YAOMARKET<\/title>\n<meta name=\"robots\" content=\"index, follow, max-snippet:-1, max-image-preview:large, max-video-preview:-1\" \/>\n<link rel=\"canonical\" href=\"https:\/\/yaomarket.cl\/?product=electrolitos\" \/>\n<meta property=\"og:locale\" content=\"es_ES\" \/>\n<meta property=\"og:type\" content=\"article\" \/>\n<meta property=\"og:title\" content=\"Electrolitos - YAOMARKET\" \/>\n<meta property=\"og:description\" content=\"ELECTROLITOS 4,5 g Los electrolitos compensan el cuerpo con los minerales sodio, magnesio, calcio, cloruro y potasio, que normalmente est\u00e1 perdiendo en el sudor. La bebida baja en calor\u00edas contiene menos de 10 calor\u00edas por vaso. Adem\u00e1s enriquecido con zinc, lo que contribuye a un metabolismo de \u00e1cidos grasos normal.\" \/>\n<meta property=\"og:url\" content=\"https:\/\/yaomarket.cl\/?product=electrolitos\" \/>\n<meta property=\"og:site_name\" content=\"YAOMARKET\" \/>\n<meta property=\"article:publisher\" content=\"https:\/\/www.facebook.com\/yaomarketchile\/\" \/>\n<meta property=\"article:modified_time\" content=\"2025-11-04T15:55:31+00:00\" \/>\n<meta property=\"og:image\" content=\"https:\/\/yaomarket.cl\/wp-content\/uploads\/2023\/09\/electrolitos.jpg\" \/>\n\t<meta property=\"og:image:width\" content=\"492\" \/>\n\t<meta property=\"og:image:height\" content=\"492\" \/>\n\t<meta property=\"og:image:type\" content=\"image\/jpeg\" \/>\n<meta name=\"twitter:card\" content=\"summary_large_image\" \/>\n<meta name=\"twitter:label1\" content=\"Tiempo de lectura\" \/>\n\t<meta name=\"twitter:data1\" content=\"1 minuto\" \/>\n<script type=\"application\/ld+json\" class=\"yoast-schema-graph\">{\"@context\":\"https:\/\/schema.org\",\"@graph\":[{\"@type\":\"WebPage\",\"@id\":\"https:\/\/yaomarket.cl\/?product=electrolitos\",\"url\":\"https:\/\/yaomarket.cl\/?product=electrolitos\",\"name\":\"Electrolitos - YAOMARKET\",\"isPartOf\":{\"@id\":\"https:\/\/yaomarket.cl\/#website\"},\"primaryImageOfPage\":{\"@id\":\"https:\/\/yaomarket.cl\/?product=electrolitos#primaryimage\"},\"image\":{\"@id\":\"https:\/\/yaomarket.cl\/?product=electrolitos#primaryimage\"},\"thumbnailUrl\":\"https:\/\/yaomarket.cl\/wp-content\/uploads\/2023\/09\/electrolitos.jpg\",\"datePublished\":\"2023-09-06T19:33:50+00:00\",\"dateModified\":\"2025-11-04T15:55:31+00:00\",\"breadcrumb\":{\"@id\":\"https:\/\/yaomarket.cl\/?product=electrolitos#breadcrumb\"},\"inLanguage\":\"es\",\"potentialAction\":[{\"@type\":\"ReadAction\",\"target\":[\"https:\/\/yaomarket.cl\/?product=electrolitos\"]}]},{\"@type\":\"ImageObject\",\"inLanguage\":\"es\",\"@id\":\"https:\/\/yaomarket.cl\/?product=electrolitos#primaryimage\",\"url\":\"https:\/\/yaomarket.cl\/wp-content\/uploads\/2023\/09\/electrolitos.jpg\",\"contentUrl\":\"https:\/\/yaomarket.cl\/wp-content\/uploads\/2023\/09\/electrolitos.jpg\",\"width\":492,\"height\":492},{\"@type\":\"BreadcrumbList\",\"@id\":\"https:\/\/yaomarket.cl\/?product=electrolitos#breadcrumb\",\"itemListElement\":[{\"@type\":\"ListItem\",\"position\":1,\"name\":\"Portada\",\"item\":\"https:\/\/yaomarket.cl\/\"},{\"@type\":\"ListItem\",\"position\":2,\"name\":\"TIENDA\",\"item\":\"https:\/\/yaomarket.cl\/?page_id=8\"},{\"@type\":\"ListItem\",\"position\":3,\"name\":\"Electrolitos\"}]},{\"@type\":\"WebSite\",\"@id\":\"https:\/\/yaomarket.cl\/#website\",\"url\":\"https:\/\/yaomarket.cl\/\",\"name\":\"YAOMARKET\",\"description\":\"\",\"publisher\":{\"@id\":\"https:\/\/yaomarket.cl\/#organization\"},\"potentialAction\":[{\"@type\":\"SearchAction\",\"target\":{\"@type\":\"EntryPoint\",\"urlTemplate\":\"https:\/\/yaomarket.cl\/?s={search_term_string}\"},\"query-input\":{\"@type\":\"PropertyValueSpecification\",\"valueRequired\":true,\"valueName\":\"search_term_string\"}}],\"inLanguage\":\"es\"},{\"@type\":\"Organization\",\"@id\":\"https:\/\/yaomarket.cl\/#organization\",\"name\":\"YAOMARKET\",\"url\":\"https:\/\/yaomarket.cl\/\",\"logo\":{\"@type\":\"ImageObject\",\"inLanguage\":\"es\",\"@id\":\"https:\/\/yaomarket.cl\/#\/schema\/logo\/image\/\",\"url\":\"https:\/\/yaomarket.cl\/wp-content\/uploads\/2023\/08\/Logo-Original-Yao-Market-Circular.png\",\"contentUrl\":\"https:\/\/yaomarket.cl\/wp-content\/uploads\/2023\/08\/Logo-Original-Yao-Market-Circular.png\",\"width\":522,\"height\":522,\"caption\":\"YAOMARKET\"},\"image\":{\"@id\":\"https:\/\/yaomarket.cl\/#\/schema\/logo\/image\/\"},\"sameAs\":[\"https:\/\/www.facebook.com\/yaomarketchile\/\",\"https:\/\/www.instagram.com\/yao_market\/\"]}]}<\/script>\n<!-- \/ Yoast SEO plugin. -->","yoast_head_json":{"title":"Electrolitos - YAOMARKET","robots":{"index":"index","follow":"follow","max-snippet":"max-snippet:-1","max-image-preview":"max-image-preview:large","max-video-preview":"max-video-preview:-1"},"canonical":"https:\/\/yaomarket.cl\/?product=electrolitos","og_locale":"es_ES","og_type":"article","og_title":"Electrolitos - YAOMARKET","og_description":"ELECTROLITOS 4,5 g Los electrolitos compensan el cuerpo con los minerales sodio, magnesio, calcio, cloruro y potasio, que normalmente est\u00e1 perdiendo en el sudor. La bebida baja en calor\u00edas contiene menos de 10 calor\u00edas por vaso. Adem\u00e1s enriquecido con zinc, lo que contribuye a un metabolismo de \u00e1cidos grasos normal.","og_url":"https:\/\/yaomarket.cl\/?product=electrolitos","og_site_name":"YAOMARKET","article_publisher":"https:\/\/www.facebook.com\/yaomarketchile\/","article_modified_time":"2025-11-04T15:55:31+00:00","og_image":[{"width":492,"height":492,"url":"https:\/\/yaomarket.cl\/wp-content\/uploads\/2023\/09\/electrolitos.jpg","type":"image\/jpeg"}],"twitter_card":"summary_large_image","twitter_misc":{"Tiempo de lectura":"1 minuto"},"schema":{"@context":"https:\/\/schema.org","@graph":[{"@type":"WebPage","@id":"https:\/\/yaomarket.cl\/?product=electrolitos","url":"https:\/\/yaomarket.cl\/?product=electrolitos","name":"Electrolitos - YAOMARKET","isPartOf":{"@id":"https:\/\/yaomarket.cl\/#website"},"primaryImageOfPage":{"@id":"https:\/\/yaomarket.cl\/?product=electrolitos#primaryimage"},"image":{"@id":"https:\/\/yaomarket.cl\/?product=electrolitos#primaryimage"},"thumbnailUrl":"https:\/\/yaomarket.cl\/wp-content\/uploads\/2023\/09\/electrolitos.jpg","datePublished":"2023-09-06T19:33:50+00:00","dateModified":"2025-11-04T15:55:31+00:00","breadcrumb":{"@id":"https:\/\/yaomarket.cl\/?product=electrolitos#breadcrumb"},"inLanguage":"es","potentialAction":[{"@type":"ReadAction","target":["https:\/\/yaomarket.cl\/?product=electrolitos"]}]},{"@type":"ImageObject","inLanguage":"es","@id":"https:\/\/yaomarket.cl\/?product=electrolitos#primaryimage","url":"https:\/\/yaomarket.cl\/wp-content\/uploads\/2023\/09\/electrolitos.jpg","contentUrl":"https:\/\/yaomarket.cl\/wp-content\/uploads\/2023\/09\/electrolitos.jpg","width":492,"height":492},{"@type":"BreadcrumbList","@id":"https:\/\/yaomarket.cl\/?product=electrolitos#breadcrumb","itemListElement":[{"@type":"ListItem","position":1,"name":"Portada","item":"https:\/\/yaomarket.cl\/"},{"@type":"ListItem","position":2,"name":"TIENDA","item":"https:\/\/yaomarket.cl\/?page_id=8"},{"@type":"ListItem","position":3,"name":"Electrolitos"}]},{"@type":"WebSite","@id":"https:\/\/yaomarket.cl\/#website","url":"https:\/\/yaomarket.cl\/","name":"YAOMARKET","description":"","publisher":{"@id":"https:\/\/yaomarket.cl\/#organization"},"potentialAction":[{"@type":"SearchAction","target":{"@type":"EntryPoint","urlTemplate":"https:\/\/yaomarket.cl\/?s={search_term_string}"},"query-input":{"@type":"PropertyValueSpecification","valueRequired":true,"valueName":"search_term_string"}}],"inLanguage":"es"},{"@type":"Organization","@id":"https:\/\/yaomarket.cl\/#organization","name":"YAOMARKET","url":"https:\/\/yaomarket.cl\/","logo":{"@type":"ImageObject","inLanguage":"es","@id":"https:\/\/yaomarket.cl\/#\/schema\/logo\/image\/","url":"https:\/\/yaomarket.cl\/wp-content\/uploads\/2023\/08\/Logo-Original-Yao-Market-Circular.png","contentUrl":"https:\/\/yaomarket.cl\/wp-content\/uploads\/2023\/08\/Logo-Original-Yao-Market-Circular.png","width":522,"height":522,"caption":"YAOMARKET"},"image":{"@id":"https:\/\/yaomarket.cl\/#\/schema\/logo\/image\/"},"sameAs":["https:\/\/www.facebook.com\/yaomarketchile\/","https:\/\/www.instagram.com\/yao_market\/"]}]}},"_links":{"self":[{"href":"https:\/\/yaomarket.cl\/index.php?rest_route=\/wp\/v2\/product\/10004","targetHints":{"allow":["GET"]}}],"collection":[{"href":"https:\/\/yaomarket.cl\/index.php?rest_route=\/wp\/v2\/product"}],"about":[{"href":"https:\/\/yaomarket.cl\/index.php?rest_route=\/wp\/v2\/types\/product"}],"wp:featuredmedia":[{"embeddable":true,"href":"https:\/\/yaomarket.cl\/index.php?rest_route=\/wp\/v2\/media\/10005"}],"wp:attachment":[{"href":"https:\/\/yaomarket.cl\/index.php?rest_route=%2Fwp%2Fv2%2Fmedia&parent=10004"}],"wp:term":[{"taxonomy":"product_cat","embeddable":true,"href":"https:\/\/yaomarket.cl\/index.php?rest_route=%2Fwp%2Fv2%2Fproduct_cat&post=10004"},{"taxonomy":"product_tag","embeddable":true,"href":"https:\/\/yaomarket.cl\/index.php?rest_route=%2Fwp%2Fv2%2Fproduct_tag&post=10004"}],"curies":[{"name":"wp","href":"https:\/\/api.w.org\/{rel}","templated":true}]}}